{"id":3798,"date":"2023-08-03T01:45:30","date_gmt":"2023-08-03T01:45:30","guid":{"rendered":"https:\/\/web.webrt.net\/truongthanh\/?post_type=product&#038;p=3798"},"modified":"2023-08-03T01:45:31","modified_gmt":"2023-08-03T01:45:31","slug":"ong-thep-duc-chiu-nhiet","status":"publish","type":"product","link":"https:\/\/web.webrt.net\/truongthanh\/?product=ong-thep-duc-chiu-nhiet","title":{"rendered":"\u1ed0ng th\u00e9p \u0111\u00fac ch\u1ecbu nhi\u1ec7t"},"content":{"rendered":"<p><strong><em>Th\u00e9p \u1ed1ng \u0111\u00fac\u00a0 ti\u00eau chu\u1ea9n ASTM A53\/A106<\/em><\/strong><\/p>\n<p><strong><em>Ti\u00eau chu\u1ea9n<\/em><\/strong>: ASTM A106 Grade B, ASTM A53-Grade B, API 5L, GOST, JIS, DIN, GB\/T, ANSI, EN<\/p>\n<p><strong><em>\u0110\u01b0\u1eddng k\u00ednh<\/em><\/strong>:\u00a0\u00a0\u00a0Th\u00e9p \u1ed1ng \u0111\u00fac Dn15 &#8211; Dn300<\/p>\n<p><strong><em>\u0110\u1ed9 d\u1ea7y<\/em><\/strong>: \u00a0Th\u00e9p \u1ed1ng \u0111\u00fac c\u00f3 \u0111\u1ed9 d\u00e0y 3.2mm &#8211; 15mm<\/p>\n<p><strong><em>Chi\u1ec1u d\u00e0i<\/em><\/strong>: Th\u00e9p \u1ed1ng \u0111\u00fac\u00a0 t\u1eeb 6m &#8211; 12 m<\/p>\n<p><strong><em>Xu\u1ea5t s\u1ee9<\/em><\/strong> : Th\u00e9p \u1ed1ng \u0111\u00fac Trung Qu\u1ed1c, Nh\u1eadt, nga, h\u00e0n qu\u1ed1c, Ch\u00e2u \u00c2u\u2026<\/p>\n<p><strong><em>\u1ee9ng d\u1ee5ng<\/em><\/strong> :\u00a0 Th\u00e9p \u1ed1ng \u0111\u00fac\u00a0 s\u1ea3n xu\u1ea5t t\u1ea1i Nh\u1eadt B\u1ea3n\u00a0\u0111\u1eb7c bi\u1ec7t \u0111\u01b0\u1ee3c s\u1eed d\u1ee5ng thi c\u00f4ng l\u1eafp \u0111\u1eb7t\u00a0n\u1ed3i h\u01a1i l\u00f2 h\u01a1i,\u00a0d\u1eabn d\u1ea7u , d\u1eabn kh\u00ed, d\u00f9ng cho x\u00e2y d\u1ef1ng c\u00f4ng tr\u00ecnh, ch\u1ebf t\u1ea1o m\u1ea5y m\u00f3c, c\u00f4ng nghi\u1ec7p \u0111\u00f3ng t\u00e0u.<\/p>\n","protected":false},"excerpt":{"rendered":"<p>Th\u00e9p \u1ed1ng \u0111\u00fac\u00a0 ti\u00eau chu\u1ea9n ASTM A53\/A106 Ti\u00eau chu\u1ea9n: ASTM A106 Grade B, ASTM A53-Grade B, API 5L, GOST, JIS, DIN, GB\/T, ANSI, EN \u0110\u01b0\u1eddng k\u00ednh:\u00a0\u00a0\u00a0Th\u00e9p \u1ed1ng \u0111\u00fac Dn15 &#8211; Dn300 \u0110\u1ed9 d\u1ea7y: \u00a0Th\u00e9p \u1ed1ng \u0111\u00fac c\u00f3 \u0111\u1ed9 d\u00e0y 3.2mm &#8211; 15mm Chi\u1ec1u d\u00e0i: Th\u00e9p \u1ed1ng \u0111\u00fac\u00a0 t\u1eeb 6m &#8211; 12 m Xu\u1ea5t s\u1ee9 :&#8230;<\/p>\n","protected":false},"featured_media":3799,"comment_status":"open","ping_status":"closed","template":"","meta":[],"product_cat":[209],"product_tag":[],"yoast_head":"<!-- This site is optimized with the Yoast SEO plugin v20.9 - https:\/\/yoast.com\/wordpress\/plugins\/seo\/ -->\n<title>\u1ed0ng th\u00e9p \u0111\u00fac ch\u1ecbu nhi\u1ec7t - Tr\u01b0\u1eddng th\u00e0nh<\/title>\n<meta name=\"robots\" content=\"index, follow, max-snippet:-1, max-image-preview:large, max-video-preview:-1\" \/>\n<link rel=\"canonical\" href=\"https:\/\/web.webrt.net\/truongthanh\/?product=ong-thep-duc-chiu-nhiet\" \/>\n<meta property=\"og:locale\" content=\"vi_VN\" \/>\n<meta property=\"og:type\" content=\"article\" \/>\n<meta property=\"og:title\" content=\"\u1ed0ng th\u00e9p \u0111\u00fac ch\u1ecbu nhi\u1ec7t - Tr\u01b0\u1eddng th\u00e0nh\" \/>\n<meta property=\"og:description\" content=\"Th\u00e9p \u1ed1ng \u0111\u00fac\u00a0 ti\u00eau chu\u1ea9n ASTM A53\/A106 Ti\u00eau chu\u1ea9n: ASTM A106 Grade B, ASTM A53-Grade B, API 5L, GOST, JIS, DIN, GB\/T, ANSI, EN \u0110\u01b0\u1eddng k\u00ednh:\u00a0\u00a0\u00a0Th\u00e9p \u1ed1ng \u0111\u00fac Dn15 &#8211; Dn300 \u0110\u1ed9 d\u1ea7y: \u00a0Th\u00e9p \u1ed1ng \u0111\u00fac c\u00f3 \u0111\u1ed9 d\u00e0y 3.2mm &#8211; 15mm Chi\u1ec1u d\u00e0i: Th\u00e9p \u1ed1ng \u0111\u00fac\u00a0 t\u1eeb 6m &#8211; 12 m Xu\u1ea5t s\u1ee9 :...\" \/>\n<meta property=\"og:url\" content=\"https:\/\/web.webrt.net\/truongthanh\/?product=ong-thep-duc-chiu-nhiet\" \/>\n<meta property=\"og:site_name\" content=\"Tr\u01b0\u1eddng th\u00e0nh\" \/>\n<meta property=\"article:modified_time\" content=\"2023-08-03T01:45:31+00:00\" \/>\n<meta property=\"og:image\" content=\"https:\/\/web.webrt.net\/truongthanh\/wp-content\/uploads\/2023\/08\/6772ong-thep-duc-phi51-lo-hoi-a106.jpeg\" \/>\n\t<meta property=\"og:image:width\" content=\"650\" \/>\n\t<meta property=\"og:image:height\" content=\"404\" \/>\n\t<meta property=\"og:image:type\" content=\"image\/jpeg\" \/>\n<meta name=\"twitter:card\" content=\"summary_large_image\" \/>\n<meta name=\"twitter:label1\" content=\"\u01af\u1edbc t\u00ednh th\u1eddi gian \u0111\u1ecdc\" \/>\n\t<meta name=\"twitter:data1\" content=\"1 ph\u00fat\" \/>\n<script type=\"application\/ld+json\" class=\"yoast-schema-graph\">{\"@context\":\"https:\/\/schema.org\",\"@graph\":[{\"@type\":\"WebPage\",\"@id\":\"https:\/\/web.webrt.net\/truongthanh\/?product=ong-thep-duc-chiu-nhiet\",\"url\":\"https:\/\/web.webrt.net\/truongthanh\/?product=ong-thep-duc-chiu-nhiet\",\"name\":\"\u1ed0ng th\u00e9p \u0111\u00fac ch\u1ecbu nhi\u1ec7t - Tr\u01b0\u1eddng th\u00e0nh\",\"isPartOf\":{\"@id\":\"https:\/\/web.webrt.net\/truongthanh\/#website\"},\"datePublished\":\"2023-08-03T01:45:30+00:00\",\"dateModified\":\"2023-08-03T01:45:31+00:00\",\"breadcrumb\":{\"@id\":\"https:\/\/web.webrt.net\/truongthanh\/?product=ong-thep-duc-chiu-nhiet#breadcrumb\"},\"inLanguage\":\"vi\",\"potentialAction\":[{\"@type\":\"ReadAction\",\"target\":[\"https:\/\/web.webrt.net\/truongthanh\/?product=ong-thep-duc-chiu-nhiet\"]}]},{\"@type\":\"BreadcrumbList\",\"@id\":\"https:\/\/web.webrt.net\/truongthanh\/?product=ong-thep-duc-chiu-nhiet#breadcrumb\",\"itemListElement\":[{\"@type\":\"ListItem\",\"position\":1,\"name\":\"Trang ch\u1ee7\",\"item\":\"https:\/\/web.webrt.net\/truongthanh\/\"},{\"@type\":\"ListItem\",\"position\":2,\"name\":\"S\u1ea3n ph\u1ea9m\",\"item\":\"https:\/\/web.webrt.net\/truongthanh\/?post_type=product\"},{\"@type\":\"ListItem\",\"position\":3,\"name\":\"\u1ed0ng th\u00e9p \u0111\u00fac ch\u1ecbu nhi\u1ec7t\"}]},{\"@type\":\"WebSite\",\"@id\":\"https:\/\/web.webrt.net\/truongthanh\/#website\",\"url\":\"https:\/\/web.webrt.net\/truongthanh\/\",\"name\":\"Tr\u01b0\u1eddng th\u00e0nh\",\"description\":\"\",\"potentialAction\":[{\"@type\":\"SearchAction\",\"target\":{\"@type\":\"EntryPoint\",\"urlTemplate\":\"https:\/\/web.webrt.net\/truongthanh\/?s={search_term_string}\"},\"query-input\":\"required name=search_term_string\"}],\"inLanguage\":\"vi\"}]}<\/script>\n<!-- \/ Yoast SEO plugin. -->","yoast_head_json":{"title":"\u1ed0ng th\u00e9p \u0111\u00fac ch\u1ecbu nhi\u1ec7t - Tr\u01b0\u1eddng th\u00e0nh","robots":{"index":"index","follow":"follow","max-snippet":"max-snippet:-1","max-image-preview":"max-image-preview:large","max-video-preview":"max-video-preview:-1"},"canonical":"https:\/\/web.webrt.net\/truongthanh\/?product=ong-thep-duc-chiu-nhiet","og_locale":"vi_VN","og_type":"article","og_title":"\u1ed0ng th\u00e9p \u0111\u00fac ch\u1ecbu nhi\u1ec7t - Tr\u01b0\u1eddng th\u00e0nh","og_description":"Th\u00e9p \u1ed1ng \u0111\u00fac\u00a0 ti\u00eau chu\u1ea9n ASTM A53\/A106 Ti\u00eau chu\u1ea9n: ASTM A106 Grade B, ASTM A53-Grade B, API 5L, GOST, JIS, DIN, GB\/T, ANSI, EN \u0110\u01b0\u1eddng k\u00ednh:\u00a0\u00a0\u00a0Th\u00e9p \u1ed1ng \u0111\u00fac Dn15 &#8211; Dn300 \u0110\u1ed9 d\u1ea7y: \u00a0Th\u00e9p \u1ed1ng \u0111\u00fac c\u00f3 \u0111\u1ed9 d\u00e0y 3.2mm &#8211; 15mm Chi\u1ec1u d\u00e0i: Th\u00e9p \u1ed1ng \u0111\u00fac\u00a0 t\u1eeb 6m &#8211; 12 m Xu\u1ea5t s\u1ee9 :...","og_url":"https:\/\/web.webrt.net\/truongthanh\/?product=ong-thep-duc-chiu-nhiet","og_site_name":"Tr\u01b0\u1eddng th\u00e0nh","article_modified_time":"2023-08-03T01:45:31+00:00","og_image":[{"width":650,"height":404,"url":"https:\/\/web.webrt.net\/truongthanh\/wp-content\/uploads\/2023\/08\/6772ong-thep-duc-phi51-lo-hoi-a106.jpeg","type":"image\/jpeg"}],"twitter_card":"summary_large_image","twitter_misc":{"\u01af\u1edbc t\u00ednh th\u1eddi gian \u0111\u1ecdc":"1 ph\u00fat"},"schema":{"@context":"https:\/\/schema.org","@graph":[{"@type":"WebPage","@id":"https:\/\/web.webrt.net\/truongthanh\/?product=ong-thep-duc-chiu-nhiet","url":"https:\/\/web.webrt.net\/truongthanh\/?product=ong-thep-duc-chiu-nhiet","name":"\u1ed0ng th\u00e9p \u0111\u00fac ch\u1ecbu nhi\u1ec7t - Tr\u01b0\u1eddng th\u00e0nh","isPartOf":{"@id":"https:\/\/web.webrt.net\/truongthanh\/#website"},"datePublished":"2023-08-03T01:45:30+00:00","dateModified":"2023-08-03T01:45:31+00:00","breadcrumb":{"@id":"https:\/\/web.webrt.net\/truongthanh\/?product=ong-thep-duc-chiu-nhiet#breadcrumb"},"inLanguage":"vi","potentialAction":[{"@type":"ReadAction","target":["https:\/\/web.webrt.net\/truongthanh\/?product=ong-thep-duc-chiu-nhiet"]}]},{"@type":"BreadcrumbList","@id":"https:\/\/web.webrt.net\/truongthanh\/?product=ong-thep-duc-chiu-nhiet#breadcrumb","itemListElement":[{"@type":"ListItem","position":1,"name":"Trang ch\u1ee7","item":"https:\/\/web.webrt.net\/truongthanh\/"},{"@type":"ListItem","position":2,"name":"S\u1ea3n ph\u1ea9m","item":"https:\/\/web.webrt.net\/truongthanh\/?post_type=product"},{"@type":"ListItem","position":3,"name":"\u1ed0ng th\u00e9p \u0111\u00fac ch\u1ecbu nhi\u1ec7t"}]},{"@type":"WebSite","@id":"https:\/\/web.webrt.net\/truongthanh\/#website","url":"https:\/\/web.webrt.net\/truongthanh\/","name":"Tr\u01b0\u1eddng th\u00e0nh","description":"","potentialAction":[{"@type":"SearchAction","target":{"@type":"EntryPoint","urlTemplate":"https:\/\/web.webrt.net\/truongthanh\/?s={search_term_string}"},"query-input":"required name=search_term_string"}],"inLanguage":"vi"}]}},"_links":{"self":[{"href":"https:\/\/web.webrt.net\/truongthanh\/index.php?rest_route=\/wp\/v2\/product\/3798"}],"collection":[{"href":"https:\/\/web.webrt.net\/truongthanh\/index.php?rest_route=\/wp\/v2\/product"}],"about":[{"href":"https:\/\/web.webrt.net\/truongthanh\/index.php?rest_route=\/wp\/v2\/types\/product"}],"replies":[{"embeddable":true,"href":"https:\/\/web.webrt.net\/truongthanh\/index.php?rest_route=%2Fwp%2Fv2%2Fcomments&post=3798"}],"wp:featuredmedia":[{"embeddable":true,"href":"https:\/\/web.webrt.net\/truongthanh\/index.php?rest_route=\/wp\/v2\/media\/3799"}],"wp:attachment":[{"href":"https:\/\/web.webrt.net\/truongthanh\/index.php?rest_route=%2Fwp%2Fv2%2Fmedia&parent=3798"}],"wp:term":[{"taxonomy":"product_cat","embeddable":true,"href":"https:\/\/web.webrt.net\/truongthanh\/index.php?rest_route=%2Fwp%2Fv2%2Fproduct_cat&post=3798"},{"taxonomy":"product_tag","embeddable":true,"href":"https:\/\/web.webrt.net\/truongthanh\/index.php?rest_route=%2Fwp%2Fv2%2Fproduct_tag&post=3798"}],"curies":[{"name":"wp","href":"https:\/\/api.w.org\/{rel}","templated":true}]}}