{"id":3773,"date":"2023-08-01T02:58:47","date_gmt":"2023-08-01T02:58:47","guid":{"rendered":"https:\/\/web.webrt.net\/truongthanh\/?post_type=product&#038;p=3773"},"modified":"2023-08-01T03:01:28","modified_gmt":"2023-08-01T03:01:28","slug":"noi-hap-thanh-trung","status":"publish","type":"product","link":"https:\/\/web.webrt.net\/truongthanh\/?product=noi-hap-thanh-trung","title":{"rendered":"N\u1ed3i h\u1ea5p thanh tr\u00f9ng"},"content":{"rendered":"<p>N\u1ed3i h\u1ea5p thanh tr\u00f9ng l\u00e0 m\u1ed9t thi\u1ebft b\u1ecb c\u00f4ng nghi\u1ec7p \u0111\u01b0\u1ee3c s\u1ea3n xu\u1ea5t theo c\u00f4ng ngh\u1ec7 v\u00f4 c\u00f9ng hi\u1ec7n \u0111\u1ea1i, c\u00f3 kh\u1ea3 n\u0103ng lo\u1ea1i b\u1ecf vi khu\u1ea9n, vi tr\u00f9ng kh\u1ecfi c\u00e1c s\u1ea3n ph\u1ea9m c\u00f4ng nghi\u1ec7p, n\u00f4ng nghi\u1ec7p, l\u00e2m nghi\u1ec7p c\u0169ng nh\u01b0 ng\u01b0 nghi\u1ec7p tr\u01b0\u1edbc khi ti\u1ebfn h\u00e0nh ch\u1ebf bi\u1ebfn,&#8230;<\/p>\n<p>N\u00f4\u0300i h\u00e2\u0301p na\u0300y\u00a0l\u00e0 lo\u1ea1i n\u1ed3i h\u1ea5p c\u00f3 c\u00f4ng su\u1ea5t t\u01b0\u01a1ng \u0111\u1ed1i v\u1eeba v\u00e0 nh\u1ecf. Lo\u1ea1i n\u1ed3i h\u1ea5p n\u00e0y ph\u00f9 h\u1ee3p v\u1edbi \u0111a d\u1ea1ng c\u00e1c ng\u00e0nh ngh\u1ec1 kh\u00e1c nhau nh\u01b0 n\u00f4\u0300i thanh tru\u0300ng th\u01b0\u0323c ph\u00e2\u0309m cho ca\u0301c nh\u00e0 m\u00e1y ch\u1ebf bi\u1ebfn th\u1ee9c \u0103n gia s\u00fac, nh\u00e0 m\u00e1y may, nh\u00e0 m\u00e1y n\u01b0\u1edbc gi\u1ea3i kh\u00e1t, nh\u00e0 m\u00e1y b\u00e1nh k\u1eb9o, nh\u00e0 m\u00e1y in, nh\u00e0 m\u00e1y nhu\u1ed9m v\u1ea3i, nh\u00e0 m\u00e1y thu\u1ed1c, nh\u00e0 m\u00e1y nhu\u1ed9m v\u1ea3i, nh\u00e0 m\u00e1y cao su v\u00e0 nh\u00e0 m\u00e1y ph\u1ea9m m\u00e0u,&#8230;<\/p>\n<div id=\"ez-toc-container\" class=\"ez-toc-v2_0_50 counter-hierarchy ez-toc-counter ez-toc-grey ez-toc-container-direction\">\n<div class=\"ez-toc-title-container\">\n<p class=\"ez-toc-title\">Table of Contents<\/p>\n<span class=\"ez-toc-title-toggle\"><a href=\"#\" class=\"ez-toc-pull-right ez-toc-btn ez-toc-btn-xs ez-toc-btn-default ez-toc-toggle\" aria-label=\"Toggle Table of Content\" role=\"button\"><label for=\"item-6a05966999c71\" aria-hidden=\"true\"><span style=\"display: flex;align-items: center;width: 35px;height: 30px;justify-content: center;direction:ltr;\"><svg style=\"fill: #999;color:#999\" xmlns=\"http:\/\/www.w3.org\/2000\/svg\" class=\"list-377408\" width=\"20px\" height=\"20px\" viewBox=\"0 0 24 24\" fill=\"none\"><path d=\"M6 6H4v2h2V6zm14 0H8v2h12V6zM4 11h2v2H4v-2zm16 0H8v2h12v-2zM4 16h2v2H4v-2zm16 0H8v2h12v-2z\" fill=\"currentColor\"><\/path><\/svg><svg style=\"fill: #999;color:#999\" class=\"arrow-unsorted-368013\" xmlns=\"http:\/\/www.w3.org\/2000\/svg\" width=\"10px\" height=\"10px\" viewBox=\"0 0 24 24\" version=\"1.2\" baseProfile=\"tiny\"><path d=\"M18.2 9.3l-6.2-6.3-6.2 6.3c-.2.2-.3.4-.3.7s.1.5.3.7c.2.2.4.3.7.3h11c.3 0 .5-.1.7-.3.2-.2.3-.5.3-.7s-.1-.5-.3-.7zM5.8 14.7l6.2 6.3 6.2-6.3c.2-.2.3-.5.3-.7s-.1-.5-.3-.7c-.2-.2-.4-.3-.7-.3h-11c-.3 0-.5.1-.7.3-.2.2-.3.5-.3.7s.1.5.3.7z\"\/><\/svg><\/span><\/label><input  type=\"checkbox\" id=\"item-6a05966999c71\"><\/a><\/span><\/div>\n<nav><ul class='ez-toc-list ez-toc-list-level-1 ' ><li class='ez-toc-page-1 ez-toc-heading-level-2'><a class=\"ez-toc-link ez-toc-heading-1\" href=\"https:\/\/web.webrt.net\/truongthanh\/?product=noi-hap-thanh-trung\/#2_Cau_tao_cua_noi_hap_thanh_trung\" title=\"2. C\u1ea5u t\u1ea1o c\u1ee7a n\u1ed3i h\u1ea5p thanh tr\u00f9ng\">2. C\u1ea5u t\u1ea1o c\u1ee7a n\u1ed3i h\u1ea5p thanh tr\u00f9ng<\/a><\/li><li class='ez-toc-page-1 ez-toc-heading-level-2'><a class=\"ez-toc-link ez-toc-heading-2\" href=\"https:\/\/web.webrt.net\/truongthanh\/?product=noi-hap-thanh-trung\/#3_Uu_diem_cua_noi_thanh_trung\" title=\"3. \u01afu \u0111i\u1ec3m c\u1ee7a n\u1ed3i thanh tr\u00f9ng\">3. \u01afu \u0111i\u1ec3m c\u1ee7a n\u1ed3i thanh tr\u00f9ng<\/a><\/li><li class='ez-toc-page-1 ez-toc-heading-level-2'><a class=\"ez-toc-link ez-toc-heading-3\" href=\"https:\/\/web.webrt.net\/truongthanh\/?product=noi-hap-thanh-trung\/#4_Ung_dung_cua_noi_hap_thanh_trung\" title=\"4. \u1ee8ng d\u1ee5ng c\u1ee7a n\u1ed3i h\u1ea5p thanh tr\u00f9ng\">4. \u1ee8ng d\u1ee5ng c\u1ee7a n\u1ed3i h\u1ea5p thanh tr\u00f9ng<\/a><\/li><\/ul><\/nav><\/div>\n<h2 id=\"h21\"><span class=\"ez-toc-section\" id=\"2_Cau_tao_cua_noi_hap_thanh_trung\"><\/span><strong>2. C\u1ea5u t\u1ea1o c\u1ee7a n\u1ed3i h\u1ea5p thanh tr\u00f9ng<\/strong><span class=\"ez-toc-section-end\"><\/span><\/h2>\n<p>N\u1ed3i h\u1ea5p thanh tr\u00f9ng \u0111\u01b0\u1ee3c c\u1ea5u t\u1ea1o g\u1ed3m nh\u1eefng th\u00e0nh ph\u1ea7n, b\u1ed9 ph\u1eadn c\u01a1 b\u1ea3n nh\u01b0 sau:<\/p>\n<ul>\n<li>V\u1eadt li\u1ec7u ch\u1ebf t\u1ea1o n\u1ed3i thanh tru\u0300ng:\u00a0To\u00e0n b\u1ed9 ca\u0301c linh ki\u00ea\u0323n cu\u0309a n\u00f4\u0300i\u00a0\u0111\u01b0\u1ee3c s\u1ea3n xu\u1ea5t b\u1eb1ng Inox ch\u1ea5t l\u01b0\u1ee3ng cao, cu\u1ed1n h\u00e0n tr\u00ean gi\u00e1 quay t\u1ef1 \u0111\u1ed9ng.<\/li>\n<li>C\u1eeda hai \u0111\u1ea7u c\u1ee7a n\u1ed3i\u00a0\u0111\u01b0\u1ee3c gia c\u00f4ng v\u00f4 c\u00f9ng ch\u1eafc ch\u1eafn<\/li>\n<li>T\u1ea5t c\u1ea3 c\u00e1c m\u1ed1i h\u00e0n c\u1ee7a n\u1ed3i \u0111\u1ec1u \u0111\u01b0\u1ee3c si\u00eau \u00e2m v\u00e0 ch\u1ee5p X-quang c\u1ea9n th\u1eadn<\/li>\n<\/ul>\n<div><img decoding=\"async\" src=\"http:\/\/noihoi.net.vn\/uploaded\/tin-tuc\/noi-hap-thanh-trung\/3.N%E1%BB%93i-h%E1%BA%A5p-thanh-tr%C3%B9ng.jpg\" alt=\"C\u00e2\u0301u ta\u0323o cu\u0309a n\u00f4\u0300i h\u00e2\u0301p thanh tru\u0300ng\" \/><br \/>\nC\u00e2\u0301u ta\u0323o cu\u0309a n\u00f4\u0300i thanh tru\u0300ng<\/div>\n<ul>\n<li>N\u1ed3i h\u1ea5p\u00a0s\u1eed d\u1ee5ng ph\u01b0\u01a1ng ph\u00e1p xoay v\u1ea5u ng\u00e0m \u0111\u1ec3 kh\u00f3a c\u1eeda. C\u01a1 c\u1ea5u \u0111\u01b0\u1ee3c \u00e1p d\u1ee5ng l\u00e0 c\u01a1 c\u1ea5u kho\u00e1 b\u1eb1ng tay, d\u00f9ng \u0111\u00f2n b\u1ea9y b\u00e1nh r\u0103ng ho\u1eb7c \u0111i\u1ec1u khi\u1ec3n b\u1eb1ng ben th\u1ee7y l\u1ef1c<\/li>\n<li>N\u00f4\u0300i\u00a0s\u1eed d\u1ee5ng m\u1eb7t k\u00ednh v\u00e0 \u0111\u00e8n chi\u1ebfu s\u00e1ng \u1edf c\u1eeda n\u00ean cho ph\u00e9p nh\u00ecn th\u1ea5y s\u1ea3n ph\u1ea9m \u1edf b\u00ean trong n\u1ed3i h\u1ea5p<\/li>\n<li>B\u00ean ngo\u00e0i c\u1ee7a chu\u0301ng\u00a0\u0111\u01b0\u1ee3c b\u1ecdc b\u00f4ng thu\u1ef7 tinh c\u1ea9n th\u1eadn<\/li>\n<li>H\u1ec7 th\u1ed1ng m\u1eb7t b\u00edch c\u1ee7a n\u1ed3i\u00a0\u0111\u01b0\u1ee3c ch\u1ebf t\u1ea1o theo \u0111\u00fang ti\u00eau chu\u1ea9n trong quy \u0111\u1ecbnh<\/li>\n<\/ul>\n<h2 id=\"h22\"><span class=\"ez-toc-section\" id=\"3_Uu_diem_cua_noi_thanh_trung\"><\/span><strong>3. \u01afu \u0111i\u1ec3m c\u1ee7a n\u1ed3i thanh tr\u00f9ng<\/strong><span class=\"ez-toc-section-end\"><\/span><\/h2>\n<p>N\u1ed3i thanh tr\u00f9ng l\u00e0 m\u1ed9t thi\u1ebft b\u1ecb c\u00f4ng nghi\u1ec7p v\u00f4 c\u00f9ng h\u1eefu d\u1ee5ng trong n\u00ean c\u00f4ng nghi\u1ec7p hi\u1ec7n nay. N\u00f3 t\u00edch h\u1ee3p r\u1ea5t nhi\u1ec1u \u01b0u \u0111i\u1ec3m nh\u01b0:<\/p>\n<ul>\n<li>N\u1ed3i h\u1ea5p thanh tr\u00f9ng d\u01b0\u1eddng nh\u01b0 kh\u00f4ng th\u1ea3i nhi\u1ec1u kh\u00f3i b\u1ee5i khi v\u1eadn h\u00e0nh n\u00ean \u0111\u01b0\u1ee3c c\u00e1c chuy\u00ean gia \u0111\u00e1nh gi\u00e1 l\u00e0 v\u00f4 c\u00f9ng th\u00e2n thi\u1ec7n v\u1edbi m\u00f4i tr\u01b0\u1eddng ng\u00e0y nay. Ngo\u00e0i ra, lo\u1ea1i n\u1ed3i h\u1ea5p n\u00e0y ch\u1ebf t\u1ea1o b\u1edfi c\u00e1c v\u1eadt li\u1ec7u, ph\u1ee5 ki\u1ec7n \u0111i k\u00e8m ch\u1ea5t l\u01b0\u1ee3ng n\u00ean s\u1ea3n ph\u1ea9m n\u1ed3i h\u1ea5p n\u00e0y lu\u00f4n c\u00f3 \u0111\u1ed9 b\u1ec1n b\u1ec9 cao v\u1edbi th\u1eddi gian s\u1eed d\u1ee5ng l\u00e2u d\u00e0i.<\/li>\n<li>Gi\u00e1 th\u00e0nh n\u00f4\u0300i\u00a0th\u1ea5p v\u00e0 h\u1ee3p t\u00fai ti\u1ec1n. Ngo\u00e0i vi\u1ec7c d\u1ec5 d\u00e0ng trong s\u1eeda ch\u1eefa, b\u1ea3o tr\u00ec v\u00e0 n\u00e2ng c\u1ea5p th\u00ec chi ph\u00ed cho nh\u1eefng c\u00f4ng \u0111o\u1ea1n n\u00e0y c\u0169ng kh\u00e1 r\u1ebb. H\u01a1n n\u1eefa, gi\u00e1 c\u1ea3 c\u00e1c thi\u1ebft b\u1ecb, ph\u1ee5 t\u00f9ng thay th\u1ebf c\u0169ng v\u00f4 c\u00f9ng h\u1ee3p l\u00fd.<\/li>\n<li>Do s\u1eed d\u1ee5ng ngu\u1ed3n nhi\u00ean li\u1ec7u t\u1eeb n\u01b0\u1edbc v\u00e0 h\u01a1i n\u01b0\u1edbc n\u00ean loa\u0323i n\u00f4\u0300i h\u00e2\u0301p na\u0300y\u00a0gi\u00fap nh\u00e0 m\u00e1y ti\u1ebft ki\u1ec7m \u0111\u01b0\u1ee3c m\u1ed9t kho\u1ea3n chi ph\u00ed kha kh\u00e1 cho vi\u1ec7c v\u1eadn h\u00e0nh m\u00e1y m\u00f3c thi\u1ebft b\u1ecb.<\/li>\n<li>N\u1ed3i h\u1ea5p<strong>\u00a0<\/strong>s\u1eed d\u1ee5ng c\u00f4ng ngh\u1ec7 hi\u1ec7n \u0111\u1ea1i n\u00ean qu\u00e1 tr\u00ecnh kh\u1edfi \u0111\u1ed9ng v\u00e0 v\u1eadn h\u00e0nh v\u00f4 c\u00f9ng \u00eam \u00e1i, d\u1ec5 d\u00e0ng s\u1eed d\u1ee5ng v\u00e0 \u0111\u01b0\u1ee3c t\u1ef1 \u0111\u1ed9ng h\u00f3a ho\u00e0n to\u00e0n.<\/li>\n<\/ul>\n<h2 id=\"h23\"><span class=\"ez-toc-section\" id=\"4_Ung_dung_cua_noi_hap_thanh_trung\"><\/span><strong>4. \u1ee8ng d\u1ee5ng c\u1ee7a n\u1ed3i h\u1ea5p thanh tr\u00f9ng<\/strong><span class=\"ez-toc-section-end\"><\/span><\/h2>\n<p>N\u1ed3i h\u1ea5p thanh tr\u00f9ng<strong>\u00a0\u0111\u01b0\u1ee3c \u1ee9ng d\u1ee5ng r\u1ea5t nhi\u1ec1u trong n\u1ec1n c\u00f4ng nghi\u1ec7p. C\u1ee5 th\u1ec3 nh\u01b0 sau:<\/strong><\/p>\n<ul>\n<li>S\u1eed d\u1ee5ng ph\u1ed5 bi\u1ebfn cho nh\u00e0 m\u00e1y may. C\u1ee5 th\u1ec3, n\u1ed3i h\u1ea5p n\u00e0y gi\u00fap nh\u00e0 m\u00e1y ho\u00e0n th\u00e0nh c\u00e1c c\u00f4ng vi\u1ec7c nh\u01b0 x\u1eed l\u00ed v\u1ea3i, ti\u1ebfn h\u00e0nh h\u1ea5p v\u1ea3i,&#8230;<\/li>\n<li>S\u1eed d\u1ee5ng \u00a0cho ch\u1ebf bi\u1ebfn th\u1ef1c ph\u1ea9m: Thanh tr\u00f9ng th\u00f9ng x\u1ed1p, \u0111\u1ed3 h\u1ed9p, b\u00e1nh k\u1eb9o, tr\u00e1i c\u00e2y, rau xanh, th\u1ee7y h\u1ea3i s\u1ea3n,th\u1ecbt c\u00e1&#8230;.<\/li>\n<li>S\u1eed d\u1ee5ng\u00a0cho ch\u1ebf bi\u1ebfn v\u1eadt ph\u1ea9m: s\u1eed d\u1ee5ng lo\u1ea1i n\u1ed3i h\u1ea5p n\u00e0y \u0111\u1ec3 s\u1ea5y g\u1ed7 \u00e9p, s\u1ea5y x\u1ed1p, s\u1ea5y g\u1ed7, s\u1ea5y th\u1ee9c \u0103n cho c\u00e1, h\u1ea5p m\u00e2y(tre) \u0111an,&#8230;<\/li>\n<li>N\u1ed3i h\u01a1i thanh tr\u00f9ng \u0111\u01b0\u1ee3c s\u1eed d\u1ee5ng trong c\u00e1c ng\u00e0nh c\u00f4ng nghi\u1ec7p: h\u1ea5p gi\u00e0y da, h\u1ea5p b\u00ea t\u00f4ng th\u01b0\u01a1ng ph\u1ea9m, than h\u00f3a m\u00e2y tre \u0111an,&#8230;<\/li>\n<li>S\u1eed d\u1ee5ng\u00a0cho d\u1ecbch v\u1ee5 kinh doanh: kh\u00e1ch s\u1ea1n, resort, h\u1ec7 th\u1ed1ng x\u00f4ng h\u01a1i, \u2026.<\/li>\n<\/ul>\n<div><\/div>\n","protected":false},"excerpt":{"rendered":"<p>N\u1ed3i h\u1ea5p thanh tr\u00f9ng l\u00e0 m\u1ed9t thi\u1ebft b\u1ecb c\u00f4ng nghi\u1ec7p \u0111\u01b0\u1ee3c s\u1ea3n xu\u1ea5t theo c\u00f4ng ngh\u1ec7 v\u00f4 c\u00f9ng hi\u1ec7n \u0111\u1ea1i, c\u00f3 kh\u1ea3 n\u0103ng lo\u1ea1i b\u1ecf vi khu\u1ea9n, vi tr\u00f9ng kh\u1ecfi c\u00e1c s\u1ea3n ph\u1ea9m c\u00f4ng nghi\u1ec7p, n\u00f4ng nghi\u1ec7p, l\u00e2m nghi\u1ec7p c\u0169ng nh\u01b0 ng\u01b0 nghi\u1ec7p tr\u01b0\u1edbc khi ti\u1ebfn h\u00e0nh ch\u1ebf bi\u1ebfn,&#8230; N\u00f4\u0300i h\u00e2\u0301p na\u0300y\u00a0l\u00e0 lo\u1ea1i n\u1ed3i h\u1ea5p&#8230;<\/p>\n","protected":false},"featured_media":3774,"comment_status":"open","ping_status":"closed","template":"","meta":[],"product_cat":[199,200,206,210,205],"product_tag":[],"yoast_head":"<!-- This site is optimized with the Yoast SEO plugin v20.9 - https:\/\/yoast.com\/wordpress\/plugins\/seo\/ -->\n<title>N\u1ed3i h\u1ea5p thanh tr\u00f9ng - Tr\u01b0\u1eddng th\u00e0nh<\/title>\n<meta name=\"robots\" content=\"index, follow, max-snippet:-1, max-image-preview:large, max-video-preview:-1\" \/>\n<link rel=\"canonical\" href=\"https:\/\/web.webrt.net\/truongthanh\/?product=noi-hap-thanh-trung\" \/>\n<meta property=\"og:locale\" content=\"vi_VN\" \/>\n<meta property=\"og:type\" content=\"article\" \/>\n<meta property=\"og:title\" content=\"N\u1ed3i h\u1ea5p thanh tr\u00f9ng - Tr\u01b0\u1eddng th\u00e0nh\" \/>\n<meta property=\"og:description\" content=\"N\u1ed3i h\u1ea5p thanh tr\u00f9ng l\u00e0 m\u1ed9t thi\u1ebft b\u1ecb c\u00f4ng nghi\u1ec7p \u0111\u01b0\u1ee3c s\u1ea3n xu\u1ea5t theo c\u00f4ng ngh\u1ec7 v\u00f4 c\u00f9ng hi\u1ec7n \u0111\u1ea1i, c\u00f3 kh\u1ea3 n\u0103ng lo\u1ea1i b\u1ecf vi khu\u1ea9n, vi tr\u00f9ng kh\u1ecfi c\u00e1c s\u1ea3n ph\u1ea9m c\u00f4ng nghi\u1ec7p, n\u00f4ng nghi\u1ec7p, l\u00e2m nghi\u1ec7p c\u0169ng nh\u01b0 ng\u01b0 nghi\u1ec7p tr\u01b0\u1edbc khi ti\u1ebfn h\u00e0nh ch\u1ebf bi\u1ebfn,&#8230; N\u00f4\u0300i h\u00e2\u0301p na\u0300y\u00a0l\u00e0 lo\u1ea1i n\u1ed3i h\u1ea5p...\" \/>\n<meta property=\"og:url\" content=\"https:\/\/web.webrt.net\/truongthanh\/?product=noi-hap-thanh-trung\" \/>\n<meta property=\"og:site_name\" content=\"Tr\u01b0\u1eddng th\u00e0nh\" \/>\n<meta property=\"article:modified_time\" content=\"2023-08-01T03:01:28+00:00\" \/>\n<meta property=\"og:image\" content=\"https:\/\/web.webrt.net\/truongthanh\/wp-content\/uploads\/2023\/08\/noi-hap-thanh-trung.jpg\" \/>\n\t<meta property=\"og:image:width\" content=\"243\" \/>\n\t<meta property=\"og:image:height\" content=\"207\" \/>\n\t<meta property=\"og:image:type\" content=\"image\/jpeg\" \/>\n<meta name=\"twitter:card\" content=\"summary_large_image\" \/>\n<meta name=\"twitter:label1\" content=\"\u01af\u1edbc t\u00ednh th\u1eddi gian \u0111\u1ecdc\" \/>\n\t<meta name=\"twitter:data1\" content=\"4 ph\u00fat\" \/>\n<script type=\"application\/ld+json\" class=\"yoast-schema-graph\">{\"@context\":\"https:\/\/schema.org\",\"@graph\":[{\"@type\":\"WebPage\",\"@id\":\"https:\/\/web.webrt.net\/truongthanh\/?product=noi-hap-thanh-trung\",\"url\":\"https:\/\/web.webrt.net\/truongthanh\/?product=noi-hap-thanh-trung\",\"name\":\"N\u1ed3i h\u1ea5p thanh tr\u00f9ng - Tr\u01b0\u1eddng th\u00e0nh\",\"isPartOf\":{\"@id\":\"https:\/\/web.webrt.net\/truongthanh\/#website\"},\"datePublished\":\"2023-08-01T02:58:47+00:00\",\"dateModified\":\"2023-08-01T03:01:28+00:00\",\"breadcrumb\":{\"@id\":\"https:\/\/web.webrt.net\/truongthanh\/?product=noi-hap-thanh-trung#breadcrumb\"},\"inLanguage\":\"vi\",\"potentialAction\":[{\"@type\":\"ReadAction\",\"target\":[\"https:\/\/web.webrt.net\/truongthanh\/?product=noi-hap-thanh-trung\"]}]},{\"@type\":\"BreadcrumbList\",\"@id\":\"https:\/\/web.webrt.net\/truongthanh\/?product=noi-hap-thanh-trung#breadcrumb\",\"itemListElement\":[{\"@type\":\"ListItem\",\"position\":1,\"name\":\"Trang ch\u1ee7\",\"item\":\"https:\/\/web.webrt.net\/truongthanh\/\"},{\"@type\":\"ListItem\",\"position\":2,\"name\":\"S\u1ea3n ph\u1ea9m\",\"item\":\"https:\/\/web.webrt.net\/truongthanh\/?post_type=product\"},{\"@type\":\"ListItem\",\"position\":3,\"name\":\"N\u1ed3i h\u1ea5p thanh tr\u00f9ng\"}]},{\"@type\":\"WebSite\",\"@id\":\"https:\/\/web.webrt.net\/truongthanh\/#website\",\"url\":\"https:\/\/web.webrt.net\/truongthanh\/\",\"name\":\"Tr\u01b0\u1eddng th\u00e0nh\",\"description\":\"\",\"potentialAction\":[{\"@type\":\"SearchAction\",\"target\":{\"@type\":\"EntryPoint\",\"urlTemplate\":\"https:\/\/web.webrt.net\/truongthanh\/?s={search_term_string}\"},\"query-input\":\"required name=search_term_string\"}],\"inLanguage\":\"vi\"}]}<\/script>\n<!-- \/ Yoast SEO plugin. -->","yoast_head_json":{"title":"N\u1ed3i h\u1ea5p thanh tr\u00f9ng - Tr\u01b0\u1eddng th\u00e0nh","robots":{"index":"index","follow":"follow","max-snippet":"max-snippet:-1","max-image-preview":"max-image-preview:large","max-video-preview":"max-video-preview:-1"},"canonical":"https:\/\/web.webrt.net\/truongthanh\/?product=noi-hap-thanh-trung","og_locale":"vi_VN","og_type":"article","og_title":"N\u1ed3i h\u1ea5p thanh tr\u00f9ng - Tr\u01b0\u1eddng th\u00e0nh","og_description":"N\u1ed3i h\u1ea5p thanh tr\u00f9ng l\u00e0 m\u1ed9t thi\u1ebft b\u1ecb c\u00f4ng nghi\u1ec7p \u0111\u01b0\u1ee3c s\u1ea3n xu\u1ea5t theo c\u00f4ng ngh\u1ec7 v\u00f4 c\u00f9ng hi\u1ec7n \u0111\u1ea1i, c\u00f3 kh\u1ea3 n\u0103ng lo\u1ea1i b\u1ecf vi khu\u1ea9n, vi tr\u00f9ng kh\u1ecfi c\u00e1c s\u1ea3n ph\u1ea9m c\u00f4ng nghi\u1ec7p, n\u00f4ng nghi\u1ec7p, l\u00e2m nghi\u1ec7p c\u0169ng nh\u01b0 ng\u01b0 nghi\u1ec7p tr\u01b0\u1edbc khi ti\u1ebfn h\u00e0nh ch\u1ebf bi\u1ebfn,&#8230; N\u00f4\u0300i h\u00e2\u0301p na\u0300y\u00a0l\u00e0 lo\u1ea1i n\u1ed3i h\u1ea5p...","og_url":"https:\/\/web.webrt.net\/truongthanh\/?product=noi-hap-thanh-trung","og_site_name":"Tr\u01b0\u1eddng th\u00e0nh","article_modified_time":"2023-08-01T03:01:28+00:00","og_image":[{"width":243,"height":207,"url":"https:\/\/web.webrt.net\/truongthanh\/wp-content\/uploads\/2023\/08\/noi-hap-thanh-trung.jpg","type":"image\/jpeg"}],"twitter_card":"summary_large_image","twitter_misc":{"\u01af\u1edbc t\u00ednh th\u1eddi gian \u0111\u1ecdc":"4 ph\u00fat"},"schema":{"@context":"https:\/\/schema.org","@graph":[{"@type":"WebPage","@id":"https:\/\/web.webrt.net\/truongthanh\/?product=noi-hap-thanh-trung","url":"https:\/\/web.webrt.net\/truongthanh\/?product=noi-hap-thanh-trung","name":"N\u1ed3i h\u1ea5p thanh tr\u00f9ng - Tr\u01b0\u1eddng th\u00e0nh","isPartOf":{"@id":"https:\/\/web.webrt.net\/truongthanh\/#website"},"datePublished":"2023-08-01T02:58:47+00:00","dateModified":"2023-08-01T03:01:28+00:00","breadcrumb":{"@id":"https:\/\/web.webrt.net\/truongthanh\/?product=noi-hap-thanh-trung#breadcrumb"},"inLanguage":"vi","potentialAction":[{"@type":"ReadAction","target":["https:\/\/web.webrt.net\/truongthanh\/?product=noi-hap-thanh-trung"]}]},{"@type":"BreadcrumbList","@id":"https:\/\/web.webrt.net\/truongthanh\/?product=noi-hap-thanh-trung#breadcrumb","itemListElement":[{"@type":"ListItem","position":1,"name":"Trang ch\u1ee7","item":"https:\/\/web.webrt.net\/truongthanh\/"},{"@type":"ListItem","position":2,"name":"S\u1ea3n ph\u1ea9m","item":"https:\/\/web.webrt.net\/truongthanh\/?post_type=product"},{"@type":"ListItem","position":3,"name":"N\u1ed3i h\u1ea5p thanh tr\u00f9ng"}]},{"@type":"WebSite","@id":"https:\/\/web.webrt.net\/truongthanh\/#website","url":"https:\/\/web.webrt.net\/truongthanh\/","name":"Tr\u01b0\u1eddng th\u00e0nh","description":"","potentialAction":[{"@type":"SearchAction","target":{"@type":"EntryPoint","urlTemplate":"https:\/\/web.webrt.net\/truongthanh\/?s={search_term_string}"},"query-input":"required name=search_term_string"}],"inLanguage":"vi"}]}},"_links":{"self":[{"href":"https:\/\/web.webrt.net\/truongthanh\/index.php?rest_route=\/wp\/v2\/product\/3773"}],"collection":[{"href":"https:\/\/web.webrt.net\/truongthanh\/index.php?rest_route=\/wp\/v2\/product"}],"about":[{"href":"https:\/\/web.webrt.net\/truongthanh\/index.php?rest_route=\/wp\/v2\/types\/product"}],"replies":[{"embeddable":true,"href":"https:\/\/web.webrt.net\/truongthanh\/index.php?rest_route=%2Fwp%2Fv2%2Fcomments&post=3773"}],"wp:featuredmedia":[{"embeddable":true,"href":"https:\/\/web.webrt.net\/truongthanh\/index.php?rest_route=\/wp\/v2\/media\/3774"}],"wp:attachment":[{"href":"https:\/\/web.webrt.net\/truongthanh\/index.php?rest_route=%2Fwp%2Fv2%2Fmedia&parent=3773"}],"wp:term":[{"taxonomy":"product_cat","embeddable":true,"href":"https:\/\/web.webrt.net\/truongthanh\/index.php?rest_route=%2Fwp%2Fv2%2Fproduct_cat&post=3773"},{"taxonomy":"product_tag","embeddable":true,"href":"https:\/\/web.webrt.net\/truongthanh\/index.php?rest_route=%2Fwp%2Fv2%2Fproduct_tag&post=3773"}],"curies":[{"name":"wp","href":"https:\/\/api.w.org\/{rel}","templated":true}]}}