{"id":3629,"date":"2023-07-05T09:41:51","date_gmt":"2023-07-05T09:41:51","guid":{"rendered":"https:\/\/web.webrt.net\/truongthanh\/?post_type=product&#038;p=3629"},"modified":"2023-07-06T06:32:45","modified_gmt":"2023-07-06T06:32:45","slug":"lo-hoi-dot-da-nhien-lieu","status":"publish","type":"product","link":"https:\/\/web.webrt.net\/truongthanh\/?product=lo-hoi-dot-da-nhien-lieu","title":{"rendered":"L\u00f2 h\u01a1i \u0111\u1ed1t \u0111a nhi\u00ean li\u1ec7u"},"content":{"rendered":"<p><img decoding=\"async\" loading=\"lazy\" class=\"aligncenter size-full wp-image-3630\" src=\"https:\/\/web.webrt.net\/truongthanh\/wp-content\/uploads\/2023\/07\/Screenshot-2023-07-05-164121.png\" alt=\"\" width=\"341\" height=\"398\" \/><\/p>\n<p><strong>Ch\u1ebf \u0111\u1ed9 v\u1eadn h\u00e0nh: Ho\u00e0n to\u00e0n t\u1ef1 \u0111\u1ed9ng.<\/strong><\/p>\n<p><strong>Ch\u1ebf \u0111\u1ed9 \u0111\u1ed1t: t\u00f9y theo \u0111\u1eb7c t\u00ednh nhi\u00ean li\u1ec7u c\u00f3 c\u00e1c ch\u1ebf \u0111\u1ed9 \u0111\u1ed1t th\u00edch h\u1ee3p B\u1ed9 qu\u00e1 nhi\u1ec7t \u0111\u01b0\u1ee3c trang b\u1ecb theo y\u00eau c\u1ea7u \u0111\u1eb7t h\u00e0ng, \u0111\u1ea3m b\u1ea3o cung c\u1ea5p h\u01a1i qu\u00e1 nhi\u1ec7t theo nhi\u1ec7t \u0111\u1ed9 y\u00eau c\u1ea7u \u0111\u1ec3 ch\u1ea1y turbine ho\u1eb7c ph\u1ee5c v\u1ee5 c\u00f4ng ngh\u1ec7.<\/strong><\/p>\n<p><strong>S\u1eed d\u1ee5ng trong c\u00e1c nh\u00e0 m\u00e1y \u0111\u01b0\u1eddng, ch\u1ebf bi\u1ebfn n\u00f4ng l\u00e2m s\u1ea3n, v\u00e1n \u00e9p v.v\u2026<\/strong><\/p>\n","protected":false},"excerpt":{"rendered":"<p>Ch\u1ebf \u0111\u1ed9 v\u1eadn h\u00e0nh: Ho\u00e0n to\u00e0n t\u1ef1 \u0111\u1ed9ng. Ch\u1ebf \u0111\u1ed9 \u0111\u1ed1t: t\u00f9y theo \u0111\u1eb7c t\u00ednh nhi\u00ean li\u1ec7u c\u00f3 c\u00e1c ch\u1ebf \u0111\u1ed9 \u0111\u1ed1t th\u00edch h\u1ee3p B\u1ed9 qu\u00e1 nhi\u1ec7t \u0111\u01b0\u1ee3c trang b\u1ecb theo y\u00eau c\u1ea7u \u0111\u1eb7t h\u00e0ng, \u0111\u1ea3m b\u1ea3o cung c\u1ea5p h\u01a1i qu\u00e1 nhi\u1ec7t theo nhi\u1ec7t \u0111\u1ed9 y\u00eau c\u1ea7u \u0111\u1ec3 ch\u1ea1y turbine ho\u1eb7c ph\u1ee5c v\u1ee5 c\u00f4ng ngh\u1ec7&#8230;.<\/p>\n","protected":false},"featured_media":3630,"comment_status":"open","ping_status":"closed","template":"","meta":[],"product_cat":[203,202,198],"product_tag":[],"yoast_head":"<!-- This site is optimized with the Yoast SEO plugin v20.9 - https:\/\/yoast.com\/wordpress\/plugins\/seo\/ -->\n<title>L\u00f2 h\u01a1i \u0111\u1ed1t \u0111a nhi\u00ean li\u1ec7u - Tr\u01b0\u1eddng th\u00e0nh<\/title>\n<meta name=\"robots\" content=\"index, follow, max-snippet:-1, max-image-preview:large, max-video-preview:-1\" \/>\n<link rel=\"canonical\" href=\"https:\/\/web.webrt.net\/truongthanh\/?product=lo-hoi-dot-da-nhien-lieu\" \/>\n<meta property=\"og:locale\" content=\"vi_VN\" \/>\n<meta property=\"og:type\" content=\"article\" \/>\n<meta property=\"og:title\" content=\"L\u00f2 h\u01a1i \u0111\u1ed1t \u0111a nhi\u00ean li\u1ec7u - Tr\u01b0\u1eddng th\u00e0nh\" \/>\n<meta property=\"og:description\" content=\"Ch\u1ebf \u0111\u1ed9 v\u1eadn h\u00e0nh: Ho\u00e0n to\u00e0n t\u1ef1 \u0111\u1ed9ng. Ch\u1ebf \u0111\u1ed9 \u0111\u1ed1t: t\u00f9y theo \u0111\u1eb7c t\u00ednh nhi\u00ean li\u1ec7u c\u00f3 c\u00e1c ch\u1ebf \u0111\u1ed9 \u0111\u1ed1t th\u00edch h\u1ee3p B\u1ed9 qu\u00e1 nhi\u1ec7t \u0111\u01b0\u1ee3c trang b\u1ecb theo y\u00eau c\u1ea7u \u0111\u1eb7t h\u00e0ng, \u0111\u1ea3m b\u1ea3o cung c\u1ea5p h\u01a1i qu\u00e1 nhi\u1ec7t theo nhi\u1ec7t \u0111\u1ed9 y\u00eau c\u1ea7u \u0111\u1ec3 ch\u1ea1y turbine ho\u1eb7c ph\u1ee5c v\u1ee5 c\u00f4ng ngh\u1ec7....\" \/>\n<meta property=\"og:url\" content=\"https:\/\/web.webrt.net\/truongthanh\/?product=lo-hoi-dot-da-nhien-lieu\" \/>\n<meta property=\"og:site_name\" content=\"Tr\u01b0\u1eddng th\u00e0nh\" \/>\n<meta property=\"article:modified_time\" content=\"2023-07-06T06:32:45+00:00\" \/>\n<meta property=\"og:image\" content=\"https:\/\/web.webrt.net\/truongthanh\/wp-content\/uploads\/2023\/07\/Screenshot-2023-07-05-164121.png\" \/>\n\t<meta property=\"og:image:width\" content=\"341\" \/>\n\t<meta property=\"og:image:height\" content=\"398\" \/>\n\t<meta property=\"og:image:type\" content=\"image\/png\" \/>\n<meta name=\"twitter:card\" content=\"summary_large_image\" \/>\n<meta name=\"twitter:label1\" content=\"\u01af\u1edbc t\u00ednh th\u1eddi gian \u0111\u1ecdc\" \/>\n\t<meta name=\"twitter:data1\" content=\"1 ph\u00fat\" \/>\n<script type=\"application\/ld+json\" class=\"yoast-schema-graph\">{\"@context\":\"https:\/\/schema.org\",\"@graph\":[{\"@type\":\"WebPage\",\"@id\":\"https:\/\/web.webrt.net\/truongthanh\/?product=lo-hoi-dot-da-nhien-lieu\",\"url\":\"https:\/\/web.webrt.net\/truongthanh\/?product=lo-hoi-dot-da-nhien-lieu\",\"name\":\"L\u00f2 h\u01a1i \u0111\u1ed1t \u0111a nhi\u00ean li\u1ec7u - Tr\u01b0\u1eddng th\u00e0nh\",\"isPartOf\":{\"@id\":\"https:\/\/web.webrt.net\/truongthanh\/#website\"},\"datePublished\":\"2023-07-05T09:41:51+00:00\",\"dateModified\":\"2023-07-06T06:32:45+00:00\",\"breadcrumb\":{\"@id\":\"https:\/\/web.webrt.net\/truongthanh\/?product=lo-hoi-dot-da-nhien-lieu#breadcrumb\"},\"inLanguage\":\"vi\",\"potentialAction\":[{\"@type\":\"ReadAction\",\"target\":[\"https:\/\/web.webrt.net\/truongthanh\/?product=lo-hoi-dot-da-nhien-lieu\"]}]},{\"@type\":\"BreadcrumbList\",\"@id\":\"https:\/\/web.webrt.net\/truongthanh\/?product=lo-hoi-dot-da-nhien-lieu#breadcrumb\",\"itemListElement\":[{\"@type\":\"ListItem\",\"position\":1,\"name\":\"Trang ch\u1ee7\",\"item\":\"https:\/\/web.webrt.net\/truongthanh\/\"},{\"@type\":\"ListItem\",\"position\":2,\"name\":\"S\u1ea3n ph\u1ea9m\",\"item\":\"https:\/\/web.webrt.net\/truongthanh\/?post_type=product\"},{\"@type\":\"ListItem\",\"position\":3,\"name\":\"L\u00f2 h\u01a1i \u0111\u1ed1t \u0111a nhi\u00ean li\u1ec7u\"}]},{\"@type\":\"WebSite\",\"@id\":\"https:\/\/web.webrt.net\/truongthanh\/#website\",\"url\":\"https:\/\/web.webrt.net\/truongthanh\/\",\"name\":\"Tr\u01b0\u1eddng th\u00e0nh\",\"description\":\"\",\"potentialAction\":[{\"@type\":\"SearchAction\",\"target\":{\"@type\":\"EntryPoint\",\"urlTemplate\":\"https:\/\/web.webrt.net\/truongthanh\/?s={search_term_string}\"},\"query-input\":\"required name=search_term_string\"}],\"inLanguage\":\"vi\"}]}<\/script>\n<!-- \/ Yoast SEO plugin. -->","yoast_head_json":{"title":"L\u00f2 h\u01a1i \u0111\u1ed1t \u0111a nhi\u00ean li\u1ec7u - Tr\u01b0\u1eddng th\u00e0nh","robots":{"index":"index","follow":"follow","max-snippet":"max-snippet:-1","max-image-preview":"max-image-preview:large","max-video-preview":"max-video-preview:-1"},"canonical":"https:\/\/web.webrt.net\/truongthanh\/?product=lo-hoi-dot-da-nhien-lieu","og_locale":"vi_VN","og_type":"article","og_title":"L\u00f2 h\u01a1i \u0111\u1ed1t \u0111a nhi\u00ean li\u1ec7u - Tr\u01b0\u1eddng th\u00e0nh","og_description":"Ch\u1ebf \u0111\u1ed9 v\u1eadn h\u00e0nh: Ho\u00e0n to\u00e0n t\u1ef1 \u0111\u1ed9ng. Ch\u1ebf \u0111\u1ed9 \u0111\u1ed1t: t\u00f9y theo \u0111\u1eb7c t\u00ednh nhi\u00ean li\u1ec7u c\u00f3 c\u00e1c ch\u1ebf \u0111\u1ed9 \u0111\u1ed1t th\u00edch h\u1ee3p B\u1ed9 qu\u00e1 nhi\u1ec7t \u0111\u01b0\u1ee3c trang b\u1ecb theo y\u00eau c\u1ea7u \u0111\u1eb7t h\u00e0ng, \u0111\u1ea3m b\u1ea3o cung c\u1ea5p h\u01a1i qu\u00e1 nhi\u1ec7t theo nhi\u1ec7t \u0111\u1ed9 y\u00eau c\u1ea7u \u0111\u1ec3 ch\u1ea1y turbine ho\u1eb7c ph\u1ee5c v\u1ee5 c\u00f4ng ngh\u1ec7....","og_url":"https:\/\/web.webrt.net\/truongthanh\/?product=lo-hoi-dot-da-nhien-lieu","og_site_name":"Tr\u01b0\u1eddng th\u00e0nh","article_modified_time":"2023-07-06T06:32:45+00:00","og_image":[{"width":341,"height":398,"url":"https:\/\/web.webrt.net\/truongthanh\/wp-content\/uploads\/2023\/07\/Screenshot-2023-07-05-164121.png","type":"image\/png"}],"twitter_card":"summary_large_image","twitter_misc":{"\u01af\u1edbc t\u00ednh th\u1eddi gian \u0111\u1ecdc":"1 ph\u00fat"},"schema":{"@context":"https:\/\/schema.org","@graph":[{"@type":"WebPage","@id":"https:\/\/web.webrt.net\/truongthanh\/?product=lo-hoi-dot-da-nhien-lieu","url":"https:\/\/web.webrt.net\/truongthanh\/?product=lo-hoi-dot-da-nhien-lieu","name":"L\u00f2 h\u01a1i \u0111\u1ed1t \u0111a nhi\u00ean li\u1ec7u - Tr\u01b0\u1eddng th\u00e0nh","isPartOf":{"@id":"https:\/\/web.webrt.net\/truongthanh\/#website"},"datePublished":"2023-07-05T09:41:51+00:00","dateModified":"2023-07-06T06:32:45+00:00","breadcrumb":{"@id":"https:\/\/web.webrt.net\/truongthanh\/?product=lo-hoi-dot-da-nhien-lieu#breadcrumb"},"inLanguage":"vi","potentialAction":[{"@type":"ReadAction","target":["https:\/\/web.webrt.net\/truongthanh\/?product=lo-hoi-dot-da-nhien-lieu"]}]},{"@type":"BreadcrumbList","@id":"https:\/\/web.webrt.net\/truongthanh\/?product=lo-hoi-dot-da-nhien-lieu#breadcrumb","itemListElement":[{"@type":"ListItem","position":1,"name":"Trang ch\u1ee7","item":"https:\/\/web.webrt.net\/truongthanh\/"},{"@type":"ListItem","position":2,"name":"S\u1ea3n ph\u1ea9m","item":"https:\/\/web.webrt.net\/truongthanh\/?post_type=product"},{"@type":"ListItem","position":3,"name":"L\u00f2 h\u01a1i \u0111\u1ed1t \u0111a nhi\u00ean li\u1ec7u"}]},{"@type":"WebSite","@id":"https:\/\/web.webrt.net\/truongthanh\/#website","url":"https:\/\/web.webrt.net\/truongthanh\/","name":"Tr\u01b0\u1eddng th\u00e0nh","description":"","potentialAction":[{"@type":"SearchAction","target":{"@type":"EntryPoint","urlTemplate":"https:\/\/web.webrt.net\/truongthanh\/?s={search_term_string}"},"query-input":"required name=search_term_string"}],"inLanguage":"vi"}]}},"_links":{"self":[{"href":"https:\/\/web.webrt.net\/truongthanh\/index.php?rest_route=\/wp\/v2\/product\/3629"}],"collection":[{"href":"https:\/\/web.webrt.net\/truongthanh\/index.php?rest_route=\/wp\/v2\/product"}],"about":[{"href":"https:\/\/web.webrt.net\/truongthanh\/index.php?rest_route=\/wp\/v2\/types\/product"}],"replies":[{"embeddable":true,"href":"https:\/\/web.webrt.net\/truongthanh\/index.php?rest_route=%2Fwp%2Fv2%2Fcomments&post=3629"}],"wp:featuredmedia":[{"embeddable":true,"href":"https:\/\/web.webrt.net\/truongthanh\/index.php?rest_route=\/wp\/v2\/media\/3630"}],"wp:attachment":[{"href":"https:\/\/web.webrt.net\/truongthanh\/index.php?rest_route=%2Fwp%2Fv2%2Fmedia&parent=3629"}],"wp:term":[{"taxonomy":"product_cat","embeddable":true,"href":"https:\/\/web.webrt.net\/truongthanh\/index.php?rest_route=%2Fwp%2Fv2%2Fproduct_cat&post=3629"},{"taxonomy":"product_tag","embeddable":true,"href":"https:\/\/web.webrt.net\/truongthanh\/index.php?rest_route=%2Fwp%2Fv2%2Fproduct_tag&post=3629"}],"curies":[{"name":"wp","href":"https:\/\/api.w.org\/{rel}","templated":true}]}}