{"id":3613,"date":"2023-07-05T09:08:23","date_gmt":"2023-07-05T09:08:23","guid":{"rendered":"https:\/\/web.webrt.net\/truongthanh\/?post_type=product&#038;p=3613"},"modified":"2023-07-06T06:34:26","modified_gmt":"2023-07-06T06:34:26","slug":"noi-hoi-4-tan-kieu-to-hop","status":"publish","type":"product","link":"https:\/\/web.webrt.net\/truongthanh\/?product=noi-hoi-4-tan-kieu-to-hop","title":{"rendered":"N\u1ed3i h\u01a1i 4 t\u1ea5n ki\u1ec3u t\u1ed5 h\u1ee3p"},"content":{"rendered":"<p><img decoding=\"async\" loading=\"lazy\" class=\"aligncenter size-full wp-image-3614\" src=\"https:\/\/web.webrt.net\/truongthanh\/wp-content\/uploads\/2023\/07\/Screenshot-2023-07-05-160624.png\" alt=\"\" width=\"374\" height=\"268\" \/><\/p>\n<p>N\u1ed3i h\u01a1i c\u00f4ng su\u1ea5t sinh h\u01a1i 4000 kg h\u01a1i\/h do cty TNHH C\u01a1 Kh\u00ed L\u00f2 H\u01a1i Tr\u01b0\u1eddng Th\u00e0nh ch\u1ebf t\u1ea1o ,theo ki\u1ec3u t\u1ed5 h\u1ee3p \u1ed1ng n\u01b0\u1edbc gi\u00fap ti\u1ebft ki\u1ec7m t\u1ed1i \u0111a nguy\u00ean li\u1ec7u \u0111\u1ed1t cho nh\u00e0 s\u1eed d\u1ee5ng v\u00e0 sinh h\u01a1i nhanh.<\/p>\n<ul>\n<li>\u2013 Ch\u1ebf t\u1ea1o l\u00f2 h\u01a1i tu\u00e2n th\u1ee7 ch\u1eb7t ch\u1ebd c\u00e1c ti\u00eau chu\u1ea9n, Quy ph\u1ea1m v\u1ec1 n\u1ed3i h\u01a1i v\u00e0 thi\u1ebft b\u1ecb \u00e1p l\u1ef1c TCVN 7704 \u2013 2007.<\/li>\n<li>V\u1eadt li\u1ec7u ch\u1ebf t\u1ea1o l\u00f2 h\u01a1i \u0111\u1ea3m b\u1ea3o c\u00e1c y\u00eau c\u1ea7u v\u1eadt li\u1ec7u theo ti\u00eau chu\u1ea9n c\u1ee7a TCVN 7704 -2007.<\/li>\n<li>Sau khi ho\u00e0n th\u00e0nh th\u00e2n l\u00f2 h\u01a1i \u0111\u01b0\u1ee3c si\u00eau \u00e2m ki\u1ec3m tra m\u1ed1i h\u00e0n v\u00e0 c\u1ea5p bi\u00ean b\u1ea3n si\u00eau \u00e2m.<\/li>\n<li>K\u1ebft th\u00fac qu\u00e1 tr\u00ecnh h\u00e0n \u1ed1ng sinh h\u01a1i, c\u00e1c m\u1ed1i h\u00e0n \u0111\u01b0\u1ee3c ki\u1ec3m tra b\u1eb1ng ph\u01b0\u01a1ng ph\u00e1p th\u1ea5m d\u1ea7u.<\/li>\n<li>T\u1ea5t c\u1ea3 c\u00e1c c\u00e1c c\u00f4ng \u0111o\u1ea1n ch\u1ebf t\u1ea1o \u0111\u01b0\u1ee3c ki\u1ec3m tra m\u1ed9t c\u00e1ch nghi\u00eam ng\u1eb7t sau qu\u00e1 tr\u00ecnh ki\u1ec3m tra t\u1ed5ng th\u1ec3 l\u00e0 \u0111\u01b0a l\u00f2 h\u01a1i v\u00e0o th\u1eed \u00e1p l\u1ef1c theo ti\u00eau chu\u1ea9:\u00a0<strong><em>P\u00ad\u00ad\u00ad<sub>th\u1eed<\/sub>\u00a0= 1,5P<sub>thi\u1ebft k\u1ebf<\/sub>.<\/em><\/strong><\/li>\n<\/ul>\n<p>Lo\u1ea1i n\u1ed3i h\u01a1i: \u00a0\u00a0\u00a0\u00a0\u00a0\u00a0\u00a0\u00a0\u00a0\u00a0\u00a0\u00a0\u00a0\u00a0\u00a0\u00a0\u00a0\u00a0\u00a0\u00a0\u00a0\u00a0\u00a0\u00a0\u00a0\u00a0\u00a0\u00a0\u00a0 L\u00f2 n\u1eb1m, ki\u1ec3u t\u1ed5 h\u1ee3p, \u1ed1ng n\u01b0\u1edbc, \u1ed1ng l\u1eeda.<\/p>\n<p>N\u0103ng su\u1ea5t sinh h\u01a1i:\u00a0 \u00a0 \u00a0 \u00a0 \u00a0 \u00a0 \u00a0 \u00a0 \u00a0 \u00a0 4000kg\/h<\/p>\n<p>\u00c1p su\u1ea5t thi\u1ebft k\u1ebf: \u00a0\u00a0\u00a0\u00a0\u00a0\u00a0\u00a0\u00a0\u00a0\u00a0\u00a0\u00a0\u00a0\u00a0\u00a0\u00a0\u00a0\u00a0\u00a0\u00a0\u00a0\u00a0\u00a0\u00a0\u00a0\u00a0\u00a0\u00a0\u00a0\u00a0\u00a0\u00a0\u00a0\u00a0\u00a0 8kG\/cm2<\/p>\n<p>Nhi\u1ec7t \u0111\u1ed9 h\u01a1i b\u00e3o h\u00f2a: \u00a0\u00a0\u00a0\u00a0\u00a0\u00a0\u00a0\u00a0\u00a0\u00a0\u00a0\u00a0\u00a0\u00a0 183<sup>o<\/sup>C<\/p>\n<p>Nhi\u00ean li\u1ec7u \u0111\u1ed1t: \u00a0\u00a0\u00a0\u00a0\u00a0\u00a0\u00a0\u00a0\u00a0\u00a0\u00a0\u00a0\u00a0\u00a0\u00a0\u00a0\u00a0\u00a0\u00a0\u00a0\u00a0\u00a0\u00a0\u00a0\u00a0\u00a0 C\u1ee7i, g\u1ed7, than, c\u1ee7i tr\u1ea5u\u2026..<\/p>\n<p>Th\u00e2n n\u1ed3i h\u01a1i ch\u1ebf t\u1ea1o b\u1eb1ng th\u00e9p ti\u00eau chu\u1ea9n ASTM A515, \u1ed1ng th\u00e9p l\u00e0 \u1ed1ng \u00e1p l\u1ef1c C20, A106.<\/p>\n","protected":false},"excerpt":{"rendered":"<p>N\u1ed3i h\u01a1i c\u00f4ng su\u1ea5t sinh h\u01a1i 4000 kg h\u01a1i\/h do cty TNHH C\u01a1 Kh\u00ed L\u00f2 H\u01a1i Tr\u01b0\u1eddng Th\u00e0nh ch\u1ebf t\u1ea1o ,theo ki\u1ec3u t\u1ed5 h\u1ee3p \u1ed1ng n\u01b0\u1edbc gi\u00fap ti\u1ebft ki\u1ec7m t\u1ed1i \u0111a nguy\u00ean li\u1ec7u \u0111\u1ed1t cho nh\u00e0 s\u1eed d\u1ee5ng v\u00e0 sinh h\u01a1i nhanh. \u2013 Ch\u1ebf t\u1ea1o l\u00f2 h\u01a1i tu\u00e2n th\u1ee7 ch\u1eb7t ch\u1ebd c\u00e1c ti\u00eau chu\u1ea9n, Quy&#8230;<\/p>\n","protected":false},"featured_media":3614,"comment_status":"open","ping_status":"closed","template":"","meta":[],"product_cat":[203,202,198],"product_tag":[],"yoast_head":"<!-- This site is optimized with the Yoast SEO plugin v20.9 - https:\/\/yoast.com\/wordpress\/plugins\/seo\/ -->\n<title>N\u1ed3i h\u01a1i 4 t\u1ea5n ki\u1ec3u t\u1ed5 h\u1ee3p - Tr\u01b0\u1eddng th\u00e0nh<\/title>\n<meta name=\"robots\" content=\"index, follow, max-snippet:-1, max-image-preview:large, max-video-preview:-1\" \/>\n<link rel=\"canonical\" href=\"https:\/\/web.webrt.net\/truongthanh\/?product=noi-hoi-4-tan-kieu-to-hop\" \/>\n<meta property=\"og:locale\" content=\"vi_VN\" \/>\n<meta property=\"og:type\" content=\"article\" \/>\n<meta property=\"og:title\" content=\"N\u1ed3i h\u01a1i 4 t\u1ea5n ki\u1ec3u t\u1ed5 h\u1ee3p - Tr\u01b0\u1eddng th\u00e0nh\" \/>\n<meta property=\"og:description\" content=\"N\u1ed3i h\u01a1i c\u00f4ng su\u1ea5t sinh h\u01a1i 4000 kg h\u01a1i\/h do cty TNHH C\u01a1 Kh\u00ed L\u00f2 H\u01a1i Tr\u01b0\u1eddng Th\u00e0nh ch\u1ebf t\u1ea1o ,theo ki\u1ec3u t\u1ed5 h\u1ee3p \u1ed1ng n\u01b0\u1edbc gi\u00fap ti\u1ebft ki\u1ec7m t\u1ed1i \u0111a nguy\u00ean li\u1ec7u \u0111\u1ed1t cho nh\u00e0 s\u1eed d\u1ee5ng v\u00e0 sinh h\u01a1i nhanh. \u2013 Ch\u1ebf t\u1ea1o l\u00f2 h\u01a1i tu\u00e2n th\u1ee7 ch\u1eb7t ch\u1ebd c\u00e1c ti\u00eau chu\u1ea9n, Quy...\" \/>\n<meta property=\"og:url\" content=\"https:\/\/web.webrt.net\/truongthanh\/?product=noi-hoi-4-tan-kieu-to-hop\" \/>\n<meta property=\"og:site_name\" content=\"Tr\u01b0\u1eddng th\u00e0nh\" \/>\n<meta property=\"article:modified_time\" content=\"2023-07-06T06:34:26+00:00\" \/>\n<meta property=\"og:image\" content=\"https:\/\/web.webrt.net\/truongthanh\/wp-content\/uploads\/2023\/07\/Screenshot-2023-07-05-160624.png\" \/>\n\t<meta property=\"og:image:width\" content=\"374\" \/>\n\t<meta property=\"og:image:height\" content=\"268\" \/>\n\t<meta property=\"og:image:type\" content=\"image\/png\" \/>\n<meta name=\"twitter:card\" content=\"summary_large_image\" \/>\n<meta name=\"twitter:label1\" content=\"\u01af\u1edbc t\u00ednh th\u1eddi gian \u0111\u1ecdc\" \/>\n\t<meta name=\"twitter:data1\" content=\"2 ph\u00fat\" \/>\n<script type=\"application\/ld+json\" class=\"yoast-schema-graph\">{\"@context\":\"https:\/\/schema.org\",\"@graph\":[{\"@type\":\"WebPage\",\"@id\":\"https:\/\/web.webrt.net\/truongthanh\/?product=noi-hoi-4-tan-kieu-to-hop\",\"url\":\"https:\/\/web.webrt.net\/truongthanh\/?product=noi-hoi-4-tan-kieu-to-hop\",\"name\":\"N\u1ed3i h\u01a1i 4 t\u1ea5n ki\u1ec3u t\u1ed5 h\u1ee3p - Tr\u01b0\u1eddng th\u00e0nh\",\"isPartOf\":{\"@id\":\"https:\/\/web.webrt.net\/truongthanh\/#website\"},\"datePublished\":\"2023-07-05T09:08:23+00:00\",\"dateModified\":\"2023-07-06T06:34:26+00:00\",\"breadcrumb\":{\"@id\":\"https:\/\/web.webrt.net\/truongthanh\/?product=noi-hoi-4-tan-kieu-to-hop#breadcrumb\"},\"inLanguage\":\"vi\",\"potentialAction\":[{\"@type\":\"ReadAction\",\"target\":[\"https:\/\/web.webrt.net\/truongthanh\/?product=noi-hoi-4-tan-kieu-to-hop\"]}]},{\"@type\":\"BreadcrumbList\",\"@id\":\"https:\/\/web.webrt.net\/truongthanh\/?product=noi-hoi-4-tan-kieu-to-hop#breadcrumb\",\"itemListElement\":[{\"@type\":\"ListItem\",\"position\":1,\"name\":\"Trang ch\u1ee7\",\"item\":\"https:\/\/web.webrt.net\/truongthanh\/\"},{\"@type\":\"ListItem\",\"position\":2,\"name\":\"S\u1ea3n ph\u1ea9m\",\"item\":\"https:\/\/web.webrt.net\/truongthanh\/?post_type=product\"},{\"@type\":\"ListItem\",\"position\":3,\"name\":\"N\u1ed3i h\u01a1i 4 t\u1ea5n ki\u1ec3u t\u1ed5 h\u1ee3p\"}]},{\"@type\":\"WebSite\",\"@id\":\"https:\/\/web.webrt.net\/truongthanh\/#website\",\"url\":\"https:\/\/web.webrt.net\/truongthanh\/\",\"name\":\"Tr\u01b0\u1eddng th\u00e0nh\",\"description\":\"\",\"potentialAction\":[{\"@type\":\"SearchAction\",\"target\":{\"@type\":\"EntryPoint\",\"urlTemplate\":\"https:\/\/web.webrt.net\/truongthanh\/?s={search_term_string}\"},\"query-input\":\"required name=search_term_string\"}],\"inLanguage\":\"vi\"}]}<\/script>\n<!-- \/ Yoast SEO plugin. -->","yoast_head_json":{"title":"N\u1ed3i h\u01a1i 4 t\u1ea5n ki\u1ec3u t\u1ed5 h\u1ee3p - Tr\u01b0\u1eddng th\u00e0nh","robots":{"index":"index","follow":"follow","max-snippet":"max-snippet:-1","max-image-preview":"max-image-preview:large","max-video-preview":"max-video-preview:-1"},"canonical":"https:\/\/web.webrt.net\/truongthanh\/?product=noi-hoi-4-tan-kieu-to-hop","og_locale":"vi_VN","og_type":"article","og_title":"N\u1ed3i h\u01a1i 4 t\u1ea5n ki\u1ec3u t\u1ed5 h\u1ee3p - Tr\u01b0\u1eddng th\u00e0nh","og_description":"N\u1ed3i h\u01a1i c\u00f4ng su\u1ea5t sinh h\u01a1i 4000 kg h\u01a1i\/h do cty TNHH C\u01a1 Kh\u00ed L\u00f2 H\u01a1i Tr\u01b0\u1eddng Th\u00e0nh ch\u1ebf t\u1ea1o ,theo ki\u1ec3u t\u1ed5 h\u1ee3p \u1ed1ng n\u01b0\u1edbc gi\u00fap ti\u1ebft ki\u1ec7m t\u1ed1i \u0111a nguy\u00ean li\u1ec7u \u0111\u1ed1t cho nh\u00e0 s\u1eed d\u1ee5ng v\u00e0 sinh h\u01a1i nhanh. \u2013 Ch\u1ebf t\u1ea1o l\u00f2 h\u01a1i tu\u00e2n th\u1ee7 ch\u1eb7t ch\u1ebd c\u00e1c ti\u00eau chu\u1ea9n, Quy...","og_url":"https:\/\/web.webrt.net\/truongthanh\/?product=noi-hoi-4-tan-kieu-to-hop","og_site_name":"Tr\u01b0\u1eddng th\u00e0nh","article_modified_time":"2023-07-06T06:34:26+00:00","og_image":[{"width":374,"height":268,"url":"https:\/\/web.webrt.net\/truongthanh\/wp-content\/uploads\/2023\/07\/Screenshot-2023-07-05-160624.png","type":"image\/png"}],"twitter_card":"summary_large_image","twitter_misc":{"\u01af\u1edbc t\u00ednh th\u1eddi gian \u0111\u1ecdc":"2 ph\u00fat"},"schema":{"@context":"https:\/\/schema.org","@graph":[{"@type":"WebPage","@id":"https:\/\/web.webrt.net\/truongthanh\/?product=noi-hoi-4-tan-kieu-to-hop","url":"https:\/\/web.webrt.net\/truongthanh\/?product=noi-hoi-4-tan-kieu-to-hop","name":"N\u1ed3i h\u01a1i 4 t\u1ea5n ki\u1ec3u t\u1ed5 h\u1ee3p - Tr\u01b0\u1eddng th\u00e0nh","isPartOf":{"@id":"https:\/\/web.webrt.net\/truongthanh\/#website"},"datePublished":"2023-07-05T09:08:23+00:00","dateModified":"2023-07-06T06:34:26+00:00","breadcrumb":{"@id":"https:\/\/web.webrt.net\/truongthanh\/?product=noi-hoi-4-tan-kieu-to-hop#breadcrumb"},"inLanguage":"vi","potentialAction":[{"@type":"ReadAction","target":["https:\/\/web.webrt.net\/truongthanh\/?product=noi-hoi-4-tan-kieu-to-hop"]}]},{"@type":"BreadcrumbList","@id":"https:\/\/web.webrt.net\/truongthanh\/?product=noi-hoi-4-tan-kieu-to-hop#breadcrumb","itemListElement":[{"@type":"ListItem","position":1,"name":"Trang ch\u1ee7","item":"https:\/\/web.webrt.net\/truongthanh\/"},{"@type":"ListItem","position":2,"name":"S\u1ea3n ph\u1ea9m","item":"https:\/\/web.webrt.net\/truongthanh\/?post_type=product"},{"@type":"ListItem","position":3,"name":"N\u1ed3i h\u01a1i 4 t\u1ea5n ki\u1ec3u t\u1ed5 h\u1ee3p"}]},{"@type":"WebSite","@id":"https:\/\/web.webrt.net\/truongthanh\/#website","url":"https:\/\/web.webrt.net\/truongthanh\/","name":"Tr\u01b0\u1eddng th\u00e0nh","description":"","potentialAction":[{"@type":"SearchAction","target":{"@type":"EntryPoint","urlTemplate":"https:\/\/web.webrt.net\/truongthanh\/?s={search_term_string}"},"query-input":"required name=search_term_string"}],"inLanguage":"vi"}]}},"_links":{"self":[{"href":"https:\/\/web.webrt.net\/truongthanh\/index.php?rest_route=\/wp\/v2\/product\/3613"}],"collection":[{"href":"https:\/\/web.webrt.net\/truongthanh\/index.php?rest_route=\/wp\/v2\/product"}],"about":[{"href":"https:\/\/web.webrt.net\/truongthanh\/index.php?rest_route=\/wp\/v2\/types\/product"}],"replies":[{"embeddable":true,"href":"https:\/\/web.webrt.net\/truongthanh\/index.php?rest_route=%2Fwp%2Fv2%2Fcomments&post=3613"}],"wp:featuredmedia":[{"embeddable":true,"href":"https:\/\/web.webrt.net\/truongthanh\/index.php?rest_route=\/wp\/v2\/media\/3614"}],"wp:attachment":[{"href":"https:\/\/web.webrt.net\/truongthanh\/index.php?rest_route=%2Fwp%2Fv2%2Fmedia&parent=3613"}],"wp:term":[{"taxonomy":"product_cat","embeddable":true,"href":"https:\/\/web.webrt.net\/truongthanh\/index.php?rest_route=%2Fwp%2Fv2%2Fproduct_cat&post=3613"},{"taxonomy":"product_tag","embeddable":true,"href":"https:\/\/web.webrt.net\/truongthanh\/index.php?rest_route=%2Fwp%2Fv2%2Fproduct_tag&post=3613"}],"curies":[{"name":"wp","href":"https:\/\/api.w.org\/{rel}","templated":true}]}}