{"id":3605,"date":"2023-07-05T08:52:53","date_gmt":"2023-07-05T08:52:53","guid":{"rendered":"https:\/\/web.webrt.net\/truongthanh\/?post_type=product&#038;p=3605"},"modified":"2025-06-05T14:50:37","modified_gmt":"2025-06-05T14:50:37","slug":"noi-hoi-7-tan-va-buong-dot-phu","status":"publish","type":"product","link":"https:\/\/web.webrt.net\/truongthanh\/?product=noi-hoi-7-tan-va-buong-dot-phu","title":{"rendered":"N\u1ed3i h\u01a1i 7 t\u1ea5n v\u00e0 bu\u1ed3ng \u0111\u1ed1t ph\u1ee5"},"content":{"rendered":"<p><img decoding=\"async\" loading=\"lazy\" class=\"aligncenter size-full wp-image-3606\" src=\"https:\/\/web.webrt.net\/truongthanh\/wp-content\/uploads\/2023\/07\/Screenshot-2023-07-05-155119.png\" alt=\"\" width=\"365\" height=\"223\" \/><\/p>\n<p>\u2013 Lo\u1ea1i n\u1ed3i h\u01a1i: L\u00f2 n\u1eb1m<br \/>\n\u2013 N\u0103ng su\u1ea5t sinh h\u01a1i: 7000kg\/h<br \/>\n\u2013 \u00c1p su\u1ea5t thi\u1ebft k\u1ebf: 7 kG\/cm2\u00a0<a href=\"https:\/\/www.webtretho.com\/forum\/f3156\/top-5-trung-tam-day-hoc-xuat-nhap-khau-thuc-te-uy-tin-tai-ha-noi-va-tp-hcm-2617872\/\"><strong>c\u00f4ng ty xu\u1ea5t nh\u1eadp kh\u1ea9u<\/strong><\/a><br \/>\n\u2013 Nhi\u1ec7t \u0111\u1ed9 h\u01a1i b\u00e3o h\u00f2a: 173oC<br \/>\n\u2013 Nhi\u00ean li\u1ec7u \u0111\u1ed1t: C\u1ee7i, g\u1ed7, than, c\u1ee7i tr\u1ea5u\u2026..<br \/>\n\u2013 Ch\u1ebf \u0111\u1ed9 n\u01b0\u1edbc v\u00e0o: 500C \u2013 120 0C<br \/>\n\u2013 Ch\u1ebf \u0111\u1ed9 v\u1eadn h\u00e0nh: T\u1ef1 \u0111\u1ed9ng<br \/>\n\u2013\u00a0<a href=\"https:\/\/www.google.com\/maps?cid=11673066687077724452\">gi\u00e0y nam lv<\/a><\/p>\n<p>N\u1ed3i h\u01a1i c\u00f4ng su\u1ea5t 7 t\u1ea5n c\u00f3 xu\u1ea5t x\u1ee9 \u0110\u00e0i Loan,\u0111\u01b0\u1ee3c c\u00f4ng ty TNHH C\u01a1 Kh\u00ed L\u00f2 H\u01a1i Tr\u01b0\u1eddng Th\u00e0nh c\u1ea3i t\u1ea1o t\u1eeb \u0111\u1ed1t d\u1ea7u DO sang \u0111\u1ed1t c\u1ee7i v\u00e0 thi\u1ebft k\u1ebf th\u00eam bu\u1ed3ng \u0111\u1ed1t ph\u1ee5.\u0110\u1ea3m b\u1ea3o c\u00f4ng su\u1ea5t sinh h\u01a1i t\u1ed1i \u0111a , sinh h\u01a1i nhanh v\u00e0 ti\u1ebft ki\u1ec7m nhi\u00ean li\u1ec7u h\u01a1n.<\/p>\n","protected":false},"excerpt":{"rendered":"<p>\u2013 Lo\u1ea1i n\u1ed3i h\u01a1i: L\u00f2 n\u1eb1m \u2013 N\u0103ng su\u1ea5t sinh h\u01a1i: 7000kg\/h \u2013 \u00c1p su\u1ea5t thi\u1ebft k\u1ebf: 7 kG\/cm2\u00a0c\u00f4ng ty xu\u1ea5t nh\u1eadp kh\u1ea9u \u2013 Nhi\u1ec7t \u0111\u1ed9 h\u01a1i b\u00e3o h\u00f2a: 173oC \u2013 Nhi\u00ean li\u1ec7u \u0111\u1ed1t: C\u1ee7i, g\u1ed7, than, c\u1ee7i tr\u1ea5u\u2026.. \u2013 Ch\u1ebf \u0111\u1ed9 n\u01b0\u1edbc v\u00e0o: 500C \u2013 120 0C \u2013 Ch\u1ebf \u0111\u1ed9 v\u1eadn h\u00e0nh: T\u1ef1 \u0111\u1ed9ng&#8230;<\/p>\n","protected":false},"featured_media":3606,"comment_status":"open","ping_status":"closed","template":"","meta":[],"product_cat":[202,198],"product_tag":[],"yoast_head":"<!-- This site is optimized with the Yoast SEO plugin v20.9 - https:\/\/yoast.com\/wordpress\/plugins\/seo\/ -->\n<title>N\u1ed3i h\u01a1i 7 t\u1ea5n v\u00e0 bu\u1ed3ng \u0111\u1ed1t ph\u1ee5 - Tr\u01b0\u1eddng th\u00e0nh<\/title>\n<meta name=\"robots\" content=\"index, follow, max-snippet:-1, max-image-preview:large, max-video-preview:-1\" \/>\n<link rel=\"canonical\" href=\"https:\/\/web.webrt.net\/truongthanh\/?product=noi-hoi-7-tan-va-buong-dot-phu\" \/>\n<meta property=\"og:locale\" content=\"vi_VN\" \/>\n<meta property=\"og:type\" content=\"article\" \/>\n<meta property=\"og:title\" content=\"N\u1ed3i h\u01a1i 7 t\u1ea5n v\u00e0 bu\u1ed3ng \u0111\u1ed1t ph\u1ee5 - Tr\u01b0\u1eddng th\u00e0nh\" \/>\n<meta property=\"og:description\" content=\"\u2013 Lo\u1ea1i n\u1ed3i h\u01a1i: L\u00f2 n\u1eb1m \u2013 N\u0103ng su\u1ea5t sinh h\u01a1i: 7000kg\/h \u2013 \u00c1p su\u1ea5t thi\u1ebft k\u1ebf: 7 kG\/cm2\u00a0c\u00f4ng ty xu\u1ea5t nh\u1eadp kh\u1ea9u \u2013 Nhi\u1ec7t \u0111\u1ed9 h\u01a1i b\u00e3o h\u00f2a: 173oC \u2013 Nhi\u00ean li\u1ec7u \u0111\u1ed1t: C\u1ee7i, g\u1ed7, than, c\u1ee7i tr\u1ea5u\u2026.. \u2013 Ch\u1ebf \u0111\u1ed9 n\u01b0\u1edbc v\u00e0o: 500C \u2013 120 0C \u2013 Ch\u1ebf \u0111\u1ed9 v\u1eadn h\u00e0nh: T\u1ef1 \u0111\u1ed9ng...\" \/>\n<meta property=\"og:url\" content=\"https:\/\/web.webrt.net\/truongthanh\/?product=noi-hoi-7-tan-va-buong-dot-phu\" \/>\n<meta property=\"og:site_name\" content=\"Tr\u01b0\u1eddng th\u00e0nh\" \/>\n<meta property=\"article:modified_time\" content=\"2025-06-05T14:50:37+00:00\" \/>\n<meta property=\"og:image\" content=\"https:\/\/web.webrt.net\/truongthanh\/wp-content\/uploads\/2023\/07\/Screenshot-2023-07-05-155119.png\" \/>\n\t<meta property=\"og:image:width\" content=\"365\" \/>\n\t<meta property=\"og:image:height\" content=\"223\" \/>\n\t<meta property=\"og:image:type\" content=\"image\/png\" \/>\n<meta name=\"twitter:card\" content=\"summary_large_image\" \/>\n<meta name=\"twitter:label1\" content=\"\u01af\u1edbc t\u00ednh th\u1eddi gian \u0111\u1ecdc\" \/>\n\t<meta name=\"twitter:data1\" content=\"1 ph\u00fat\" \/>\n<script type=\"application\/ld+json\" class=\"yoast-schema-graph\">{\"@context\":\"https:\/\/schema.org\",\"@graph\":[{\"@type\":\"WebPage\",\"@id\":\"https:\/\/web.webrt.net\/truongthanh\/?product=noi-hoi-7-tan-va-buong-dot-phu\",\"url\":\"https:\/\/web.webrt.net\/truongthanh\/?product=noi-hoi-7-tan-va-buong-dot-phu\",\"name\":\"N\u1ed3i h\u01a1i 7 t\u1ea5n v\u00e0 bu\u1ed3ng \u0111\u1ed1t ph\u1ee5 - Tr\u01b0\u1eddng th\u00e0nh\",\"isPartOf\":{\"@id\":\"https:\/\/web.webrt.net\/truongthanh\/#website\"},\"datePublished\":\"2023-07-05T08:52:53+00:00\",\"dateModified\":\"2025-06-05T14:50:37+00:00\",\"breadcrumb\":{\"@id\":\"https:\/\/web.webrt.net\/truongthanh\/?product=noi-hoi-7-tan-va-buong-dot-phu#breadcrumb\"},\"inLanguage\":\"vi\",\"potentialAction\":[{\"@type\":\"ReadAction\",\"target\":[\"https:\/\/web.webrt.net\/truongthanh\/?product=noi-hoi-7-tan-va-buong-dot-phu\"]}]},{\"@type\":\"BreadcrumbList\",\"@id\":\"https:\/\/web.webrt.net\/truongthanh\/?product=noi-hoi-7-tan-va-buong-dot-phu#breadcrumb\",\"itemListElement\":[{\"@type\":\"ListItem\",\"position\":1,\"name\":\"Trang ch\u1ee7\",\"item\":\"https:\/\/web.webrt.net\/truongthanh\/\"},{\"@type\":\"ListItem\",\"position\":2,\"name\":\"S\u1ea3n ph\u1ea9m\",\"item\":\"https:\/\/web.webrt.net\/truongthanh\/?post_type=product\"},{\"@type\":\"ListItem\",\"position\":3,\"name\":\"N\u1ed3i h\u01a1i 7 t\u1ea5n v\u00e0 bu\u1ed3ng \u0111\u1ed1t ph\u1ee5\"}]},{\"@type\":\"WebSite\",\"@id\":\"https:\/\/web.webrt.net\/truongthanh\/#website\",\"url\":\"https:\/\/web.webrt.net\/truongthanh\/\",\"name\":\"Tr\u01b0\u1eddng th\u00e0nh\",\"description\":\"\",\"potentialAction\":[{\"@type\":\"SearchAction\",\"target\":{\"@type\":\"EntryPoint\",\"urlTemplate\":\"https:\/\/web.webrt.net\/truongthanh\/?s={search_term_string}\"},\"query-input\":\"required name=search_term_string\"}],\"inLanguage\":\"vi\"}]}<\/script>\n<!-- \/ Yoast SEO plugin. -->","yoast_head_json":{"title":"N\u1ed3i h\u01a1i 7 t\u1ea5n v\u00e0 bu\u1ed3ng \u0111\u1ed1t ph\u1ee5 - Tr\u01b0\u1eddng th\u00e0nh","robots":{"index":"index","follow":"follow","max-snippet":"max-snippet:-1","max-image-preview":"max-image-preview:large","max-video-preview":"max-video-preview:-1"},"canonical":"https:\/\/web.webrt.net\/truongthanh\/?product=noi-hoi-7-tan-va-buong-dot-phu","og_locale":"vi_VN","og_type":"article","og_title":"N\u1ed3i h\u01a1i 7 t\u1ea5n v\u00e0 bu\u1ed3ng \u0111\u1ed1t ph\u1ee5 - Tr\u01b0\u1eddng th\u00e0nh","og_description":"\u2013 Lo\u1ea1i n\u1ed3i h\u01a1i: L\u00f2 n\u1eb1m \u2013 N\u0103ng su\u1ea5t sinh h\u01a1i: 7000kg\/h \u2013 \u00c1p su\u1ea5t thi\u1ebft k\u1ebf: 7 kG\/cm2\u00a0c\u00f4ng ty xu\u1ea5t nh\u1eadp kh\u1ea9u \u2013 Nhi\u1ec7t \u0111\u1ed9 h\u01a1i b\u00e3o h\u00f2a: 173oC \u2013 Nhi\u00ean li\u1ec7u \u0111\u1ed1t: C\u1ee7i, g\u1ed7, than, c\u1ee7i tr\u1ea5u\u2026.. \u2013 Ch\u1ebf \u0111\u1ed9 n\u01b0\u1edbc v\u00e0o: 500C \u2013 120 0C \u2013 Ch\u1ebf \u0111\u1ed9 v\u1eadn h\u00e0nh: T\u1ef1 \u0111\u1ed9ng...","og_url":"https:\/\/web.webrt.net\/truongthanh\/?product=noi-hoi-7-tan-va-buong-dot-phu","og_site_name":"Tr\u01b0\u1eddng th\u00e0nh","article_modified_time":"2025-06-05T14:50:37+00:00","og_image":[{"width":365,"height":223,"url":"https:\/\/web.webrt.net\/truongthanh\/wp-content\/uploads\/2023\/07\/Screenshot-2023-07-05-155119.png","type":"image\/png"}],"twitter_card":"summary_large_image","twitter_misc":{"\u01af\u1edbc t\u00ednh th\u1eddi gian \u0111\u1ecdc":"1 ph\u00fat"},"schema":{"@context":"https:\/\/schema.org","@graph":[{"@type":"WebPage","@id":"https:\/\/web.webrt.net\/truongthanh\/?product=noi-hoi-7-tan-va-buong-dot-phu","url":"https:\/\/web.webrt.net\/truongthanh\/?product=noi-hoi-7-tan-va-buong-dot-phu","name":"N\u1ed3i h\u01a1i 7 t\u1ea5n v\u00e0 bu\u1ed3ng \u0111\u1ed1t ph\u1ee5 - Tr\u01b0\u1eddng th\u00e0nh","isPartOf":{"@id":"https:\/\/web.webrt.net\/truongthanh\/#website"},"datePublished":"2023-07-05T08:52:53+00:00","dateModified":"2025-06-05T14:50:37+00:00","breadcrumb":{"@id":"https:\/\/web.webrt.net\/truongthanh\/?product=noi-hoi-7-tan-va-buong-dot-phu#breadcrumb"},"inLanguage":"vi","potentialAction":[{"@type":"ReadAction","target":["https:\/\/web.webrt.net\/truongthanh\/?product=noi-hoi-7-tan-va-buong-dot-phu"]}]},{"@type":"BreadcrumbList","@id":"https:\/\/web.webrt.net\/truongthanh\/?product=noi-hoi-7-tan-va-buong-dot-phu#breadcrumb","itemListElement":[{"@type":"ListItem","position":1,"name":"Trang ch\u1ee7","item":"https:\/\/web.webrt.net\/truongthanh\/"},{"@type":"ListItem","position":2,"name":"S\u1ea3n ph\u1ea9m","item":"https:\/\/web.webrt.net\/truongthanh\/?post_type=product"},{"@type":"ListItem","position":3,"name":"N\u1ed3i h\u01a1i 7 t\u1ea5n v\u00e0 bu\u1ed3ng \u0111\u1ed1t ph\u1ee5"}]},{"@type":"WebSite","@id":"https:\/\/web.webrt.net\/truongthanh\/#website","url":"https:\/\/web.webrt.net\/truongthanh\/","name":"Tr\u01b0\u1eddng th\u00e0nh","description":"","potentialAction":[{"@type":"SearchAction","target":{"@type":"EntryPoint","urlTemplate":"https:\/\/web.webrt.net\/truongthanh\/?s={search_term_string}"},"query-input":"required name=search_term_string"}],"inLanguage":"vi"}]}},"_links":{"self":[{"href":"https:\/\/web.webrt.net\/truongthanh\/index.php?rest_route=\/wp\/v2\/product\/3605"}],"collection":[{"href":"https:\/\/web.webrt.net\/truongthanh\/index.php?rest_route=\/wp\/v2\/product"}],"about":[{"href":"https:\/\/web.webrt.net\/truongthanh\/index.php?rest_route=\/wp\/v2\/types\/product"}],"replies":[{"embeddable":true,"href":"https:\/\/web.webrt.net\/truongthanh\/index.php?rest_route=%2Fwp%2Fv2%2Fcomments&post=3605"}],"wp:featuredmedia":[{"embeddable":true,"href":"https:\/\/web.webrt.net\/truongthanh\/index.php?rest_route=\/wp\/v2\/media\/3606"}],"wp:attachment":[{"href":"https:\/\/web.webrt.net\/truongthanh\/index.php?rest_route=%2Fwp%2Fv2%2Fmedia&parent=3605"}],"wp:term":[{"taxonomy":"product_cat","embeddable":true,"href":"https:\/\/web.webrt.net\/truongthanh\/index.php?rest_route=%2Fwp%2Fv2%2Fproduct_cat&post=3605"},{"taxonomy":"product_tag","embeddable":true,"href":"https:\/\/web.webrt.net\/truongthanh\/index.php?rest_route=%2Fwp%2Fv2%2Fproduct_tag&post=3605"}],"curies":[{"name":"wp","href":"https:\/\/api.w.org\/{rel}","templated":true}]}}