{"id":3598,"date":"2023-07-05T08:44:18","date_gmt":"2023-07-05T08:44:18","guid":{"rendered":"https:\/\/web.webrt.net\/truongthanh\/?post_type=product&#038;p=3598"},"modified":"2024-07-09T08:27:25","modified_gmt":"2024-07-09T08:27:25","slug":"che-tao-va-lap-dat-he-thong-lo-hoi-2500-kg-h-cho-xuong-say-mien","status":"publish","type":"product","link":"https:\/\/web.webrt.net\/truongthanh\/?product=che-tao-va-lap-dat-he-thong-lo-hoi-2500-kg-h-cho-xuong-say-mien","title":{"rendered":"Ch\u1ebf t\u1ea1o v\u00e0 l\u1eafp \u0111\u1eb7t h\u1ec7 th\u1ed1ng l\u00f2 h\u01a1i 2500 kg\/h cho x\u01b0\u1edfng s\u1ea5y mi\u1ebfn"},"content":{"rendered":"<p><img decoding=\"async\" loading=\"lazy\" class=\"aligncenter size-full wp-image-3599\" src=\"https:\/\/web.webrt.net\/truongthanh\/wp-content\/uploads\/2023\/07\/Screenshot-2023-07-05-154102.png\" alt=\"\" width=\"341\" height=\"595\" srcset=\"https:\/\/web.webrt.net\/truongthanh\/wp-content\/uploads\/2023\/07\/Screenshot-2023-07-05-154102.png 341w, https:\/\/web.webrt.net\/truongthanh\/wp-content\/uploads\/2023\/07\/Screenshot-2023-07-05-154102-229x400.png 229w\" sizes=\"(max-width: 341px) 100vw, 341px\" \/><\/p>\n<p>N\u1ed3i h\u01a1i \u0111\u01b0\u1ee3c ch\u1ebf t\u1ea1o theo d\u1ea1ng n\u1eb1m,t\u1ed5 h\u1ee3p \u1ed1ng l\u1eeda.<br \/>\nTh\u00f4ng s\u1ed1 k\u1ef9 thu\u1eadt ch\u00ednh:<br \/>\n\u2013 Xu\u1ea5t x\u1ee9: Do c\u00f4ng ty TNHH C\u01a1 Kh\u00ed L\u00f2 H\u01a1i Tr\u01b0\u1eddng Th\u00e0nh ch\u1ebf t\u1ea1o v\u00e0 l\u1eafp \u0111\u1eb7t.<br \/>\n\u2013 C\u00f4ng su\u1ea5t sinh h\u01a1i \u0111\u1ecbnh m\u1ee9c: 2500 kg\/h<br \/>\n\u2013 Nhi\u1ec7t \u0111\u1ed9 h\u01a1i b\u00e3o h\u00f2a: 183 \u0111\u1ed9 C<br \/>\n\u2013 Nhi\u00ean li\u1ec7u \u0111\u1ed1t ch\u00ednh: Than+ c\u1ee7i<br \/>\n\u2013 Ch\u1ebf \u0111\u1ed9 v\u1eadn h\u00e0nh: V\u1eadn h\u00e0nh t\u1ef1 \u0111\u1ed9ng ( T\u1ef1 \u0111\u1ed9ng c\u1ea5p n\u01b0\u1edbc,t\u1ef1 \u0111\u1ed9ng b\u00e1o s\u1ef1 c\u1ed1 \u2026.)<br \/>\n\u2013<\/p>\n","protected":false},"excerpt":{"rendered":"<p>N\u1ed3i h\u01a1i \u0111\u01b0\u1ee3c ch\u1ebf t\u1ea1o theo d\u1ea1ng n\u1eb1m,t\u1ed5 h\u1ee3p \u1ed1ng l\u1eeda. Th\u00f4ng s\u1ed1 k\u1ef9 thu\u1eadt ch\u00ednh: \u2013 Xu\u1ea5t x\u1ee9: Do c\u00f4ng ty TNHH C\u01a1 Kh\u00ed L\u00f2 H\u01a1i Tr\u01b0\u1eddng Th\u00e0nh ch\u1ebf t\u1ea1o v\u00e0 l\u1eafp \u0111\u1eb7t. \u2013 C\u00f4ng su\u1ea5t sinh h\u01a1i \u0111\u1ecbnh m\u1ee9c: 2500 kg\/h \u2013 Nhi\u1ec7t \u0111\u1ed9 h\u01a1i b\u00e3o h\u00f2a: 183 \u0111\u1ed9 C \u2013 Nhi\u00ean li\u1ec7u&#8230;<\/p>\n","protected":false},"featured_media":3599,"comment_status":"open","ping_status":"closed","template":"","meta":[],"product_cat":[202,198],"product_tag":[],"yoast_head":"<!-- This site is optimized with the Yoast SEO plugin v20.9 - https:\/\/yoast.com\/wordpress\/plugins\/seo\/ -->\n<title>Ch\u1ebf t\u1ea1o v\u00e0 l\u1eafp \u0111\u1eb7t h\u1ec7 th\u1ed1ng l\u00f2 h\u01a1i 2500 kg\/h cho x\u01b0\u1edfng s\u1ea5y mi\u1ebfn - Tr\u01b0\u1eddng th\u00e0nh<\/title>\n<meta name=\"robots\" content=\"index, follow, max-snippet:-1, max-image-preview:large, max-video-preview:-1\" \/>\n<link rel=\"canonical\" href=\"https:\/\/web.webrt.net\/truongthanh\/?product=che-tao-va-lap-dat-he-thong-lo-hoi-2500-kg-h-cho-xuong-say-mien\" \/>\n<meta property=\"og:locale\" content=\"vi_VN\" \/>\n<meta property=\"og:type\" content=\"article\" \/>\n<meta property=\"og:title\" content=\"Ch\u1ebf t\u1ea1o v\u00e0 l\u1eafp \u0111\u1eb7t h\u1ec7 th\u1ed1ng l\u00f2 h\u01a1i 2500 kg\/h cho x\u01b0\u1edfng s\u1ea5y mi\u1ebfn - Tr\u01b0\u1eddng th\u00e0nh\" \/>\n<meta property=\"og:description\" content=\"N\u1ed3i h\u01a1i \u0111\u01b0\u1ee3c ch\u1ebf t\u1ea1o theo d\u1ea1ng n\u1eb1m,t\u1ed5 h\u1ee3p \u1ed1ng l\u1eeda. Th\u00f4ng s\u1ed1 k\u1ef9 thu\u1eadt ch\u00ednh: \u2013 Xu\u1ea5t x\u1ee9: Do c\u00f4ng ty TNHH C\u01a1 Kh\u00ed L\u00f2 H\u01a1i Tr\u01b0\u1eddng Th\u00e0nh ch\u1ebf t\u1ea1o v\u00e0 l\u1eafp \u0111\u1eb7t. \u2013 C\u00f4ng su\u1ea5t sinh h\u01a1i \u0111\u1ecbnh m\u1ee9c: 2500 kg\/h \u2013 Nhi\u1ec7t \u0111\u1ed9 h\u01a1i b\u00e3o h\u00f2a: 183 \u0111\u1ed9 C \u2013 Nhi\u00ean li\u1ec7u...\" \/>\n<meta property=\"og:url\" content=\"https:\/\/web.webrt.net\/truongthanh\/?product=che-tao-va-lap-dat-he-thong-lo-hoi-2500-kg-h-cho-xuong-say-mien\" \/>\n<meta property=\"og:site_name\" content=\"Tr\u01b0\u1eddng th\u00e0nh\" \/>\n<meta property=\"article:modified_time\" content=\"2024-07-09T08:27:25+00:00\" \/>\n<meta property=\"og:image\" content=\"https:\/\/web.webrt.net\/truongthanh\/wp-content\/uploads\/2023\/07\/Screenshot-2023-07-05-154102.png\" \/>\n\t<meta property=\"og:image:width\" content=\"341\" \/>\n\t<meta property=\"og:image:height\" content=\"595\" \/>\n\t<meta property=\"og:image:type\" content=\"image\/png\" \/>\n<meta name=\"twitter:card\" content=\"summary_large_image\" \/>\n<meta name=\"twitter:label1\" content=\"\u01af\u1edbc t\u00ednh th\u1eddi gian \u0111\u1ecdc\" \/>\n\t<meta name=\"twitter:data1\" content=\"1 ph\u00fat\" \/>\n<script type=\"application\/ld+json\" class=\"yoast-schema-graph\">{\"@context\":\"https:\/\/schema.org\",\"@graph\":[{\"@type\":\"WebPage\",\"@id\":\"https:\/\/web.webrt.net\/truongthanh\/?product=che-tao-va-lap-dat-he-thong-lo-hoi-2500-kg-h-cho-xuong-say-mien\",\"url\":\"https:\/\/web.webrt.net\/truongthanh\/?product=che-tao-va-lap-dat-he-thong-lo-hoi-2500-kg-h-cho-xuong-say-mien\",\"name\":\"Ch\u1ebf t\u1ea1o v\u00e0 l\u1eafp \u0111\u1eb7t h\u1ec7 th\u1ed1ng l\u00f2 h\u01a1i 2500 kg\/h cho x\u01b0\u1edfng s\u1ea5y mi\u1ebfn - Tr\u01b0\u1eddng th\u00e0nh\",\"isPartOf\":{\"@id\":\"https:\/\/web.webrt.net\/truongthanh\/#website\"},\"datePublished\":\"2023-07-05T08:44:18+00:00\",\"dateModified\":\"2024-07-09T08:27:25+00:00\",\"breadcrumb\":{\"@id\":\"https:\/\/web.webrt.net\/truongthanh\/?product=che-tao-va-lap-dat-he-thong-lo-hoi-2500-kg-h-cho-xuong-say-mien#breadcrumb\"},\"inLanguage\":\"vi\",\"potentialAction\":[{\"@type\":\"ReadAction\",\"target\":[\"https:\/\/web.webrt.net\/truongthanh\/?product=che-tao-va-lap-dat-he-thong-lo-hoi-2500-kg-h-cho-xuong-say-mien\"]}]},{\"@type\":\"BreadcrumbList\",\"@id\":\"https:\/\/web.webrt.net\/truongthanh\/?product=che-tao-va-lap-dat-he-thong-lo-hoi-2500-kg-h-cho-xuong-say-mien#breadcrumb\",\"itemListElement\":[{\"@type\":\"ListItem\",\"position\":1,\"name\":\"Trang ch\u1ee7\",\"item\":\"https:\/\/web.webrt.net\/truongthanh\/\"},{\"@type\":\"ListItem\",\"position\":2,\"name\":\"S\u1ea3n ph\u1ea9m\",\"item\":\"https:\/\/web.webrt.net\/truongthanh\/?post_type=product\"},{\"@type\":\"ListItem\",\"position\":3,\"name\":\"Ch\u1ebf t\u1ea1o v\u00e0 l\u1eafp \u0111\u1eb7t h\u1ec7 th\u1ed1ng l\u00f2 h\u01a1i 2500 kg\/h cho x\u01b0\u1edfng s\u1ea5y mi\u1ebfn\"}]},{\"@type\":\"WebSite\",\"@id\":\"https:\/\/web.webrt.net\/truongthanh\/#website\",\"url\":\"https:\/\/web.webrt.net\/truongthanh\/\",\"name\":\"Tr\u01b0\u1eddng th\u00e0nh\",\"description\":\"\",\"potentialAction\":[{\"@type\":\"SearchAction\",\"target\":{\"@type\":\"EntryPoint\",\"urlTemplate\":\"https:\/\/web.webrt.net\/truongthanh\/?s={search_term_string}\"},\"query-input\":\"required name=search_term_string\"}],\"inLanguage\":\"vi\"}]}<\/script>\n<!-- \/ Yoast SEO plugin. -->","yoast_head_json":{"title":"Ch\u1ebf t\u1ea1o v\u00e0 l\u1eafp \u0111\u1eb7t h\u1ec7 th\u1ed1ng l\u00f2 h\u01a1i 2500 kg\/h cho x\u01b0\u1edfng s\u1ea5y mi\u1ebfn - Tr\u01b0\u1eddng th\u00e0nh","robots":{"index":"index","follow":"follow","max-snippet":"max-snippet:-1","max-image-preview":"max-image-preview:large","max-video-preview":"max-video-preview:-1"},"canonical":"https:\/\/web.webrt.net\/truongthanh\/?product=che-tao-va-lap-dat-he-thong-lo-hoi-2500-kg-h-cho-xuong-say-mien","og_locale":"vi_VN","og_type":"article","og_title":"Ch\u1ebf t\u1ea1o v\u00e0 l\u1eafp \u0111\u1eb7t h\u1ec7 th\u1ed1ng l\u00f2 h\u01a1i 2500 kg\/h cho x\u01b0\u1edfng s\u1ea5y mi\u1ebfn - Tr\u01b0\u1eddng th\u00e0nh","og_description":"N\u1ed3i h\u01a1i \u0111\u01b0\u1ee3c ch\u1ebf t\u1ea1o theo d\u1ea1ng n\u1eb1m,t\u1ed5 h\u1ee3p \u1ed1ng l\u1eeda. Th\u00f4ng s\u1ed1 k\u1ef9 thu\u1eadt ch\u00ednh: \u2013 Xu\u1ea5t x\u1ee9: Do c\u00f4ng ty TNHH C\u01a1 Kh\u00ed L\u00f2 H\u01a1i Tr\u01b0\u1eddng Th\u00e0nh ch\u1ebf t\u1ea1o v\u00e0 l\u1eafp \u0111\u1eb7t. \u2013 C\u00f4ng su\u1ea5t sinh h\u01a1i \u0111\u1ecbnh m\u1ee9c: 2500 kg\/h \u2013 Nhi\u1ec7t \u0111\u1ed9 h\u01a1i b\u00e3o h\u00f2a: 183 \u0111\u1ed9 C \u2013 Nhi\u00ean li\u1ec7u...","og_url":"https:\/\/web.webrt.net\/truongthanh\/?product=che-tao-va-lap-dat-he-thong-lo-hoi-2500-kg-h-cho-xuong-say-mien","og_site_name":"Tr\u01b0\u1eddng th\u00e0nh","article_modified_time":"2024-07-09T08:27:25+00:00","og_image":[{"width":341,"height":595,"url":"https:\/\/web.webrt.net\/truongthanh\/wp-content\/uploads\/2023\/07\/Screenshot-2023-07-05-154102.png","type":"image\/png"}],"twitter_card":"summary_large_image","twitter_misc":{"\u01af\u1edbc t\u00ednh th\u1eddi gian \u0111\u1ecdc":"1 ph\u00fat"},"schema":{"@context":"https:\/\/schema.org","@graph":[{"@type":"WebPage","@id":"https:\/\/web.webrt.net\/truongthanh\/?product=che-tao-va-lap-dat-he-thong-lo-hoi-2500-kg-h-cho-xuong-say-mien","url":"https:\/\/web.webrt.net\/truongthanh\/?product=che-tao-va-lap-dat-he-thong-lo-hoi-2500-kg-h-cho-xuong-say-mien","name":"Ch\u1ebf t\u1ea1o v\u00e0 l\u1eafp \u0111\u1eb7t h\u1ec7 th\u1ed1ng l\u00f2 h\u01a1i 2500 kg\/h cho x\u01b0\u1edfng s\u1ea5y mi\u1ebfn - Tr\u01b0\u1eddng th\u00e0nh","isPartOf":{"@id":"https:\/\/web.webrt.net\/truongthanh\/#website"},"datePublished":"2023-07-05T08:44:18+00:00","dateModified":"2024-07-09T08:27:25+00:00","breadcrumb":{"@id":"https:\/\/web.webrt.net\/truongthanh\/?product=che-tao-va-lap-dat-he-thong-lo-hoi-2500-kg-h-cho-xuong-say-mien#breadcrumb"},"inLanguage":"vi","potentialAction":[{"@type":"ReadAction","target":["https:\/\/web.webrt.net\/truongthanh\/?product=che-tao-va-lap-dat-he-thong-lo-hoi-2500-kg-h-cho-xuong-say-mien"]}]},{"@type":"BreadcrumbList","@id":"https:\/\/web.webrt.net\/truongthanh\/?product=che-tao-va-lap-dat-he-thong-lo-hoi-2500-kg-h-cho-xuong-say-mien#breadcrumb","itemListElement":[{"@type":"ListItem","position":1,"name":"Trang ch\u1ee7","item":"https:\/\/web.webrt.net\/truongthanh\/"},{"@type":"ListItem","position":2,"name":"S\u1ea3n ph\u1ea9m","item":"https:\/\/web.webrt.net\/truongthanh\/?post_type=product"},{"@type":"ListItem","position":3,"name":"Ch\u1ebf t\u1ea1o v\u00e0 l\u1eafp \u0111\u1eb7t h\u1ec7 th\u1ed1ng l\u00f2 h\u01a1i 2500 kg\/h cho x\u01b0\u1edfng s\u1ea5y mi\u1ebfn"}]},{"@type":"WebSite","@id":"https:\/\/web.webrt.net\/truongthanh\/#website","url":"https:\/\/web.webrt.net\/truongthanh\/","name":"Tr\u01b0\u1eddng th\u00e0nh","description":"","potentialAction":[{"@type":"SearchAction","target":{"@type":"EntryPoint","urlTemplate":"https:\/\/web.webrt.net\/truongthanh\/?s={search_term_string}"},"query-input":"required name=search_term_string"}],"inLanguage":"vi"}]}},"_links":{"self":[{"href":"https:\/\/web.webrt.net\/truongthanh\/index.php?rest_route=\/wp\/v2\/product\/3598"}],"collection":[{"href":"https:\/\/web.webrt.net\/truongthanh\/index.php?rest_route=\/wp\/v2\/product"}],"about":[{"href":"https:\/\/web.webrt.net\/truongthanh\/index.php?rest_route=\/wp\/v2\/types\/product"}],"replies":[{"embeddable":true,"href":"https:\/\/web.webrt.net\/truongthanh\/index.php?rest_route=%2Fwp%2Fv2%2Fcomments&post=3598"}],"wp:featuredmedia":[{"embeddable":true,"href":"https:\/\/web.webrt.net\/truongthanh\/index.php?rest_route=\/wp\/v2\/media\/3599"}],"wp:attachment":[{"href":"https:\/\/web.webrt.net\/truongthanh\/index.php?rest_route=%2Fwp%2Fv2%2Fmedia&parent=3598"}],"wp:term":[{"taxonomy":"product_cat","embeddable":true,"href":"https:\/\/web.webrt.net\/truongthanh\/index.php?rest_route=%2Fwp%2Fv2%2Fproduct_cat&post=3598"},{"taxonomy":"product_tag","embeddable":true,"href":"https:\/\/web.webrt.net\/truongthanh\/index.php?rest_route=%2Fwp%2Fv2%2Fproduct_tag&post=3598"}],"curies":[{"name":"wp","href":"https:\/\/api.w.org\/{rel}","templated":true}]}}