{"id":3561,"date":"2023-07-05T06:36:46","date_gmt":"2023-07-05T06:36:46","guid":{"rendered":"https:\/\/web.webrt.net\/truongthanh\/?post_type=product&#038;p=3561"},"modified":"2023-07-06T06:37:04","modified_gmt":"2023-07-06T06:37:04","slug":"noi-hoi-10-tan-dot-vai","status":"publish","type":"product","link":"https:\/\/web.webrt.net\/truongthanh\/?product=noi-hoi-10-tan-dot-vai","title":{"rendered":"N\u1ed3i h\u01a1i 10 t\u1ea5n \u0111\u1ed1t v\u1ea3i"},"content":{"rendered":"<p><img decoding=\"async\" loading=\"lazy\" class=\"aligncenter size-full wp-image-3562\" src=\"https:\/\/web.webrt.net\/truongthanh\/wp-content\/uploads\/2023\/07\/Screenshot-2023-07-05-133616.png\" alt=\"\" width=\"337\" height=\"451\" srcset=\"https:\/\/web.webrt.net\/truongthanh\/wp-content\/uploads\/2023\/07\/Screenshot-2023-07-05-133616.png 337w, https:\/\/web.webrt.net\/truongthanh\/wp-content\/uploads\/2023\/07\/Screenshot-2023-07-05-133616-299x400.png 299w\" sizes=\"(max-width: 337px) 100vw, 337px\" \/><\/p>\n<p>N\u1ed3i h\u01a1i c\u00f4ng su\u1ea5t 10 000 kg h\u01a1i\/h \u0111\u01b0\u1ee3c c\u1ea3i t\u1ea1o t\u1eeb n\u1ed3i h\u01a1i \u0111\u1ed1t d\u1ea7u c\u1ee7a \u0110\u00e0i Loan sang n\u1ed3i h\u01a1i \u0111\u1ed1t v\u1ea3i v\u1ee5n. Thi\u1ebft k\u1ebf bu\u1ed3ng \u0111\u1ed1t ph\u1ee5 l\u1ee5c gi\u00e1c, b\u00ean trong\u00a0<a href=\"https:\/\/www.google.com\/maps?cid=11673066687077724452\">gi\u00e0y lv nam<\/a>\u00a0\u0111\u01b0\u1ee3c thi\u1ebft k\u1ebf \u1ed1ng gi\u00f3 xung quanh \u0111\u1ec3 ti\u1ebft ki\u1ec7m t\u1ed1i \u0111a nhi\u00ean li\u1ec7u \u0111\u1ed1t, sinh h\u01a1i nhanh .<\/p>\n<p>N\u1ed3i h\u01a1i \u0111\u01b0\u1ee3c l\u1eafp \u0111\u1eb7t t\u1ea1i nh\u00e0 m\u00e1y gi\u1eb7t l\u00e0\u00a0 \u1edf \u0110\u00f4ng Anh , H\u00e0 N\u1ed9i<\/p>\n","protected":false},"excerpt":{"rendered":"<p>N\u1ed3i h\u01a1i c\u00f4ng su\u1ea5t 10 000 kg h\u01a1i\/h \u0111\u01b0\u1ee3c c\u1ea3i t\u1ea1o t\u1eeb n\u1ed3i h\u01a1i \u0111\u1ed1t d\u1ea7u c\u1ee7a \u0110\u00e0i Loan sang n\u1ed3i h\u01a1i \u0111\u1ed1t v\u1ea3i v\u1ee5n. Thi\u1ebft k\u1ebf bu\u1ed3ng \u0111\u1ed1t ph\u1ee5 l\u1ee5c gi\u00e1c, b\u00ean trong\u00a0gi\u00e0y lv nam\u00a0\u0111\u01b0\u1ee3c thi\u1ebft k\u1ebf \u1ed1ng gi\u00f3 xung quanh \u0111\u1ec3 ti\u1ebft ki\u1ec7m t\u1ed1i \u0111a nhi\u00ean li\u1ec7u \u0111\u1ed1t, sinh h\u01a1i nhanh . N\u1ed3i&#8230;<\/p>\n","protected":false},"featured_media":3562,"comment_status":"open","ping_status":"closed","template":"","meta":[],"product_cat":[203,198],"product_tag":[],"yoast_head":"<!-- This site is optimized with the Yoast SEO plugin v20.9 - https:\/\/yoast.com\/wordpress\/plugins\/seo\/ -->\n<title>N\u1ed3i h\u01a1i 10 t\u1ea5n \u0111\u1ed1t v\u1ea3i - Tr\u01b0\u1eddng th\u00e0nh<\/title>\n<meta name=\"robots\" content=\"index, follow, max-snippet:-1, max-image-preview:large, max-video-preview:-1\" \/>\n<link rel=\"canonical\" href=\"https:\/\/web.webrt.net\/truongthanh\/?product=noi-hoi-10-tan-dot-vai\" \/>\n<meta property=\"og:locale\" content=\"vi_VN\" \/>\n<meta property=\"og:type\" content=\"article\" \/>\n<meta property=\"og:title\" content=\"N\u1ed3i h\u01a1i 10 t\u1ea5n \u0111\u1ed1t v\u1ea3i - Tr\u01b0\u1eddng th\u00e0nh\" \/>\n<meta property=\"og:description\" content=\"N\u1ed3i h\u01a1i c\u00f4ng su\u1ea5t 10 000 kg h\u01a1i\/h \u0111\u01b0\u1ee3c c\u1ea3i t\u1ea1o t\u1eeb n\u1ed3i h\u01a1i \u0111\u1ed1t d\u1ea7u c\u1ee7a \u0110\u00e0i Loan sang n\u1ed3i h\u01a1i \u0111\u1ed1t v\u1ea3i v\u1ee5n. Thi\u1ebft k\u1ebf bu\u1ed3ng \u0111\u1ed1t ph\u1ee5 l\u1ee5c gi\u00e1c, b\u00ean trong\u00a0gi\u00e0y lv nam\u00a0\u0111\u01b0\u1ee3c thi\u1ebft k\u1ebf \u1ed1ng gi\u00f3 xung quanh \u0111\u1ec3 ti\u1ebft ki\u1ec7m t\u1ed1i \u0111a nhi\u00ean li\u1ec7u \u0111\u1ed1t, sinh h\u01a1i nhanh . N\u1ed3i...\" \/>\n<meta property=\"og:url\" content=\"https:\/\/web.webrt.net\/truongthanh\/?product=noi-hoi-10-tan-dot-vai\" \/>\n<meta property=\"og:site_name\" content=\"Tr\u01b0\u1eddng th\u00e0nh\" \/>\n<meta property=\"article:modified_time\" content=\"2023-07-06T06:37:04+00:00\" \/>\n<meta property=\"og:image\" content=\"https:\/\/web.webrt.net\/truongthanh\/wp-content\/uploads\/2023\/07\/Screenshot-2023-07-05-133616.png\" \/>\n\t<meta property=\"og:image:width\" content=\"337\" \/>\n\t<meta property=\"og:image:height\" content=\"451\" \/>\n\t<meta property=\"og:image:type\" content=\"image\/png\" \/>\n<meta name=\"twitter:card\" content=\"summary_large_image\" \/>\n<meta name=\"twitter:label1\" content=\"\u01af\u1edbc t\u00ednh th\u1eddi gian \u0111\u1ecdc\" \/>\n\t<meta name=\"twitter:data1\" content=\"1 ph\u00fat\" \/>\n<script type=\"application\/ld+json\" class=\"yoast-schema-graph\">{\"@context\":\"https:\/\/schema.org\",\"@graph\":[{\"@type\":\"WebPage\",\"@id\":\"https:\/\/web.webrt.net\/truongthanh\/?product=noi-hoi-10-tan-dot-vai\",\"url\":\"https:\/\/web.webrt.net\/truongthanh\/?product=noi-hoi-10-tan-dot-vai\",\"name\":\"N\u1ed3i h\u01a1i 10 t\u1ea5n \u0111\u1ed1t v\u1ea3i - Tr\u01b0\u1eddng th\u00e0nh\",\"isPartOf\":{\"@id\":\"https:\/\/web.webrt.net\/truongthanh\/#website\"},\"datePublished\":\"2023-07-05T06:36:46+00:00\",\"dateModified\":\"2023-07-06T06:37:04+00:00\",\"breadcrumb\":{\"@id\":\"https:\/\/web.webrt.net\/truongthanh\/?product=noi-hoi-10-tan-dot-vai#breadcrumb\"},\"inLanguage\":\"vi\",\"potentialAction\":[{\"@type\":\"ReadAction\",\"target\":[\"https:\/\/web.webrt.net\/truongthanh\/?product=noi-hoi-10-tan-dot-vai\"]}]},{\"@type\":\"BreadcrumbList\",\"@id\":\"https:\/\/web.webrt.net\/truongthanh\/?product=noi-hoi-10-tan-dot-vai#breadcrumb\",\"itemListElement\":[{\"@type\":\"ListItem\",\"position\":1,\"name\":\"Trang ch\u1ee7\",\"item\":\"https:\/\/web.webrt.net\/truongthanh\/\"},{\"@type\":\"ListItem\",\"position\":2,\"name\":\"S\u1ea3n ph\u1ea9m\",\"item\":\"https:\/\/web.webrt.net\/truongthanh\/?post_type=product\"},{\"@type\":\"ListItem\",\"position\":3,\"name\":\"N\u1ed3i h\u01a1i 10 t\u1ea5n \u0111\u1ed1t v\u1ea3i\"}]},{\"@type\":\"WebSite\",\"@id\":\"https:\/\/web.webrt.net\/truongthanh\/#website\",\"url\":\"https:\/\/web.webrt.net\/truongthanh\/\",\"name\":\"Tr\u01b0\u1eddng th\u00e0nh\",\"description\":\"\",\"potentialAction\":[{\"@type\":\"SearchAction\",\"target\":{\"@type\":\"EntryPoint\",\"urlTemplate\":\"https:\/\/web.webrt.net\/truongthanh\/?s={search_term_string}\"},\"query-input\":\"required name=search_term_string\"}],\"inLanguage\":\"vi\"}]}<\/script>\n<!-- \/ Yoast SEO plugin. -->","yoast_head_json":{"title":"N\u1ed3i h\u01a1i 10 t\u1ea5n \u0111\u1ed1t v\u1ea3i - Tr\u01b0\u1eddng th\u00e0nh","robots":{"index":"index","follow":"follow","max-snippet":"max-snippet:-1","max-image-preview":"max-image-preview:large","max-video-preview":"max-video-preview:-1"},"canonical":"https:\/\/web.webrt.net\/truongthanh\/?product=noi-hoi-10-tan-dot-vai","og_locale":"vi_VN","og_type":"article","og_title":"N\u1ed3i h\u01a1i 10 t\u1ea5n \u0111\u1ed1t v\u1ea3i - Tr\u01b0\u1eddng th\u00e0nh","og_description":"N\u1ed3i h\u01a1i c\u00f4ng su\u1ea5t 10 000 kg h\u01a1i\/h \u0111\u01b0\u1ee3c c\u1ea3i t\u1ea1o t\u1eeb n\u1ed3i h\u01a1i \u0111\u1ed1t d\u1ea7u c\u1ee7a \u0110\u00e0i Loan sang n\u1ed3i h\u01a1i \u0111\u1ed1t v\u1ea3i v\u1ee5n. Thi\u1ebft k\u1ebf bu\u1ed3ng \u0111\u1ed1t ph\u1ee5 l\u1ee5c gi\u00e1c, b\u00ean trong\u00a0gi\u00e0y lv nam\u00a0\u0111\u01b0\u1ee3c thi\u1ebft k\u1ebf \u1ed1ng gi\u00f3 xung quanh \u0111\u1ec3 ti\u1ebft ki\u1ec7m t\u1ed1i \u0111a nhi\u00ean li\u1ec7u \u0111\u1ed1t, sinh h\u01a1i nhanh . N\u1ed3i...","og_url":"https:\/\/web.webrt.net\/truongthanh\/?product=noi-hoi-10-tan-dot-vai","og_site_name":"Tr\u01b0\u1eddng th\u00e0nh","article_modified_time":"2023-07-06T06:37:04+00:00","og_image":[{"width":337,"height":451,"url":"https:\/\/web.webrt.net\/truongthanh\/wp-content\/uploads\/2023\/07\/Screenshot-2023-07-05-133616.png","type":"image\/png"}],"twitter_card":"summary_large_image","twitter_misc":{"\u01af\u1edbc t\u00ednh th\u1eddi gian \u0111\u1ecdc":"1 ph\u00fat"},"schema":{"@context":"https:\/\/schema.org","@graph":[{"@type":"WebPage","@id":"https:\/\/web.webrt.net\/truongthanh\/?product=noi-hoi-10-tan-dot-vai","url":"https:\/\/web.webrt.net\/truongthanh\/?product=noi-hoi-10-tan-dot-vai","name":"N\u1ed3i h\u01a1i 10 t\u1ea5n \u0111\u1ed1t v\u1ea3i - Tr\u01b0\u1eddng th\u00e0nh","isPartOf":{"@id":"https:\/\/web.webrt.net\/truongthanh\/#website"},"datePublished":"2023-07-05T06:36:46+00:00","dateModified":"2023-07-06T06:37:04+00:00","breadcrumb":{"@id":"https:\/\/web.webrt.net\/truongthanh\/?product=noi-hoi-10-tan-dot-vai#breadcrumb"},"inLanguage":"vi","potentialAction":[{"@type":"ReadAction","target":["https:\/\/web.webrt.net\/truongthanh\/?product=noi-hoi-10-tan-dot-vai"]}]},{"@type":"BreadcrumbList","@id":"https:\/\/web.webrt.net\/truongthanh\/?product=noi-hoi-10-tan-dot-vai#breadcrumb","itemListElement":[{"@type":"ListItem","position":1,"name":"Trang ch\u1ee7","item":"https:\/\/web.webrt.net\/truongthanh\/"},{"@type":"ListItem","position":2,"name":"S\u1ea3n ph\u1ea9m","item":"https:\/\/web.webrt.net\/truongthanh\/?post_type=product"},{"@type":"ListItem","position":3,"name":"N\u1ed3i h\u01a1i 10 t\u1ea5n \u0111\u1ed1t v\u1ea3i"}]},{"@type":"WebSite","@id":"https:\/\/web.webrt.net\/truongthanh\/#website","url":"https:\/\/web.webrt.net\/truongthanh\/","name":"Tr\u01b0\u1eddng th\u00e0nh","description":"","potentialAction":[{"@type":"SearchAction","target":{"@type":"EntryPoint","urlTemplate":"https:\/\/web.webrt.net\/truongthanh\/?s={search_term_string}"},"query-input":"required name=search_term_string"}],"inLanguage":"vi"}]}},"_links":{"self":[{"href":"https:\/\/web.webrt.net\/truongthanh\/index.php?rest_route=\/wp\/v2\/product\/3561"}],"collection":[{"href":"https:\/\/web.webrt.net\/truongthanh\/index.php?rest_route=\/wp\/v2\/product"}],"about":[{"href":"https:\/\/web.webrt.net\/truongthanh\/index.php?rest_route=\/wp\/v2\/types\/product"}],"replies":[{"embeddable":true,"href":"https:\/\/web.webrt.net\/truongthanh\/index.php?rest_route=%2Fwp%2Fv2%2Fcomments&post=3561"}],"wp:featuredmedia":[{"embeddable":true,"href":"https:\/\/web.webrt.net\/truongthanh\/index.php?rest_route=\/wp\/v2\/media\/3562"}],"wp:attachment":[{"href":"https:\/\/web.webrt.net\/truongthanh\/index.php?rest_route=%2Fwp%2Fv2%2Fmedia&parent=3561"}],"wp:term":[{"taxonomy":"product_cat","embeddable":true,"href":"https:\/\/web.webrt.net\/truongthanh\/index.php?rest_route=%2Fwp%2Fv2%2Fproduct_cat&post=3561"},{"taxonomy":"product_tag","embeddable":true,"href":"https:\/\/web.webrt.net\/truongthanh\/index.php?rest_route=%2Fwp%2Fv2%2Fproduct_tag&post=3561"}],"curies":[{"name":"wp","href":"https:\/\/api.w.org\/{rel}","templated":true}]}}