{"id":3553,"date":"2023-07-05T06:32:26","date_gmt":"2023-07-05T06:32:26","guid":{"rendered":"https:\/\/web.webrt.net\/truongthanh\/?post_type=product&#038;p=3553"},"modified":"2023-07-06T06:36:18","modified_gmt":"2023-07-06T06:36:18","slug":"lo-hoi-3000-kg-h-lap-dat-cho-xuong-giat-la","status":"publish","type":"product","link":"https:\/\/web.webrt.net\/truongthanh\/?product=lo-hoi-3000-kg-h-lap-dat-cho-xuong-giat-la","title":{"rendered":"L\u00f2 h\u01a1i 3000 kg\/h l\u1eafp \u0111\u1eb7t cho x\u01b0\u1edfng gi\u1eb7t l\u00e0"},"content":{"rendered":"<p><img decoding=\"async\" loading=\"lazy\" class=\"aligncenter size-full wp-image-3554\" src=\"https:\/\/web.webrt.net\/truongthanh\/wp-content\/uploads\/2023\/07\/Screenshot-2023-07-05-133048.png\" alt=\"\" width=\"340\" height=\"598\" srcset=\"https:\/\/web.webrt.net\/truongthanh\/wp-content\/uploads\/2023\/07\/Screenshot-2023-07-05-133048.png 340w, https:\/\/web.webrt.net\/truongthanh\/wp-content\/uploads\/2023\/07\/Screenshot-2023-07-05-133048-227x400.png 227w\" sizes=\"(max-width: 340px) 100vw, 340px\" \/><\/p>\n<p>L\u00f2 h\u01a1i c\u00f4ng su\u1ea5t 3000 kg\/h \u0111\u01b0\u1ee3c c\u1ea3i t\u1ea1o t\u1eeb l\u00f2 h\u01a1i \u0111\u1ed1t d\u1ea7u sang l\u00f2 h\u01a1i \u0111\u1ed1t than ,c\u1ee7i \u0111\u1ed1t trong b\u1eb1ng ghi n\u01b0\u1edbc.<br \/>\nTh\u00f4ng s\u1ed1 k\u1ef9 thu\u1eadt ch\u00ednh:<br \/>\n\u2013 Xu\u1ea5t x\u1ee9 l\u00f2 h\u01a1i: \u0110\u00e0i Loan<br \/>\n\u2013 C\u00f4ng su\u1ea5t sinh h\u01a1i \u0111\u1ecbnh m\u1ee9c: 3000 kg\/h<br \/>\n\u2013 Nhi\u1ec7t \u0111\u1ed9 h\u01a1i b\u00e3o h\u00f2a 175 \u0111\u1ed9 C<br \/>\n\u2013 Nh\u00ean li\u1ec7u \u0111\u1ed1t: \u0110a nhi\u00ean li\u1ec7u<br \/>\n\u2013 Ch\u1ebf \u0111\u1ed9 v\u1eadn h\u00e0nh: V\u1eadn h\u00e0nh t\u1ef1 \u0111\u1ed9ng,<a href=\"https:\/\/duongluxury.com\/that-lung-nam\/\">\u00a0th\u1eaft l\u01b0ng h\u00e0ng hi\u1ec7u<\/a><\/p>\n","protected":false},"excerpt":{"rendered":"<p>L\u00f2 h\u01a1i c\u00f4ng su\u1ea5t 3000 kg\/h \u0111\u01b0\u1ee3c c\u1ea3i t\u1ea1o t\u1eeb l\u00f2 h\u01a1i \u0111\u1ed1t d\u1ea7u sang l\u00f2 h\u01a1i \u0111\u1ed1t than ,c\u1ee7i \u0111\u1ed1t trong b\u1eb1ng ghi n\u01b0\u1edbc. Th\u00f4ng s\u1ed1 k\u1ef9 thu\u1eadt ch\u00ednh: \u2013 Xu\u1ea5t x\u1ee9 l\u00f2 h\u01a1i: \u0110\u00e0i Loan \u2013 C\u00f4ng su\u1ea5t sinh h\u01a1i \u0111\u1ecbnh m\u1ee9c: 3000 kg\/h \u2013 Nhi\u1ec7t \u0111\u1ed9 h\u01a1i b\u00e3o h\u00f2a 175 \u0111\u1ed9 C&#8230;<\/p>\n","protected":false},"featured_media":3554,"comment_status":"open","ping_status":"closed","template":"","meta":[],"product_cat":[202,198],"product_tag":[],"yoast_head":"<!-- This site is optimized with the Yoast SEO plugin v20.9 - https:\/\/yoast.com\/wordpress\/plugins\/seo\/ -->\n<title>L\u00f2 h\u01a1i 3000 kg\/h l\u1eafp \u0111\u1eb7t cho x\u01b0\u1edfng gi\u1eb7t l\u00e0 - Tr\u01b0\u1eddng th\u00e0nh<\/title>\n<meta name=\"robots\" content=\"index, follow, max-snippet:-1, max-image-preview:large, max-video-preview:-1\" \/>\n<link rel=\"canonical\" href=\"https:\/\/web.webrt.net\/truongthanh\/?product=lo-hoi-3000-kg-h-lap-dat-cho-xuong-giat-la\" \/>\n<meta property=\"og:locale\" content=\"vi_VN\" \/>\n<meta property=\"og:type\" content=\"article\" \/>\n<meta property=\"og:title\" content=\"L\u00f2 h\u01a1i 3000 kg\/h l\u1eafp \u0111\u1eb7t cho x\u01b0\u1edfng gi\u1eb7t l\u00e0 - Tr\u01b0\u1eddng th\u00e0nh\" \/>\n<meta property=\"og:description\" content=\"L\u00f2 h\u01a1i c\u00f4ng su\u1ea5t 3000 kg\/h \u0111\u01b0\u1ee3c c\u1ea3i t\u1ea1o t\u1eeb l\u00f2 h\u01a1i \u0111\u1ed1t d\u1ea7u sang l\u00f2 h\u01a1i \u0111\u1ed1t than ,c\u1ee7i \u0111\u1ed1t trong b\u1eb1ng ghi n\u01b0\u1edbc. Th\u00f4ng s\u1ed1 k\u1ef9 thu\u1eadt ch\u00ednh: \u2013 Xu\u1ea5t x\u1ee9 l\u00f2 h\u01a1i: \u0110\u00e0i Loan \u2013 C\u00f4ng su\u1ea5t sinh h\u01a1i \u0111\u1ecbnh m\u1ee9c: 3000 kg\/h \u2013 Nhi\u1ec7t \u0111\u1ed9 h\u01a1i b\u00e3o h\u00f2a 175 \u0111\u1ed9 C...\" \/>\n<meta property=\"og:url\" content=\"https:\/\/web.webrt.net\/truongthanh\/?product=lo-hoi-3000-kg-h-lap-dat-cho-xuong-giat-la\" \/>\n<meta property=\"og:site_name\" content=\"Tr\u01b0\u1eddng th\u00e0nh\" \/>\n<meta property=\"article:modified_time\" content=\"2023-07-06T06:36:18+00:00\" \/>\n<meta property=\"og:image\" content=\"https:\/\/web.webrt.net\/truongthanh\/wp-content\/uploads\/2023\/07\/Screenshot-2023-07-05-133048.png\" \/>\n\t<meta property=\"og:image:width\" content=\"340\" \/>\n\t<meta property=\"og:image:height\" content=\"598\" \/>\n\t<meta property=\"og:image:type\" content=\"image\/png\" \/>\n<meta name=\"twitter:card\" content=\"summary_large_image\" \/>\n<meta name=\"twitter:label1\" content=\"\u01af\u1edbc t\u00ednh th\u1eddi gian \u0111\u1ecdc\" \/>\n\t<meta name=\"twitter:data1\" content=\"1 ph\u00fat\" \/>\n<script type=\"application\/ld+json\" class=\"yoast-schema-graph\">{\"@context\":\"https:\/\/schema.org\",\"@graph\":[{\"@type\":\"WebPage\",\"@id\":\"https:\/\/web.webrt.net\/truongthanh\/?product=lo-hoi-3000-kg-h-lap-dat-cho-xuong-giat-la\",\"url\":\"https:\/\/web.webrt.net\/truongthanh\/?product=lo-hoi-3000-kg-h-lap-dat-cho-xuong-giat-la\",\"name\":\"L\u00f2 h\u01a1i 3000 kg\/h l\u1eafp \u0111\u1eb7t cho x\u01b0\u1edfng gi\u1eb7t l\u00e0 - Tr\u01b0\u1eddng th\u00e0nh\",\"isPartOf\":{\"@id\":\"https:\/\/web.webrt.net\/truongthanh\/#website\"},\"datePublished\":\"2023-07-05T06:32:26+00:00\",\"dateModified\":\"2023-07-06T06:36:18+00:00\",\"breadcrumb\":{\"@id\":\"https:\/\/web.webrt.net\/truongthanh\/?product=lo-hoi-3000-kg-h-lap-dat-cho-xuong-giat-la#breadcrumb\"},\"inLanguage\":\"vi\",\"potentialAction\":[{\"@type\":\"ReadAction\",\"target\":[\"https:\/\/web.webrt.net\/truongthanh\/?product=lo-hoi-3000-kg-h-lap-dat-cho-xuong-giat-la\"]}]},{\"@type\":\"BreadcrumbList\",\"@id\":\"https:\/\/web.webrt.net\/truongthanh\/?product=lo-hoi-3000-kg-h-lap-dat-cho-xuong-giat-la#breadcrumb\",\"itemListElement\":[{\"@type\":\"ListItem\",\"position\":1,\"name\":\"Trang ch\u1ee7\",\"item\":\"https:\/\/web.webrt.net\/truongthanh\/\"},{\"@type\":\"ListItem\",\"position\":2,\"name\":\"S\u1ea3n ph\u1ea9m\",\"item\":\"https:\/\/web.webrt.net\/truongthanh\/?post_type=product\"},{\"@type\":\"ListItem\",\"position\":3,\"name\":\"L\u00f2 h\u01a1i 3000 kg\/h l\u1eafp \u0111\u1eb7t cho x\u01b0\u1edfng gi\u1eb7t l\u00e0\"}]},{\"@type\":\"WebSite\",\"@id\":\"https:\/\/web.webrt.net\/truongthanh\/#website\",\"url\":\"https:\/\/web.webrt.net\/truongthanh\/\",\"name\":\"Tr\u01b0\u1eddng th\u00e0nh\",\"description\":\"\",\"potentialAction\":[{\"@type\":\"SearchAction\",\"target\":{\"@type\":\"EntryPoint\",\"urlTemplate\":\"https:\/\/web.webrt.net\/truongthanh\/?s={search_term_string}\"},\"query-input\":\"required name=search_term_string\"}],\"inLanguage\":\"vi\"}]}<\/script>\n<!-- \/ Yoast SEO plugin. -->","yoast_head_json":{"title":"L\u00f2 h\u01a1i 3000 kg\/h l\u1eafp \u0111\u1eb7t cho x\u01b0\u1edfng gi\u1eb7t l\u00e0 - Tr\u01b0\u1eddng th\u00e0nh","robots":{"index":"index","follow":"follow","max-snippet":"max-snippet:-1","max-image-preview":"max-image-preview:large","max-video-preview":"max-video-preview:-1"},"canonical":"https:\/\/web.webrt.net\/truongthanh\/?product=lo-hoi-3000-kg-h-lap-dat-cho-xuong-giat-la","og_locale":"vi_VN","og_type":"article","og_title":"L\u00f2 h\u01a1i 3000 kg\/h l\u1eafp \u0111\u1eb7t cho x\u01b0\u1edfng gi\u1eb7t l\u00e0 - Tr\u01b0\u1eddng th\u00e0nh","og_description":"L\u00f2 h\u01a1i c\u00f4ng su\u1ea5t 3000 kg\/h \u0111\u01b0\u1ee3c c\u1ea3i t\u1ea1o t\u1eeb l\u00f2 h\u01a1i \u0111\u1ed1t d\u1ea7u sang l\u00f2 h\u01a1i \u0111\u1ed1t than ,c\u1ee7i \u0111\u1ed1t trong b\u1eb1ng ghi n\u01b0\u1edbc. Th\u00f4ng s\u1ed1 k\u1ef9 thu\u1eadt ch\u00ednh: \u2013 Xu\u1ea5t x\u1ee9 l\u00f2 h\u01a1i: \u0110\u00e0i Loan \u2013 C\u00f4ng su\u1ea5t sinh h\u01a1i \u0111\u1ecbnh m\u1ee9c: 3000 kg\/h \u2013 Nhi\u1ec7t \u0111\u1ed9 h\u01a1i b\u00e3o h\u00f2a 175 \u0111\u1ed9 C...","og_url":"https:\/\/web.webrt.net\/truongthanh\/?product=lo-hoi-3000-kg-h-lap-dat-cho-xuong-giat-la","og_site_name":"Tr\u01b0\u1eddng th\u00e0nh","article_modified_time":"2023-07-06T06:36:18+00:00","og_image":[{"width":340,"height":598,"url":"https:\/\/web.webrt.net\/truongthanh\/wp-content\/uploads\/2023\/07\/Screenshot-2023-07-05-133048.png","type":"image\/png"}],"twitter_card":"summary_large_image","twitter_misc":{"\u01af\u1edbc t\u00ednh th\u1eddi gian \u0111\u1ecdc":"1 ph\u00fat"},"schema":{"@context":"https:\/\/schema.org","@graph":[{"@type":"WebPage","@id":"https:\/\/web.webrt.net\/truongthanh\/?product=lo-hoi-3000-kg-h-lap-dat-cho-xuong-giat-la","url":"https:\/\/web.webrt.net\/truongthanh\/?product=lo-hoi-3000-kg-h-lap-dat-cho-xuong-giat-la","name":"L\u00f2 h\u01a1i 3000 kg\/h l\u1eafp \u0111\u1eb7t cho x\u01b0\u1edfng gi\u1eb7t l\u00e0 - Tr\u01b0\u1eddng th\u00e0nh","isPartOf":{"@id":"https:\/\/web.webrt.net\/truongthanh\/#website"},"datePublished":"2023-07-05T06:32:26+00:00","dateModified":"2023-07-06T06:36:18+00:00","breadcrumb":{"@id":"https:\/\/web.webrt.net\/truongthanh\/?product=lo-hoi-3000-kg-h-lap-dat-cho-xuong-giat-la#breadcrumb"},"inLanguage":"vi","potentialAction":[{"@type":"ReadAction","target":["https:\/\/web.webrt.net\/truongthanh\/?product=lo-hoi-3000-kg-h-lap-dat-cho-xuong-giat-la"]}]},{"@type":"BreadcrumbList","@id":"https:\/\/web.webrt.net\/truongthanh\/?product=lo-hoi-3000-kg-h-lap-dat-cho-xuong-giat-la#breadcrumb","itemListElement":[{"@type":"ListItem","position":1,"name":"Trang ch\u1ee7","item":"https:\/\/web.webrt.net\/truongthanh\/"},{"@type":"ListItem","position":2,"name":"S\u1ea3n ph\u1ea9m","item":"https:\/\/web.webrt.net\/truongthanh\/?post_type=product"},{"@type":"ListItem","position":3,"name":"L\u00f2 h\u01a1i 3000 kg\/h l\u1eafp \u0111\u1eb7t cho x\u01b0\u1edfng gi\u1eb7t l\u00e0"}]},{"@type":"WebSite","@id":"https:\/\/web.webrt.net\/truongthanh\/#website","url":"https:\/\/web.webrt.net\/truongthanh\/","name":"Tr\u01b0\u1eddng th\u00e0nh","description":"","potentialAction":[{"@type":"SearchAction","target":{"@type":"EntryPoint","urlTemplate":"https:\/\/web.webrt.net\/truongthanh\/?s={search_term_string}"},"query-input":"required name=search_term_string"}],"inLanguage":"vi"}]}},"_links":{"self":[{"href":"https:\/\/web.webrt.net\/truongthanh\/index.php?rest_route=\/wp\/v2\/product\/3553"}],"collection":[{"href":"https:\/\/web.webrt.net\/truongthanh\/index.php?rest_route=\/wp\/v2\/product"}],"about":[{"href":"https:\/\/web.webrt.net\/truongthanh\/index.php?rest_route=\/wp\/v2\/types\/product"}],"replies":[{"embeddable":true,"href":"https:\/\/web.webrt.net\/truongthanh\/index.php?rest_route=%2Fwp%2Fv2%2Fcomments&post=3553"}],"wp:featuredmedia":[{"embeddable":true,"href":"https:\/\/web.webrt.net\/truongthanh\/index.php?rest_route=\/wp\/v2\/media\/3554"}],"wp:attachment":[{"href":"https:\/\/web.webrt.net\/truongthanh\/index.php?rest_route=%2Fwp%2Fv2%2Fmedia&parent=3553"}],"wp:term":[{"taxonomy":"product_cat","embeddable":true,"href":"https:\/\/web.webrt.net\/truongthanh\/index.php?rest_route=%2Fwp%2Fv2%2Fproduct_cat&post=3553"},{"taxonomy":"product_tag","embeddable":true,"href":"https:\/\/web.webrt.net\/truongthanh\/index.php?rest_route=%2Fwp%2Fv2%2Fproduct_tag&post=3553"}],"curies":[{"name":"wp","href":"https:\/\/api.w.org\/{rel}","templated":true}]}}