{"id":3384,"date":"2023-07-20T09:35:53","date_gmt":"2023-07-20T09:35:53","guid":{"rendered":"https:\/\/web.webrt.net\/phongvu\/?post_type=product&#038;p=3384"},"modified":"2023-07-20T09:35:54","modified_gmt":"2023-07-20T09:35:54","slug":"ke-san-cong-nghiep","status":"publish","type":"product","link":"https:\/\/web.webrt.net\/phongvu\/?product=ke-san-cong-nghiep","title":{"rendered":"K\u1ec6 S\u00c0N C\u00d4NG NGHI\u1ec6P"},"content":{"rendered":"<h1>\u0110\u1eb6C T\u00cdNH C\u1ee6A S\u1ea2N PH\u1ea8M<\/h1>\n<p><strong>T\u1ea3i tr\u1ecdng: 500 &#8211; 1000 Kg tr\u00ean m\u1ed7i m\u00e9t vu\u00f4ng.<\/strong><\/p>\n<p>&#8211;\u00a0Khung ch\u00e2n: S\u1eed d\u1ee5ng ch\u00e2n omega d\u1eadp l\u1ed7 ho\u1eb7c h\u1ed9p.<\/p>\n<p>&#8211;\u00a0M\u1eb7t s\u00e0n: S\u1eed d\u1ee5ng v\u00e1n, t\u00f4n, t\u00f4n g\u00e2n.<\/p>\n<p>&#8211; K\u1ec7 s\u00e0n \u0111\u01b0\u1ee3c thi\u1ebft k\u1ebf theo ph\u01b0\u01a1ng th\u1ee9c l\u1eafp r\u00e1p bulong d\u1ec5 d\u00e0ng di chuy\u1ec3n khi c\u1ea7n thi\u1ebft.<\/p>\n<p>&#8211;\u00a0To\u00e0n b\u1ed9 h\u1ec7 th\u1ed1ng \u0111\u01b0\u1ee3c s\u01a1n t\u0129nh \u0111i\u1ec7n theo ti\u00eau chu\u1ea9n Ch\u00e2u \u00c2u.<\/p>\n<p><img decoding=\"async\" loading=\"lazy\" class=\"aligncenter wp-image-3385 size-full\" src=\"https:\/\/web.webrt.net\/phongvu\/wp-content\/uploads\/2023\/07\/z4532779174010_0377ccac2399b27a9ae0dda858fb39c6.jpg\" alt=\"\" width=\"1041\" height=\"696\" srcset=\"https:\/\/web.webrt.net\/phongvu\/wp-content\/uploads\/2023\/07\/z4532779174010_0377ccac2399b27a9ae0dda858fb39c6.jpg 1041w, https:\/\/web.webrt.net\/phongvu\/wp-content\/uploads\/2023\/07\/z4532779174010_0377ccac2399b27a9ae0dda858fb39c6-598x400.jpg 598w, https:\/\/web.webrt.net\/phongvu\/wp-content\/uploads\/2023\/07\/z4532779174010_0377ccac2399b27a9ae0dda858fb39c6-768x513.jpg 768w, https:\/\/web.webrt.net\/phongvu\/wp-content\/uploads\/2023\/07\/z4532779174010_0377ccac2399b27a9ae0dda858fb39c6-600x401.jpg 600w\" sizes=\"(max-width: 1041px) 100vw, 1041px\" \/><\/p>\n<p><strong>\u0110\u1eb7c \u0111i\u1ec3m &amp; T\u00ednh n\u0103ng<\/strong><\/p>\n<p>&#8211; K\u1ec7 s\u00e0n c\u00f4ng nghi\u1ec7p l\u00e0 s\u1ef1 k\u1ebft h\u1ee3p gi\u1eefa k\u1ec7 ch\u1ee9a h\u00e0ng v\u00e0 s\u00e0n, c\u00f3 th\u1ec3 t\u0103ng di\u1ec7n t\u00edch s\u1eed d\u1ee5ng m\u1eb7t b\u1eb1ng l\u00ean g\u1ea5p nhi\u1ec1u l\u1ea7n.<\/p>\n<p>&#8211; Th\u1eeba h\u01b0\u1edfng t\u1ea5t c\u1ea3 \u01b0u \u0111i\u1ec3m c\u1ee7a k\u1ec7 v\u00e0 s\u00e0n, \u0111\u1ed3ng th\u1eddi gi\u1ea3m \u0111i nh\u1eefng khuy\u1ebft \u0111i\u1ec3m khi s\u1eed d\u1ee5ng k\u1ec7 ho\u1eb7c s\u00e0n ri\u00eang r\u1ebd. Ch\u00fang\u00a0c\u00f3 t\u00e1c d\u1ee5ng ch\u1ee9a h\u00e0ng, l\u01b0u tr\u1eef h\u00e0ng ho\u00e1 c\u00f3 kh\u1ed1i l\u01b0\u1ee3ng l\u1edbn, \u0111a d\u1ea1ng ch\u1ee7ng lo\u1ea1i.<\/p>\n<p>&#8211; Ngo\u00e0i vi\u1ec7c s\u1eed d\u1ee5ng \u0111\u1ec3 ch\u1ee9a h\u00e0ng, n\u00f3 c\u00f2n c\u00f3 t\u00e1c d\u1ee5ng d\u00f9ng l\u00e0m v\u0103n ph\u00f2ng, nh\u00e0 \u1edf, khu gi\u1ea3i tr\u00ed, ph\u00f2ng h\u1ecdp&#8230;<\/p>\n<p>&#8211;\u00a0K\u1ec7 s\u00e0n s\u1ea3n xu\u1ea5t theo c\u00f4ng ngh\u1ec7 k\u1ef9 thu\u1eadt cao: c\u01b0\u1eddng \u0111\u1ed9 ch\u1ecbu m\u00e0i m\u00f2n t\u1ed1t, \u0111\u1ed9 d\u00e0y s\u1ea3n ph\u1ea9m cao, kh\u1ea3 n\u0103ng ch\u1ecbu va \u0111\u1eadp l\u1edbn, \u0111\u1ed9 ch\u1eafc c\u1ee7a kh\u00f3a n\u1ed1i, l\u1edbp s\u01a1n t\u0129nh \u0111i\u1ec7n ch\u1ed1ng th\u1ea5m, ch\u1ed1ng hoen g\u1ec9.<\/p>\n<p><img decoding=\"async\" loading=\"lazy\" class=\"aligncenter size-full wp-image-3386\" src=\"https:\/\/web.webrt.net\/phongvu\/wp-content\/uploads\/2023\/07\/z4532779136232_debd4353fa23e6e222c732e4b85dd297.jpg\" alt=\"\" width=\"925\" height=\"696\" srcset=\"https:\/\/web.webrt.net\/phongvu\/wp-content\/uploads\/2023\/07\/z4532779136232_debd4353fa23e6e222c732e4b85dd297.jpg 925w, https:\/\/web.webrt.net\/phongvu\/wp-content\/uploads\/2023\/07\/z4532779136232_debd4353fa23e6e222c732e4b85dd297-532x400.jpg 532w, https:\/\/web.webrt.net\/phongvu\/wp-content\/uploads\/2023\/07\/z4532779136232_debd4353fa23e6e222c732e4b85dd297-768x578.jpg 768w, https:\/\/web.webrt.net\/phongvu\/wp-content\/uploads\/2023\/07\/z4532779136232_debd4353fa23e6e222c732e4b85dd297-600x451.jpg 600w\" sizes=\"(max-width: 925px) 100vw, 925px\" \/><\/p>\n<p><strong>H\u1ec7 th\u1ed1ng s\u00e0n c\u00f4ng nghi\u1ec7p t\u0103ng kh\u00f4ng gian kho m\u00e0 kh\u00f4ng c\u1ea7n th\u00eam c\u00f4ng tr\u00ecnh s\u00e0n b\u00ea t\u00f4ng.<\/strong><\/p>\n<p>&#8211;\u00a0K\u1ec7 s\u00e0n c\u00f4ng nghi\u1ec7p\u00a0gi\u00fap t\u0103ng di\u1ec7n t\u00edch nh\u00e0 kho l\u00ean nhi\u1ec1u l\u1ea7n, c\u00f3 th\u1ec3 th\u00e1o l\u1eafp \u0111\u01b0\u1ee3c, d\u1ec5 d\u00e0ng di d\u1eddi. M\u1eb7t s\u00e0n c\u00f3 th\u1ec3 ch\u1ee9a \u0111\u01b0\u1ee3c h\u00e0ng h\u00f3a v\u1edbi nhi\u1ec1u lo\u1ea1i quy c\u00e1ch kh\u00e1c nhau.<\/p>\n<p>&#8211; Ph\u00e2n t\u00e1ch kh\u00f4ng gian, d\u1ec5 d\u00e0ng cho ho\u1ea1t \u0111\u1ed9ng s\u1eafp x\u1ebfp, qu\u1ea3n l\u00fd kho.<\/p>\n<p>&#8211; K\u1ebft h\u1ee3p v\u1edbi h\u1ec7 th\u1ed1ng thang m\u00e1y th\u1eb3ng \u0111\u1ee9ng, gi\u00fap v\u1eadn chuy\u1ec3n h\u00e0ng h\u00f3a l\u00ean xu\u1ed1ng d\u1ec5 d\u00e0ng. C\u00f3 th\u1ec3 t\u00f9y ch\u1ec9nh k\u1ebft c\u1ea5u c\u00e1c c\u1ed5ng, l\u1ed3ng b\u1ea3o v\u1ec7, th\u00e1ng m\u00e1y, k\u1ebft c\u1ea5u s\u00e0n.<\/p>\n<p>&#8211; \u0110\u1eb7c bi\u1ec7t ph\u00f9 h\u1ee3p v\u1edbi c\u00e1c kh\u00f4ng gian thu\u00ea c\u00f3 h\u1ea1n ch\u1ebf m\u1edf r\u1ed9ng v\u00e0 s\u1eeda \u0111\u1ed5i.<\/p>\n<p><img decoding=\"async\" loading=\"lazy\" class=\"aligncenter size-full wp-image-3387\" src=\"https:\/\/web.webrt.net\/phongvu\/wp-content\/uploads\/2023\/07\/z4532779129218_62febdbc6ecf2777ff194bf9b643d360.jpg\" alt=\"\" width=\"925\" height=\"693\" srcset=\"https:\/\/web.webrt.net\/phongvu\/wp-content\/uploads\/2023\/07\/z4532779129218_62febdbc6ecf2777ff194bf9b643d360.jpg 925w, https:\/\/web.webrt.net\/phongvu\/wp-content\/uploads\/2023\/07\/z4532779129218_62febdbc6ecf2777ff194bf9b643d360-534x400.jpg 534w, https:\/\/web.webrt.net\/phongvu\/wp-content\/uploads\/2023\/07\/z4532779129218_62febdbc6ecf2777ff194bf9b643d360-768x575.jpg 768w, https:\/\/web.webrt.net\/phongvu\/wp-content\/uploads\/2023\/07\/z4532779129218_62febdbc6ecf2777ff194bf9b643d360-600x450.jpg 600w\" sizes=\"(max-width: 925px) 100vw, 925px\" \/><\/p>\n<p><strong>H\u00ccNH \u1ea2NH<\/strong><\/p>\n<table style=\"border-collapse: collapse; width: 100%;\">\n<tbody>\n<tr>\n<td style=\"width: 50%;\"><img decoding=\"async\" loading=\"lazy\" class=\"aligncenter size-full wp-image-3388\" src=\"https:\/\/web.webrt.net\/phongvu\/wp-content\/uploads\/2023\/07\/z4532779164282_a02eac1bf00381ea4c7e2594cb16b09e.jpg\" alt=\"\" width=\"1042\" height=\"694\" srcset=\"https:\/\/web.webrt.net\/phongvu\/wp-content\/uploads\/2023\/07\/z4532779164282_a02eac1bf00381ea4c7e2594cb16b09e.jpg 1042w, https:\/\/web.webrt.net\/phongvu\/wp-content\/uploads\/2023\/07\/z4532779164282_a02eac1bf00381ea4c7e2594cb16b09e-601x400.jpg 601w, https:\/\/web.webrt.net\/phongvu\/wp-content\/uploads\/2023\/07\/z4532779164282_a02eac1bf00381ea4c7e2594cb16b09e-768x512.jpg 768w, https:\/\/web.webrt.net\/phongvu\/wp-content\/uploads\/2023\/07\/z4532779164282_a02eac1bf00381ea4c7e2594cb16b09e-600x400.jpg 600w\" sizes=\"(max-width: 1042px) 100vw, 1042px\" \/><\/td>\n<td style=\"width: 50%;\"><img decoding=\"async\" loading=\"lazy\" class=\"aligncenter size-full wp-image-3389\" src=\"https:\/\/web.webrt.net\/phongvu\/wp-content\/uploads\/2023\/07\/z4532779155734_86d03a58be17c1200a85e5695ce319c7.jpg\" alt=\"\" width=\"1075\" height=\"700\" srcset=\"https:\/\/web.webrt.net\/phongvu\/wp-content\/uploads\/2023\/07\/z4532779155734_86d03a58be17c1200a85e5695ce319c7.jpg 1075w, https:\/\/web.webrt.net\/phongvu\/wp-content\/uploads\/2023\/07\/z4532779155734_86d03a58be17c1200a85e5695ce319c7-614x400.jpg 614w, https:\/\/web.webrt.net\/phongvu\/wp-content\/uploads\/2023\/07\/z4532779155734_86d03a58be17c1200a85e5695ce319c7-768x500.jpg 768w, https:\/\/web.webrt.net\/phongvu\/wp-content\/uploads\/2023\/07\/z4532779155734_86d03a58be17c1200a85e5695ce319c7-600x391.jpg 600w\" sizes=\"(max-width: 1075px) 100vw, 1075px\" \/><\/td>\n<\/tr>\n<tr>\n<td style=\"width: 50%;\"><img decoding=\"async\" loading=\"lazy\" class=\"aligncenter size-full wp-image-3390\" src=\"https:\/\/web.webrt.net\/phongvu\/wp-content\/uploads\/2023\/07\/z4532779146575_14104f06f45abf6d115f5d57a216cdb9.jpg\" alt=\"\" width=\"1040\" height=\"696\" srcset=\"https:\/\/web.webrt.net\/phongvu\/wp-content\/uploads\/2023\/07\/z4532779146575_14104f06f45abf6d115f5d57a216cdb9.jpg 1040w, https:\/\/web.webrt.net\/phongvu\/wp-content\/uploads\/2023\/07\/z4532779146575_14104f06f45abf6d115f5d57a216cdb9-598x400.jpg 598w, https:\/\/web.webrt.net\/phongvu\/wp-content\/uploads\/2023\/07\/z4532779146575_14104f06f45abf6d115f5d57a216cdb9-768x514.jpg 768w, https:\/\/web.webrt.net\/phongvu\/wp-content\/uploads\/2023\/07\/z4532779146575_14104f06f45abf6d115f5d57a216cdb9-600x402.jpg 600w\" sizes=\"(max-width: 1040px) 100vw, 1040px\" \/><\/td>\n<td style=\"width: 50%;\"><img decoding=\"async\" loading=\"lazy\" class=\"aligncenter size-full wp-image-3387\" src=\"https:\/\/web.webrt.net\/phongvu\/wp-content\/uploads\/2023\/07\/z4532779129218_62febdbc6ecf2777ff194bf9b643d360.jpg\" alt=\"\" width=\"925\" height=\"693\" srcset=\"https:\/\/web.webrt.net\/phongvu\/wp-content\/uploads\/2023\/07\/z4532779129218_62febdbc6ecf2777ff194bf9b643d360.jpg 925w, https:\/\/web.webrt.net\/phongvu\/wp-content\/uploads\/2023\/07\/z4532779129218_62febdbc6ecf2777ff194bf9b643d360-534x400.jpg 534w, https:\/\/web.webrt.net\/phongvu\/wp-content\/uploads\/2023\/07\/z4532779129218_62febdbc6ecf2777ff194bf9b643d360-768x575.jpg 768w, https:\/\/web.webrt.net\/phongvu\/wp-content\/uploads\/2023\/07\/z4532779129218_62febdbc6ecf2777ff194bf9b643d360-600x450.jpg 600w\" sizes=\"(max-width: 925px) 100vw, 925px\" \/><\/td>\n<\/tr>\n<\/tbody>\n<\/table>\n","protected":false},"excerpt":{"rendered":"<p>K\u1ec7 s\u00e0n c\u00f4ng nghi\u1ec7p g\u1ed3m c\u00e1c chi ti\u1ebft c\u01a1 b\u1ea3n sau:<\/p>\n<ul>\n<li>Khung c\u1ed9t ch\u1ecbu t\u1ea3i: Ch\u1ecbu l\u1ef1c c\u1ee7a to\u00e0n h\u1ec7 th\u1ed1ng.<\/li>\n<li>Thanh support: H\u1ed7 tr\u1ee3 ch\u1ecbu l\u1ef1c.<\/li>\n<li>C\u1ed9t b\u1ea3o v\u1ec7: Li\u00ean k\u1ebft c\u1ed9t ch\u1ecbu t\u1ea3i v\u1edbi s\u00e0n, gi\u1eef h\u1ec7 th\u1ed1ng \u0111\u1ee9ng v\u1eefng.<\/li>\n<li>M\u1eb7t s\u00e0n: Tole ho\u1eb7c g\u1ed7.<\/li>\n<li>Thanh lan can: Gi\u1eef an to\u00e0n, ch\u1ed1ng ng\u00e3.<\/li>\n<li>Thang l\u00ean s\u00e0n: Gi\u00fap di chuy\u1ec3n l\u00ean tr\u00ean m\u1eb7t s\u00e0n.<\/li>\n<\/ul>\n","protected":false},"featured_media":3387,"comment_status":"open","ping_status":"closed","template":"","meta":[],"product_cat":[197],"product_tag":[],"yoast_head":"<!-- This site is optimized with the Yoast SEO plugin v20.9 - https:\/\/yoast.com\/wordpress\/plugins\/seo\/ -->\n<title>K\u1ec6 S\u00c0N C\u00d4NG NGHI\u1ec6P - Phong V\u0169<\/title>\n<meta name=\"robots\" content=\"index, follow, max-snippet:-1, max-image-preview:large, max-video-preview:-1\" \/>\n<link rel=\"canonical\" href=\"https:\/\/web.webrt.net\/phongvu\/?product=ke-san-cong-nghiep\" \/>\n<meta property=\"og:locale\" content=\"vi_VN\" \/>\n<meta property=\"og:type\" content=\"article\" \/>\n<meta property=\"og:title\" content=\"K\u1ec6 S\u00c0N C\u00d4NG NGHI\u1ec6P - Phong V\u0169\" \/>\n<meta property=\"og:description\" content=\"K\u1ec7 s\u00e0n c\u00f4ng nghi\u1ec7p g\u1ed3m c\u00e1c chi ti\u1ebft c\u01a1 b\u1ea3n sau:   Khung c\u1ed9t ch\u1ecbu t\u1ea3i: Ch\u1ecbu l\u1ef1c c\u1ee7a to\u00e0n h\u1ec7 th\u1ed1ng.  Thanh support: H\u1ed7 tr\u1ee3 ch\u1ecbu l\u1ef1c.  C\u1ed9t b\u1ea3o v\u1ec7: Li\u00ean k\u1ebft c\u1ed9t ch\u1ecbu t\u1ea3i v\u1edbi s\u00e0n, gi\u1eef h\u1ec7 th\u1ed1ng \u0111\u1ee9ng v\u1eefng.  M\u1eb7t s\u00e0n: Tole ho\u1eb7c g\u1ed7.  Thanh lan can: Gi\u1eef an to\u00e0n, ch\u1ed1ng ng\u00e3.  Thang l\u00ean s\u00e0n: Gi\u00fap di chuy\u1ec3n l\u00ean tr\u00ean m\u1eb7t s\u00e0n.\" \/>\n<meta property=\"og:url\" content=\"https:\/\/web.webrt.net\/phongvu\/?product=ke-san-cong-nghiep\" \/>\n<meta property=\"og:site_name\" content=\"Phong V\u0169\" \/>\n<meta property=\"article:modified_time\" content=\"2023-07-20T09:35:54+00:00\" \/>\n<meta property=\"og:image\" content=\"https:\/\/web.webrt.net\/phongvu\/wp-content\/uploads\/2023\/07\/z4532779129218_62febdbc6ecf2777ff194bf9b643d360.jpg\" \/>\n\t<meta property=\"og:image:width\" content=\"925\" \/>\n\t<meta property=\"og:image:height\" content=\"693\" \/>\n\t<meta property=\"og:image:type\" content=\"image\/jpeg\" \/>\n<meta name=\"twitter:card\" content=\"summary_large_image\" \/>\n<meta name=\"twitter:label1\" content=\"\u01af\u1edbc t\u00ednh th\u1eddi gian \u0111\u1ecdc\" \/>\n\t<meta name=\"twitter:data1\" content=\"4 ph\u00fat\" \/>\n<script type=\"application\/ld+json\" class=\"yoast-schema-graph\">{\"@context\":\"https:\/\/schema.org\",\"@graph\":[{\"@type\":\"WebPage\",\"@id\":\"https:\/\/web.webrt.net\/phongvu\/?product=ke-san-cong-nghiep\",\"url\":\"https:\/\/web.webrt.net\/phongvu\/?product=ke-san-cong-nghiep\",\"name\":\"K\u1ec6 S\u00c0N C\u00d4NG NGHI\u1ec6P - Phong V\u0169\",\"isPartOf\":{\"@id\":\"https:\/\/web.webrt.net\/phongvu\/#website\"},\"datePublished\":\"2023-07-20T09:35:53+00:00\",\"dateModified\":\"2023-07-20T09:35:54+00:00\",\"breadcrumb\":{\"@id\":\"https:\/\/web.webrt.net\/phongvu\/?product=ke-san-cong-nghiep#breadcrumb\"},\"inLanguage\":\"vi\",\"potentialAction\":[{\"@type\":\"ReadAction\",\"target\":[\"https:\/\/web.webrt.net\/phongvu\/?product=ke-san-cong-nghiep\"]}]},{\"@type\":\"BreadcrumbList\",\"@id\":\"https:\/\/web.webrt.net\/phongvu\/?product=ke-san-cong-nghiep#breadcrumb\",\"itemListElement\":[{\"@type\":\"ListItem\",\"position\":1,\"name\":\"Trang ch\u1ee7\",\"item\":\"https:\/\/web.webrt.net\/phongvu\/\"},{\"@type\":\"ListItem\",\"position\":2,\"name\":\"S\u1ea3n ph\u1ea9m\",\"item\":\"https:\/\/web.webrt.net\/phongvu\/?post_type=product\"},{\"@type\":\"ListItem\",\"position\":3,\"name\":\"K\u1ec6 S\u00c0N C\u00d4NG NGHI\u1ec6P\"}]},{\"@type\":\"WebSite\",\"@id\":\"https:\/\/web.webrt.net\/phongvu\/#website\",\"url\":\"https:\/\/web.webrt.net\/phongvu\/\",\"name\":\"Phong V\u0169\",\"description\":\"\",\"potentialAction\":[{\"@type\":\"SearchAction\",\"target\":{\"@type\":\"EntryPoint\",\"urlTemplate\":\"https:\/\/web.webrt.net\/phongvu\/?s={search_term_string}\"},\"query-input\":\"required name=search_term_string\"}],\"inLanguage\":\"vi\"}]}<\/script>\n<!-- \/ Yoast SEO plugin. -->","yoast_head_json":{"title":"K\u1ec6 S\u00c0N C\u00d4NG NGHI\u1ec6P - Phong V\u0169","robots":{"index":"index","follow":"follow","max-snippet":"max-snippet:-1","max-image-preview":"max-image-preview:large","max-video-preview":"max-video-preview:-1"},"canonical":"https:\/\/web.webrt.net\/phongvu\/?product=ke-san-cong-nghiep","og_locale":"vi_VN","og_type":"article","og_title":"K\u1ec6 S\u00c0N C\u00d4NG NGHI\u1ec6P - Phong V\u0169","og_description":"K\u1ec7 s\u00e0n c\u00f4ng nghi\u1ec7p g\u1ed3m c\u00e1c chi ti\u1ebft c\u01a1 b\u1ea3n sau:   Khung c\u1ed9t ch\u1ecbu t\u1ea3i: Ch\u1ecbu l\u1ef1c c\u1ee7a to\u00e0n h\u1ec7 th\u1ed1ng.  Thanh support: H\u1ed7 tr\u1ee3 ch\u1ecbu l\u1ef1c.  C\u1ed9t b\u1ea3o v\u1ec7: Li\u00ean k\u1ebft c\u1ed9t ch\u1ecbu t\u1ea3i v\u1edbi s\u00e0n, gi\u1eef h\u1ec7 th\u1ed1ng \u0111\u1ee9ng v\u1eefng.  M\u1eb7t s\u00e0n: Tole ho\u1eb7c g\u1ed7.  Thanh lan can: Gi\u1eef an to\u00e0n, ch\u1ed1ng ng\u00e3.  Thang l\u00ean s\u00e0n: Gi\u00fap di chuy\u1ec3n l\u00ean tr\u00ean m\u1eb7t s\u00e0n.","og_url":"https:\/\/web.webrt.net\/phongvu\/?product=ke-san-cong-nghiep","og_site_name":"Phong V\u0169","article_modified_time":"2023-07-20T09:35:54+00:00","og_image":[{"width":925,"height":693,"url":"https:\/\/web.webrt.net\/phongvu\/wp-content\/uploads\/2023\/07\/z4532779129218_62febdbc6ecf2777ff194bf9b643d360.jpg","type":"image\/jpeg"}],"twitter_card":"summary_large_image","twitter_misc":{"\u01af\u1edbc t\u00ednh th\u1eddi gian \u0111\u1ecdc":"4 ph\u00fat"},"schema":{"@context":"https:\/\/schema.org","@graph":[{"@type":"WebPage","@id":"https:\/\/web.webrt.net\/phongvu\/?product=ke-san-cong-nghiep","url":"https:\/\/web.webrt.net\/phongvu\/?product=ke-san-cong-nghiep","name":"K\u1ec6 S\u00c0N C\u00d4NG NGHI\u1ec6P - Phong V\u0169","isPartOf":{"@id":"https:\/\/web.webrt.net\/phongvu\/#website"},"datePublished":"2023-07-20T09:35:53+00:00","dateModified":"2023-07-20T09:35:54+00:00","breadcrumb":{"@id":"https:\/\/web.webrt.net\/phongvu\/?product=ke-san-cong-nghiep#breadcrumb"},"inLanguage":"vi","potentialAction":[{"@type":"ReadAction","target":["https:\/\/web.webrt.net\/phongvu\/?product=ke-san-cong-nghiep"]}]},{"@type":"BreadcrumbList","@id":"https:\/\/web.webrt.net\/phongvu\/?product=ke-san-cong-nghiep#breadcrumb","itemListElement":[{"@type":"ListItem","position":1,"name":"Trang ch\u1ee7","item":"https:\/\/web.webrt.net\/phongvu\/"},{"@type":"ListItem","position":2,"name":"S\u1ea3n ph\u1ea9m","item":"https:\/\/web.webrt.net\/phongvu\/?post_type=product"},{"@type":"ListItem","position":3,"name":"K\u1ec6 S\u00c0N C\u00d4NG NGHI\u1ec6P"}]},{"@type":"WebSite","@id":"https:\/\/web.webrt.net\/phongvu\/#website","url":"https:\/\/web.webrt.net\/phongvu\/","name":"Phong V\u0169","description":"","potentialAction":[{"@type":"SearchAction","target":{"@type":"EntryPoint","urlTemplate":"https:\/\/web.webrt.net\/phongvu\/?s={search_term_string}"},"query-input":"required name=search_term_string"}],"inLanguage":"vi"}]}},"_links":{"self":[{"href":"https:\/\/web.webrt.net\/phongvu\/index.php?rest_route=\/wp\/v2\/product\/3384"}],"collection":[{"href":"https:\/\/web.webrt.net\/phongvu\/index.php?rest_route=\/wp\/v2\/product"}],"about":[{"href":"https:\/\/web.webrt.net\/phongvu\/index.php?rest_route=\/wp\/v2\/types\/product"}],"replies":[{"embeddable":true,"href":"https:\/\/web.webrt.net\/phongvu\/index.php?rest_route=%2Fwp%2Fv2%2Fcomments&post=3384"}],"wp:featuredmedia":[{"embeddable":true,"href":"https:\/\/web.webrt.net\/phongvu\/index.php?rest_route=\/wp\/v2\/media\/3387"}],"wp:attachment":[{"href":"https:\/\/web.webrt.net\/phongvu\/index.php?rest_route=%2Fwp%2Fv2%2Fmedia&parent=3384"}],"wp:term":[{"taxonomy":"product_cat","embeddable":true,"href":"https:\/\/web.webrt.net\/phongvu\/index.php?rest_route=%2Fwp%2Fv2%2Fproduct_cat&post=3384"},{"taxonomy":"product_tag","embeddable":true,"href":"https:\/\/web.webrt.net\/phongvu\/index.php?rest_route=%2Fwp%2Fv2%2Fproduct_tag&post=3384"}],"curies":[{"name":"wp","href":"https:\/\/api.w.org\/{rel}","templated":true}]}}