{"id":3365,"date":"2023-07-15T03:59:24","date_gmt":"2023-07-15T03:59:24","guid":{"rendered":"https:\/\/web.webrt.net\/phongvu\/?post_type=product&#038;p=3365"},"modified":"2023-07-15T04:01:20","modified_gmt":"2023-07-15T04:01:20","slug":"san-pham-gia-cong-tien-lo-bac","status":"publish","type":"product","link":"https:\/\/web.webrt.net\/phongvu\/?product=san-pham-gia-cong-tien-lo-bac","title":{"rendered":"S\u1ea3n ph\u1ea9m gia c\u00f4ng ti\u1ec7n l\u1ed7 b\u1eadc"},"content":{"rendered":"<div id=\"ez-toc-container\" class=\"ez-toc-v2_0_50 counter-hierarchy ez-toc-counter ez-toc-grey ez-toc-container-direction\">\n<div class=\"ez-toc-title-container\">\n<p class=\"ez-toc-title\">M\u1ee5c l\u1ee5c<\/p>\n<span class=\"ez-toc-title-toggle\"><a href=\"#\" class=\"ez-toc-pull-right ez-toc-btn ez-toc-btn-xs ez-toc-btn-default ez-toc-toggle\" aria-label=\"Toggle Table of Content\" role=\"button\"><label for=\"item-69d09a0a292b5\" aria-hidden=\"true\"><span style=\"display: flex;align-items: center;width: 35px;height: 30px;justify-content: center;direction:ltr;\"><svg style=\"fill: #999;color:#999\" xmlns=\"http:\/\/www.w3.org\/2000\/svg\" class=\"list-377408\" width=\"20px\" height=\"20px\" viewBox=\"0 0 24 24\" fill=\"none\"><path d=\"M6 6H4v2h2V6zm14 0H8v2h12V6zM4 11h2v2H4v-2zm16 0H8v2h12v-2zM4 16h2v2H4v-2zm16 0H8v2h12v-2z\" fill=\"currentColor\"><\/path><\/svg><svg style=\"fill: #999;color:#999\" class=\"arrow-unsorted-368013\" xmlns=\"http:\/\/www.w3.org\/2000\/svg\" width=\"10px\" height=\"10px\" viewBox=\"0 0 24 24\" version=\"1.2\" baseProfile=\"tiny\"><path d=\"M18.2 9.3l-6.2-6.3-6.2 6.3c-.2.2-.3.4-.3.7s.1.5.3.7c.2.2.4.3.7.3h11c.3 0 .5-.1.7-.3.2-.2.3-.5.3-.7s-.1-.5-.3-.7zM5.8 14.7l6.2 6.3 6.2-6.3c.2-.2.3-.5.3-.7s-.1-.5-.3-.7c-.2-.2-.4-.3-.7-.3h-11c-.3 0-.5.1-.7.3-.2.2-.3.5-.3.7s.1.5.3.7z\"\/><\/svg><\/span><\/label><input  type=\"checkbox\" id=\"item-69d09a0a292b5\"><\/a><\/span><\/div>\n<nav><ul class='ez-toc-list ez-toc-list-level-1 ' ><li class='ez-toc-page-1 ez-toc-heading-level-2'><a class=\"ez-toc-link ez-toc-heading-1\" href=\"https:\/\/web.webrt.net\/phongvu\/?product=san-pham-gia-cong-tien-lo-bac\/#San_pham_gia_cong_tien_lo_bac\" title=\"S\u1ea3n ph\u1ea9m gia c\u00f4ng ti\u1ec7n l\u1ed7 b\u1eadc\">S\u1ea3n ph\u1ea9m gia c\u00f4ng ti\u1ec7n l\u1ed7 b\u1eadc<\/a><\/li><li class='ez-toc-page-1 ez-toc-heading-level-2'><a class=\"ez-toc-link ez-toc-heading-2\" href=\"https:\/\/web.webrt.net\/phongvu\/?product=san-pham-gia-cong-tien-lo-bac\/#Nhan_gia_cong_chi_tiet_may\" title=\"Nh\u1eadn gia c\u00f4ng chi ti\u1ebft m\u00e1y\">Nh\u1eadn gia c\u00f4ng chi ti\u1ebft m\u00e1y<\/a><\/li><\/ul><\/nav><\/div>\n<h2 id=\"ftoc-heading-1\" class=\"ftwp-heading\"><span class=\"ez-toc-section\" id=\"San_pham_gia_cong_tien_lo_bac\"><\/span><strong>S\u1ea3n ph\u1ea9m gia c\u00f4ng ti\u1ec7n l\u1ed7 b\u1eadc<\/strong><span class=\"ez-toc-section-end\"><\/span><\/h2>\n<p>D\u00f2ng s\u1ea3n ph\u1ea9m \u0111\u01b0\u1ee3c\u00a0<strong>gia c\u00f4ng Phay CNC<\/strong>\u00a0k\u1ebft h\u1ee3p\u00a0<strong>C\u1eaft d\u00e2y EDM<\/strong>\u00a0\u0111\u1ea1t \u0111\u1ed9 ch\u00ednh x\u00e1c v\u00e0 ch\u1ea5t l\u01b0\u1ee3ng b\u1ec1 m\u1eb7t cao<\/p>\n<p><img decoding=\"async\" loading=\"lazy\" class=\"aligncenter size-full wp-image-3366\" src=\"https:\/\/web.webrt.net\/phongvu\/wp-content\/uploads\/2023\/07\/Gia-cong-chi-tiet-tien-lo-CNC-TNT010-2-600x338-1.jpg\" alt=\"\" width=\"600\" height=\"338\" \/><\/p>\n<h2 id=\"ftoc-heading-2\" class=\"ftwp-heading\"><span class=\"ez-toc-section\" id=\"Nhan_gia_cong_chi_tiet_may\"><\/span><strong>Nh\u1eadn gia c\u00f4ng chi ti\u1ebft m\u00e1y<\/strong><span class=\"ez-toc-section-end\"><\/span><\/h2>\n<p>S\u1ea3n ph\u1ea9m gia c\u00f4ng ti\u1ec7n l\u1ed7 b\u1eadc\u00a0 l\u00e0 qu\u00e1 tr\u00ecnh c\u1eaft h\u00ecnh d\u1ea1ng c\u1ee7a c\u00e1c chi ti\u1ebft m\u00e1y t\u1eeb ph\u00f4i th\u00f4 th\u00e0nh s\u1ea3n ph\u1ea9m ho\u00e0n ch\u1ec9nh v\u1edbi k\u00edch th\u01b0\u1edbc v\u00e0 k\u1ebft c\u1ea5u ch\u00ednh x\u00e1c. Trong qu\u00e1 tr\u00ecnh n\u00e0y, vi\u1ec7c gia c\u00f4ng b\u1ec1 m\u1eb7t l\u00e0 quan tr\u1ecdng nh\u1ea5t b\u1edfi \u0111\u00f2i h\u1ecfi \u0111\u1ed9 t\u1ec9 m\u1ec9 v\u00e0 ch\u1ea5t l\u01b0\u1ee3ng c\u1ee7a th\u00e0nh ph\u1ea9m ph\u1ea3i m\u1ecbn, b\u1ec1n v\u1eefng. \u0110\u1ebfn v\u1edbi Phong V\u0169,\u00a0 b\u1ea1n ho\u00e0n to\u00e0n kh\u00f4ng c\u1ea7n lo l\u1eafng v\u1ec1 chi ph\u00ed hay gi\u00e1 c\u1ea3 b\u1edfi to\u00e0n b\u1ed9 ch\u00fang t\u00f4i s\u1ebd c\u00f3 ch\u00ednh s\u00e1ch c\u1ee5 th\u1ec3 cho t\u1eebng \u0111\u01a1n h\u00e0ng c\u1ee7a b\u1ea1n. B\u1ea3ng ch\u00ednh s\u00e1ch gi\u00e1 c\u1ee7a ch\u00fang t\u00f4i s\u1ebd \u0111\u01b0\u1ee3c ph\u00e2n ra theo s\u1ed1 l\u01b0\u1ee3ng \u0111\u1eb7t h\u00e0ng gia c\u00f4ng v\u00e0 nh\u1eefng y\u00eau c\u1ea7u gia c\u00f4ng c\u1ee5 th\u1ec3. C\u00f4ng ty Phong V\u0169 ch\u00fang t\u00f4i \u0111\u1ea3m b\u1ea3o s\u1ebd cung c\u1ea5p <strong>d\u1ecbch v\u1ee5 phay kim lo\u1ea1i<\/strong>\u00a0cho qu\u00fd kh\u00e1ch v\u1edbi gi\u00e1 th\u00e0nh h\u1ee3p l\u00fd nh\u1ea5t \u0111\u1ed3ng th\u1eddi v\u1edbi ch\u1ea5t l\u01b0\u1ee3ng cao nh\u1ea5t.<\/p>\n","protected":false},"excerpt":{"rendered":"<h3><strong>S\u1ea3n ph\u1ea9m gia c\u00f4ng ti\u1ec7n l\u1ed7 b\u1eadc<\/strong><\/h3>\n<ul>\n<li>Gia c\u00f4ng c\u00e1c lo\u1ea1i chi ti\u1ebft m\u00e1y theo y\u00eau c\u1ea7u kh\u00e1ch h\u00e0ng t\u1ea1i H\u00e0 N\u1ed9i.<\/li>\n<li>Gia c\u00f4ng CNC h\u00e0ng lo\u1ea1t v\u1edbi \u0111\u1ed9 ch\u00ednh x\u00e1c cao, s\u1ea3n ph\u1ea9m \u0111\u1ed3ng \u0111\u1ec1u trong th\u1eddi gian ng\u1eafn.<\/li>\n<li>Thi\u1ebft k\u1ebf, gia c\u00f4ng v\u00e0 ki\u1ec3m so\u00e1t ch\u1ea5t l\u01b0\u1ee3ng theo h\u1ec7 th\u1ed1ng ISO 9001.<\/li>\n<\/ul>\n","protected":false},"featured_media":3366,"comment_status":"open","ping_status":"closed","template":"","meta":[],"product_cat":[194],"product_tag":[],"yoast_head":"<!-- This site is optimized with the Yoast SEO plugin v20.9 - https:\/\/yoast.com\/wordpress\/plugins\/seo\/ -->\n<title>S\u1ea3n ph\u1ea9m gia c\u00f4ng ti\u1ec7n l\u1ed7 b\u1eadc - Phong V\u0169<\/title>\n<meta name=\"robots\" content=\"index, follow, max-snippet:-1, max-image-preview:large, max-video-preview:-1\" \/>\n<link rel=\"canonical\" href=\"https:\/\/web.webrt.net\/phongvu\/?product=san-pham-gia-cong-tien-lo-bac\" \/>\n<meta property=\"og:locale\" content=\"vi_VN\" \/>\n<meta property=\"og:type\" content=\"article\" \/>\n<meta property=\"og:title\" content=\"S\u1ea3n ph\u1ea9m gia c\u00f4ng ti\u1ec7n l\u1ed7 b\u1eadc - Phong V\u0169\" \/>\n<meta property=\"og:description\" content=\"S\u1ea3n ph\u1ea9m gia c\u00f4ng ti\u1ec7n l\u1ed7 b\u1eadc   Gia c\u00f4ng c\u00e1c lo\u1ea1i chi ti\u1ebft m\u00e1y theo y\u00eau c\u1ea7u kh\u00e1ch h\u00e0ng t\u1ea1i H\u00e0 N\u1ed9i.  Gia c\u00f4ng CNC h\u00e0ng lo\u1ea1t v\u1edbi \u0111\u1ed9 ch\u00ednh x\u00e1c cao, s\u1ea3n ph\u1ea9m \u0111\u1ed3ng \u0111\u1ec1u trong th\u1eddi gian ng\u1eafn.  Thi\u1ebft k\u1ebf, gia c\u00f4ng v\u00e0 ki\u1ec3m so\u00e1t ch\u1ea5t l\u01b0\u1ee3ng theo h\u1ec7 th\u1ed1ng ISO 9001.\" \/>\n<meta property=\"og:url\" content=\"https:\/\/web.webrt.net\/phongvu\/?product=san-pham-gia-cong-tien-lo-bac\" \/>\n<meta property=\"og:site_name\" content=\"Phong V\u0169\" \/>\n<meta property=\"article:modified_time\" content=\"2023-07-15T04:01:20+00:00\" \/>\n<meta property=\"og:image\" content=\"https:\/\/web.webrt.net\/phongvu\/wp-content\/uploads\/2023\/07\/Gia-cong-chi-tiet-tien-lo-CNC-TNT010-2-600x338-1.jpg\" \/>\n\t<meta property=\"og:image:width\" content=\"600\" \/>\n\t<meta property=\"og:image:height\" content=\"338\" \/>\n\t<meta property=\"og:image:type\" content=\"image\/jpeg\" \/>\n<meta name=\"twitter:card\" content=\"summary_large_image\" \/>\n<meta name=\"twitter:label1\" content=\"\u01af\u1edbc t\u00ednh th\u1eddi gian \u0111\u1ecdc\" \/>\n\t<meta name=\"twitter:data1\" content=\"2 ph\u00fat\" \/>\n<script type=\"application\/ld+json\" class=\"yoast-schema-graph\">{\"@context\":\"https:\/\/schema.org\",\"@graph\":[{\"@type\":\"WebPage\",\"@id\":\"https:\/\/web.webrt.net\/phongvu\/?product=san-pham-gia-cong-tien-lo-bac\",\"url\":\"https:\/\/web.webrt.net\/phongvu\/?product=san-pham-gia-cong-tien-lo-bac\",\"name\":\"S\u1ea3n ph\u1ea9m gia c\u00f4ng ti\u1ec7n l\u1ed7 b\u1eadc - Phong V\u0169\",\"isPartOf\":{\"@id\":\"https:\/\/web.webrt.net\/phongvu\/#website\"},\"datePublished\":\"2023-07-15T03:59:24+00:00\",\"dateModified\":\"2023-07-15T04:01:20+00:00\",\"breadcrumb\":{\"@id\":\"https:\/\/web.webrt.net\/phongvu\/?product=san-pham-gia-cong-tien-lo-bac#breadcrumb\"},\"inLanguage\":\"vi\",\"potentialAction\":[{\"@type\":\"ReadAction\",\"target\":[\"https:\/\/web.webrt.net\/phongvu\/?product=san-pham-gia-cong-tien-lo-bac\"]}]},{\"@type\":\"BreadcrumbList\",\"@id\":\"https:\/\/web.webrt.net\/phongvu\/?product=san-pham-gia-cong-tien-lo-bac#breadcrumb\",\"itemListElement\":[{\"@type\":\"ListItem\",\"position\":1,\"name\":\"Trang ch\u1ee7\",\"item\":\"https:\/\/web.webrt.net\/phongvu\/\"},{\"@type\":\"ListItem\",\"position\":2,\"name\":\"S\u1ea3n ph\u1ea9m\",\"item\":\"https:\/\/web.webrt.net\/phongvu\/?post_type=product\"},{\"@type\":\"ListItem\",\"position\":3,\"name\":\"S\u1ea3n ph\u1ea9m gia c\u00f4ng ti\u1ec7n l\u1ed7 b\u1eadc\"}]},{\"@type\":\"WebSite\",\"@id\":\"https:\/\/web.webrt.net\/phongvu\/#website\",\"url\":\"https:\/\/web.webrt.net\/phongvu\/\",\"name\":\"Phong V\u0169\",\"description\":\"\",\"potentialAction\":[{\"@type\":\"SearchAction\",\"target\":{\"@type\":\"EntryPoint\",\"urlTemplate\":\"https:\/\/web.webrt.net\/phongvu\/?s={search_term_string}\"},\"query-input\":\"required name=search_term_string\"}],\"inLanguage\":\"vi\"}]}<\/script>\n<!-- \/ Yoast SEO plugin. -->","yoast_head_json":{"title":"S\u1ea3n ph\u1ea9m gia c\u00f4ng ti\u1ec7n l\u1ed7 b\u1eadc - Phong V\u0169","robots":{"index":"index","follow":"follow","max-snippet":"max-snippet:-1","max-image-preview":"max-image-preview:large","max-video-preview":"max-video-preview:-1"},"canonical":"https:\/\/web.webrt.net\/phongvu\/?product=san-pham-gia-cong-tien-lo-bac","og_locale":"vi_VN","og_type":"article","og_title":"S\u1ea3n ph\u1ea9m gia c\u00f4ng ti\u1ec7n l\u1ed7 b\u1eadc - Phong V\u0169","og_description":"S\u1ea3n ph\u1ea9m gia c\u00f4ng ti\u1ec7n l\u1ed7 b\u1eadc   Gia c\u00f4ng c\u00e1c lo\u1ea1i chi ti\u1ebft m\u00e1y theo y\u00eau c\u1ea7u kh\u00e1ch h\u00e0ng t\u1ea1i H\u00e0 N\u1ed9i.  Gia c\u00f4ng CNC h\u00e0ng lo\u1ea1t v\u1edbi \u0111\u1ed9 ch\u00ednh x\u00e1c cao, s\u1ea3n ph\u1ea9m \u0111\u1ed3ng \u0111\u1ec1u trong th\u1eddi gian ng\u1eafn.  Thi\u1ebft k\u1ebf, gia c\u00f4ng v\u00e0 ki\u1ec3m so\u00e1t ch\u1ea5t l\u01b0\u1ee3ng theo h\u1ec7 th\u1ed1ng ISO 9001.","og_url":"https:\/\/web.webrt.net\/phongvu\/?product=san-pham-gia-cong-tien-lo-bac","og_site_name":"Phong V\u0169","article_modified_time":"2023-07-15T04:01:20+00:00","og_image":[{"width":600,"height":338,"url":"https:\/\/web.webrt.net\/phongvu\/wp-content\/uploads\/2023\/07\/Gia-cong-chi-tiet-tien-lo-CNC-TNT010-2-600x338-1.jpg","type":"image\/jpeg"}],"twitter_card":"summary_large_image","twitter_misc":{"\u01af\u1edbc t\u00ednh th\u1eddi gian \u0111\u1ecdc":"2 ph\u00fat"},"schema":{"@context":"https:\/\/schema.org","@graph":[{"@type":"WebPage","@id":"https:\/\/web.webrt.net\/phongvu\/?product=san-pham-gia-cong-tien-lo-bac","url":"https:\/\/web.webrt.net\/phongvu\/?product=san-pham-gia-cong-tien-lo-bac","name":"S\u1ea3n ph\u1ea9m gia c\u00f4ng ti\u1ec7n l\u1ed7 b\u1eadc - Phong V\u0169","isPartOf":{"@id":"https:\/\/web.webrt.net\/phongvu\/#website"},"datePublished":"2023-07-15T03:59:24+00:00","dateModified":"2023-07-15T04:01:20+00:00","breadcrumb":{"@id":"https:\/\/web.webrt.net\/phongvu\/?product=san-pham-gia-cong-tien-lo-bac#breadcrumb"},"inLanguage":"vi","potentialAction":[{"@type":"ReadAction","target":["https:\/\/web.webrt.net\/phongvu\/?product=san-pham-gia-cong-tien-lo-bac"]}]},{"@type":"BreadcrumbList","@id":"https:\/\/web.webrt.net\/phongvu\/?product=san-pham-gia-cong-tien-lo-bac#breadcrumb","itemListElement":[{"@type":"ListItem","position":1,"name":"Trang ch\u1ee7","item":"https:\/\/web.webrt.net\/phongvu\/"},{"@type":"ListItem","position":2,"name":"S\u1ea3n ph\u1ea9m","item":"https:\/\/web.webrt.net\/phongvu\/?post_type=product"},{"@type":"ListItem","position":3,"name":"S\u1ea3n ph\u1ea9m gia c\u00f4ng ti\u1ec7n l\u1ed7 b\u1eadc"}]},{"@type":"WebSite","@id":"https:\/\/web.webrt.net\/phongvu\/#website","url":"https:\/\/web.webrt.net\/phongvu\/","name":"Phong V\u0169","description":"","potentialAction":[{"@type":"SearchAction","target":{"@type":"EntryPoint","urlTemplate":"https:\/\/web.webrt.net\/phongvu\/?s={search_term_string}"},"query-input":"required name=search_term_string"}],"inLanguage":"vi"}]}},"_links":{"self":[{"href":"https:\/\/web.webrt.net\/phongvu\/index.php?rest_route=\/wp\/v2\/product\/3365"}],"collection":[{"href":"https:\/\/web.webrt.net\/phongvu\/index.php?rest_route=\/wp\/v2\/product"}],"about":[{"href":"https:\/\/web.webrt.net\/phongvu\/index.php?rest_route=\/wp\/v2\/types\/product"}],"replies":[{"embeddable":true,"href":"https:\/\/web.webrt.net\/phongvu\/index.php?rest_route=%2Fwp%2Fv2%2Fcomments&post=3365"}],"wp:featuredmedia":[{"embeddable":true,"href":"https:\/\/web.webrt.net\/phongvu\/index.php?rest_route=\/wp\/v2\/media\/3366"}],"wp:attachment":[{"href":"https:\/\/web.webrt.net\/phongvu\/index.php?rest_route=%2Fwp%2Fv2%2Fmedia&parent=3365"}],"wp:term":[{"taxonomy":"product_cat","embeddable":true,"href":"https:\/\/web.webrt.net\/phongvu\/index.php?rest_route=%2Fwp%2Fv2%2Fproduct_cat&post=3365"},{"taxonomy":"product_tag","embeddable":true,"href":"https:\/\/web.webrt.net\/phongvu\/index.php?rest_route=%2Fwp%2Fv2%2Fproduct_tag&post=3365"}],"curies":[{"name":"wp","href":"https:\/\/api.w.org\/{rel}","templated":true}]}}