{"id":3333,"date":"2023-07-15T02:26:12","date_gmt":"2023-07-15T02:26:12","guid":{"rendered":"https:\/\/web.webrt.net\/phongvu\/?post_type=product&#038;p=3333"},"modified":"2023-07-15T02:33:46","modified_gmt":"2023-07-15T02:33:46","slug":"gia-cong-phay-vo-khuon","status":"publish","type":"product","link":"https:\/\/web.webrt.net\/phongvu\/?product=gia-cong-phay-vo-khuon","title":{"rendered":"Gia c\u00f4ng phay v\u1ecf khu\u00f4n"},"content":{"rendered":"<div id=\"ez-toc-container\" class=\"ez-toc-v2_0_50 counter-hierarchy ez-toc-counter ez-toc-grey ez-toc-container-direction\">\n<div class=\"ez-toc-title-container\">\n<p class=\"ez-toc-title\">M\u1ee5c l\u1ee5c<\/p>\n<span class=\"ez-toc-title-toggle\"><a href=\"#\" class=\"ez-toc-pull-right ez-toc-btn ez-toc-btn-xs ez-toc-btn-default ez-toc-toggle\" aria-label=\"Toggle Table of Content\" role=\"button\"><label for=\"item-69d099d37e1bd\" aria-hidden=\"true\"><span style=\"display: flex;align-items: center;width: 35px;height: 30px;justify-content: center;direction:ltr;\"><svg style=\"fill: #999;color:#999\" xmlns=\"http:\/\/www.w3.org\/2000\/svg\" class=\"list-377408\" width=\"20px\" height=\"20px\" viewBox=\"0 0 24 24\" fill=\"none\"><path d=\"M6 6H4v2h2V6zm14 0H8v2h12V6zM4 11h2v2H4v-2zm16 0H8v2h12v-2zM4 16h2v2H4v-2zm16 0H8v2h12v-2z\" fill=\"currentColor\"><\/path><\/svg><svg style=\"fill: #999;color:#999\" class=\"arrow-unsorted-368013\" xmlns=\"http:\/\/www.w3.org\/2000\/svg\" width=\"10px\" height=\"10px\" viewBox=\"0 0 24 24\" version=\"1.2\" baseProfile=\"tiny\"><path d=\"M18.2 9.3l-6.2-6.3-6.2 6.3c-.2.2-.3.4-.3.7s.1.5.3.7c.2.2.4.3.7.3h11c.3 0 .5-.1.7-.3.2-.2.3-.5.3-.7s-.1-.5-.3-.7zM5.8 14.7l6.2 6.3 6.2-6.3c.2-.2.3-.5.3-.7s-.1-.5-.3-.7c-.2-.2-.4-.3-.7-.3h-11c-.3 0-.5.1-.7.3-.2.2-.3.5-.3.7s.1.5.3.7z\"\/><\/svg><\/span><\/label><input  type=\"checkbox\" id=\"item-69d099d37e1bd\"><\/a><\/span><\/div>\n<nav><ul class='ez-toc-list ez-toc-list-level-1 ' ><li class='ez-toc-page-1 ez-toc-heading-level-2'><a class=\"ez-toc-link ez-toc-heading-1\" href=\"https:\/\/web.webrt.net\/phongvu\/?product=gia-cong-phay-vo-khuon\/#Gia_cong_phay_vo_khuon_mau\" title=\"Gia c\u00f4ng phay v\u1ecf khu\u00f4n m\u1eabu\">Gia c\u00f4ng phay v\u1ecf khu\u00f4n m\u1eabu<\/a><ul class='ez-toc-list-level-3'><li class='ez-toc-heading-level-3'><a class=\"ez-toc-link ez-toc-heading-2\" href=\"https:\/\/web.webrt.net\/phongvu\/?product=gia-cong-phay-vo-khuon\/#Dich_vu_ho_tro\" title=\"D\u1ecbch v\u1ee5 h\u1ed7 tr\u1ee3:\">D\u1ecbch v\u1ee5 h\u1ed7 tr\u1ee3:<\/a><\/li><li class='ez-toc-page-1 ez-toc-heading-level-3'><a class=\"ez-toc-link ez-toc-heading-3\" href=\"https:\/\/web.webrt.net\/phongvu\/?product=gia-cong-phay-vo-khuon\/#Vat_lieu\" title=\"V\u1eadt li\u1ec7u:\">V\u1eadt li\u1ec7u:<\/a><\/li><\/ul><\/li><li class='ez-toc-page-1 ez-toc-heading-level-2'><a class=\"ez-toc-link ez-toc-heading-4\" href=\"https:\/\/web.webrt.net\/phongvu\/?product=gia-cong-phay-vo-khuon\/#Quy_trinh_gia_cong_phay_vo_khuon_Base_cua_chung_toi\" title=\"Quy tr\u00ecnh gia c\u00f4ng phay v\u1ecf khu\u00f4n ( Base) c\u1ee7a ch\u00fang t\u00f4i\">Quy tr\u00ecnh gia c\u00f4ng phay v\u1ecf khu\u00f4n ( Base) c\u1ee7a ch\u00fang t\u00f4i<\/a><\/li><li class='ez-toc-page-1 ez-toc-heading-level-2'><a class=\"ez-toc-link ez-toc-heading-5\" href=\"https:\/\/web.webrt.net\/phongvu\/?product=gia-cong-phay-vo-khuon\/#Hay_lien_he_ngay_voi_chung_toi_de_duoc_phuc_vu_tot_nhat\" title=\"H\u00e3y li\u00ean h\u1ec7 ngay v\u1edbi ch\u00fang t\u00f4i \u0111\u1ec3 \u0111\u01b0\u1ee3c ph\u1ee5c v\u1ee5 t\u1ed1t nh\u1ea5t!\">H\u00e3y li\u00ean h\u1ec7 ngay v\u1edbi ch\u00fang t\u00f4i \u0111\u1ec3 \u0111\u01b0\u1ee3c ph\u1ee5c v\u1ee5 t\u1ed1t nh\u1ea5t!<\/a><\/li><\/ul><\/nav><\/div>\n<p>Ch\u00fang t\u00f4i chuy\u00ean gia c\u00f4ng c\u01a1 kh\u00ed c\u00e1c chi ti\u1ebft m\u00e1y c\u00f4ng nghi\u1ec7p y\u00eau c\u1ea7u \u0111\u1ed9 ch\u00ednh x\u00e1c cao (c\u1ea5p 7, H7) c\u00f3 k\u00edch th\u01b0\u1edbc v\u1eeba v\u00e0 nh\u1ecf, s\u1ed1 l\u01b0\u1ee3ng nh\u1ecf h\u01a1n 500 c\u00e1i t\u1ea1i H\u00e0 N\u1ed9i.<\/p>\n<h2 id=\"ftoc-heading-1\" class=\"ftwp-heading\"><span class=\"ez-toc-section\" id=\"Gia_cong_phay_vo_khuon_mau\"><\/span><span id=\"1_Gia_cong_co_khi_khuon_mau_la_gi\"><strong>Gia c\u00f4ng phay v\u1ecf khu\u00f4n m\u1eabu<\/strong><\/span><span class=\"ez-toc-section-end\"><\/span><\/h2>\n<p>Gia c\u00f4ng Phay v\u1ecf khu\u00f4n m\u1eabu l\u00e0 qu\u00e1 tr\u00ecnh s\u1eed d\u1ee5ng m\u00e1y m\u00f3c \u0111\u1ec3 gia c\u00f4ng tr\u00ean c\u00e1c\u00a0<strong>v\u1eadt li\u1ec7u kim lo\u1ea1i v\u00e0 h\u1ee3p kim<\/strong>\u00a0\u0111\u1ec3 t\u1ea1o ra khu\u00f4n cho s\u1ea3n ph\u1ea9m. M\u1ee5c \u0111\u00edch c\u1ee7a khu\u00f4n m\u1eabu l\u00e0 t\u1ea1o h\u00ecnh cho s\u1ea3n ph\u1ea9m \u1edf m\u1ed9t ho\u1eb7c m\u1ed9t s\u1ed1 c\u00f4ng \u0111o\u1ea1n n\u00e0o \u0111\u00f3 trong qu\u00e1 tr\u00ecnh s\u1ea3n xu\u1ea5t. Thay th\u1ebf cho qu\u00e1 tr\u00ecnh t\u1ea1o h\u00ecnh th\u1ee7 c\u00f4ng c\u1ee7a con ng\u01b0\u1eddi, r\u00fat ng\u1eafn th\u1eddi gian v\u00e0 t\u1ea1o h\u00ecnh s\u1ea3n ph\u1ea9m ch\u00ednh x\u00e1c. K\u1ebft c\u1ea5u v\u00e0 k\u00edch th\u01b0\u1edbc c\u1ee7a m\u1ed7i khu\u00f4n m\u1eabu kh\u00e1c nhau, \u0111\u01b0\u1ee3c l\u00e0m d\u1ef1a tr\u00ean h\u00ecnh d\u00e1ng, k\u00edch th\u01b0\u1edbc c\u1ee7a s\u1ea3n ph\u1ea9m c\u1ea7n t\u1ea1o ra.<\/p>\n<p><img decoding=\"async\" loading=\"lazy\" class=\"size-full wp-image-3337 aligncenter\" src=\"https:\/\/web.webrt.net\/phongvu\/wp-content\/uploads\/2023\/07\/Gia-cong-phay-vo-khuon-4.jpg\" alt=\"\" width=\"800\" height=\"376\" srcset=\"https:\/\/web.webrt.net\/phongvu\/wp-content\/uploads\/2023\/07\/Gia-cong-phay-vo-khuon-4.jpg 800w, https:\/\/web.webrt.net\/phongvu\/wp-content\/uploads\/2023\/07\/Gia-cong-phay-vo-khuon-4-768x361.jpg 768w, https:\/\/web.webrt.net\/phongvu\/wp-content\/uploads\/2023\/07\/Gia-cong-phay-vo-khuon-4-600x282.jpg 600w\" sizes=\"(max-width: 800px) 100vw, 800px\" \/><\/p>\n<h3 id=\"ftoc-heading-2\" class=\"ftwp-heading\"><span class=\"ez-toc-section\" id=\"Dich_vu_ho_tro\"><\/span><strong>D\u1ecbch v\u1ee5 h\u1ed7 tr\u1ee3:<\/strong><span class=\"ez-toc-section-end\"><\/span><\/h3>\n<p>+ Xi m\u1ea1: M\u1ea1 crom, nhu\u1ed9m \u0111en, s\u01a1n t\u0129nh \u0111i\u1ec7n<br \/>\n+ Nhi\u1ec7t luy\u1ec7n: Ch\u00e2n kh\u00f4ng, th\u1ec3 t\u00edch, cao t\u1ea7n (ch\u1ec9 c\u1ee9ng b\u1ec1 m\u1eb7t).<\/p>\n<h3 id=\"ftoc-heading-3\" class=\"ftwp-heading\"><span class=\"ez-toc-section\" id=\"Vat_lieu\"><\/span><strong>V\u1eadt li\u1ec7u:<\/strong><span class=\"ez-toc-section-end\"><\/span><\/h3>\n<p>+ Th\u00e9p h\u1ee3p kim: S45C, S50C, SKD61, SKD11, M2, D2.<br \/>\n+ Th\u00e9p th\u00f4ng th\u01b0\u1eddng: CT3, SS400.<br \/>\n+ Th\u00e9p ch\u1ed1ng r\u1ec9: SUS201, SUS304, SUS420.<\/p>\n<p><img decoding=\"async\" loading=\"lazy\" class=\"size-full wp-image-3338 aligncenter\" src=\"https:\/\/web.webrt.net\/phongvu\/wp-content\/uploads\/2023\/07\/Gia-cong-phay-vo-khuon-3.jpg\" alt=\"\" width=\"800\" height=\"414\" srcset=\"https:\/\/web.webrt.net\/phongvu\/wp-content\/uploads\/2023\/07\/Gia-cong-phay-vo-khuon-3.jpg 800w, https:\/\/web.webrt.net\/phongvu\/wp-content\/uploads\/2023\/07\/Gia-cong-phay-vo-khuon-3-773x400.jpg 773w, https:\/\/web.webrt.net\/phongvu\/wp-content\/uploads\/2023\/07\/Gia-cong-phay-vo-khuon-3-768x397.jpg 768w, https:\/\/web.webrt.net\/phongvu\/wp-content\/uploads\/2023\/07\/Gia-cong-phay-vo-khuon-3-600x311.jpg 600w\" sizes=\"(max-width: 800px) 100vw, 800px\" \/><\/p>\n<h2 id=\"ftoc-heading-4\" class=\"ftwp-heading\"><span class=\"ez-toc-section\" id=\"Quy_trinh_gia_cong_phay_vo_khuon_Base_cua_chung_toi\"><\/span><strong>Quy tr\u00ecnh gia c\u00f4ng phay v\u1ecf khu\u00f4n ( Base) c\u1ee7a ch\u00fang t\u00f4i<\/strong><span class=\"ez-toc-section-end\"><\/span><\/h2>\n<p>V\u1ec1 c\u01a1 b\u1ea3n, gia c\u00f4ng CNC trong khu\u00f4n m\u1eabu nguy\u00ean l\u00fd gi\u1ed1ng nh\u01b0 gia c\u00f4ng CNC trong s\u1ea3n xu\u1ea5t chi ti\u1ebft m\u00e1y hay c\u00e1c linh ki\u1ec7n th\u00f4ng th\u01b0\u1eddng kh\u00e1c; nh\u01b0ng v\u1ec1 t\u00ednh ch\u1ea5t th\u00ec h\u01a1i kh\u00e1c 1 ch\u00fat. Gia c\u00f4ng khu\u00f4n \u0111\u00f2i h\u1ecfi \u0111\u1ed9 ch\u00ednh x\u00e1c cao, m\u1ed9t ph\u1ea7n do y\u00eau c\u1ea7u c\u1ee7a b\u1ea3n v\u1ebd c\u00e1c dung sai \u0111\u1ec1u nghi\u00eam ng\u1eb7t \u0111\u1ec3 tr\u00e1nh t\u00ecnh tr\u1ea1ng via c\u1ee7a s\u1ea3n ph\u1ea9m sau khi \u0111\u00fac; m\u1ed9t ph\u1ea7n kh\u00e1c l\u00e0 do gi\u00e1 tr\u1ecb c\u1ee7a ph\u00f4i l\u00e0m khu\u00f4n r\u1ea5t \u0111\u1eaft ti\u1ec1n, n\u00ean ch\u1ec9 c\u1ea7n 1 s\u1ef1 l\u01a1 l\u00e0 hay sai h\u1ecfng nh\u1ecf l\u00e0 thi\u1ec7t h\u1ea1i s\u1ebd r\u1ea5t l\u1edbn!<\/p>\n<p>V\u00ec v\u1eady, C\u00e1c b\u1ea1n v\u1eadn h\u00e0nh m\u00e1y tuy\u1ec7t \u0111\u1ed1i tu\u00e2n th\u1ee7 quy tr\u00ecnh sau \u0111\u1ec3 gi\u1ea3m thi\u1ec3u sai s\u00f3t trong qu\u00e1 tr\u00ecnh gia c\u00f4ng v\u1ecf khu\u00f4n, l\u00f5i khu\u00f4n m\u00e0 v\u1eabn \u0111\u1ea1t t\u1ed1c \u0111\u1ed9 cao nh\u00e9.<br \/>\n<span id=\"more-4989\"><\/span><\/p>\n<p>B\u01b0\u1edbc 1: Nh\u1eadn b\u1ea3n v\u1ebd v\u1ecf khu\u00f4n- mold base 2D ho\u1eb7c 3D t\u1eeb kh\u00e1ch h\u00e0ng<\/p>\n<p>B\u01b0\u1edbc 2: Ki\u1ec3m tra s\u01a1 b\u1ed9 b\u1ea3n v\u1ebd v\u1ecf khu\u00f4n- Mold base<\/p>\n<p>B\u01b0\u1edbc 3: L\u1eadp danh s\u00e1ch v\u1eadt t\u01b0, ph\u1ee5 ki\u1ec7n ph\u1ee5 v\u1ee5 mua h\u00e0ng<\/p>\n<p>B\u01b0\u1edbc 4: Ki\u1ec3m tra to\u00e0n b\u1ed9 k\u1ebft c\u1ea5u v\u1ecf khu\u00f4n( mold base) n\u1ebfu ph\u00e1t hi\u1ec7n b\u1ea5t th\u01b0\u1eddng v\u1ec1 thi\u1ebft k\u1ebf, b\u00e1o l\u1ea1i kh\u00e1ch h\u00e0ng ch\u1ec9nh s\u1eeda<\/p>\n<p>B\u01b0\u1edbc 5: Ch\u1ec9nh s\u1eeda b\u1ea3n v\u1ebd 3D ph\u00f9 h\u1ee3p\u2013&gt; chi\u1ebfu 2D\u2013&gt; B\u00f3c t\u00e1ch b\u1ea3n v\u1ebd t\u1eebng t\u1ea5m c\u1ee7a v\u1ecf khu\u00f4n- Mold base \u0111\u1ec3 gia c\u00f4ng<\/p>\n<p>B\u01b0\u1edbc 6: G\u1eedi l\u1ea1i kh\u00e1ch h\u00e0ng check dung sai c\u1ee7a mold base<\/p>\n<p>B\u01b0\u1edbc 7: Chuy\u1ec3n b\u1ea3n v\u1ebd 3D sang b\u1ed9 ph\u1eadn l\u1eadp tr\u00ecnh<\/p>\n<p>B\u01b0\u1edbc 8: Xu\u1ea5t tr\u00ecnh sang m\u00e1y CNC gia c\u00f4ng, t\u1ea1i \u0111\u00e2y QC t\u1eebng c\u00f4ng \u0111o\u1ea1n ph\u00e1t hi\u1ec7n l\u1ed7i (n\u1ebfu c\u00f3)<\/p>\n<p>B\u01b0\u1edbc 9: Mua h\u00e0ng v\u1ec1 ti\u1ebfn h\u00e0nh QC \u0111\u1ea7u v\u00e0o v\u00e0 nh\u1eadp kho<\/p>\n<p>B\u01b0\u1edbc 10: Khoan \u0111\u01b0\u1eddng n\u01b0\u1edbc tr\u00ean 2 m\u00e1y khoan c\u1ea7n, l\u00e0m m\u00f3c c\u1ea9u, bulong s\u01b0\u1eddn, sau \u0111\u00f3 chuy\u1ec3n Taro ren tr\u00ean m\u00e1y taro t\u1ef1 \u0111\u1ed9ng, QC ki\u1ec3m tra tr\u00e1nh l\u1ecdt l\u1ed7i.<\/p>\n<p>B\u01b0\u1edbc 11: L\u1eafp r\u00e1p, QC test v\u1ecf khu\u00f4n- mold base tr\u01a1n tru v\u00e0 ngo\u1ea1i quan t\u1ed5ng th\u1ec3.<\/p>\n<p>B\u01b0\u1edbc 12: Bao g\u00f3i theo ti\u00eau chu\u1ea9n k\u00e8m check sheet m\u00e3 mold base theo y\u00eau c\u1ea7u.<\/p>\n<p><img decoding=\"async\" loading=\"lazy\" class=\"size-full wp-image-3339 aligncenter\" src=\"https:\/\/web.webrt.net\/phongvu\/wp-content\/uploads\/2023\/07\/Gia-cong-phay-vo-khuon-7.jpg\" alt=\"\" width=\"800\" height=\"378\" srcset=\"https:\/\/web.webrt.net\/phongvu\/wp-content\/uploads\/2023\/07\/Gia-cong-phay-vo-khuon-7.jpg 800w, https:\/\/web.webrt.net\/phongvu\/wp-content\/uploads\/2023\/07\/Gia-cong-phay-vo-khuon-7-768x363.jpg 768w, https:\/\/web.webrt.net\/phongvu\/wp-content\/uploads\/2023\/07\/Gia-cong-phay-vo-khuon-7-600x284.jpg 600w\" sizes=\"(max-width: 800px) 100vw, 800px\" \/><\/p>\n<h2 id=\"ftoc-heading-5\" class=\"ftwp-heading\"><span class=\"ez-toc-section\" id=\"Hay_lien_he_ngay_voi_chung_toi_de_duoc_phuc_vu_tot_nhat\"><\/span><strong>H\u00e3y li\u00ean h\u1ec7 ngay v\u1edbi ch\u00fang t\u00f4i \u0111\u1ec3 \u0111\u01b0\u1ee3c ph\u1ee5c v\u1ee5 t\u1ed1t nh\u1ea5t!<\/strong><span class=\"ez-toc-section-end\"><\/span><\/h2>\n<p>\u0110\u1ebfn v\u1edbi<strong> Phong V\u0169<\/strong> qu\u00fd kh\u00e1ch h\u00e0ng s\u1ebd \u0111\u01b0\u1ee3c <strong>\u00a0thi\u1ebft k\u1ebf, ch\u1ebf t\u1ea1o, l\u1eafp r\u00e1p c\u00e1c lo\u1ea1i v\u1ecf khu\u00f4n<\/strong>\u00a0 theo y\u00eau c\u1ea7u c\u1ee7a kh\u00e1ch h\u00e0ng ho\u00e0n to\u00e0n\u00a0<strong>Mi\u1ec5n Ph\u00ed.<\/strong>\u00a0\u0110\u01b0\u1ee3c chuy\u00ean vi\u00ean k\u1ef9 thu\u1eadt t\u01b0 v\u1ea5n thi\u1ebft k\u1ebf, l\u00ean ph\u01b0\u01a1ng \u00e1n k\u1ef9 thu\u1eadt, cung c\u1ea5p b\u1ea3n v\u1ebd thi\u1ebft k\u1ebf, \u0111\u1ed3ng th\u1eddi c\u00f9ng ph\u01b0\u01a1ng \u00e1n gi\u00e1 \u0111\u1ec3 doanh nghi\u1ec7p l\u1ef1a ch\u1ecdn v\u1edbi ch\u1ea5t l\u01b0\u1ee3ng h\u00e0ng h\u00f3a t\u1ed1t nh\u1ea5t. ho\u1eb7c tr\u1ef1c ti\u1ebfp t\u1ea1i x\u01b0\u1edfng gia\u00a0 \u0111\u1ec3 tham quan quy tr\u00ecnh v\u00e0 h\u1ec7 th\u1ed1ng m\u00e1y m\u00f3c gia c\u00f4ng hi\u1ec7n \u0111\u1ea1i c\u1ee7a ch\u00fang t\u00f4i nh\u00e9<\/p>\n","protected":false},"excerpt":{"rendered":"<ul>\n<li>Gia c\u00f4ng Phay CNC v\u1ecf khu\u00f4n theo y\u00eau c\u1ea7u kh\u00e1ch h\u00e0ng t\u1ea1i H\u00e0 N\u1ed9i.<\/li>\n<li>Gia c\u00f4ng CNC h\u00e0ng lo\u1ea1t v\u1edbi \u0111\u1ed9 ch\u00ednh x\u00e1c cao, s\u1ea3n ph\u1ea9m \u0111\u1ed3ng \u0111\u1ec1u trong th\u1eddi gian ng\u1eafn.<\/li>\n<li>Thi\u1ebft k\u1ebf, gia c\u00f4ng v\u00e0 ki\u1ec3m so\u00e1t ch\u1ea5t l\u01b0\u1ee3ng theo h\u1ec7 th\u1ed1ng ISO 9001.<\/li>\n<li>Kh\u00e1ch h\u00e0ng c\u00f3 nhu c\u1ea7u \u0111\u1eb7t h\u00e0ng vui l\u00f2ng li\u00ean h\u1ec7 \u0111\u1ec3 \u0111\u01b0\u1ee3c t\u01b0 v\u1ea5n v\u00e0 h\u1ed7 tr\u1ee3:<\/li>\n<\/ul>\n","protected":false},"featured_media":3334,"comment_status":"open","ping_status":"closed","template":"","meta":[],"product_cat":[191,192],"product_tag":[],"yoast_head":"<!-- This site is optimized with the Yoast SEO plugin v20.9 - https:\/\/yoast.com\/wordpress\/plugins\/seo\/ -->\n<title>Gia c\u00f4ng phay v\u1ecf khu\u00f4n - Phong V\u0169<\/title>\n<meta name=\"robots\" content=\"index, follow, max-snippet:-1, max-image-preview:large, max-video-preview:-1\" \/>\n<link rel=\"canonical\" href=\"https:\/\/web.webrt.net\/phongvu\/?product=gia-cong-phay-vo-khuon\" \/>\n<meta property=\"og:locale\" content=\"vi_VN\" \/>\n<meta property=\"og:type\" content=\"article\" \/>\n<meta property=\"og:title\" content=\"Gia c\u00f4ng phay v\u1ecf khu\u00f4n - Phong V\u0169\" \/>\n<meta property=\"og:description\" content=\"Gia c\u00f4ng Phay CNC v\u1ecf khu\u00f4n theo y\u00eau c\u1ea7u kh\u00e1ch h\u00e0ng t\u1ea1i H\u00e0 N\u1ed9i.  Gia c\u00f4ng CNC h\u00e0ng lo\u1ea1t v\u1edbi \u0111\u1ed9 ch\u00ednh x\u00e1c cao, s\u1ea3n ph\u1ea9m \u0111\u1ed3ng \u0111\u1ec1u trong th\u1eddi gian ng\u1eafn.  Thi\u1ebft k\u1ebf, gia c\u00f4ng v\u00e0 ki\u1ec3m so\u00e1t ch\u1ea5t l\u01b0\u1ee3ng theo h\u1ec7 th\u1ed1ng ISO 9001.  Kh\u00e1ch h\u00e0ng c\u00f3 nhu c\u1ea7u \u0111\u1eb7t h\u00e0ng vui l\u00f2ng li\u00ean h\u1ec7 \u0111\u1ec3 \u0111\u01b0\u1ee3c t\u01b0 v\u1ea5n v\u00e0 h\u1ed7 tr\u1ee3:\" \/>\n<meta property=\"og:url\" content=\"https:\/\/web.webrt.net\/phongvu\/?product=gia-cong-phay-vo-khuon\" \/>\n<meta property=\"og:site_name\" content=\"Phong V\u0169\" \/>\n<meta property=\"article:modified_time\" content=\"2023-07-15T02:33:46+00:00\" \/>\n<meta property=\"og:image\" content=\"https:\/\/web.webrt.net\/phongvu\/wp-content\/uploads\/2023\/07\/Gia-cong-phay-vo-khuon-5-600x337-1.jpg\" \/>\n\t<meta property=\"og:image:width\" content=\"600\" \/>\n\t<meta property=\"og:image:height\" content=\"337\" \/>\n\t<meta property=\"og:image:type\" content=\"image\/jpeg\" \/>\n<meta name=\"twitter:card\" content=\"summary_large_image\" \/>\n<meta name=\"twitter:label1\" content=\"\u01af\u1edbc t\u00ednh th\u1eddi gian \u0111\u1ecdc\" \/>\n\t<meta name=\"twitter:data1\" content=\"5 ph\u00fat\" \/>\n<script type=\"application\/ld+json\" class=\"yoast-schema-graph\">{\"@context\":\"https:\/\/schema.org\",\"@graph\":[{\"@type\":\"WebPage\",\"@id\":\"https:\/\/web.webrt.net\/phongvu\/?product=gia-cong-phay-vo-khuon\",\"url\":\"https:\/\/web.webrt.net\/phongvu\/?product=gia-cong-phay-vo-khuon\",\"name\":\"Gia c\u00f4ng phay v\u1ecf khu\u00f4n - Phong V\u0169\",\"isPartOf\":{\"@id\":\"https:\/\/web.webrt.net\/phongvu\/#website\"},\"datePublished\":\"2023-07-15T02:26:12+00:00\",\"dateModified\":\"2023-07-15T02:33:46+00:00\",\"breadcrumb\":{\"@id\":\"https:\/\/web.webrt.net\/phongvu\/?product=gia-cong-phay-vo-khuon#breadcrumb\"},\"inLanguage\":\"vi\",\"potentialAction\":[{\"@type\":\"ReadAction\",\"target\":[\"https:\/\/web.webrt.net\/phongvu\/?product=gia-cong-phay-vo-khuon\"]}]},{\"@type\":\"BreadcrumbList\",\"@id\":\"https:\/\/web.webrt.net\/phongvu\/?product=gia-cong-phay-vo-khuon#breadcrumb\",\"itemListElement\":[{\"@type\":\"ListItem\",\"position\":1,\"name\":\"Trang ch\u1ee7\",\"item\":\"https:\/\/web.webrt.net\/phongvu\/\"},{\"@type\":\"ListItem\",\"position\":2,\"name\":\"S\u1ea3n ph\u1ea9m\",\"item\":\"https:\/\/web.webrt.net\/phongvu\/?post_type=product\"},{\"@type\":\"ListItem\",\"position\":3,\"name\":\"Gia c\u00f4ng phay v\u1ecf khu\u00f4n\"}]},{\"@type\":\"WebSite\",\"@id\":\"https:\/\/web.webrt.net\/phongvu\/#website\",\"url\":\"https:\/\/web.webrt.net\/phongvu\/\",\"name\":\"Phong V\u0169\",\"description\":\"\",\"potentialAction\":[{\"@type\":\"SearchAction\",\"target\":{\"@type\":\"EntryPoint\",\"urlTemplate\":\"https:\/\/web.webrt.net\/phongvu\/?s={search_term_string}\"},\"query-input\":\"required name=search_term_string\"}],\"inLanguage\":\"vi\"}]}<\/script>\n<!-- \/ Yoast SEO plugin. -->","yoast_head_json":{"title":"Gia c\u00f4ng phay v\u1ecf khu\u00f4n - Phong V\u0169","robots":{"index":"index","follow":"follow","max-snippet":"max-snippet:-1","max-image-preview":"max-image-preview:large","max-video-preview":"max-video-preview:-1"},"canonical":"https:\/\/web.webrt.net\/phongvu\/?product=gia-cong-phay-vo-khuon","og_locale":"vi_VN","og_type":"article","og_title":"Gia c\u00f4ng phay v\u1ecf khu\u00f4n - Phong V\u0169","og_description":"Gia c\u00f4ng Phay CNC v\u1ecf khu\u00f4n theo y\u00eau c\u1ea7u kh\u00e1ch h\u00e0ng t\u1ea1i H\u00e0 N\u1ed9i.  Gia c\u00f4ng CNC h\u00e0ng lo\u1ea1t v\u1edbi \u0111\u1ed9 ch\u00ednh x\u00e1c cao, s\u1ea3n ph\u1ea9m \u0111\u1ed3ng \u0111\u1ec1u trong th\u1eddi gian ng\u1eafn.  Thi\u1ebft k\u1ebf, gia c\u00f4ng v\u00e0 ki\u1ec3m so\u00e1t ch\u1ea5t l\u01b0\u1ee3ng theo h\u1ec7 th\u1ed1ng ISO 9001.  Kh\u00e1ch h\u00e0ng c\u00f3 nhu c\u1ea7u \u0111\u1eb7t h\u00e0ng vui l\u00f2ng li\u00ean h\u1ec7 \u0111\u1ec3 \u0111\u01b0\u1ee3c t\u01b0 v\u1ea5n v\u00e0 h\u1ed7 tr\u1ee3:","og_url":"https:\/\/web.webrt.net\/phongvu\/?product=gia-cong-phay-vo-khuon","og_site_name":"Phong V\u0169","article_modified_time":"2023-07-15T02:33:46+00:00","og_image":[{"width":600,"height":337,"url":"https:\/\/web.webrt.net\/phongvu\/wp-content\/uploads\/2023\/07\/Gia-cong-phay-vo-khuon-5-600x337-1.jpg","type":"image\/jpeg"}],"twitter_card":"summary_large_image","twitter_misc":{"\u01af\u1edbc t\u00ednh th\u1eddi gian \u0111\u1ecdc":"5 ph\u00fat"},"schema":{"@context":"https:\/\/schema.org","@graph":[{"@type":"WebPage","@id":"https:\/\/web.webrt.net\/phongvu\/?product=gia-cong-phay-vo-khuon","url":"https:\/\/web.webrt.net\/phongvu\/?product=gia-cong-phay-vo-khuon","name":"Gia c\u00f4ng phay v\u1ecf khu\u00f4n - Phong V\u0169","isPartOf":{"@id":"https:\/\/web.webrt.net\/phongvu\/#website"},"datePublished":"2023-07-15T02:26:12+00:00","dateModified":"2023-07-15T02:33:46+00:00","breadcrumb":{"@id":"https:\/\/web.webrt.net\/phongvu\/?product=gia-cong-phay-vo-khuon#breadcrumb"},"inLanguage":"vi","potentialAction":[{"@type":"ReadAction","target":["https:\/\/web.webrt.net\/phongvu\/?product=gia-cong-phay-vo-khuon"]}]},{"@type":"BreadcrumbList","@id":"https:\/\/web.webrt.net\/phongvu\/?product=gia-cong-phay-vo-khuon#breadcrumb","itemListElement":[{"@type":"ListItem","position":1,"name":"Trang ch\u1ee7","item":"https:\/\/web.webrt.net\/phongvu\/"},{"@type":"ListItem","position":2,"name":"S\u1ea3n ph\u1ea9m","item":"https:\/\/web.webrt.net\/phongvu\/?post_type=product"},{"@type":"ListItem","position":3,"name":"Gia c\u00f4ng phay v\u1ecf khu\u00f4n"}]},{"@type":"WebSite","@id":"https:\/\/web.webrt.net\/phongvu\/#website","url":"https:\/\/web.webrt.net\/phongvu\/","name":"Phong V\u0169","description":"","potentialAction":[{"@type":"SearchAction","target":{"@type":"EntryPoint","urlTemplate":"https:\/\/web.webrt.net\/phongvu\/?s={search_term_string}"},"query-input":"required name=search_term_string"}],"inLanguage":"vi"}]}},"_links":{"self":[{"href":"https:\/\/web.webrt.net\/phongvu\/index.php?rest_route=\/wp\/v2\/product\/3333"}],"collection":[{"href":"https:\/\/web.webrt.net\/phongvu\/index.php?rest_route=\/wp\/v2\/product"}],"about":[{"href":"https:\/\/web.webrt.net\/phongvu\/index.php?rest_route=\/wp\/v2\/types\/product"}],"replies":[{"embeddable":true,"href":"https:\/\/web.webrt.net\/phongvu\/index.php?rest_route=%2Fwp%2Fv2%2Fcomments&post=3333"}],"wp:featuredmedia":[{"embeddable":true,"href":"https:\/\/web.webrt.net\/phongvu\/index.php?rest_route=\/wp\/v2\/media\/3334"}],"wp:attachment":[{"href":"https:\/\/web.webrt.net\/phongvu\/index.php?rest_route=%2Fwp%2Fv2%2Fmedia&parent=3333"}],"wp:term":[{"taxonomy":"product_cat","embeddable":true,"href":"https:\/\/web.webrt.net\/phongvu\/index.php?rest_route=%2Fwp%2Fv2%2Fproduct_cat&post=3333"},{"taxonomy":"product_tag","embeddable":true,"href":"https:\/\/web.webrt.net\/phongvu\/index.php?rest_route=%2Fwp%2Fv2%2Fproduct_tag&post=3333"}],"curies":[{"name":"wp","href":"https:\/\/api.w.org\/{rel}","templated":true}]}}