{"id":3325,"date":"2023-07-14T11:01:39","date_gmt":"2023-07-14T11:01:39","guid":{"rendered":"https:\/\/web.webrt.net\/phongvu\/?post_type=product&#038;p=3325"},"modified":"2023-07-14T11:03:33","modified_gmt":"2023-07-14T11:03:33","slug":"gia-cong-mai-tron-ngoai","status":"publish","type":"product","link":"https:\/\/web.webrt.net\/phongvu\/?product=gia-cong-mai-tron-ngoai","title":{"rendered":"Gia c\u00f4ng m\u00e0i tr\u00f2n ngo\u00e0i"},"content":{"rendered":"<div id=\"ez-toc-container\" class=\"ez-toc-v2_0_50 counter-hierarchy ez-toc-counter ez-toc-grey ez-toc-container-direction\">\n<div class=\"ez-toc-title-container\">\n<p class=\"ez-toc-title\">M\u1ee5c l\u1ee5c<\/p>\n<span class=\"ez-toc-title-toggle\"><a href=\"#\" class=\"ez-toc-pull-right ez-toc-btn ez-toc-btn-xs ez-toc-btn-default ez-toc-toggle\" aria-label=\"Toggle Table of Content\" role=\"button\"><label for=\"item-69d0c10645b52\" aria-hidden=\"true\"><span style=\"display: flex;align-items: center;width: 35px;height: 30px;justify-content: center;direction:ltr;\"><svg style=\"fill: #999;color:#999\" xmlns=\"http:\/\/www.w3.org\/2000\/svg\" class=\"list-377408\" width=\"20px\" height=\"20px\" viewBox=\"0 0 24 24\" fill=\"none\"><path d=\"M6 6H4v2h2V6zm14 0H8v2h12V6zM4 11h2v2H4v-2zm16 0H8v2h12v-2zM4 16h2v2H4v-2zm16 0H8v2h12v-2z\" fill=\"currentColor\"><\/path><\/svg><svg style=\"fill: #999;color:#999\" class=\"arrow-unsorted-368013\" xmlns=\"http:\/\/www.w3.org\/2000\/svg\" width=\"10px\" height=\"10px\" viewBox=\"0 0 24 24\" version=\"1.2\" baseProfile=\"tiny\"><path d=\"M18.2 9.3l-6.2-6.3-6.2 6.3c-.2.2-.3.4-.3.7s.1.5.3.7c.2.2.4.3.7.3h11c.3 0 .5-.1.7-.3.2-.2.3-.5.3-.7s-.1-.5-.3-.7zM5.8 14.7l6.2 6.3 6.2-6.3c.2-.2.3-.5.3-.7s-.1-.5-.3-.7c-.2-.2-.4-.3-.7-.3h-11c-.3 0-.5.1-.7.3-.2.2-.3.5-.3.7s.1.5.3.7z\"\/><\/svg><\/span><\/label><input  type=\"checkbox\" id=\"item-69d0c10645b52\"><\/a><\/span><\/div>\n<nav><ul class='ez-toc-list ez-toc-list-level-1 ' ><li class='ez-toc-page-1 ez-toc-heading-level-2'><a class=\"ez-toc-link ez-toc-heading-1\" href=\"https:\/\/web.webrt.net\/phongvu\/?product=gia-cong-mai-tron-ngoai\/#Cac_he_so_anh_huong_den_gia_cong_mai_tron\" title=\"C\u00e1c h\u1ec7 s\u1ed1 \u1ea3nh h\u01b0\u1edfng \u0111\u1ebfn gia c\u00f4ng m\u00e0i tr\u00f2n\">C\u00e1c h\u1ec7 s\u1ed1 \u1ea3nh h\u01b0\u1edfng \u0111\u1ebfn gia c\u00f4ng m\u00e0i tr\u00f2n<\/a><\/li><li class='ez-toc-page-1 ez-toc-heading-level-2'><a class=\"ez-toc-link ez-toc-heading-2\" href=\"https:\/\/web.webrt.net\/phongvu\/?product=gia-cong-mai-tron-ngoai\/#Phuong_Phap_Mai_Tron\" title=\"Ph\u01b0\u01a1ng Ph\u00e1p M\u00e0i Tr\u00f2n:\">Ph\u01b0\u01a1ng Ph\u00e1p M\u00e0i Tr\u00f2n:<\/a><ul class='ez-toc-list-level-3'><li class='ez-toc-heading-level-3'><a class=\"ez-toc-link ez-toc-heading-3\" href=\"https:\/\/web.webrt.net\/phongvu\/?product=gia-cong-mai-tron-ngoai\/#Mai_Tron_Chong_Tam\" title=\"M\u00e0i Tr\u00f2n Ch\u1ed1ng T\u00e2m:\">M\u00e0i Tr\u00f2n Ch\u1ed1ng T\u00e2m:<\/a><\/li><li class='ez-toc-page-1 ez-toc-heading-level-3'><a class=\"ez-toc-link ez-toc-heading-4\" href=\"https:\/\/web.webrt.net\/phongvu\/?product=gia-cong-mai-tron-ngoai\/#Mai_Tron_Vo_Tam\" title=\"M\u00e0i Tr\u00f2n V\u00f4 T\u00e2m:\">M\u00e0i Tr\u00f2n V\u00f4 T\u00e2m:<\/a><\/li><li class='ez-toc-page-1 ez-toc-heading-level-3'><a class=\"ez-toc-link ez-toc-heading-5\" href=\"https:\/\/web.webrt.net\/phongvu\/?product=gia-cong-mai-tron-ngoai\/#Mai_Tron_dinh_tam\" title=\"M\u00e0i Tr\u00f2n \u0111\u1ecbnh t\u00e2m:\">M\u00e0i Tr\u00f2n \u0111\u1ecbnh t\u00e2m:<\/a><\/li><\/ul><\/li><li class='ez-toc-page-1 ez-toc-heading-level-2'><a class=\"ez-toc-link ez-toc-heading-6\" href=\"https:\/\/web.webrt.net\/phongvu\/?product=gia-cong-mai-tron-ngoai\/#Cac_San_Pham_Mai_Tron_Thong_Dung\" title=\"C\u00e1c S\u1ea3n Ph\u1ea9m M\u00e0i Tr\u00f2n Th\u00f4ng D\u1ee5ng\">C\u00e1c S\u1ea3n Ph\u1ea9m M\u00e0i Tr\u00f2n Th\u00f4ng D\u1ee5ng<\/a><\/li><\/ul><\/nav><\/div>\n<p>M\u00e0i l\u00e0 Ph\u01b0\u01a1ng ph\u00e1p gia c\u00f4ng c\u01a1 kh\u00ed l\u00e0m gi\u1ea3m chi\u1ec1u d\u00e0y c\u1ee7a ph\u00f4i v\u1edbi \u0111\u1ed9 ch\u00ednh x\u00e1c cao.<\/p>\n<p>M\u00e0i l\u00e0 nguy\u00ean c\u00f4ng gia c\u00f4ng tinh c\u00e1c b\u1ec1 m\u1eb7t: tr\u1ee5 ngo\u00e0i, tr\u1ee5 trong, m\u1eb7t ph\u1eb3ng, m\u1eb7t \u0111\u1ecbnh h\u00ecnh.<br \/>\nB\u1ea3n ch\u1ea5t c\u1ee7a M\u00c0I l\u00e0 qu\u00e1 tr\u00ecnh c\u1eaft g\u1ecdt \u0111\u01b0\u1ee3c th\u1ef1c hi\u1ec7n \u0111\u1ed3ng th\u1eddi b\u1edfi nhi\u1ec1u h\u1ea1t m\u00e0i c\u00f3 c\u00e1c l\u01b0\u1ee1i c\u1eaft kh\u00e1c nhau \u0111\u01b0\u1ee3c ph\u00e2n b\u1ed1 ng\u1eabu nhi\u00ean tr\u00ean b\u1ec1 m\u1eb7t \u0111\u00e1<br \/>\nm\u00e0i.<\/p>\n<p>Nguy\u00ean c\u00f4ng m\u00e0i th\u01b0\u1eddng \u0111\u01b0\u1ee3c l\u1ef1a ch\u1ecdn sau nguy\u00ean c\u00f4ng Nhi\u1ec7t Luy\u1ec7n ho\u1eb7c Ti\u1ec7n Th\u00f4 \u0111\u1ec3 \u0111\u01b0a Chi ti\u1ebft v\u1ec1 \u0111\u00fang v\u1edbi k\u00edch th\u01b0\u1edbc y\u00eau c\u1ea7u.<\/p>\n<p><img decoding=\"async\" loading=\"lazy\" class=\"size-full wp-image-3328 aligncenter\" src=\"https:\/\/web.webrt.net\/phongvu\/wp-content\/uploads\/2023\/07\/Gia-cong-mai-6.jpg\" alt=\"\" width=\"800\" height=\"377\" srcset=\"https:\/\/web.webrt.net\/phongvu\/wp-content\/uploads\/2023\/07\/Gia-cong-mai-6.jpg 800w, https:\/\/web.webrt.net\/phongvu\/wp-content\/uploads\/2023\/07\/Gia-cong-mai-6-768x362.jpg 768w, https:\/\/web.webrt.net\/phongvu\/wp-content\/uploads\/2023\/07\/Gia-cong-mai-6-600x283.jpg 600w\" sizes=\"(max-width: 800px) 100vw, 800px\" \/><\/p>\n<h2 id=\"ftoc-heading-2\" class=\"ftwp-heading ftwp-heading\"><span class=\"ez-toc-section\" id=\"Cac_he_so_anh_huong_den_gia_cong_mai_tron\"><\/span><strong>C\u00e1c h\u1ec7 s\u1ed1 \u1ea3nh h\u01b0\u1edfng \u0111\u1ebfn gia c\u00f4ng m\u00e0i tr\u00f2n<\/strong><span class=\"ez-toc-section-end\"><\/span><\/h2>\n<p>Vi\u1ec7c ch\u1ecdn \u0111\u00e1 m\u00e0i, ch\u1ebf \u0111\u1ed9 m\u00e0i \u0111\u00f3ng vai tr\u00f2 quy\u1ebft \u0111\u1ecbnh ch\u1ea5t l\u01b0\u1ee3ng s\u1ea3n ph\u1ea9m nh\u01b0 ti\u00eau ch\u00ed v\u1ec1 \u0111\u1ed9 b\u00f3ng, \u0111\u1ed9 ch\u00ednh x\u00e1c. l\u01b0\u1ee3ng d\u01b0 \u0111\u01b0\u1ee3c lo\u1ea1i b\u1ecf.<br \/>\n+ Ch\u1ecdn \u0111\u00e1 m\u00e0i: ch\u1ecdn \u0111\u00e1 m\u00e0i h\u1ee3p l\u00fd ch\u1ea5t l\u01b0\u1ee3ng v\u00e0 n\u0103ng su\u1ea5t cao. Ch\u1ecdn \u0111\u00e1 m\u00e0i ch\u00fa \u00fd c\u00e1c y\u1ebfu t\u1ed1 v\u1eadt li\u1ec7u m\u00e0i, ch\u1ea5t k\u1ebft d\u00ednh, \u0111\u1ed9 c\u1ee9ng, k\u1ebft c\u1ea5u, \u0111\u1ed9 h\u1ea1t c\u1ee7a \u0111\u00e1 m\u00e0i.<br \/>\n+ Ch\u1ecdn ch\u1ebf \u0111\u1ed9 m\u00e0i: ch\u1ecdn v\u1eadn t\u1ed1c \u0111\u00e1 m\u00e0i, v\u1eadn t\u1ed1c chi ti\u1ebft, l\u01b0\u1ee3ng ch\u1ea1y dao ngang v\u00e0 chi\u1ec1u s\u00e2u c\u1eaft.<\/p>\n<p>V\u1edbi k\u1ef9 thu\u1eadt m\u00e0i ti\u00ean ti\u1ebfn c\u00f9ng v\u1edbi nh\u00e2n vi\u00ean v\u1eadn h\u00e0nh m\u00e1y m\u00e0i l\u00e2u n\u0103m ch\u00fang t\u00f4i gia c\u00f4ng m\u00e0i chi ti\u1ebft m\u00e1y v\u1edbi \u0111\u1ed9 ch\u00ednh x\u00e1c cao c\u0169ng nh\u01b0 \u0111\u1ed9 b\u00f3ng ti\u00eau chu\u1ea9n.<\/p>\n<p>\u0110\u1eb7c bi\u1ec7t ch\u00fang t\u00f4i c\u00f3 th\u1ec3 gia c\u00f4ng M\u00e0i c\u00e1c chi ti\u1ebft v\u1edbi K\u00edch Th\u01b0\u1edbc l\u1edbn c\u00f9ng v\u1edbi \u0111\u1ed9 ch\u00ednh x\u00e1c r\u1ea5t cao.<\/p>\n<p><img decoding=\"async\" loading=\"lazy\" class=\"size-full wp-image-3329 aligncenter\" src=\"https:\/\/web.webrt.net\/phongvu\/wp-content\/uploads\/2023\/07\/Gia-cong-mai-7.jpg\" alt=\"\" width=\"800\" height=\"379\" srcset=\"https:\/\/web.webrt.net\/phongvu\/wp-content\/uploads\/2023\/07\/Gia-cong-mai-7.jpg 800w, https:\/\/web.webrt.net\/phongvu\/wp-content\/uploads\/2023\/07\/Gia-cong-mai-7-768x364.jpg 768w, https:\/\/web.webrt.net\/phongvu\/wp-content\/uploads\/2023\/07\/Gia-cong-mai-7-600x284.jpg 600w\" sizes=\"(max-width: 800px) 100vw, 800px\" \/><\/p>\n<h2 id=\"ftoc-heading-3\" class=\"ftwp-heading ftwp-heading\"><span class=\"ez-toc-section\" id=\"Phuong_Phap_Mai_Tron\"><\/span><strong>Ph\u01b0\u01a1ng Ph\u00e1p M\u00e0i Tr\u00f2n:<\/strong><span class=\"ez-toc-section-end\"><\/span><\/h2>\n<h3 id=\"ftoc-heading-3-2\" class=\"ftwp-heading\"><span class=\"ez-toc-section\" id=\"Mai_Tron_Chong_Tam\"><\/span><strong>M\u00e0i Tr\u00f2n Ch\u1ed1ng T\u00e2m:<\/strong><span class=\"ez-toc-section-end\"><\/span><\/h3>\n<p>Chi ti\u1ebft \u0111\u01b0\u1ee3c g\u00e1 tr\u00ean 2 \u0111\u1ea7u t\u00e2m c\u1ee7a M\u00e1y M\u00e0i , Ph\u01b0\u01a1ng ph\u00e1p m\u00e0i tr\u00f2n \u0111inh t\u00e2m cho \u0110\u1ed9 Ch\u00ednh x\u00e1c cao nh\u1ea5t.<\/p>\n<p>Ph\u01b0\u01a1ng ph\u00e1p n\u00e0y gi\u00fap ng\u01b0\u1eddi v\u1eadn h\u00e0nh d\u1ec5 d\u00e0ng trong c\u0103n ch\u1ec9nh, n\u00e2ng cao n\u0103ng su\u1ea5t gia c\u00f4ng m\u00e0i.<\/p>\n<p><img decoding=\"async\" loading=\"lazy\" class=\"size-full wp-image-3330 aligncenter\" src=\"https:\/\/web.webrt.net\/phongvu\/wp-content\/uploads\/2023\/07\/Gia-cong-mai-tron-1.jpg\" alt=\"\" width=\"800\" height=\"377\" srcset=\"https:\/\/web.webrt.net\/phongvu\/wp-content\/uploads\/2023\/07\/Gia-cong-mai-tron-1.jpg 800w, https:\/\/web.webrt.net\/phongvu\/wp-content\/uploads\/2023\/07\/Gia-cong-mai-tron-1-768x362.jpg 768w, https:\/\/web.webrt.net\/phongvu\/wp-content\/uploads\/2023\/07\/Gia-cong-mai-tron-1-600x283.jpg 600w\" sizes=\"(max-width: 800px) 100vw, 800px\" \/><\/p>\n<h3 id=\"ftoc-heading-4\" class=\"ftwp-heading\"><span class=\"ez-toc-section\" id=\"Mai_Tron_Vo_Tam\"><\/span><strong>M\u00e0i Tr\u00f2n V\u00f4 T\u00e2m:<\/strong><span class=\"ez-toc-section-end\"><\/span><\/h3>\n<p>\u0110\u01b0\u1ee3c s\u1eed d\u1ee5ng v\u1edbi m\u00e0y m\u00e0i v\u00f4 t\u00e2m Ph\u01b0\u01a1ng ph\u00e1p n\u00e0y nhanh, kinh t\u1ebf nh\u01b0ng nh\u01b0\u1ee3c \u0111i\u1ec3m ch\u1ec9 gia c\u00f4ng m\u00e0i \u0111\u01b0\u1ee3c cho c\u00e1c chi ti\u1ebft c\u00f3 h\u00ecnh th\u00f9 \u0111\u01a1n gi\u1ea3n v\u00e0 nh\u1ecf.<\/p>\n<h3 id=\"ftoc-heading-5\" class=\"ftwp-heading\"><span class=\"ez-toc-section\" id=\"Mai_Tron_dinh_tam\"><\/span><strong>M\u00e0i Tr\u00f2n \u0111\u1ecbnh t\u00e2m:<\/strong><span class=\"ez-toc-section-end\"><\/span><\/h3>\n<p>L\u00e0 Ph\u01b0\u01a1ng ph\u00e1p \u0110\u1ecbnh t\u00e2m cho m\u1ed1i v\u1ecb tr\u00ed c\u1ea7n m\u00e0i. Ph\u01b0\u01a1ng ph\u00e1p m\u00e0i n\u00e0y c\u00f3 th\u1ec3 d\u1ec5 d\u00e0ng c\u0103n ch\u00ednh t\u00e2m c\u1ee7a t\u1eebng v\u1ecb tr\u00ed.<\/p>\n<p>Ph\u01b0\u01a1ng ph\u00e1p M\u00e0i \u0111\u1ecbnh t\u00e2m ph\u1ee5 thu\u1ed9c ho\u00e0n to\u00e0n v\u00e0o tay ngh\u1ec1 c\u1ee7a ng\u01b0\u1eddi v\u1eadn h\u00e0nh, Ch\u1ea5t l\u01b0\u1ee3ng c\u0169ng nh\u01b0 t\u00ednh hi\u1ec7u qu\u1ea3 c\u1ee7a vi\u1ec7c Gia c\u00f4ng m\u00e0i tr\u00f2n ho\u00e0n to\u00e0n ph\u1ee5 thu\u1ed9c v\u00e0o Kinh nghi\u1ec7m c\u1ee7a ng\u01b0\u1eddi v\u1eadn h\u00e0nh.<\/p>\n<p>Ph\u01b0\u01a1ng ph\u00e1p n\u00e0y c\u00f3 th\u1ec3 gia c\u00f4ng cho m\u1ecdi dang chi ti\u1ebft tr\u00f2n.<\/p>\n<p><img decoding=\"async\" loading=\"lazy\" class=\"aligncenter size-full wp-image-3321\" src=\"https:\/\/web.webrt.net\/phongvu\/wp-content\/uploads\/2023\/07\/Gia-cong-mai-tron-trong-7-1-600x337-1.jpg\" alt=\"\" width=\"600\" height=\"337\" \/><\/p>\n<h2 id=\"ftoc-heading-4-2\" class=\"ftwp-heading ftwp-heading\"><span class=\"ez-toc-section\" id=\"Cac_San_Pham_Mai_Tron_Thong_Dung\"><\/span><strong>C\u00e1c S\u1ea3n Ph\u1ea9m M\u00e0i Tr\u00f2n Th\u00f4ng D\u1ee5ng<\/strong><span class=\"ez-toc-section-end\"><\/span><\/h2>\n<ul>\n<li>M\u00e0i Ch\u1ed1ng T\u00e2m c\u1ed1t b\u1ea1c \u0111\u1ea1n, Ng\u00f5ng Tr\u1ee5c Rulo.<\/li>\n<li>M\u00e0i tr\u1ee5 ben, Ty ben, C\u1ed1t Ben \u0110\u01b0\u1eddng K\u00ednh Phuy 30 \u2013 Phuy 600, Chi\u1ec1u d\u00e0i 3000<\/li>\n<li>M\u00e0i rulo ng\u00e0nh nh\u1ef1a, M\u00e0i Tr\u00f2n B\u00f3ng Rulo HDPE, PET, PE\u2026<\/li>\n<li>M\u00e0i ch\u00ednh x\u00e1c Tr\u1ee5c L\u00f4 Cao Su, L\u00f4 Nh\u1ef1a.<\/li>\n<li>M\u00e0i Tr\u00f2n Rulo Gi\u1ea5y, L\u00f4 H\u1ed3, L\u00f4 Nh\u00e1m, L\u00f4 S\u00f3ng. L\u00f4 L\u1ea5y keo<\/li>\n<li>M\u00e0i ch\u00ednh x\u00e1c Tr\u1ee5c L\u00f4 Ng\u00e0nh In, L\u00f4 B\u1eaft n\u01b0\u1edbc, L\u00f4 L\u1ea5y m\u1ef1c, L\u00f4 B\u00e3n K\u1ebdm<\/li>\n<li>M\u00e0i CNC Tr\u1ee5c L\u00f4 C\u1ea5p S\u01a1n, Rulo Tr\u00e1ng k\u1ebdm, Rulo C\u00e1n ngu\u1ed9i<\/li>\n<li>M\u00e0i baume rulo ng\u00e0nh cao su<\/li>\n<li>M\u00e0i tr\u1ee5c\u00a0c\u00e1n ng\u00e0nh th\u00e9p<\/li>\n<li>M\u00e0i lab d\u00e0i<\/li>\n<li>M\u00e0i c\u1ed1t m\u00e1y<\/li>\n<\/ul>\n<p><img decoding=\"async\" loading=\"lazy\" class=\"size-full wp-image-3331 aligncenter\" src=\"https:\/\/web.webrt.net\/phongvu\/wp-content\/uploads\/2023\/07\/Gia-cong-mai-1.jpg\" alt=\"\" width=\"800\" height=\"378\" srcset=\"https:\/\/web.webrt.net\/phongvu\/wp-content\/uploads\/2023\/07\/Gia-cong-mai-1.jpg 800w, https:\/\/web.webrt.net\/phongvu\/wp-content\/uploads\/2023\/07\/Gia-cong-mai-1-768x363.jpg 768w, https:\/\/web.webrt.net\/phongvu\/wp-content\/uploads\/2023\/07\/Gia-cong-mai-1-600x284.jpg 600w\" sizes=\"(max-width: 800px) 100vw, 800px\" \/><\/p>\n","protected":false},"excerpt":{"rendered":"<p>D\u1ecbch v\u1ee5 gia c\u00f4ng m\u00e0i tr\u00f2n ngo\u00e0i chi ti\u1ebft \u0111\u01a1n chi\u1ebfc ho\u1eb7c h\u00e0ng lo\u1ea1t theo y\u00eau c\u1ea7u. Gia c\u00f4ng chi ti\u1ebft c\u01a1 kh\u00ed, chi ti\u1ebft m\u00e1y.<\/p>\n<p>Gia c\u00f4ng l\u00f4 lo\u1ea1t v\u1edbi \u0111\u1ed9 ch\u00ednh x\u00e1c cao, s\u1ea3n ph\u1ea9m \u0111\u1ed3ng \u0111\u1ec1u trong th\u1eddi gian ng\u1eafn.<\/p>\n","protected":false},"featured_media":3326,"comment_status":"open","ping_status":"closed","template":"","meta":[],"product_cat":[190],"product_tag":[],"yoast_head":"<!-- This site is optimized with the Yoast SEO plugin v20.9 - https:\/\/yoast.com\/wordpress\/plugins\/seo\/ -->\n<title>Gia c\u00f4ng m\u00e0i tr\u00f2n ngo\u00e0i - Phong V\u0169<\/title>\n<meta name=\"robots\" content=\"index, follow, max-snippet:-1, max-image-preview:large, max-video-preview:-1\" \/>\n<link rel=\"canonical\" href=\"https:\/\/web.webrt.net\/phongvu\/?product=gia-cong-mai-tron-ngoai\" \/>\n<meta property=\"og:locale\" content=\"vi_VN\" \/>\n<meta property=\"og:type\" content=\"article\" \/>\n<meta property=\"og:title\" content=\"Gia c\u00f4ng m\u00e0i tr\u00f2n ngo\u00e0i - Phong V\u0169\" \/>\n<meta property=\"og:description\" content=\"D\u1ecbch v\u1ee5 gia c\u00f4ng m\u00e0i tr\u00f2n ngo\u00e0i chi ti\u1ebft \u0111\u01a1n chi\u1ebfc ho\u1eb7c h\u00e0ng lo\u1ea1t theo y\u00eau c\u1ea7u. Gia c\u00f4ng chi ti\u1ebft c\u01a1 kh\u00ed, chi ti\u1ebft m\u00e1y.  Gia c\u00f4ng l\u00f4 lo\u1ea1t v\u1edbi \u0111\u1ed9 ch\u00ednh x\u00e1c cao, s\u1ea3n ph\u1ea9m \u0111\u1ed3ng \u0111\u1ec1u trong th\u1eddi gian ng\u1eafn.\" \/>\n<meta property=\"og:url\" content=\"https:\/\/web.webrt.net\/phongvu\/?product=gia-cong-mai-tron-ngoai\" \/>\n<meta property=\"og:site_name\" content=\"Phong V\u0169\" \/>\n<meta property=\"article:modified_time\" content=\"2023-07-14T11:03:33+00:00\" \/>\n<meta property=\"og:image\" content=\"https:\/\/web.webrt.net\/phongvu\/wp-content\/uploads\/2023\/07\/Gia-cong-mai-tron-ngoai-600x337-1.jpg\" \/>\n\t<meta property=\"og:image:width\" content=\"600\" \/>\n\t<meta property=\"og:image:height\" content=\"337\" \/>\n\t<meta property=\"og:image:type\" content=\"image\/jpeg\" \/>\n<meta name=\"twitter:card\" content=\"summary_large_image\" \/>\n<meta name=\"twitter:label1\" content=\"\u01af\u1edbc t\u00ednh th\u1eddi gian \u0111\u1ecdc\" \/>\n\t<meta name=\"twitter:data1\" content=\"4 ph\u00fat\" \/>\n<script type=\"application\/ld+json\" class=\"yoast-schema-graph\">{\"@context\":\"https:\/\/schema.org\",\"@graph\":[{\"@type\":\"WebPage\",\"@id\":\"https:\/\/web.webrt.net\/phongvu\/?product=gia-cong-mai-tron-ngoai\",\"url\":\"https:\/\/web.webrt.net\/phongvu\/?product=gia-cong-mai-tron-ngoai\",\"name\":\"Gia c\u00f4ng m\u00e0i tr\u00f2n ngo\u00e0i - Phong V\u0169\",\"isPartOf\":{\"@id\":\"https:\/\/web.webrt.net\/phongvu\/#website\"},\"datePublished\":\"2023-07-14T11:01:39+00:00\",\"dateModified\":\"2023-07-14T11:03:33+00:00\",\"breadcrumb\":{\"@id\":\"https:\/\/web.webrt.net\/phongvu\/?product=gia-cong-mai-tron-ngoai#breadcrumb\"},\"inLanguage\":\"vi\",\"potentialAction\":[{\"@type\":\"ReadAction\",\"target\":[\"https:\/\/web.webrt.net\/phongvu\/?product=gia-cong-mai-tron-ngoai\"]}]},{\"@type\":\"BreadcrumbList\",\"@id\":\"https:\/\/web.webrt.net\/phongvu\/?product=gia-cong-mai-tron-ngoai#breadcrumb\",\"itemListElement\":[{\"@type\":\"ListItem\",\"position\":1,\"name\":\"Trang ch\u1ee7\",\"item\":\"https:\/\/web.webrt.net\/phongvu\/\"},{\"@type\":\"ListItem\",\"position\":2,\"name\":\"S\u1ea3n ph\u1ea9m\",\"item\":\"https:\/\/web.webrt.net\/phongvu\/?post_type=product\"},{\"@type\":\"ListItem\",\"position\":3,\"name\":\"Gia c\u00f4ng m\u00e0i tr\u00f2n ngo\u00e0i\"}]},{\"@type\":\"WebSite\",\"@id\":\"https:\/\/web.webrt.net\/phongvu\/#website\",\"url\":\"https:\/\/web.webrt.net\/phongvu\/\",\"name\":\"Phong V\u0169\",\"description\":\"\",\"potentialAction\":[{\"@type\":\"SearchAction\",\"target\":{\"@type\":\"EntryPoint\",\"urlTemplate\":\"https:\/\/web.webrt.net\/phongvu\/?s={search_term_string}\"},\"query-input\":\"required name=search_term_string\"}],\"inLanguage\":\"vi\"}]}<\/script>\n<!-- \/ Yoast SEO plugin. -->","yoast_head_json":{"title":"Gia c\u00f4ng m\u00e0i tr\u00f2n ngo\u00e0i - Phong V\u0169","robots":{"index":"index","follow":"follow","max-snippet":"max-snippet:-1","max-image-preview":"max-image-preview:large","max-video-preview":"max-video-preview:-1"},"canonical":"https:\/\/web.webrt.net\/phongvu\/?product=gia-cong-mai-tron-ngoai","og_locale":"vi_VN","og_type":"article","og_title":"Gia c\u00f4ng m\u00e0i tr\u00f2n ngo\u00e0i - Phong V\u0169","og_description":"D\u1ecbch v\u1ee5 gia c\u00f4ng m\u00e0i tr\u00f2n ngo\u00e0i chi ti\u1ebft \u0111\u01a1n chi\u1ebfc ho\u1eb7c h\u00e0ng lo\u1ea1t theo y\u00eau c\u1ea7u. Gia c\u00f4ng chi ti\u1ebft c\u01a1 kh\u00ed, chi ti\u1ebft m\u00e1y.  Gia c\u00f4ng l\u00f4 lo\u1ea1t v\u1edbi \u0111\u1ed9 ch\u00ednh x\u00e1c cao, s\u1ea3n ph\u1ea9m \u0111\u1ed3ng \u0111\u1ec1u trong th\u1eddi gian ng\u1eafn.","og_url":"https:\/\/web.webrt.net\/phongvu\/?product=gia-cong-mai-tron-ngoai","og_site_name":"Phong V\u0169","article_modified_time":"2023-07-14T11:03:33+00:00","og_image":[{"width":600,"height":337,"url":"https:\/\/web.webrt.net\/phongvu\/wp-content\/uploads\/2023\/07\/Gia-cong-mai-tron-ngoai-600x337-1.jpg","type":"image\/jpeg"}],"twitter_card":"summary_large_image","twitter_misc":{"\u01af\u1edbc t\u00ednh th\u1eddi gian \u0111\u1ecdc":"4 ph\u00fat"},"schema":{"@context":"https:\/\/schema.org","@graph":[{"@type":"WebPage","@id":"https:\/\/web.webrt.net\/phongvu\/?product=gia-cong-mai-tron-ngoai","url":"https:\/\/web.webrt.net\/phongvu\/?product=gia-cong-mai-tron-ngoai","name":"Gia c\u00f4ng m\u00e0i tr\u00f2n ngo\u00e0i - Phong V\u0169","isPartOf":{"@id":"https:\/\/web.webrt.net\/phongvu\/#website"},"datePublished":"2023-07-14T11:01:39+00:00","dateModified":"2023-07-14T11:03:33+00:00","breadcrumb":{"@id":"https:\/\/web.webrt.net\/phongvu\/?product=gia-cong-mai-tron-ngoai#breadcrumb"},"inLanguage":"vi","potentialAction":[{"@type":"ReadAction","target":["https:\/\/web.webrt.net\/phongvu\/?product=gia-cong-mai-tron-ngoai"]}]},{"@type":"BreadcrumbList","@id":"https:\/\/web.webrt.net\/phongvu\/?product=gia-cong-mai-tron-ngoai#breadcrumb","itemListElement":[{"@type":"ListItem","position":1,"name":"Trang ch\u1ee7","item":"https:\/\/web.webrt.net\/phongvu\/"},{"@type":"ListItem","position":2,"name":"S\u1ea3n ph\u1ea9m","item":"https:\/\/web.webrt.net\/phongvu\/?post_type=product"},{"@type":"ListItem","position":3,"name":"Gia c\u00f4ng m\u00e0i tr\u00f2n ngo\u00e0i"}]},{"@type":"WebSite","@id":"https:\/\/web.webrt.net\/phongvu\/#website","url":"https:\/\/web.webrt.net\/phongvu\/","name":"Phong V\u0169","description":"","potentialAction":[{"@type":"SearchAction","target":{"@type":"EntryPoint","urlTemplate":"https:\/\/web.webrt.net\/phongvu\/?s={search_term_string}"},"query-input":"required name=search_term_string"}],"inLanguage":"vi"}]}},"_links":{"self":[{"href":"https:\/\/web.webrt.net\/phongvu\/index.php?rest_route=\/wp\/v2\/product\/3325"}],"collection":[{"href":"https:\/\/web.webrt.net\/phongvu\/index.php?rest_route=\/wp\/v2\/product"}],"about":[{"href":"https:\/\/web.webrt.net\/phongvu\/index.php?rest_route=\/wp\/v2\/types\/product"}],"replies":[{"embeddable":true,"href":"https:\/\/web.webrt.net\/phongvu\/index.php?rest_route=%2Fwp%2Fv2%2Fcomments&post=3325"}],"wp:featuredmedia":[{"embeddable":true,"href":"https:\/\/web.webrt.net\/phongvu\/index.php?rest_route=\/wp\/v2\/media\/3326"}],"wp:attachment":[{"href":"https:\/\/web.webrt.net\/phongvu\/index.php?rest_route=%2Fwp%2Fv2%2Fmedia&parent=3325"}],"wp:term":[{"taxonomy":"product_cat","embeddable":true,"href":"https:\/\/web.webrt.net\/phongvu\/index.php?rest_route=%2Fwp%2Fv2%2Fproduct_cat&post=3325"},{"taxonomy":"product_tag","embeddable":true,"href":"https:\/\/web.webrt.net\/phongvu\/index.php?rest_route=%2Fwp%2Fv2%2Fproduct_tag&post=3325"}],"curies":[{"name":"wp","href":"https:\/\/api.w.org\/{rel}","templated":true}]}}