{"id":3319,"date":"2023-07-14T10:56:46","date_gmt":"2023-07-14T10:56:46","guid":{"rendered":"https:\/\/web.webrt.net\/phongvu\/?post_type=product&#038;p=3319"},"modified":"2023-07-14T10:56:47","modified_gmt":"2023-07-14T10:56:47","slug":"gia-cong-mai-tron-trong","status":"publish","type":"product","link":"https:\/\/web.webrt.net\/phongvu\/?product=gia-cong-mai-tron-trong","title":{"rendered":"Gia c\u00f4ng m\u00e0i tr\u00f2n trong"},"content":{"rendered":"<div id=\"ez-toc-container\" class=\"ez-toc-v2_0_50 counter-hierarchy ez-toc-counter ez-toc-grey ez-toc-container-direction\">\n<div class=\"ez-toc-title-container\">\n<p class=\"ez-toc-title\">M\u1ee5c l\u1ee5c<\/p>\n<span class=\"ez-toc-title-toggle\"><a href=\"#\" class=\"ez-toc-pull-right ez-toc-btn ez-toc-btn-xs ez-toc-btn-default ez-toc-toggle\" aria-label=\"Toggle Table of Content\" role=\"button\"><label for=\"item-69d0c0cfbc8b3\" aria-hidden=\"true\"><span style=\"display: flex;align-items: center;width: 35px;height: 30px;justify-content: center;direction:ltr;\"><svg style=\"fill: #999;color:#999\" xmlns=\"http:\/\/www.w3.org\/2000\/svg\" class=\"list-377408\" width=\"20px\" height=\"20px\" viewBox=\"0 0 24 24\" fill=\"none\"><path d=\"M6 6H4v2h2V6zm14 0H8v2h12V6zM4 11h2v2H4v-2zm16 0H8v2h12v-2zM4 16h2v2H4v-2zm16 0H8v2h12v-2z\" fill=\"currentColor\"><\/path><\/svg><svg style=\"fill: #999;color:#999\" class=\"arrow-unsorted-368013\" xmlns=\"http:\/\/www.w3.org\/2000\/svg\" width=\"10px\" height=\"10px\" viewBox=\"0 0 24 24\" version=\"1.2\" baseProfile=\"tiny\"><path d=\"M18.2 9.3l-6.2-6.3-6.2 6.3c-.2.2-.3.4-.3.7s.1.5.3.7c.2.2.4.3.7.3h11c.3 0 .5-.1.7-.3.2-.2.3-.5.3-.7s-.1-.5-.3-.7zM5.8 14.7l6.2 6.3 6.2-6.3c.2-.2.3-.5.3-.7s-.1-.5-.3-.7c-.2-.2-.4-.3-.7-.3h-11c-.3 0-.5.1-.7.3-.2.2-.3.5-.3.7s.1.5.3.7z\"\/><\/svg><\/span><\/label><input  type=\"checkbox\" id=\"item-69d0c0cfbc8b3\"><\/a><\/span><\/div>\n<nav><ul class='ez-toc-list ez-toc-list-level-1 ' ><li class='ez-toc-page-1 ez-toc-heading-level-2'><a class=\"ez-toc-link ez-toc-heading-1\" href=\"https:\/\/web.webrt.net\/phongvu\/?product=gia-cong-mai-tron-trong\/#Dac_diem_cua_phuong_phap_mai_tron_trong\" title=\"\u0110\u1eb7c \u0111i\u1ec3m c\u1ee7a ph\u01b0\u01a1ng ph\u00e1p m\u00e0i tr\u00f2n trong\">\u0110\u1eb7c \u0111i\u1ec3m c\u1ee7a ph\u01b0\u01a1ng ph\u00e1p m\u00e0i tr\u00f2n trong<\/a><\/li><li class='ez-toc-page-1 ez-toc-heading-level-2'><a class=\"ez-toc-link ez-toc-heading-2\" href=\"https:\/\/web.webrt.net\/phongvu\/?product=gia-cong-mai-tron-trong\/#Cac_he_so_anh_huong_den_gia_cong_mai_tron\" title=\"C\u00e1c h\u1ec7 s\u1ed1 \u1ea3nh h\u01b0\u1edfng \u0111\u1ebfn gia c\u00f4ng m\u00e0i tr\u00f2n\">C\u00e1c h\u1ec7 s\u1ed1 \u1ea3nh h\u01b0\u1edfng \u0111\u1ebfn gia c\u00f4ng m\u00e0i tr\u00f2n<\/a><\/li><\/ul><\/nav><\/div>\n<p>\u2013\u00a0Ng\u01b0\u1ee3c v\u1edbi m\u00e0i tr\u00f2n ngo\u00e0i, m\u00e0i trong l\u1ed7 c\u00f3 \u0111o\u1ea1n ti\u1ebfp x\u00fac d\u1ecdc tr\u1ee5c l\u1edbn h\u01a1n gi\u1eefa \u0111\u00e1 m\u00e0i v\u00e0 chia ti\u1ebft. K\u1ebft qu\u1ea3 l\u00e0 phoi m\u1ecfng, d\u00e0i, d\u1eabn \u0111\u1ebfn b\u1ecb n\u00e9n v\u00e0 \u0111\u1ea9y v\u00e0o\u00a0 kho\u1ea3ng tr\u1ed1ng bu\u1ed3ng phoi. \u0110\u00e1 m\u00e0i b\u1ecb gi\u1edbi gian qua c\u00e1c \u0111\u01b0\u1eddng k\u00ednh l\u1ed7 v\u00e0 t\u1eeb \u0111\u00f3 thay \u0111\u1ed5i nhanh k\u00edch th\u01b0\u1edbc l\u00fac m\u00e0i.<\/p>\n<h2 id=\"ftoc-heading-1\" class=\"ftwp-heading\"><span class=\"ez-toc-section\" id=\"Dac_diem_cua_phuong_phap_mai_tron_trong\"><\/span><strong>\u0110\u1eb7c \u0111i\u1ec3m c\u1ee7a ph\u01b0\u01a1ng ph\u00e1p m\u00e0i tr\u00f2n trong<\/strong><span class=\"ez-toc-section-end\"><\/span><\/h2>\n<p><img decoding=\"async\" loading=\"lazy\" class=\"size-full wp-image-3322\" src=\"https:\/\/web.webrt.net\/phongvu\/wp-content\/uploads\/2023\/07\/Gia-cong-mai-tron-trong-8.jpg\" alt=\"\" width=\"800\" height=\"376\" srcset=\"https:\/\/web.webrt.net\/phongvu\/wp-content\/uploads\/2023\/07\/Gia-cong-mai-tron-trong-8.jpg 800w, https:\/\/web.webrt.net\/phongvu\/wp-content\/uploads\/2023\/07\/Gia-cong-mai-tron-trong-8-768x361.jpg 768w, https:\/\/web.webrt.net\/phongvu\/wp-content\/uploads\/2023\/07\/Gia-cong-mai-tron-trong-8-600x282.jpg 600w\" sizes=\"(max-width: 800px) 100vw, 800px\" \/><\/p>\n<p>\u2013\u00a0M\u00e0i l\u1ed7 c\u00f3 kh\u1ea3 n\u0103ng gia c\u00f4ng l\u1ed7 tr\u1ee5, l\u1ed7 c\u00f4n, l\u1ed7 \u0111\u1ecbnh h\u00ecnh. C\u00f3 hai ph\u01b0\u01a1ng ph\u00e1p m\u00e0i l\u1ed5: m\u00e0i l\u1ed7 kh\u00f4ng t\u00e2m v\u00e0 m\u00e0i l\u1ed7 c\u00f3 t\u00e2m.<\/p>\n<ul>\n<li>M\u00e0i l\u1ed7 c\u00f3 t\u00e2m th\u01b0\u1eddng th\u1ef1c hi\u1ec7n tr\u00ean c\u00e1c m\u00e1y m\u00e0i l\u1ed7 chuy\u00ean d\u00f9ng, m\u00e1y m\u00e0i v\u1ea1n n\u0103ng c\u00f3 \u0111\u1ea7u m\u00e0i l\u1ed7 ho\u1eb7c \u0111\u00f4i khi trong m\u00e1y ti\u1ec7n v\u1ea1n n\u0103ng c\u00f3 trang b\u1ecb \u0111\u1ed3 g\u00e1 m\u00e0i l\u1ed7.<\/li>\n<li>M\u00e0i l\u1ed7 kh\u00f4ng t\u00e2m l\u00e0 m\u1ed9t trong c\u00e1c ph\u01b0\u01a1ng ph\u00e1p gia c\u00f4ng tinh l\u1ed7 c\u00f3 n\u0103ng su\u1ea5t, \u0111\u1ed9 ch\u00ednh x\u00e1c v\u00e0 \u0111\u1ed9 \u0111\u1ed3ng t\u00e2m cao. Chu\u1ea9n gia c\u00f4ng l\u00e0 m\u1eb7t ngo\u00e0i do \u0111\u00f3 m\u1eb7t ngo\u00e0i c\u1ee7a chi ti\u1ebft ph\u1ea3i \u0111\u01b0\u1ee3c gia c\u00f4ng tinh ho\u1eb7c b\u00e1n tinh tr\u01b0\u1edbc khi m\u00e0i l\u1ed7. khi m\u00e0i l\u1ed7 kh\u00f4ng t\u00e2m ngo\u00e0i \u0111\u00e1 m\u00e0i, b\u00e1nh d\u1eabn c\u00f2n ph\u1ea3i c\u00f3 c\u00e1c con l\u0103n \u0111\u1ee1 v\u00e0 \u00e9p chi ti\u1ebft ti\u1ebfp x\u00fac li\u00ean t\u1ee5c v\u1edbi b\u00e1nh d\u1eabn.<\/li>\n<\/ul>\n<p><img decoding=\"async\" loading=\"lazy\" class=\"size-full wp-image-3323\" src=\"https:\/\/web.webrt.net\/phongvu\/wp-content\/uploads\/2023\/07\/Gia-cong-mai-tron-trong-9.jpg\" alt=\"\" width=\"800\" height=\"403\" srcset=\"https:\/\/web.webrt.net\/phongvu\/wp-content\/uploads\/2023\/07\/Gia-cong-mai-tron-trong-9.jpg 800w, https:\/\/web.webrt.net\/phongvu\/wp-content\/uploads\/2023\/07\/Gia-cong-mai-tron-trong-9-794x400.jpg 794w, https:\/\/web.webrt.net\/phongvu\/wp-content\/uploads\/2023\/07\/Gia-cong-mai-tron-trong-9-768x387.jpg 768w, https:\/\/web.webrt.net\/phongvu\/wp-content\/uploads\/2023\/07\/Gia-cong-mai-tron-trong-9-600x302.jpg 600w\" sizes=\"(max-width: 800px) 100vw, 800px\" \/><\/p>\n<h2 id=\"ftoc-heading-2\" class=\"ftwp-heading ftwp-heading ftwp-heading\"><span class=\"ez-toc-section\" id=\"Cac_he_so_anh_huong_den_gia_cong_mai_tron\"><\/span><strong>C\u00e1c h\u1ec7 s\u1ed1 \u1ea3nh h\u01b0\u1edfng \u0111\u1ebfn gia c\u00f4ng m\u00e0i tr\u00f2n<\/strong><span class=\"ez-toc-section-end\"><\/span><\/h2>\n<p>Vi\u1ec7c ch\u1ecdn \u0111\u00e1 m\u00e0i, ch\u1ebf \u0111\u1ed9 m\u00e0i \u0111\u00f3ng vai tr\u00f2 quy\u1ebft \u0111\u1ecbnh ch\u1ea5t l\u01b0\u1ee3ng s\u1ea3n ph\u1ea9m nh\u01b0 ti\u00eau ch\u00ed v\u1ec1 \u0111\u1ed9 b\u00f3ng, \u0111\u1ed9 ch\u00ednh x\u00e1c. l\u01b0\u1ee3ng d\u01b0 \u0111\u01b0\u1ee3c lo\u1ea1i b\u1ecf.<br \/>\n+ Ch\u1ecdn \u0111\u00e1 m\u00e0i: ch\u1ecdn \u0111\u00e1 m\u00e0i h\u1ee3p l\u00fd ch\u1ea5t l\u01b0\u1ee3ng v\u00e0 n\u0103ng su\u1ea5t cao. Ch\u1ecdn \u0111\u00e1 m\u00e0i ch\u00fa \u00fd c\u00e1c y\u1ebfu t\u1ed1 v\u1eadt li\u1ec7u m\u00e0i, ch\u1ea5t k\u1ebft d\u00ednh, \u0111\u1ed9 c\u1ee9ng, k\u1ebft c\u1ea5u, \u0111\u1ed9 h\u1ea1t c\u1ee7a \u0111\u00e1 m\u00e0i.<br \/>\n+ Ch\u1ecdn ch\u1ebf \u0111\u1ed9 m\u00e0i: ch\u1ecdn v\u1eadn t\u1ed1c \u0111\u00e1 m\u00e0i, v\u1eadn t\u1ed1c chi ti\u1ebft, l\u01b0\u1ee3ng ch\u1ea1y dao ngang v\u00e0 chi\u1ec1u s\u00e2u c\u1eaft.<\/p>\n<p>V\u1edbi k\u1ef9 thu\u1eadt m\u00e0i ti\u00ean ti\u1ebfn c\u00f9ng v\u1edbi nh\u00e2n vi\u00ean v\u1eadn h\u00e0nh m\u00e1y m\u00e0i l\u00e2u n\u0103m ch\u00fang t\u00f4i gia c\u00f4ng m\u00e0i chi ti\u1ebft m\u00e1y v\u1edbi \u0111\u1ed9 ch\u00ednh x\u00e1c cao c\u0169ng nh\u01b0 \u0111\u1ed9 b\u00f3ng ti\u00eau chu\u1ea9n.<\/p>\n<p>\u0110\u1eb7c bi\u1ec7t ch\u00fang t\u00f4i c\u00f3 th\u1ec3 gia c\u00f4ng M\u00e0i c\u00e1c chi ti\u1ebft v\u1edbi K\u00edch Th\u01b0\u1edbc l\u1edbn c\u00f9ng v\u1edbi \u0111\u1ed9 ch\u00ednh x\u00e1c r\u1ea5t cao.<\/p>\n<p><img decoding=\"async\" loading=\"lazy\" class=\"size-full wp-image-3324\" src=\"https:\/\/web.webrt.net\/phongvu\/wp-content\/uploads\/2023\/07\/Gia-cong-mai-tron-trong-3.jpg\" alt=\"\" width=\"800\" height=\"378\" srcset=\"https:\/\/web.webrt.net\/phongvu\/wp-content\/uploads\/2023\/07\/Gia-cong-mai-tron-trong-3.jpg 800w, https:\/\/web.webrt.net\/phongvu\/wp-content\/uploads\/2023\/07\/Gia-cong-mai-tron-trong-3-768x363.jpg 768w, https:\/\/web.webrt.net\/phongvu\/wp-content\/uploads\/2023\/07\/Gia-cong-mai-tron-trong-3-600x284.jpg 600w\" sizes=\"(max-width: 800px) 100vw, 800px\" \/><\/p>\n<p>&nbsp;<\/p>\n","protected":false},"excerpt":{"rendered":"<p>D\u1ecbch v\u1ee5 gia c\u00f4ng m\u00e0i tr\u00f2n trong chi ti\u1ebft h\u00e0ng lo\u1ea1t ho\u1eb7c \u0111\u01a1n chi\u1ebfc theo y\u00eau c\u1ea7u. Gia c\u00f4ng chi ti\u1ebft c\u01a1 kh\u00ed, chi ti\u1ebft m\u00e1y.<\/p>\n<p>Gia c\u00f4ng l\u00f4 lo\u1ea1t v\u1edbi \u0111\u1ed9 ch\u00ednh x\u00e1c cao, s\u1ea3n ph\u1ea9m \u0111\u1ed3ng \u0111\u1ec1u trong th\u1eddi gian ng\u1eafn.<\/p>\n","protected":false},"featured_media":3320,"comment_status":"open","ping_status":"closed","template":"","meta":[],"product_cat":[190],"product_tag":[],"yoast_head":"<!-- This site is optimized with the Yoast SEO plugin v20.9 - https:\/\/yoast.com\/wordpress\/plugins\/seo\/ -->\n<title>Gia c\u00f4ng m\u00e0i tr\u00f2n trong - Phong V\u0169<\/title>\n<meta name=\"robots\" content=\"index, follow, max-snippet:-1, max-image-preview:large, max-video-preview:-1\" \/>\n<link rel=\"canonical\" href=\"https:\/\/web.webrt.net\/phongvu\/?product=gia-cong-mai-tron-trong\" \/>\n<meta property=\"og:locale\" content=\"vi_VN\" \/>\n<meta property=\"og:type\" content=\"article\" \/>\n<meta property=\"og:title\" content=\"Gia c\u00f4ng m\u00e0i tr\u00f2n trong - Phong V\u0169\" \/>\n<meta property=\"og:description\" content=\"D\u1ecbch v\u1ee5 gia c\u00f4ng m\u00e0i tr\u00f2n trong chi ti\u1ebft h\u00e0ng lo\u1ea1t ho\u1eb7c \u0111\u01a1n chi\u1ebfc theo y\u00eau c\u1ea7u. Gia c\u00f4ng chi ti\u1ebft c\u01a1 kh\u00ed, chi ti\u1ebft m\u00e1y.  Gia c\u00f4ng l\u00f4 lo\u1ea1t v\u1edbi \u0111\u1ed9 ch\u00ednh x\u00e1c cao, s\u1ea3n ph\u1ea9m \u0111\u1ed3ng \u0111\u1ec1u trong th\u1eddi gian ng\u1eafn.\" \/>\n<meta property=\"og:url\" content=\"https:\/\/web.webrt.net\/phongvu\/?product=gia-cong-mai-tron-trong\" \/>\n<meta property=\"og:site_name\" content=\"Phong V\u0169\" \/>\n<meta property=\"article:modified_time\" content=\"2023-07-14T10:56:47+00:00\" \/>\n<meta property=\"og:image\" content=\"https:\/\/web.webrt.net\/phongvu\/wp-content\/uploads\/2023\/07\/Gia-cong-mai-tron-trong-6-600x337-1.jpg\" \/>\n\t<meta property=\"og:image:width\" content=\"600\" \/>\n\t<meta property=\"og:image:height\" content=\"337\" \/>\n\t<meta property=\"og:image:type\" content=\"image\/jpeg\" \/>\n<meta name=\"twitter:card\" content=\"summary_large_image\" \/>\n<meta name=\"twitter:label1\" content=\"\u01af\u1edbc t\u00ednh th\u1eddi gian \u0111\u1ecdc\" \/>\n\t<meta name=\"twitter:data1\" content=\"3 ph\u00fat\" \/>\n<script type=\"application\/ld+json\" class=\"yoast-schema-graph\">{\"@context\":\"https:\/\/schema.org\",\"@graph\":[{\"@type\":\"WebPage\",\"@id\":\"https:\/\/web.webrt.net\/phongvu\/?product=gia-cong-mai-tron-trong\",\"url\":\"https:\/\/web.webrt.net\/phongvu\/?product=gia-cong-mai-tron-trong\",\"name\":\"Gia c\u00f4ng m\u00e0i tr\u00f2n trong - Phong V\u0169\",\"isPartOf\":{\"@id\":\"https:\/\/web.webrt.net\/phongvu\/#website\"},\"datePublished\":\"2023-07-14T10:56:46+00:00\",\"dateModified\":\"2023-07-14T10:56:47+00:00\",\"breadcrumb\":{\"@id\":\"https:\/\/web.webrt.net\/phongvu\/?product=gia-cong-mai-tron-trong#breadcrumb\"},\"inLanguage\":\"vi\",\"potentialAction\":[{\"@type\":\"ReadAction\",\"target\":[\"https:\/\/web.webrt.net\/phongvu\/?product=gia-cong-mai-tron-trong\"]}]},{\"@type\":\"BreadcrumbList\",\"@id\":\"https:\/\/web.webrt.net\/phongvu\/?product=gia-cong-mai-tron-trong#breadcrumb\",\"itemListElement\":[{\"@type\":\"ListItem\",\"position\":1,\"name\":\"Trang ch\u1ee7\",\"item\":\"https:\/\/web.webrt.net\/phongvu\/\"},{\"@type\":\"ListItem\",\"position\":2,\"name\":\"S\u1ea3n ph\u1ea9m\",\"item\":\"https:\/\/web.webrt.net\/phongvu\/?post_type=product\"},{\"@type\":\"ListItem\",\"position\":3,\"name\":\"Gia c\u00f4ng m\u00e0i tr\u00f2n trong\"}]},{\"@type\":\"WebSite\",\"@id\":\"https:\/\/web.webrt.net\/phongvu\/#website\",\"url\":\"https:\/\/web.webrt.net\/phongvu\/\",\"name\":\"Phong V\u0169\",\"description\":\"\",\"potentialAction\":[{\"@type\":\"SearchAction\",\"target\":{\"@type\":\"EntryPoint\",\"urlTemplate\":\"https:\/\/web.webrt.net\/phongvu\/?s={search_term_string}\"},\"query-input\":\"required name=search_term_string\"}],\"inLanguage\":\"vi\"}]}<\/script>\n<!-- \/ Yoast SEO plugin. -->","yoast_head_json":{"title":"Gia c\u00f4ng m\u00e0i tr\u00f2n trong - Phong V\u0169","robots":{"index":"index","follow":"follow","max-snippet":"max-snippet:-1","max-image-preview":"max-image-preview:large","max-video-preview":"max-video-preview:-1"},"canonical":"https:\/\/web.webrt.net\/phongvu\/?product=gia-cong-mai-tron-trong","og_locale":"vi_VN","og_type":"article","og_title":"Gia c\u00f4ng m\u00e0i tr\u00f2n trong - Phong V\u0169","og_description":"D\u1ecbch v\u1ee5 gia c\u00f4ng m\u00e0i tr\u00f2n trong chi ti\u1ebft h\u00e0ng lo\u1ea1t ho\u1eb7c \u0111\u01a1n chi\u1ebfc theo y\u00eau c\u1ea7u. Gia c\u00f4ng chi ti\u1ebft c\u01a1 kh\u00ed, chi ti\u1ebft m\u00e1y.  Gia c\u00f4ng l\u00f4 lo\u1ea1t v\u1edbi \u0111\u1ed9 ch\u00ednh x\u00e1c cao, s\u1ea3n ph\u1ea9m \u0111\u1ed3ng \u0111\u1ec1u trong th\u1eddi gian ng\u1eafn.","og_url":"https:\/\/web.webrt.net\/phongvu\/?product=gia-cong-mai-tron-trong","og_site_name":"Phong V\u0169","article_modified_time":"2023-07-14T10:56:47+00:00","og_image":[{"width":600,"height":337,"url":"https:\/\/web.webrt.net\/phongvu\/wp-content\/uploads\/2023\/07\/Gia-cong-mai-tron-trong-6-600x337-1.jpg","type":"image\/jpeg"}],"twitter_card":"summary_large_image","twitter_misc":{"\u01af\u1edbc t\u00ednh th\u1eddi gian \u0111\u1ecdc":"3 ph\u00fat"},"schema":{"@context":"https:\/\/schema.org","@graph":[{"@type":"WebPage","@id":"https:\/\/web.webrt.net\/phongvu\/?product=gia-cong-mai-tron-trong","url":"https:\/\/web.webrt.net\/phongvu\/?product=gia-cong-mai-tron-trong","name":"Gia c\u00f4ng m\u00e0i tr\u00f2n trong - Phong V\u0169","isPartOf":{"@id":"https:\/\/web.webrt.net\/phongvu\/#website"},"datePublished":"2023-07-14T10:56:46+00:00","dateModified":"2023-07-14T10:56:47+00:00","breadcrumb":{"@id":"https:\/\/web.webrt.net\/phongvu\/?product=gia-cong-mai-tron-trong#breadcrumb"},"inLanguage":"vi","potentialAction":[{"@type":"ReadAction","target":["https:\/\/web.webrt.net\/phongvu\/?product=gia-cong-mai-tron-trong"]}]},{"@type":"BreadcrumbList","@id":"https:\/\/web.webrt.net\/phongvu\/?product=gia-cong-mai-tron-trong#breadcrumb","itemListElement":[{"@type":"ListItem","position":1,"name":"Trang ch\u1ee7","item":"https:\/\/web.webrt.net\/phongvu\/"},{"@type":"ListItem","position":2,"name":"S\u1ea3n ph\u1ea9m","item":"https:\/\/web.webrt.net\/phongvu\/?post_type=product"},{"@type":"ListItem","position":3,"name":"Gia c\u00f4ng m\u00e0i tr\u00f2n trong"}]},{"@type":"WebSite","@id":"https:\/\/web.webrt.net\/phongvu\/#website","url":"https:\/\/web.webrt.net\/phongvu\/","name":"Phong V\u0169","description":"","potentialAction":[{"@type":"SearchAction","target":{"@type":"EntryPoint","urlTemplate":"https:\/\/web.webrt.net\/phongvu\/?s={search_term_string}"},"query-input":"required name=search_term_string"}],"inLanguage":"vi"}]}},"_links":{"self":[{"href":"https:\/\/web.webrt.net\/phongvu\/index.php?rest_route=\/wp\/v2\/product\/3319"}],"collection":[{"href":"https:\/\/web.webrt.net\/phongvu\/index.php?rest_route=\/wp\/v2\/product"}],"about":[{"href":"https:\/\/web.webrt.net\/phongvu\/index.php?rest_route=\/wp\/v2\/types\/product"}],"replies":[{"embeddable":true,"href":"https:\/\/web.webrt.net\/phongvu\/index.php?rest_route=%2Fwp%2Fv2%2Fcomments&post=3319"}],"wp:featuredmedia":[{"embeddable":true,"href":"https:\/\/web.webrt.net\/phongvu\/index.php?rest_route=\/wp\/v2\/media\/3320"}],"wp:attachment":[{"href":"https:\/\/web.webrt.net\/phongvu\/index.php?rest_route=%2Fwp%2Fv2%2Fmedia&parent=3319"}],"wp:term":[{"taxonomy":"product_cat","embeddable":true,"href":"https:\/\/web.webrt.net\/phongvu\/index.php?rest_route=%2Fwp%2Fv2%2Fproduct_cat&post=3319"},{"taxonomy":"product_tag","embeddable":true,"href":"https:\/\/web.webrt.net\/phongvu\/index.php?rest_route=%2Fwp%2Fv2%2Fproduct_tag&post=3319"}],"curies":[{"name":"wp","href":"https:\/\/api.w.org\/{rel}","templated":true}]}}