{"id":3314,"date":"2023-07-14T10:50:46","date_gmt":"2023-07-14T10:50:46","guid":{"rendered":"https:\/\/web.webrt.net\/phongvu\/?post_type=product&#038;p=3314"},"modified":"2023-07-14T10:50:47","modified_gmt":"2023-07-14T10:50:47","slug":"do-ga-jig-ga-lap-rap","status":"publish","type":"product","link":"https:\/\/web.webrt.net\/phongvu\/?product=do-ga-jig-ga-lap-rap","title":{"rendered":"\u0110\u1ed3 g\u00e1 jig g\u00e1 l\u1eafp r\u00e1p"},"content":{"rendered":"<div id=\"ez-toc-container\" class=\"ez-toc-v2_0_50 counter-hierarchy ez-toc-counter ez-toc-grey ez-toc-container-direction\">\n<div class=\"ez-toc-title-container\">\n<p class=\"ez-toc-title\">M\u1ee5c l\u1ee5c<\/p>\n<span class=\"ez-toc-title-toggle\"><a href=\"#\" class=\"ez-toc-pull-right ez-toc-btn ez-toc-btn-xs ez-toc-btn-default ez-toc-toggle\" aria-label=\"Toggle Table of Content\" role=\"button\"><label for=\"item-69d0afc5f31d5\" aria-hidden=\"true\"><span style=\"display: flex;align-items: center;width: 35px;height: 30px;justify-content: center;direction:ltr;\"><svg style=\"fill: #999;color:#999\" xmlns=\"http:\/\/www.w3.org\/2000\/svg\" class=\"list-377408\" width=\"20px\" height=\"20px\" viewBox=\"0 0 24 24\" fill=\"none\"><path d=\"M6 6H4v2h2V6zm14 0H8v2h12V6zM4 11h2v2H4v-2zm16 0H8v2h12v-2zM4 16h2v2H4v-2zm16 0H8v2h12v-2z\" fill=\"currentColor\"><\/path><\/svg><svg style=\"fill: #999;color:#999\" class=\"arrow-unsorted-368013\" xmlns=\"http:\/\/www.w3.org\/2000\/svg\" width=\"10px\" height=\"10px\" viewBox=\"0 0 24 24\" version=\"1.2\" baseProfile=\"tiny\"><path d=\"M18.2 9.3l-6.2-6.3-6.2 6.3c-.2.2-.3.4-.3.7s.1.5.3.7c.2.2.4.3.7.3h11c.3 0 .5-.1.7-.3.2-.2.3-.5.3-.7s-.1-.5-.3-.7zM5.8 14.7l6.2 6.3 6.2-6.3c.2-.2.3-.5.3-.7s-.1-.5-.3-.7c-.2-.2-.4-.3-.7-.3h-11c-.3 0-.5.1-.7.3-.2.2-.3.5-.3.7s.1.5.3.7z\"\/><\/svg><\/span><\/label><input  type=\"checkbox\" id=\"item-69d0afc5f31d5\"><\/a><\/span><\/div>\n<nav><ul class='ez-toc-list ez-toc-list-level-1 ' ><li class='ez-toc-page-1 ez-toc-heading-level-2'><a class=\"ez-toc-link ez-toc-heading-1\" href=\"https:\/\/web.webrt.net\/phongvu\/?product=do-ga-jig-ga-lap-rap\/#Cau_tao_cua_do_ga_lap_rap\" title=\"C\u1ea5u t\u1ea1o c\u1ee7a \u0111\u1ed3 g\u00e1 l\u1eafp r\u00e1p\">C\u1ea5u t\u1ea1o c\u1ee7a \u0111\u1ed3 g\u00e1 l\u1eafp r\u00e1p<\/a><\/li><li class='ez-toc-page-1 ez-toc-heading-level-2'><a class=\"ez-toc-link ez-toc-heading-2\" href=\"https:\/\/web.webrt.net\/phongvu\/?product=do-ga-jig-ga-lap-rap\/#Chuc_nang_cua_do_ga\" title=\"Ch\u1ee9c n\u0103ng c\u1ee7a \u0111\u1ed3 g\u00e1\">Ch\u1ee9c n\u0103ng c\u1ee7a \u0111\u1ed3 g\u00e1<\/a><\/li><li class='ez-toc-page-1 ez-toc-heading-level-2'><a class=\"ez-toc-link ez-toc-heading-3\" href=\"https:\/\/web.webrt.net\/phongvu\/?product=do-ga-jig-ga-lap-rap\/#Nguyen_ly_cua_do_ga_lap_rap\" title=\"Nguy\u00ean l\u00fd c\u1ee7a \u0111\u1ed3 g\u00e1 l\u1eafp r\u00e1p\">Nguy\u00ean l\u00fd c\u1ee7a \u0111\u1ed3 g\u00e1 l\u1eafp r\u00e1p<\/a><\/li><li class='ez-toc-page-1 ez-toc-heading-level-2'><a class=\"ez-toc-link ez-toc-heading-4\" href=\"https:\/\/web.webrt.net\/phongvu\/?product=do-ga-jig-ga-lap-rap\/#Uu_diem_khi_su_dung_do_ga_JIG_ga_trong_gia_cong_co_khi\" title=\"\u01afu \u0111i\u1ec3m khi s\u1eed d\u1ee5ng \u0111\u1ed3 g\u00e1 JIG g\u00e1 trong gia c\u00f4ng c\u01a1 kh\u00ed\">\u01afu \u0111i\u1ec3m khi s\u1eed d\u1ee5ng \u0111\u1ed3 g\u00e1 JIG g\u00e1 trong gia c\u00f4ng c\u01a1 kh\u00ed<\/a><\/li><li class='ez-toc-page-1 ez-toc-heading-level-2'><a class=\"ez-toc-link ez-toc-heading-5\" href=\"https:\/\/web.webrt.net\/phongvu\/?product=do-ga-jig-ga-lap-rap\/#Quy_trinh_thiet_ke_che_tao\" title=\"Quy tr\u00ecnh thi\u00eat k\u1ebf &amp; ch\u1ebf t\u1ea1o:\">Quy tr\u00ecnh thi\u00eat k\u1ebf &amp; ch\u1ebf t\u1ea1o:<\/a><\/li><\/ul><\/nav><\/div>\n<p><strong>\u0110\u1ed3 g\u00e1 jig g\u00e1 l\u1eafp r\u00e1p<\/strong>\u00a0ch\u1ea5t l\u01b0\u1ee3ng cao \u2013 s\u1ea3n xu\u1ea5t theo y\u00eau c\u1ea7u c\u1ee7a kh\u00e1ch h\u00e0ng \u2013 \u0111\u01a1n gi\u1ea3n h\u00f3a qu\u00e1 tr\u00ecnh gia c\u00f4ng c\u01a1 kh\u00ed nh\u01b0 ti\u1ec7n, phay, b\u00e0o, m\u00e0i v\u00e0 c\u1eaft d\u00e2y gi\u00fap n\u00e2ng cao hi\u1ec7u qu\u1ea3 gia c\u00f4ng chi ti\u1ebft cho kh\u00e1ch h\u00e0ng v\u00e0 nh\u00e0 s\u1ea3n xu\u1ea5t.<\/p>\n<ul>\n<li>Jig g\u00e1 hay c\u00f2n g\u1ecdi l\u00e0 khu\u00f4n ch\u1ee7 y\u1ebfu d\u00f9ng \u0111\u1ec3 test l\u1ed7i c\u1ee7a s\u1ea3n ph\u1ea9m c\u01a1 kh\u00ed, \u00f4 t\u00f4 xe m\u00e1y, \u0111i\u1ec7n t\u1eed, \u00c9p 2 chi ti\u1ebft v\u1edbi nhau \u0111\u1ec3 ch\u00fang \u0111\u01b0\u1ee3c l\u1eafp v\u1edbi nhau<\/li>\n<li>\u0110\u1ed3 g\u00e1 l\u1eafp r\u00e1p l\u00e0 m\u1ed9t lo\u1ea1i \u0111\u1ed3 g\u00e1 hay \u0111\u01b0\u1ee3c s\u1eed d\u1ee5ng trong c\u00e1c d\u00e2y chuy\u1ec1n l\u1eafp r\u00e1p, ph\u1ee5c v\u1ee5 c\u00f4ng \u0111o\u1ea1n l\u1eafp r\u00e1p m\u1ed9t chi ti\u1ebft ho\u1eb7c c\u1ee5m chi ti\u1ebft, c\u00e1c ph\u1ee5 t\u00f9ng \u00f4 t\u00f4, xe m\u00e1y trong c\u00e1c nh\u00e0 m\u00e1y s\u1ea3n xu\u1ea5t v\u00e0 l\u1eafp r\u00e1p c\u01a1 kh\u00ed<\/li>\n<li>\u0110\u1ed3 g\u00e1 l\u1eafp r\u00e1p c\u01a1 b\u1ea3n th\u01b0\u1eddng \u0111\u01b0\u1ee3c s\u1eed d\u1ee5ng \u0111\u1ec3 l\u1eafp r\u00e1p c\u00e1c c\u01a1 c\u1ea5u c\u1ee5m c\u01a1 kh\u00ed \u0111\u00f2i h\u1ecfi \u0111\u1ed9 ch\u00ednh x\u00e1c kh\u00f4ng qu\u00e1 cao<\/li>\n<li>\u0110\u1ed3 g\u00e1 l\u1eafp r\u00e1p c\u00f3 \u0111\u1ed9 ch\u00ednh x\u00e1c cao v\u00e0 ph\u1ee9c t\u1ea1p h\u01a1n c\u00f3 \u1ee9ng d\u1ee5ng \u0111\u1ec3 l\u1eafp r\u00e1p ngu\u1ed3n kh\u00ed n\u00e9n, th\u1ee7y l\u1ef1c, sensor v\u1ecb tr\u00ed, sensor h\u00e0nh tr\u00ecnh, timer, c\u00e1nh tay robot\u2026<\/li>\n<\/ul>\n<p><img decoding=\"async\" loading=\"lazy\" class=\"size-full wp-image-3316\" src=\"https:\/\/web.webrt.net\/phongvu\/wp-content\/uploads\/2023\/07\/jig-ga-lap-rap-7.jpg\" alt=\"\" width=\"600\" height=\"346\" \/><\/p>\n<h2 id=\"ftoc-heading-1\" class=\"ftwp-heading\"><span class=\"ez-toc-section\" id=\"Cau_tao_cua_do_ga_lap_rap\"><\/span><strong>C\u1ea5u t\u1ea1o c\u1ee7a \u0111\u1ed3 g\u00e1 l\u1eafp r\u00e1p<\/strong><span class=\"ez-toc-section-end\"><\/span><\/h2>\n<ol>\n<li>\u00a0Th\u00e2n \u0111\u1ed3 g\u00e1.<\/li>\n<li>C\u01a1 c\u1ea5u \u0111\u1ecbnh v\u1ecb.<\/li>\n<li>C\u01a1 c\u1ea5u k\u1eb9p ch\u1eb7t.<\/li>\n<li>C\u00e1c c\u01a1 c\u1ea5u ph\u1ee5 kh\u00e1c.<\/li>\n<\/ol>\n<p><img decoding=\"async\" loading=\"lazy\" class=\"size-full wp-image-3317\" src=\"https:\/\/web.webrt.net\/phongvu\/wp-content\/uploads\/2023\/07\/jig-ga-lap-rap-6.jpg\" alt=\"\" width=\"600\" height=\"345\" \/><\/p>\n<h2 id=\"ftoc-heading-2\" class=\"ftwp-heading\"><span class=\"ez-toc-section\" id=\"Chuc_nang_cua_do_ga\"><\/span><strong>Ch\u1ee9c n\u0103ng c\u1ee7a \u0111\u1ed3 g\u00e1<\/strong><span class=\"ez-toc-section-end\"><\/span><\/h2>\n<p>\u0110\u1ed3 g\u00e1 l\u1eafp r\u00e1p gi\u00fap d\u1ec5 r\u00e0ng v\u00e0 \u0111\u1ea9y nhanh qu\u00e1 tr\u00ecnh l\u1eafp r\u00e1p, gi\u00fap t\u1ef1 \u0111\u1ed9ng h\u00f3a qu\u00e1 tr\u00ecnh t\u1ef1 \u0111\u1ed9ng h\u00f3a t\u1eeb \u0111\u00f3 gi\u1ea3m th\u1eddi gian l\u1eafp r\u00e1p v\u00e0 gi\u1ea3m y\u00eau c\u1ea7u v\u1ec1 tr\u00ecnh \u0111\u1ed9 thao t\u00e1c.<\/p>\n<p>\u0110\u1ed3\u00a0<b>g\u00e1<\/b>\u00a0(<b>Jig<\/b>) l\u00e0 thi\u1ebft b\u1ecb kh\u00f4ng th\u1ec3 thi\u1ebfu trong qu\u00e1 tr\u00ecnh gia c\u00f4ng c\u01a1 kh\u00ed ch\u00ednh gi\u00fap. \u0110\u1ed3\u00a0<b>g\u00e1<\/b>\u00a0gi\u00fap c\u1ed1 \u0111\u1ecbnh s\u1ea3n ph\u1ea9m \u0111\u1ec3 l\u1eafp r\u00e1p, ki\u1ec3m tra, h\u00e0n,.. s\u1ea3n ph\u1ea9m. Ngo\u00e0i ra, c\u00f2n gi\u00fap x\u00e1c \u0111\u1ecbnh v\u1ecb tr\u00ed c\u1ee7a b\u1ea3n ph\u00f4i so v\u1edbi c\u00e1c d\u1ee5ng c\u1ee5 c\u1eaft \u0111\u1ec3 gi\u1eef ch\u1eb7t v\u00e0 \u0111\u1ea3m b\u1ea3o \u0111\u1ed9 ch\u00ednh x\u00e1c khi gia c\u00f4ng.<\/p>\n<h2 id=\"ftoc-heading-3\" class=\"ftwp-heading\"><span class=\"ez-toc-section\" id=\"Nguyen_ly_cua_do_ga_lap_rap\"><\/span><strong>Nguy\u00ean l\u00fd c\u1ee7a \u0111\u1ed3 g\u00e1 l\u1eafp r\u00e1p<\/strong><span class=\"ez-toc-section-end\"><\/span><\/h2>\n<ol>\n<li>Cho chi ti\u1ebft chi ti\u1ebft c\u01a1 s\u1edf (th\u00e2n s\u1ea3n ph\u1ea9m, t\u1ea7m base,\u2026)l\u00ean \u0111\u1ed3 gi\u00e1<\/li>\n<li>Gi\u00e1 chi ti\u1ebft c\u01a1 s\u1edf v\u00e0o c\u00e1c ph\u1ea7n \u0111\u1ecbnh v\u1ecb c\u1ee7a \u0111\u1ed3 g\u00e1<\/li>\n<li>K\u1eb9p ch\u1eb7t chi ti\u1ebft b\u1eb1ng c\u01a1 c\u1ea5u k\u1eb9p ch\u1eb7t c\u1ee7a \u0111\u1ed3 g\u00e1<\/li>\n<li>L\u1eafp r\u00e1p c\u00e1c chi ti\u1ebft kh\u00e1c v\u00e0o chi ti\u1ebft c\u01a1 s\u1edf.<\/li>\n<\/ol>\n<h2 id=\"ftoc-heading-4\" class=\"ftwp-heading\"><span class=\"ez-toc-section\" id=\"Uu_diem_khi_su_dung_do_ga_JIG_ga_trong_gia_cong_co_khi\"><\/span><strong>\u01afu \u0111i\u1ec3m khi s\u1eed d\u1ee5ng \u0111\u1ed3 g\u00e1 JIG g\u00e1 trong gia c\u00f4ng c\u01a1 kh\u00ed<\/strong><span class=\"ez-toc-section-end\"><\/span><\/h2>\n<ol>\n<li>Gi\u00fap \u0111\u1ea3m b\u1ea3o ch\u1ea5t l\u01b0\u1ee3ng s\u1ea3n ph\u1ea9m trong qu\u00e1 tr\u00ecnh gia c\u00f4ng, l\u1eafp r\u00e1p, ki\u1ec3m tra<\/li>\n<li>\u0110\u1ed3 g\u00e1 chu\u1ea9n v\u00e0 \u0111\u00fang gi\u00fap c\u00e1c s\u1ea3n ph\u1ea9m gia c\u00f4ng c\u00f3 th\u00f4ng s\u1ed1 ch\u00ednh x\u00e1c h\u01a1n<\/li>\n<li>\u0110\u1ecbnh v\u1ecb chi ti\u1ebft, ph\u00f4i, \u0111\u1ed3ng th\u1eddi gi\u1eef v\u1eefng v\u1ecb tr\u00ed \u0111\u00f3 trong su\u1ed1t qu\u00e1 tr\u00ecnh gia c\u00f4ng, gi\u00fap gi\u1ea3m thi\u1ec3u t\u1ed1i \u0111a sai s\u1ed1 trong qu\u00e1 tr\u00ecnh gia c\u00f4ng<\/li>\n<li>T\u0103ng hi\u1ec7u qu\u1ea3 gia c\u00f4ng h\u00e0ng lo\u1ea1t<\/li>\n<li>Thay \u0111\u1ed5i linh ho\u1ea1t d\u1ef1a theo s\u1ea3n ph\u1ea9m v\u00e0 theo nhu c\u1ea7u c\u1ee7a kh\u00e1ch h\u00e0ng<\/li>\n<li>\u0110\u1ea3m b\u1ea3o \u0111\u1ed9 c\u1ee9ng v\u1eefng v\u00e0 c\u00e1c y\u00eau c\u1ea7u v\u1ec1 l\u1ef1c k\u1eb9p, moment xo\u1eafn, ph\u1ea3n l\u1ef1c sinh ra trong qu\u00e1 tr\u00ecnh c\u1eaft g\u1ecdt t\u1eeb tr\u1ee5c ch\u00ednh, b\u00e0n m\u00e1y, \u0111\u1ea7u dao\u2026<\/li>\n<\/ol>\n<p><img decoding=\"async\" loading=\"lazy\" class=\"size-full wp-image-3318\" src=\"https:\/\/web.webrt.net\/phongvu\/wp-content\/uploads\/2023\/07\/che-tao-jig-ga-han-3.jpg\" alt=\"\" width=\"600\" height=\"348\" \/><\/p>\n<h2 id=\"ftoc-heading-5\" class=\"ftwp-heading\"><span class=\"ez-toc-section\" id=\"Quy_trinh_thiet_ke_che_tao\"><\/span><strong>Quy tr\u00ecnh thi\u00eat k\u1ebf &amp; ch\u1ebf t\u1ea1o:<\/strong><span class=\"ez-toc-section-end\"><\/span><\/h2>\n<ol>\n<li><strong><em><u>D\u1eef li\u1ec7u \u0111\u1ea7u v\u00e0o<\/u><\/em><\/strong><em>:\u00a0<\/em>Nh\u1eadn y\u00eau c\u1ea7u, b\u1ea3n v\u1ebd s\u1ea3n ph\u1ea9m t\u1eeb kh\u00e1ch h\u00e0ng<\/li>\n<li><strong><em><u>D\u00f2ng ch\u1ea3y s\u1ea3n ph\u1ea9m<\/u><\/em><\/strong><em>:\u00a0<\/em>Ph\u00e2n t\u00edch \u0111\u01b0\u1eddng \u0111i c\u1ee7a c\u00e1c part (t\u1eeb nh\u1eefng part \u0111\u01a1n l\u1ebb \u0111\u1ebfn s\u1ea3n ph\u1ea9m cu\u1ed1i c\u00f9ng); ch\u1ec9 \u0111\u1ecbnh ph\u01b0\u01a1ng \u00e1n ch\u1ebf t\u1ea1o t\u1eebng part v\u00e0 t\u1eebng c\u1ee5m, th\u1ed1ng k\u00ea chi ti\u1ebft s\u1ed1 l\u01b0\u1ee3ng \u0111\u01b0\u1eddng h\u00e0n, \u0111i\u1ec3m h\u00e0n, chi\u1ec1u d\u00e0i \u0111\u01b0\u1eddng h\u00e0n<\/li>\n<li><strong><em><u>Quy tr\u00ecnh h\u00e0n<\/u><\/em><\/strong><em>:\u00a0<\/em>Ph\u00e2n t\u00edch \u0111\u01b0\u1eddng \u0111i c\u1ee7a c\u00e1c part h\u00e0n, ch\u1ec9 \u0111\u1ecbnh ph\u01b0\u01a1ng \u00e1n h\u00e0n t\u1eebng c\u1ee5m, t\u00ednh to\u00e1n s\u1ed1 l\u01b0\u1ee3ng jig c\u1ea7n thi\u1ebft \u0111\u1ec3 c\u00f3 th\u1ec3 h\u00e0n ra s\u1ea3n ph\u1ea9m<\/li>\n<li><strong><em><u>Tr\u00ecnh t\u1ef1 h\u00e0n<\/u><\/em><\/strong><em>:\u00a0<\/em>Ph\u00e2n t\u00edch chi ti\u1ebft t\u1eebng \u0111\u01b0\u1eddng h\u00e0n, t\u00ednh to\u00e1n t\u1ed5 h\u1ee3p c\u00e1c c\u1ee5m jig nh\u1ecf tr\u00ean 1 b\u1ed9 jig l\u1edbn, \u0111\u01b0\u1eddng \u0111i c\u1ee7a c\u00e1c part h\u00e0n, ch\u1ec9 \u0111\u1ecbnh th\u1ee9 t\u1ef1 c\u1ee7a t\u1eebng \u0111\u01b0\u1eddng h\u00e0n, t\u1ed1c d\u1ed9 h\u00e0n,\u2026<\/li>\n<li><strong><em><u>Ki\u1ec3m tra va ch\u1ea1m<\/u><\/em><\/strong><em>:\u00a0<\/em>Ph\u00e2n t\u00edch va ch\u1ea1m v\u00e0 kh\u1ea3 n\u0103ng h\u00e0n h\u1ebft \u0111\u01b0\u1ee3c c\u00e1c \u0111\u01b0\u1eddng h\u00e0n tr\u00ean s\u1ea3n ph\u1ea9m khi ch\u01b0a c\u00f3 jig \u0111\u1ec3 x\u00e1c nh\u1eadn t\u00ednh kh\u1ea3 thi tr\u01b0\u1edbc khi thi\u1ebft k\u1ebf jig<\/li>\n<li><strong><em><u>C\u1ea5u h\u00ecnh g\u00e1 k\u1eb9p<\/u><\/em><\/strong><em>:\u00a0<\/em>\u0111\u01b0a ra v\u1ecb tr\u00ed g\u00e1 k\u1eb9p s\u1ea3n ph\u1ea9m \u0111\u1ec3 c\u0103n c\u1ee9 v\u00e0o \u0111\u00f3 c\u00f3 th\u1ec3 thi\u1ebft k\u1ebf chi ti\u1ebft \u0111\u1ed3 g\u00e1 h\u00e0n, \u0111\u1ed3 g\u00e1 ki\u1ec3m<\/li>\n<li><strong><em><u>Ph\u00e2n t\u00edch nhi\u1ec7t<\/u><\/em><\/strong><em>:\u00a0<\/em>S\u1eed d\u1ee5ng ph\u1ea7n m\u1ec1m Ansys \u0111\u1ec3 ph\u00e2n t\u00edch nhi\u1ec7t v\u00e0 t\u00ednh to\u00e1n bi\u1ebfn d\u1ea1ng h\u00e0n khi \u0111\u00e3 c\u00f3 v\u1ecb tr\u00ed k\u1eb9p, \u0111\u01b0a ra c\u00e1c ph\u01b0\u01a1ng \u00e1n kh\u1eafc ph\u1ee5c bi\u1ebfn d\u1ea1ng h\u00e0n khi \u0111\u00e3 c\u00f3 v\u1ecb tr\u00ed k\u1eb9p<\/li>\n<li><strong><em><u>Thi\u1ebft k\u1ebf<\/u><\/em><\/strong><em>:\u00a0<\/em>T\u1eeb c\u00e1c Spec, Welding sequence \u0111\u00e3 \u0111\u01b0a ra \u1edf tr\u00ean \u0111\u1ec3 \u0111\u01b0a ra \u0111\u01b0\u1ee3c thi\u1ebft k\u1ebf jig ph\u00f9 h\u1ee3p<\/li>\n<li><strong><em><u>M\u00f4 ph\u1ecfng<\/u><\/em><\/strong><em>:\u00a0<\/em>Ki\u1ec3m tra va ch\u1ea1m v\u00e0 kh\u1ea3 n\u0103ng h\u00e0n h\u1ebft \u0111\u01b0\u1ee3c c\u00e1c \u0111\u01b0\u1eddng h\u00e0n c\u1ee7a s\u1ea3n ph\u1ea9m khi \u0111\u1eb7t tr\u00ean jig<\/li>\n<li><strong><em><u>Ch\u1ebf t\u1ea1o<\/u><\/em><\/strong><em>:\u00a0<\/em>Gia c\u00f4ng jig theo y\u00eau c\u1ea7u thi\u1ebft k\u1ebf \u0111\u1ea3m b\u1ea3o ti\u1ebfn \u0111\u1ed9<\/li>\n<li><strong><em><u>Ki\u1ec3m tra jig sau ch\u1ebf t\u1ea1o<\/u><\/em><\/strong><em>:\u00a0<\/em>Ki\u1ec3m tra \u0111\u1ed9 ch\u00ednh x\u00e1c c\u1ee7a jig sau gia c\u00f4ng, l\u1eafp gh\u00e9p<\/li>\n<li><strong><em><u>Tr\u00ecnh t\u1ef1 thao t\u00e1c cho ng\u01b0\u1eddi d\u00f9ng<\/u><\/em><\/strong><em>:\u00a0<\/em>L\u1eadp tr\u00ecnh t\u1ef1 c\u00e1c b\u01b0\u1edbc thao t\u00e1c c\u1ee7a ng\u01b0\u1eddi c\u00f4ng nh\u00e2n khi s\u1ea3n xu\u1ea5t<\/li>\n<li><strong><em><u>Ch\u1ec9nh s\u1eeda jig<\/u><\/em><\/strong>: Thay \u0111\u1ed5i k\u1ebft c\u1ea5u jig, b\u01b0\u1edbc h\u00e0n, th\u00f4ng s\u1ed1 h\u00e0n: g\u00f3c h\u00e0n, c\u01b0\u1eddng \u0111\u1ed9 d\u00f2ng \u0111i\u1ec7n\u2026 cho ph\u00f9 h\u1ee3p th\u1ef1c t\u1ebf s\u1ea3n xu\u1ea5t<\/li>\n<\/ol>\n<p>&nbsp;<\/p>\n","protected":false},"excerpt":{"rendered":"<h3><strong>\u01afu \u0111i\u1ec3m c\u1ee7a \u0110\u1ed3 g\u00e1 jig gia c\u00f4ng do Phong V\u0169 thi\u1ebft k\u1ebf v\u00e0 ch\u1ebf t\u1ea1o<\/strong><\/h3>\n<p>C\u00f4ng ty Phong V\u0169 chuy\u00ean thi\u1ebft k\u1ebf ch\u1ebf t\u1ea1o \u0111\u1ed3 g\u00e1 jig ph\u1ee5 v\u1ee5 gia c\u00f4ng v\u1edbi \u0111\u1ed9 ch\u00ednh x\u00e1c cao linh ho\u1ea1t v\u00e0 hi\u1ec7u qu\u1ea3 v\u1edbi \u0111\u1ed9i ng\u0169 k\u1ef9 thu\u1eadt tr\u00ecnh \u0111\u1ed9 chuy\u00ean m\u00f4n cao nhi\u1ec1u n\u0103m kinh nghi\u1ec7m v\u00e0 kh\u00f4ng ng\u1eebng h\u1ecdc h\u1ecfi c\u00e1c n\u01b0\u1edbc c\u00f3 n\u1ec1n c\u00f4ng nghi\u1ec7p ph\u00e1t tri\u1ec3n nh\u01b0 Nh\u1eadt B\u1ea3n, H\u00e0n Qu\u1ed1c\u2026Khi s\u1eed d\u1ee5ng d\u1ecbch v\u1ee5 thi\u1ebft k\u1ebf \u0111\u1ed3 g\u00e1 jig ph\u1ee5c v\u1ee5 gia c\u00f4ng t\u1ea1i Phong V\u0169 qu\u00fd kh\u00e1ch ho\u00e0n to\u00e0n y\u00ean t\u00e2m v\u1ec1:<\/p>\n<ol>\n<li>\u0110\u1ed3 g\u00e1, jig gia c\u00f4ng c\u00f3 \u0111\u1ed9 ch\u00ednh x\u00e1c cao<\/li>\n<li>Mi\u1ec5n ph\u00ed m\u00f4 ph\u1ecfng v\u00e0 t\u1ed1i \u01b0u tr\u00ean ph\u1ea7n m\u1ec1m 3D tr\u01b0\u1edbc khi \u0111\u01b0a v\u00e0o ch\u1ebf t\u1ea1o th\u1ef1c t\u1ebf<\/li>\n<li>M\u00e1y m\u00f3c trang thi\u1ebft b\u1ecb hi\u1ec7n \u0111\u1ea1i nh\u1ea5t nh\u1eb1m h\u1ed7 tr\u1ee3 t\u1ed1i \u0111a cho ng\u01b0\u1eddi gia c\u00f4ng<\/li>\n<li>T\u1ed1c \u0111\u1ed9 x\u1eed l\u00fd \u0111\u01a1n h\u00e0ng nhanh v\u1edbi s\u1ed1 l\u01b0\u1ee3ng l\u1edbn<\/li>\n<li>Giao h\u00e0ng t\u1eadn n\u01a1i, b\u1ea3o h\u00e0nh t\u1eadn t\u00e2m<\/li>\n<\/ol>\n","protected":false},"featured_media":3315,"comment_status":"open","ping_status":"closed","template":"","meta":[],"product_cat":[193],"product_tag":[],"yoast_head":"<!-- This site is optimized with the Yoast SEO plugin v20.9 - https:\/\/yoast.com\/wordpress\/plugins\/seo\/ -->\n<title>\u0110\u1ed3 g\u00e1 jig g\u00e1 l\u1eafp r\u00e1p - Phong V\u0169<\/title>\n<meta name=\"robots\" content=\"index, follow, max-snippet:-1, max-image-preview:large, max-video-preview:-1\" \/>\n<link rel=\"canonical\" href=\"https:\/\/web.webrt.net\/phongvu\/?product=do-ga-jig-ga-lap-rap\" \/>\n<meta property=\"og:locale\" content=\"vi_VN\" \/>\n<meta property=\"og:type\" content=\"article\" \/>\n<meta property=\"og:title\" content=\"\u0110\u1ed3 g\u00e1 jig g\u00e1 l\u1eafp r\u00e1p - Phong V\u0169\" \/>\n<meta property=\"og:description\" content=\"\u01afu \u0111i\u1ec3m c\u1ee7a \u0110\u1ed3 g\u00e1 jig gia c\u00f4ng do Phong V\u0169 thi\u1ebft k\u1ebf v\u00e0 ch\u1ebf t\u1ea1o C\u00f4ng ty Phong V\u0169 chuy\u00ean thi\u1ebft k\u1ebf ch\u1ebf t\u1ea1o \u0111\u1ed3 g\u00e1 jig ph\u1ee5 v\u1ee5 gia c\u00f4ng v\u1edbi \u0111\u1ed9 ch\u00ednh x\u00e1c cao linh ho\u1ea1t v\u00e0 hi\u1ec7u qu\u1ea3 v\u1edbi \u0111\u1ed9i ng\u0169 k\u1ef9 thu\u1eadt tr\u00ecnh \u0111\u1ed9 chuy\u00ean m\u00f4n cao nhi\u1ec1u n\u0103m kinh nghi\u1ec7m v\u00e0 kh\u00f4ng ng\u1eebng h\u1ecdc h\u1ecfi c\u00e1c n\u01b0\u1edbc c\u00f3 n\u1ec1n c\u00f4ng nghi\u1ec7p ph\u00e1t tri\u1ec3n nh\u01b0 Nh\u1eadt B\u1ea3n, H\u00e0n Qu\u1ed1c\u2026Khi s\u1eed d\u1ee5ng d\u1ecbch v\u1ee5 thi\u1ebft k\u1ebf \u0111\u1ed3 g\u00e1 jig ph\u1ee5c v\u1ee5 gia c\u00f4ng t\u1ea1i Phong V\u0169 qu\u00fd kh\u00e1ch ho\u00e0n to\u00e0n y\u00ean t\u00e2m v\u1ec1:   \u0110\u1ed3 g\u00e1, jig gia c\u00f4ng c\u00f3 \u0111\u1ed9 ch\u00ednh x\u00e1c cao  Mi\u1ec5n ph\u00ed m\u00f4 ph\u1ecfng v\u00e0 t\u1ed1i \u01b0u tr\u00ean ph\u1ea7n m\u1ec1m 3D tr\u01b0\u1edbc khi \u0111\u01b0a v\u00e0o ch\u1ebf t\u1ea1o th\u1ef1c t\u1ebf  M\u00e1y m\u00f3c trang thi\u1ebft b\u1ecb hi\u1ec7n \u0111\u1ea1i nh\u1ea5t nh\u1eb1m h\u1ed7 tr\u1ee3 t\u1ed1i \u0111a cho ng\u01b0\u1eddi gia c\u00f4ng  T\u1ed1c \u0111\u1ed9 x\u1eed l\u00fd \u0111\u01a1n h\u00e0ng nhanh v\u1edbi s\u1ed1 l\u01b0\u1ee3ng l\u1edbn  Giao h\u00e0ng t\u1eadn n\u01a1i, b\u1ea3o h\u00e0nh t\u1eadn t\u00e2m\" \/>\n<meta property=\"og:url\" content=\"https:\/\/web.webrt.net\/phongvu\/?product=do-ga-jig-ga-lap-rap\" \/>\n<meta property=\"og:site_name\" content=\"Phong V\u0169\" \/>\n<meta property=\"article:modified_time\" content=\"2023-07-14T10:50:47+00:00\" \/>\n<meta property=\"og:image\" content=\"https:\/\/web.webrt.net\/phongvu\/wp-content\/uploads\/2023\/07\/jig-ga-lap-rap-5.jpg\" \/>\n\t<meta property=\"og:image:width\" content=\"600\" \/>\n\t<meta property=\"og:image:height\" content=\"376\" \/>\n\t<meta property=\"og:image:type\" content=\"image\/jpeg\" \/>\n<meta name=\"twitter:card\" content=\"summary_large_image\" \/>\n<meta name=\"twitter:label1\" content=\"\u01af\u1edbc t\u00ednh th\u1eddi gian \u0111\u1ecdc\" \/>\n\t<meta name=\"twitter:data1\" content=\"6 ph\u00fat\" \/>\n<script type=\"application\/ld+json\" class=\"yoast-schema-graph\">{\"@context\":\"https:\/\/schema.org\",\"@graph\":[{\"@type\":\"WebPage\",\"@id\":\"https:\/\/web.webrt.net\/phongvu\/?product=do-ga-jig-ga-lap-rap\",\"url\":\"https:\/\/web.webrt.net\/phongvu\/?product=do-ga-jig-ga-lap-rap\",\"name\":\"\u0110\u1ed3 g\u00e1 jig g\u00e1 l\u1eafp r\u00e1p - Phong V\u0169\",\"isPartOf\":{\"@id\":\"https:\/\/web.webrt.net\/phongvu\/#website\"},\"datePublished\":\"2023-07-14T10:50:46+00:00\",\"dateModified\":\"2023-07-14T10:50:47+00:00\",\"breadcrumb\":{\"@id\":\"https:\/\/web.webrt.net\/phongvu\/?product=do-ga-jig-ga-lap-rap#breadcrumb\"},\"inLanguage\":\"vi\",\"potentialAction\":[{\"@type\":\"ReadAction\",\"target\":[\"https:\/\/web.webrt.net\/phongvu\/?product=do-ga-jig-ga-lap-rap\"]}]},{\"@type\":\"BreadcrumbList\",\"@id\":\"https:\/\/web.webrt.net\/phongvu\/?product=do-ga-jig-ga-lap-rap#breadcrumb\",\"itemListElement\":[{\"@type\":\"ListItem\",\"position\":1,\"name\":\"Trang ch\u1ee7\",\"item\":\"https:\/\/web.webrt.net\/phongvu\/\"},{\"@type\":\"ListItem\",\"position\":2,\"name\":\"S\u1ea3n ph\u1ea9m\",\"item\":\"https:\/\/web.webrt.net\/phongvu\/?post_type=product\"},{\"@type\":\"ListItem\",\"position\":3,\"name\":\"\u0110\u1ed3 g\u00e1 jig g\u00e1 l\u1eafp r\u00e1p\"}]},{\"@type\":\"WebSite\",\"@id\":\"https:\/\/web.webrt.net\/phongvu\/#website\",\"url\":\"https:\/\/web.webrt.net\/phongvu\/\",\"name\":\"Phong V\u0169\",\"description\":\"\",\"potentialAction\":[{\"@type\":\"SearchAction\",\"target\":{\"@type\":\"EntryPoint\",\"urlTemplate\":\"https:\/\/web.webrt.net\/phongvu\/?s={search_term_string}\"},\"query-input\":\"required name=search_term_string\"}],\"inLanguage\":\"vi\"}]}<\/script>\n<!-- \/ Yoast SEO plugin. -->","yoast_head_json":{"title":"\u0110\u1ed3 g\u00e1 jig g\u00e1 l\u1eafp r\u00e1p - Phong V\u0169","robots":{"index":"index","follow":"follow","max-snippet":"max-snippet:-1","max-image-preview":"max-image-preview:large","max-video-preview":"max-video-preview:-1"},"canonical":"https:\/\/web.webrt.net\/phongvu\/?product=do-ga-jig-ga-lap-rap","og_locale":"vi_VN","og_type":"article","og_title":"\u0110\u1ed3 g\u00e1 jig g\u00e1 l\u1eafp r\u00e1p - Phong V\u0169","og_description":"\u01afu \u0111i\u1ec3m c\u1ee7a \u0110\u1ed3 g\u00e1 jig gia c\u00f4ng do Phong V\u0169 thi\u1ebft k\u1ebf v\u00e0 ch\u1ebf t\u1ea1o C\u00f4ng ty Phong V\u0169 chuy\u00ean thi\u1ebft k\u1ebf ch\u1ebf t\u1ea1o \u0111\u1ed3 g\u00e1 jig ph\u1ee5 v\u1ee5 gia c\u00f4ng v\u1edbi \u0111\u1ed9 ch\u00ednh x\u00e1c cao linh ho\u1ea1t v\u00e0 hi\u1ec7u qu\u1ea3 v\u1edbi \u0111\u1ed9i ng\u0169 k\u1ef9 thu\u1eadt tr\u00ecnh \u0111\u1ed9 chuy\u00ean m\u00f4n cao nhi\u1ec1u n\u0103m kinh nghi\u1ec7m v\u00e0 kh\u00f4ng ng\u1eebng h\u1ecdc h\u1ecfi c\u00e1c n\u01b0\u1edbc c\u00f3 n\u1ec1n c\u00f4ng nghi\u1ec7p ph\u00e1t tri\u1ec3n nh\u01b0 Nh\u1eadt B\u1ea3n, H\u00e0n Qu\u1ed1c\u2026Khi s\u1eed d\u1ee5ng d\u1ecbch v\u1ee5 thi\u1ebft k\u1ebf \u0111\u1ed3 g\u00e1 jig ph\u1ee5c v\u1ee5 gia c\u00f4ng t\u1ea1i Phong V\u0169 qu\u00fd kh\u00e1ch ho\u00e0n to\u00e0n y\u00ean t\u00e2m v\u1ec1:   \u0110\u1ed3 g\u00e1, jig gia c\u00f4ng c\u00f3 \u0111\u1ed9 ch\u00ednh x\u00e1c cao  Mi\u1ec5n ph\u00ed m\u00f4 ph\u1ecfng v\u00e0 t\u1ed1i \u01b0u tr\u00ean ph\u1ea7n m\u1ec1m 3D tr\u01b0\u1edbc khi \u0111\u01b0a v\u00e0o ch\u1ebf t\u1ea1o th\u1ef1c t\u1ebf  M\u00e1y m\u00f3c trang thi\u1ebft b\u1ecb hi\u1ec7n \u0111\u1ea1i nh\u1ea5t nh\u1eb1m h\u1ed7 tr\u1ee3 t\u1ed1i \u0111a cho ng\u01b0\u1eddi gia c\u00f4ng  T\u1ed1c \u0111\u1ed9 x\u1eed l\u00fd \u0111\u01a1n h\u00e0ng nhanh v\u1edbi s\u1ed1 l\u01b0\u1ee3ng l\u1edbn  Giao h\u00e0ng t\u1eadn n\u01a1i, b\u1ea3o h\u00e0nh t\u1eadn t\u00e2m","og_url":"https:\/\/web.webrt.net\/phongvu\/?product=do-ga-jig-ga-lap-rap","og_site_name":"Phong V\u0169","article_modified_time":"2023-07-14T10:50:47+00:00","og_image":[{"width":600,"height":376,"url":"https:\/\/web.webrt.net\/phongvu\/wp-content\/uploads\/2023\/07\/jig-ga-lap-rap-5.jpg","type":"image\/jpeg"}],"twitter_card":"summary_large_image","twitter_misc":{"\u01af\u1edbc t\u00ednh th\u1eddi gian \u0111\u1ecdc":"6 ph\u00fat"},"schema":{"@context":"https:\/\/schema.org","@graph":[{"@type":"WebPage","@id":"https:\/\/web.webrt.net\/phongvu\/?product=do-ga-jig-ga-lap-rap","url":"https:\/\/web.webrt.net\/phongvu\/?product=do-ga-jig-ga-lap-rap","name":"\u0110\u1ed3 g\u00e1 jig g\u00e1 l\u1eafp r\u00e1p - Phong V\u0169","isPartOf":{"@id":"https:\/\/web.webrt.net\/phongvu\/#website"},"datePublished":"2023-07-14T10:50:46+00:00","dateModified":"2023-07-14T10:50:47+00:00","breadcrumb":{"@id":"https:\/\/web.webrt.net\/phongvu\/?product=do-ga-jig-ga-lap-rap#breadcrumb"},"inLanguage":"vi","potentialAction":[{"@type":"ReadAction","target":["https:\/\/web.webrt.net\/phongvu\/?product=do-ga-jig-ga-lap-rap"]}]},{"@type":"BreadcrumbList","@id":"https:\/\/web.webrt.net\/phongvu\/?product=do-ga-jig-ga-lap-rap#breadcrumb","itemListElement":[{"@type":"ListItem","position":1,"name":"Trang ch\u1ee7","item":"https:\/\/web.webrt.net\/phongvu\/"},{"@type":"ListItem","position":2,"name":"S\u1ea3n ph\u1ea9m","item":"https:\/\/web.webrt.net\/phongvu\/?post_type=product"},{"@type":"ListItem","position":3,"name":"\u0110\u1ed3 g\u00e1 jig g\u00e1 l\u1eafp r\u00e1p"}]},{"@type":"WebSite","@id":"https:\/\/web.webrt.net\/phongvu\/#website","url":"https:\/\/web.webrt.net\/phongvu\/","name":"Phong V\u0169","description":"","potentialAction":[{"@type":"SearchAction","target":{"@type":"EntryPoint","urlTemplate":"https:\/\/web.webrt.net\/phongvu\/?s={search_term_string}"},"query-input":"required name=search_term_string"}],"inLanguage":"vi"}]}},"_links":{"self":[{"href":"https:\/\/web.webrt.net\/phongvu\/index.php?rest_route=\/wp\/v2\/product\/3314"}],"collection":[{"href":"https:\/\/web.webrt.net\/phongvu\/index.php?rest_route=\/wp\/v2\/product"}],"about":[{"href":"https:\/\/web.webrt.net\/phongvu\/index.php?rest_route=\/wp\/v2\/types\/product"}],"replies":[{"embeddable":true,"href":"https:\/\/web.webrt.net\/phongvu\/index.php?rest_route=%2Fwp%2Fv2%2Fcomments&post=3314"}],"wp:featuredmedia":[{"embeddable":true,"href":"https:\/\/web.webrt.net\/phongvu\/index.php?rest_route=\/wp\/v2\/media\/3315"}],"wp:attachment":[{"href":"https:\/\/web.webrt.net\/phongvu\/index.php?rest_route=%2Fwp%2Fv2%2Fmedia&parent=3314"}],"wp:term":[{"taxonomy":"product_cat","embeddable":true,"href":"https:\/\/web.webrt.net\/phongvu\/index.php?rest_route=%2Fwp%2Fv2%2Fproduct_cat&post=3314"},{"taxonomy":"product_tag","embeddable":true,"href":"https:\/\/web.webrt.net\/phongvu\/index.php?rest_route=%2Fwp%2Fv2%2Fproduct_tag&post=3314"}],"curies":[{"name":"wp","href":"https:\/\/api.w.org\/{rel}","templated":true}]}}