{"id":3290,"date":"2023-07-14T10:15:27","date_gmt":"2023-07-14T10:15:27","guid":{"rendered":"https:\/\/web.webrt.net\/phongvu\/?post_type=product&#038;p=3290"},"modified":"2023-07-14T10:15:28","modified_gmt":"2023-07-14T10:15:28","slug":"ban-thao-tac-khung-nhom-dinh-hinh","status":"publish","type":"product","link":"https:\/\/web.webrt.net\/phongvu\/?product=ban-thao-tac-khung-nhom-dinh-hinh","title":{"rendered":"B\u00e0n thao t\u00e1c khung nh\u00f4m \u0111\u1ecbnh h\u00ecnh"},"content":{"rendered":"<div id=\"ez-toc-container\" class=\"ez-toc-v2_0_50 counter-hierarchy ez-toc-counter ez-toc-grey ez-toc-container-direction\">\n<div class=\"ez-toc-title-container\">\n<p class=\"ez-toc-title\">M\u1ee5c l\u1ee5c<\/p>\n<span class=\"ez-toc-title-toggle\"><a href=\"#\" class=\"ez-toc-pull-right ez-toc-btn ez-toc-btn-xs ez-toc-btn-default ez-toc-toggle\" aria-label=\"Toggle Table of Content\" role=\"button\"><label for=\"item-69d0c4de0fa05\" aria-hidden=\"true\"><span style=\"display: flex;align-items: center;width: 35px;height: 30px;justify-content: center;direction:ltr;\"><svg style=\"fill: #999;color:#999\" xmlns=\"http:\/\/www.w3.org\/2000\/svg\" class=\"list-377408\" width=\"20px\" height=\"20px\" viewBox=\"0 0 24 24\" fill=\"none\"><path d=\"M6 6H4v2h2V6zm14 0H8v2h12V6zM4 11h2v2H4v-2zm16 0H8v2h12v-2zM4 16h2v2H4v-2zm16 0H8v2h12v-2z\" fill=\"currentColor\"><\/path><\/svg><svg style=\"fill: #999;color:#999\" class=\"arrow-unsorted-368013\" xmlns=\"http:\/\/www.w3.org\/2000\/svg\" width=\"10px\" height=\"10px\" viewBox=\"0 0 24 24\" version=\"1.2\" baseProfile=\"tiny\"><path d=\"M18.2 9.3l-6.2-6.3-6.2 6.3c-.2.2-.3.4-.3.7s.1.5.3.7c.2.2.4.3.7.3h11c.3 0 .5-.1.7-.3.2-.2.3-.5.3-.7s-.1-.5-.3-.7zM5.8 14.7l6.2 6.3 6.2-6.3c.2-.2.3-.5.3-.7s-.1-.5-.3-.7c-.2-.2-.4-.3-.7-.3h-11c-.3 0-.5.1-.7.3-.2.2-.3.5-.3.7s.1.5.3.7z\"\/><\/svg><\/span><\/label><input  type=\"checkbox\" id=\"item-69d0c4de0fa05\"><\/a><\/span><\/div>\n<nav><ul class='ez-toc-list ez-toc-list-level-1 ' ><li class='ez-toc-page-1 ez-toc-heading-level-1'><a class=\"ez-toc-link ez-toc-heading-1\" href=\"https:\/\/web.webrt.net\/phongvu\/?product=ban-thao-tac-khung-nhom-dinh-hinh\/#1_Ban_thao_tac_nhom_dinh_hinh\" title=\"1. B\u00e0n thao t\u00e1c nh\u00f4m \u0111\u1ecbnh h\u00ecnh:\">1. B\u00e0n thao t\u00e1c nh\u00f4m \u0111\u1ecbnh h\u00ecnh:<\/a><\/li><li class='ez-toc-page-1 ez-toc-heading-level-1'><a class=\"ez-toc-link ez-toc-heading-2\" href=\"https:\/\/web.webrt.net\/phongvu\/?product=ban-thao-tac-khung-nhom-dinh-hinh\/#2_Uu_diem_cua_Ban_thao_tac_nhom_dinh_hinh\" title=\"2. \u01afu \u0111i\u1ec3m c\u1ee7a B\u00e0n thao t\u00e1c nh\u00f4m \u0111\u1ecbnh h\u00ecnh:\">2. \u01afu \u0111i\u1ec3m c\u1ee7a B\u00e0n thao t\u00e1c nh\u00f4m \u0111\u1ecbnh h\u00ecnh:<\/a><\/li><li class='ez-toc-page-1 ez-toc-heading-level-1'><a class=\"ez-toc-link ez-toc-heading-3\" href=\"https:\/\/web.webrt.net\/phongvu\/?product=ban-thao-tac-khung-nhom-dinh-hinh\/#3_Ung_dung_cua_Ban_thao_tac_nhom_dinh_hinh\" title=\"3. \u1ee8ng d\u1ee5ng c\u1ee7a B\u00e0n thao t\u00e1c nh\u00f4m \u0111\u1ecbnh h\u00ecnh:\">3. \u1ee8ng d\u1ee5ng c\u1ee7a B\u00e0n thao t\u00e1c nh\u00f4m \u0111\u1ecbnh h\u00ecnh:<\/a><\/li><\/ul><\/nav><\/div>\n<p><strong>B\u00e0n thao t\u00e1c khung nh\u00f4m \u0111\u1ecbnh h\u00ecnh<\/strong>\u00a0\u0111\u01b0\u1ee3c c\u1ea5u t\u1ea1o t\u1eeb v\u1eadt li\u1ec7u khung nh\u00f4m \u0111\u00e3 \u0111\u01b0\u1ee3c ti\u00eau chu\u1ea9n h\u00f3a \u0111\u01b0\u1ee3c \u01b0u chu\u1ed9ng v\u00ec c\u00e1c t\u00ednh n\u0103ng b\u1ec1n, \u0111\u1eb9p, nh\u1eb9, kh\u00f4ng hoen r\u1ec9,ch\u1ed1ng t\u0129nh \u0111i\u1ec7n t\u1ed1t linh ho\u1ea1t thay \u0111\u1ed5i k\u1ebft c\u1ea5u v\u00e0 k\u00edch th\u01b0\u1edbc theo y\u00eau c\u1ea7u s\u1ea3n xu\u1ea5t.v.v. \u0110\u01b0\u1ee3c \u1ee9ng d\u1ee5ng trong c\u00e1c l\u0129nh v\u1ef1c c\u00f4ng nghi\u1ec7p s\u1ea3n xu\u1ea5t l\u1eafp r\u00e1p \u0111i\u1ec7n t\u1eed, m\u00e1y t\u00ednh, ph\u1ee5 ki\u1ec7n \u0111i\u1ec7n t\u1eed, thi\u1ebft b\u1ecb y t\u1ebf.<\/p>\n<p>&nbsp;<\/p>\n<p><img decoding=\"async\" loading=\"lazy\" class=\"size-full wp-image-3291\" src=\"https:\/\/web.webrt.net\/phongvu\/wp-content\/uploads\/2023\/07\/ban-thao-tac-khung-nhom-9.jpg\" alt=\"\" width=\"800\" height=\"493\" srcset=\"https:\/\/web.webrt.net\/phongvu\/wp-content\/uploads\/2023\/07\/ban-thao-tac-khung-nhom-9.jpg 800w, https:\/\/web.webrt.net\/phongvu\/wp-content\/uploads\/2023\/07\/ban-thao-tac-khung-nhom-9-649x400.jpg 649w, https:\/\/web.webrt.net\/phongvu\/wp-content\/uploads\/2023\/07\/ban-thao-tac-khung-nhom-9-768x473.jpg 768w, https:\/\/web.webrt.net\/phongvu\/wp-content\/uploads\/2023\/07\/ban-thao-tac-khung-nhom-9-600x370.jpg 600w\" sizes=\"(max-width: 800px) 100vw, 800px\" \/><\/p>\n<h1 id=\"ftoc-heading-1\" class=\"ftwp-heading\"><span class=\"ez-toc-section\" id=\"1_Ban_thao_tac_nhom_dinh_hinh\"><\/span><strong>1. B\u00e0n thao t\u00e1c nh\u00f4m \u0111\u1ecbnh h\u00ecnh:<\/strong><span class=\"ez-toc-section-end\"><\/span><\/h1>\n<p>\u2013\u00a0\u00a0<strong>C\u1ea5u tao khung b\u00e0n<\/strong>\u00a0: Th\u01b0\u1eddng \u0111\u01b0\u1ee3c l\u00e0m t\u1eeb v\u1eadt li\u1ec7u Nh\u00f4m \u0111\u1ecbnh h\u00ecnh c\u00f4ng nghi\u1ec7p d\u1ea1ng h\u1ed9p 30\u00d730 v\u00e0 nh\u00f4m \u0111\u1ecbnh h\u00ecnh 40\u00d740. C\u00e1c thanh nh\u00f4m \u0111\u01b0\u1ee3c li\u00ean k\u1ebft v\u1edbi nhau b\u1eb1ng ke vu\u00f4ng v\u00e0 bulong li\u00ean k\u1ebft chuy\u00ean d\u00f9ng. C\u1ed1 \u0111inh b\u1eb1ng bulong M8, d\u00f9ng bulong l\u1ee5c gi\u00e1c ch\u00ecm tr\u1ee5 M8x50 mm ho\u1eb7c M8x20 mm\\<\/p>\n<p>\u2013\u00a0\u00a0<strong>M\u1eb7t\u00a0b\u00e0n thao t\u00e1c<\/strong>: C\u00f3 nhi\u1ec1u lo\u1ea1i v\u1eadt li\u1ec7u l\u00e0m m\u1eb7t b\u00e0n m\u1eb7t b\u00e0n b\u1eb1ng Inox, nh\u1ef1a PVC, th\u00e9p ho\u1eb7c g\u1ed7 c\u00f4ng nghi\u1ec7p, cao su ch\u1ed1ng t\u0129nh \u0111i\u1ec7n (T\u00f9y theo nhu c\u1ea7u m\u00e0 kh\u00e1ch h\u00e0ng).\u00a0V\u1edbi\u00a0<strong>b\u00e0n thao t\u00e1c\u00a0<\/strong>d\u00f9ng trong ph\u00f2ng s\u1ea1ch th\u01b0\u1eddng s\u1eed d\u1ee5ng\u00a0m\u1eb7t g\u1ed7 c\u00f4ng nghi\u1ec7p MDF c\u00f3 d\u00e1n th\u00eam th\u1ea3m cao su ch\u1ed1ng t\u0129nh \u0111i\u1ec7n b\u1edfi ch\u1ed1ng t\u0129nh \u0111i\u1ec7n. m\u1ed9t s\u1ed1 tr\u01b0\u1eddng\u00a0 h\u1ee3p d\u00e1n th\u1ea3m cao su gi\u00fap ch\u1ed1ng x\u01b0\u1edbc, ch\u1ed1ng bi\u1ebfn d\u1ea1ng s\u1ea3n ph\u1ea9m khi b\u1ecb va \u0111\u1eadp. M\u1ed9t s\u1ed1 kh\u00e1c d\u00f9ng trong ng\u00e0nh th\u1ef1c ph\u1ea9m, \u0111\u1ed3 u\u1ed1ng, ph\u00f2ng s\u1ea1ch d\u00f9ng m\u1eb7t b\u00e0n inox gi\u00fap ch\u1ed1ng n\u01b0\u1edbc, ch\u1ed1ng hoen r\u1ec9, d\u1ec5 lau ch\u00f9i.<\/p>\n<p>\u2013\u00a0\u00a0<strong>Ch\u00e2n b\u00e0n:<\/strong>\u00a0c\u00f3 th\u1ec3\u00a0t\u0103ng ch\u1ec9nh chi\u1ec1u cao ph\u00f9 h\u1ee3p v\u1edbi t\u1eebng lo\u1ea1i b\u00e0n thao t\u00e1c v\u00e0 thu\u1eadn ti\u1ec7n cho c\u00f4ng nh\u00e2n l\u00e0m vi\u1ec7c<\/p>\n<p>\u2013\u00a0\u00a0<strong>Chi ti\u1ebft kh\u00e1c<\/strong>:\u00a0D\u00e0n \u0111\u00e8n b\u00ean tr\u00ean l\u00e0m t\u0103ng th\u00eam \u00e1nh s\u00e1ng ph\u00f9 h\u1ee3p cho c\u00f4ng nh\u00e2n thao t\u00e1c, m\u1eb7t b\u00e0n ph\u1ee5 \u0111\u1ec3 s\u1ea3n ph\u1ea9m, b\u1ea3ng treo t\u00e0i li\u1ec7u .v.v. ( S\u1ea3n xu\u1ea5t theo y\u00eau c\u1ea7u c\u1ee7a kh\u00e1ch h\u00e0ng)<\/p>\n<p><img decoding=\"async\" loading=\"lazy\" class=\"aligncenter wp-image-3292 size-full\" src=\"https:\/\/web.webrt.net\/phongvu\/wp-content\/uploads\/2023\/07\/cau-tao-ban-thao-tac-khung-nhom-1-1.jpg\" alt=\"\" width=\"800\" height=\"497\" srcset=\"https:\/\/web.webrt.net\/phongvu\/wp-content\/uploads\/2023\/07\/cau-tao-ban-thao-tac-khung-nhom-1-1.jpg 800w, https:\/\/web.webrt.net\/phongvu\/wp-content\/uploads\/2023\/07\/cau-tao-ban-thao-tac-khung-nhom-1-1-644x400.jpg 644w, https:\/\/web.webrt.net\/phongvu\/wp-content\/uploads\/2023\/07\/cau-tao-ban-thao-tac-khung-nhom-1-1-768x477.jpg 768w, https:\/\/web.webrt.net\/phongvu\/wp-content\/uploads\/2023\/07\/cau-tao-ban-thao-tac-khung-nhom-1-1-600x373.jpg 600w\" sizes=\"(max-width: 800px) 100vw, 800px\" \/><\/p>\n<h1 id=\"ftoc-heading-2\" class=\"ftwp-heading\"><span class=\"ez-toc-section\" id=\"2_Uu_diem_cua_Ban_thao_tac_nhom_dinh_hinh\"><\/span><strong>2. \u01afu \u0111i\u1ec3m c\u1ee7a B\u00e0n thao t\u00e1c nh\u00f4m \u0111\u1ecbnh h\u00ecnh:<\/strong><span class=\"ez-toc-section-end\"><\/span><\/h1>\n<p>V\u1edbi \u0111\u1eb7c t\u00ednh c\u1ee7a v\u1ea1t li\u1ec7u nh\u00f4m \u0111\u1ecbnh h\u00ecnh so v\u1edbi c\u00e1c v\u1eadt li\u1ec7u kh\u00e1c b\u00e0n thao t\u00e1c khung nh\u00f4m \u0111\u1ecbnh h\u00ecnh c\u00f3 nh\u1eefng \u01b0u \u0111i\u1ec3m nh\u01b0 sau:<\/p>\n<p>\u2013 B\u1ec1n \u0111\u1eb9p, kh\u00f4ng hoen r\u1ec9, t\u00ednh th\u1ea9m m\u1ef9 cao, tr\u1ecdng l\u01b0\u1ee3ng nh\u1eb9 tuy nhi\u00ean gi\u00e1 th\u00e0nh cao h\u01a1n.<\/p>\n<p>\u2013 C\u00f3 nhi\u1ec1u m\u1eabu m\u00e3, k\u00edch th\u01b0\u1edbc kh\u00e1c nhau,d\u1ec5 th\u00e1o l\u1eafp gi\u00fap thu\u1eadn ti\u1ec7n trong vi\u1ec7c di chuy\u1ec3n<\/p>\n<p>\u2013 K\u1ebft c\u1ea5u ph\u1ea7n khung l\u1eafp r\u00e1p v\u1eefng ch\u1eafc, t\u00ednh ch\u1ea5t ch\u1ed1ng t\u0129nh \u0111i\u1ec7n t\u1ed1t, tu\u1ed5i th\u1ecd s\u1ea3n ph\u1ea9m cao<\/p>\n<p>\u2013 Nh\u00f4m c\u00f3 kh\u1ea3 n\u0103ng \u0111\u1eabn \u0111i\u1ec7n t\u1ed1t, n\u00ean \u0111\u1ed9 ch\u1ed1ng t\u0129nh \u0111i\u1ec7n c\u0169ng cao, gi\u00fap b\u1ea3o v\u1ec7 s\u1ee9c kh\u1ecfe cho con ng\u01b0\u1eddi<\/p>\n<p><img decoding=\"async\" loading=\"lazy\" class=\"size-full wp-image-3293\" src=\"https:\/\/web.webrt.net\/phongvu\/wp-content\/uploads\/2023\/07\/ban-thao-tac-khung-nhom-1-3.jpg\" alt=\"\" width=\"800\" height=\"494\" srcset=\"https:\/\/web.webrt.net\/phongvu\/wp-content\/uploads\/2023\/07\/ban-thao-tac-khung-nhom-1-3.jpg 800w, https:\/\/web.webrt.net\/phongvu\/wp-content\/uploads\/2023\/07\/ban-thao-tac-khung-nhom-1-3-648x400.jpg 648w, https:\/\/web.webrt.net\/phongvu\/wp-content\/uploads\/2023\/07\/ban-thao-tac-khung-nhom-1-3-768x474.jpg 768w, https:\/\/web.webrt.net\/phongvu\/wp-content\/uploads\/2023\/07\/ban-thao-tac-khung-nhom-1-3-600x371.jpg 600w\" sizes=\"(max-width: 800px) 100vw, 800px\" \/><\/p>\n<h1 id=\"ftoc-heading-3\" class=\"ftwp-heading\"><span class=\"ez-toc-section\" id=\"3_Ung_dung_cua_Ban_thao_tac_nhom_dinh_hinh\"><\/span><strong>3. \u1ee8ng d\u1ee5ng c\u1ee7a B\u00e0n thao t\u00e1c nh\u00f4m \u0111\u1ecbnh h\u00ecnh:<\/strong><span class=\"ez-toc-section-end\"><\/span><\/h1>\n<p><strong>B\u00e0n thao t\u00e1c nh\u00f4m \u0111\u1ecbnh h\u00ecnh<\/strong>\u00a0th\u01b0\u1eddng \u0111\u01b0\u1ee3c s\u1eed d\u1ee5ng trong c\u00e1c ph\u00f2ng s\u1ea1ch d\u00f9ng trong ch\u1ebf t\u1ea1o, l\u1eafp r\u00e1p, ki\u1ec3m tra c\u00e1c thi\u1ebft b\u1ecb linh ki\u1ec7n \u0111i\u1ec7n t\u1eed, \u0111i\u1ec7n m\u00e1y, \u0111\u1ed3 \u0111i\u1ec7n t\u1eed,\u00a0\u00a0ph\u1ee5 ki\u1ec7n \u0111i\u1ec7n t\u1eed, thi\u1ebft b\u1ecb y t\u1ebf \u0111\u01b0\u1ee3c r\u1ea5t nhi\u1ec1u c\u00f4ng ty trong n\u01b0\u1edbc tin d\u00f9ng \u0111\u1eb7c vi\u1ebft l\u00e0 c\u00f4ng ty c\u00f3 v\u1ed1n n\u01b0\u1edbc ngo\u00e0i v\u00e0 li\u00ean doanh t\u1ea1i c\u00e1c nh\u00e0 m\u00e1y v\u00e0 khu c\u00f4ng nghi\u1ec7p l\u1edbn.<\/p>\n<p><img decoding=\"async\" loading=\"lazy\" class=\"aligncenter wp-image-3294 size-full\" src=\"https:\/\/web.webrt.net\/phongvu\/wp-content\/uploads\/2023\/07\/ban-thao-tac-khung-nhom-4-4.jpg\" alt=\"\" width=\"800\" height=\"495\" srcset=\"https:\/\/web.webrt.net\/phongvu\/wp-content\/uploads\/2023\/07\/ban-thao-tac-khung-nhom-4-4.jpg 800w, https:\/\/web.webrt.net\/phongvu\/wp-content\/uploads\/2023\/07\/ban-thao-tac-khung-nhom-4-4-646x400.jpg 646w, https:\/\/web.webrt.net\/phongvu\/wp-content\/uploads\/2023\/07\/ban-thao-tac-khung-nhom-4-4-768x475.jpg 768w, https:\/\/web.webrt.net\/phongvu\/wp-content\/uploads\/2023\/07\/ban-thao-tac-khung-nhom-4-4-600x371.jpg 600w\" sizes=\"(max-width: 800px) 100vw, 800px\" \/><\/p>\n<p>\u0110\u1ec3 \u0111\u01b0\u1ee3c t\u01b0 v\u1ea5n th\u00eam s\u1ea3n ph\u1ea9m\u00a0<strong>b\u00e0n thao t\u00e1c khung nh\u00f4m \u0111\u1ecbnh h\u00ecnh, h\u00e3y li\u00ean h\u1ec7 PHONG V\u0168- 036 6901055\u00a0<\/strong>, qu\u00fd kh\u00e1ch h\u00e0ng s\u1ebd \u0111\u01b0\u1ee3c t\u01b0 v\u1ea5n v\u00e0 thi\u1ebft k\u1ebf\u00a0<strong>ch\u1ebf t\u1ea1o m\u00e1y c\u00f4ng nghi\u1ec7p, d\u00e2y chuy\u1ec1n s\u1ea3n xu\u1ea5t t\u1ef1 \u0111\u1ed9ng<\/strong>\u00a0theo y\u00eau c\u1ea7u c\u1ee7a kh\u00e1ch h\u00e0ng ho\u00e0n to\u00e0n\u00a0<strong>Mi\u1ec5n Ph\u00ed,\u00a0<\/strong>\u0111\u01b0\u1ee3c chuy\u00ean vi\u00ean k\u1ef9 thu\u1eadt t\u01b0 v\u1ea5n thi\u1ebft k\u1ebf, l\u00ean ph\u01b0\u01a1ng \u00e1n k\u1ef9 thu\u1eadt, cung c\u1ea5p b\u1ea3n v\u1ebd thi\u1ebft k\u1ebf, \u0111\u1ed3ng th\u1eddi c\u00f9ng ph\u01b0\u01a1ng \u00e1n gi\u00e1 \u0111\u1ec3 doanh nghi\u1ec7p l\u1ef1a ch\u1ecdn v\u1edbi\u00a0ch\u1ea5t l\u01b0\u1ee3ng h\u00e0ng h\u00f3a t\u1ed1t nh\u1ea5t.<\/p>\n","protected":false},"excerpt":{"rendered":"<p>\u2013\u00a0\u00a0<strong>C\u1ea5u tao khung b\u00e0n<\/strong>\u00a0: Th\u01b0\u1eddng \u0111\u01b0\u1ee3c l\u00e0m t\u1eeb v\u1eadt li\u1ec7u Nh\u00f4m \u0111\u1ecbnh h\u00ecnh c\u00f4ng nghi\u1ec7p d\u1ea1ng h\u1ed9p.<\/p>\n<p>\u2013\u00a0\u00a0<strong>M\u1eb7t\u00a0b\u00e0n thao t\u00e1c<\/strong>: C\u00f3 nhi\u1ec1u lo\u1ea1i v\u1eadt li\u1ec7u l\u00e0m m\u1eb7t b\u00e0n m\u1eb7t b\u00e0n b\u1eb1ng Inox, nh\u1ef1a PVC, th\u00e9p ho\u1eb7c g\u1ed7 c\u00f4ng nghi\u1ec7p, cao su ch\u1ed1ng t\u0129nh \u0111i\u1ec7n (T\u00f9y theo nhu c\u1ea7u m\u00e0 kh\u00e1ch h\u00e0ng).<\/p>\n<p>\u2013\u00a0\u00a0<strong>Ch\u00e2n b\u00e0n:<\/strong>\u00a0c\u00f3 th\u1ec3\u00a0t\u0103ng ch\u1ec9nh chi\u1ec1u cao ph\u00f9 h\u1ee3p v\u1edbi t\u1eebng lo\u1ea1i b\u00e0n thao t\u00e1c v\u00e0 thu\u1eadn ti\u1ec7n cho c\u00f4ng nh\u00e2n l\u00e0m vi\u1ec7c<\/p>\n<p>\u2013\u00a0\u00a0<strong>Chi ti\u1ebft kh\u00e1c<\/strong>:\u00a0D\u00e0n \u0111\u00e8n b\u00ean tr\u00ean l\u00e0m t\u0103ng th\u00eam \u00e1nh s\u00e1ng ph\u00f9 h\u1ee3p cho c\u00f4ng nh\u00e2n thao t\u00e1c, m\u1eb7t b\u00e0n ph\u1ee5 \u0111\u1ec3 s\u1ea3n ph\u1ea9m, b\u1ea3ng treo t\u00e0i li\u1ec7u .v.v. ( S\u1ea3n xu\u1ea5t theo y\u00eau c\u1ea7u c\u1ee7a kh\u00e1ch h\u00e0ng)<\/p>\n","protected":false},"featured_media":3291,"comment_status":"open","ping_status":"closed","template":"","meta":[],"product_cat":[179],"product_tag":[],"yoast_head":"<!-- This site is optimized with the Yoast SEO plugin v20.9 - https:\/\/yoast.com\/wordpress\/plugins\/seo\/ -->\n<title>B\u00e0n thao t\u00e1c khung nh\u00f4m \u0111\u1ecbnh h\u00ecnh - Phong V\u0169<\/title>\n<meta name=\"robots\" content=\"index, follow, max-snippet:-1, max-image-preview:large, max-video-preview:-1\" \/>\n<link rel=\"canonical\" href=\"https:\/\/web.webrt.net\/phongvu\/?product=ban-thao-tac-khung-nhom-dinh-hinh\" \/>\n<meta property=\"og:locale\" content=\"vi_VN\" \/>\n<meta property=\"og:type\" content=\"article\" \/>\n<meta property=\"og:title\" content=\"B\u00e0n thao t\u00e1c khung nh\u00f4m \u0111\u1ecbnh h\u00ecnh - Phong V\u0169\" \/>\n<meta property=\"og:description\" content=\"\u2013\u00a0\u00a0C\u1ea5u tao khung b\u00e0n\u00a0: Th\u01b0\u1eddng \u0111\u01b0\u1ee3c l\u00e0m t\u1eeb v\u1eadt li\u1ec7u Nh\u00f4m \u0111\u1ecbnh h\u00ecnh c\u00f4ng nghi\u1ec7p d\u1ea1ng h\u1ed9p.  \u2013\u00a0\u00a0M\u1eb7t\u00a0b\u00e0n thao t\u00e1c: C\u00f3 nhi\u1ec1u lo\u1ea1i v\u1eadt li\u1ec7u l\u00e0m m\u1eb7t b\u00e0n m\u1eb7t b\u00e0n b\u1eb1ng Inox, nh\u1ef1a PVC, th\u00e9p ho\u1eb7c g\u1ed7 c\u00f4ng nghi\u1ec7p, cao su ch\u1ed1ng t\u0129nh \u0111i\u1ec7n (T\u00f9y theo nhu c\u1ea7u m\u00e0 kh\u00e1ch h\u00e0ng).  \u2013\u00a0\u00a0Ch\u00e2n b\u00e0n:\u00a0c\u00f3 th\u1ec3\u00a0t\u0103ng ch\u1ec9nh chi\u1ec1u cao ph\u00f9 h\u1ee3p v\u1edbi t\u1eebng lo\u1ea1i b\u00e0n thao t\u00e1c v\u00e0 thu\u1eadn ti\u1ec7n cho c\u00f4ng nh\u00e2n l\u00e0m vi\u1ec7c  \u2013\u00a0\u00a0Chi ti\u1ebft kh\u00e1c:\u00a0D\u00e0n \u0111\u00e8n b\u00ean tr\u00ean l\u00e0m t\u0103ng th\u00eam \u00e1nh s\u00e1ng ph\u00f9 h\u1ee3p cho c\u00f4ng nh\u00e2n thao t\u00e1c, m\u1eb7t b\u00e0n ph\u1ee5 \u0111\u1ec3 s\u1ea3n ph\u1ea9m, b\u1ea3ng treo t\u00e0i li\u1ec7u .v.v. ( S\u1ea3n xu\u1ea5t theo y\u00eau c\u1ea7u c\u1ee7a kh\u00e1ch h\u00e0ng)\" \/>\n<meta property=\"og:url\" content=\"https:\/\/web.webrt.net\/phongvu\/?product=ban-thao-tac-khung-nhom-dinh-hinh\" \/>\n<meta property=\"og:site_name\" content=\"Phong V\u0169\" \/>\n<meta property=\"article:modified_time\" content=\"2023-07-14T10:15:28+00:00\" \/>\n<meta property=\"og:image\" content=\"https:\/\/web.webrt.net\/phongvu\/wp-content\/uploads\/2023\/07\/ban-thao-tac-khung-nhom-9.jpg\" \/>\n\t<meta property=\"og:image:width\" content=\"800\" \/>\n\t<meta property=\"og:image:height\" content=\"493\" \/>\n\t<meta property=\"og:image:type\" content=\"image\/jpeg\" \/>\n<meta name=\"twitter:card\" content=\"summary_large_image\" \/>\n<meta name=\"twitter:label1\" content=\"\u01af\u1edbc t\u00ednh th\u1eddi gian \u0111\u1ecdc\" \/>\n\t<meta name=\"twitter:data1\" content=\"5 ph\u00fat\" \/>\n<script type=\"application\/ld+json\" class=\"yoast-schema-graph\">{\"@context\":\"https:\/\/schema.org\",\"@graph\":[{\"@type\":\"WebPage\",\"@id\":\"https:\/\/web.webrt.net\/phongvu\/?product=ban-thao-tac-khung-nhom-dinh-hinh\",\"url\":\"https:\/\/web.webrt.net\/phongvu\/?product=ban-thao-tac-khung-nhom-dinh-hinh\",\"name\":\"B\u00e0n thao t\u00e1c khung nh\u00f4m \u0111\u1ecbnh h\u00ecnh - Phong V\u0169\",\"isPartOf\":{\"@id\":\"https:\/\/web.webrt.net\/phongvu\/#website\"},\"datePublished\":\"2023-07-14T10:15:27+00:00\",\"dateModified\":\"2023-07-14T10:15:28+00:00\",\"breadcrumb\":{\"@id\":\"https:\/\/web.webrt.net\/phongvu\/?product=ban-thao-tac-khung-nhom-dinh-hinh#breadcrumb\"},\"inLanguage\":\"vi\",\"potentialAction\":[{\"@type\":\"ReadAction\",\"target\":[\"https:\/\/web.webrt.net\/phongvu\/?product=ban-thao-tac-khung-nhom-dinh-hinh\"]}]},{\"@type\":\"BreadcrumbList\",\"@id\":\"https:\/\/web.webrt.net\/phongvu\/?product=ban-thao-tac-khung-nhom-dinh-hinh#breadcrumb\",\"itemListElement\":[{\"@type\":\"ListItem\",\"position\":1,\"name\":\"Trang ch\u1ee7\",\"item\":\"https:\/\/web.webrt.net\/phongvu\/\"},{\"@type\":\"ListItem\",\"position\":2,\"name\":\"S\u1ea3n ph\u1ea9m\",\"item\":\"https:\/\/web.webrt.net\/phongvu\/?post_type=product\"},{\"@type\":\"ListItem\",\"position\":3,\"name\":\"B\u00e0n thao t\u00e1c khung nh\u00f4m \u0111\u1ecbnh h\u00ecnh\"}]},{\"@type\":\"WebSite\",\"@id\":\"https:\/\/web.webrt.net\/phongvu\/#website\",\"url\":\"https:\/\/web.webrt.net\/phongvu\/\",\"name\":\"Phong V\u0169\",\"description\":\"\",\"potentialAction\":[{\"@type\":\"SearchAction\",\"target\":{\"@type\":\"EntryPoint\",\"urlTemplate\":\"https:\/\/web.webrt.net\/phongvu\/?s={search_term_string}\"},\"query-input\":\"required name=search_term_string\"}],\"inLanguage\":\"vi\"}]}<\/script>\n<!-- \/ Yoast SEO plugin. -->","yoast_head_json":{"title":"B\u00e0n thao t\u00e1c khung nh\u00f4m \u0111\u1ecbnh h\u00ecnh - Phong V\u0169","robots":{"index":"index","follow":"follow","max-snippet":"max-snippet:-1","max-image-preview":"max-image-preview:large","max-video-preview":"max-video-preview:-1"},"canonical":"https:\/\/web.webrt.net\/phongvu\/?product=ban-thao-tac-khung-nhom-dinh-hinh","og_locale":"vi_VN","og_type":"article","og_title":"B\u00e0n thao t\u00e1c khung nh\u00f4m \u0111\u1ecbnh h\u00ecnh - Phong V\u0169","og_description":"\u2013\u00a0\u00a0C\u1ea5u tao khung b\u00e0n\u00a0: Th\u01b0\u1eddng \u0111\u01b0\u1ee3c l\u00e0m t\u1eeb v\u1eadt li\u1ec7u Nh\u00f4m \u0111\u1ecbnh h\u00ecnh c\u00f4ng nghi\u1ec7p d\u1ea1ng h\u1ed9p.  \u2013\u00a0\u00a0M\u1eb7t\u00a0b\u00e0n thao t\u00e1c: C\u00f3 nhi\u1ec1u lo\u1ea1i v\u1eadt li\u1ec7u l\u00e0m m\u1eb7t b\u00e0n m\u1eb7t b\u00e0n b\u1eb1ng Inox, nh\u1ef1a PVC, th\u00e9p ho\u1eb7c g\u1ed7 c\u00f4ng nghi\u1ec7p, cao su ch\u1ed1ng t\u0129nh \u0111i\u1ec7n (T\u00f9y theo nhu c\u1ea7u m\u00e0 kh\u00e1ch h\u00e0ng).  \u2013\u00a0\u00a0Ch\u00e2n b\u00e0n:\u00a0c\u00f3 th\u1ec3\u00a0t\u0103ng ch\u1ec9nh chi\u1ec1u cao ph\u00f9 h\u1ee3p v\u1edbi t\u1eebng lo\u1ea1i b\u00e0n thao t\u00e1c v\u00e0 thu\u1eadn ti\u1ec7n cho c\u00f4ng nh\u00e2n l\u00e0m vi\u1ec7c  \u2013\u00a0\u00a0Chi ti\u1ebft kh\u00e1c:\u00a0D\u00e0n \u0111\u00e8n b\u00ean tr\u00ean l\u00e0m t\u0103ng th\u00eam \u00e1nh s\u00e1ng ph\u00f9 h\u1ee3p cho c\u00f4ng nh\u00e2n thao t\u00e1c, m\u1eb7t b\u00e0n ph\u1ee5 \u0111\u1ec3 s\u1ea3n ph\u1ea9m, b\u1ea3ng treo t\u00e0i li\u1ec7u .v.v. ( S\u1ea3n xu\u1ea5t theo y\u00eau c\u1ea7u c\u1ee7a kh\u00e1ch h\u00e0ng)","og_url":"https:\/\/web.webrt.net\/phongvu\/?product=ban-thao-tac-khung-nhom-dinh-hinh","og_site_name":"Phong V\u0169","article_modified_time":"2023-07-14T10:15:28+00:00","og_image":[{"width":800,"height":493,"url":"https:\/\/web.webrt.net\/phongvu\/wp-content\/uploads\/2023\/07\/ban-thao-tac-khung-nhom-9.jpg","type":"image\/jpeg"}],"twitter_card":"summary_large_image","twitter_misc":{"\u01af\u1edbc t\u00ednh th\u1eddi gian \u0111\u1ecdc":"5 ph\u00fat"},"schema":{"@context":"https:\/\/schema.org","@graph":[{"@type":"WebPage","@id":"https:\/\/web.webrt.net\/phongvu\/?product=ban-thao-tac-khung-nhom-dinh-hinh","url":"https:\/\/web.webrt.net\/phongvu\/?product=ban-thao-tac-khung-nhom-dinh-hinh","name":"B\u00e0n thao t\u00e1c khung nh\u00f4m \u0111\u1ecbnh h\u00ecnh - Phong V\u0169","isPartOf":{"@id":"https:\/\/web.webrt.net\/phongvu\/#website"},"datePublished":"2023-07-14T10:15:27+00:00","dateModified":"2023-07-14T10:15:28+00:00","breadcrumb":{"@id":"https:\/\/web.webrt.net\/phongvu\/?product=ban-thao-tac-khung-nhom-dinh-hinh#breadcrumb"},"inLanguage":"vi","potentialAction":[{"@type":"ReadAction","target":["https:\/\/web.webrt.net\/phongvu\/?product=ban-thao-tac-khung-nhom-dinh-hinh"]}]},{"@type":"BreadcrumbList","@id":"https:\/\/web.webrt.net\/phongvu\/?product=ban-thao-tac-khung-nhom-dinh-hinh#breadcrumb","itemListElement":[{"@type":"ListItem","position":1,"name":"Trang ch\u1ee7","item":"https:\/\/web.webrt.net\/phongvu\/"},{"@type":"ListItem","position":2,"name":"S\u1ea3n ph\u1ea9m","item":"https:\/\/web.webrt.net\/phongvu\/?post_type=product"},{"@type":"ListItem","position":3,"name":"B\u00e0n thao t\u00e1c khung nh\u00f4m \u0111\u1ecbnh h\u00ecnh"}]},{"@type":"WebSite","@id":"https:\/\/web.webrt.net\/phongvu\/#website","url":"https:\/\/web.webrt.net\/phongvu\/","name":"Phong V\u0169","description":"","potentialAction":[{"@type":"SearchAction","target":{"@type":"EntryPoint","urlTemplate":"https:\/\/web.webrt.net\/phongvu\/?s={search_term_string}"},"query-input":"required name=search_term_string"}],"inLanguage":"vi"}]}},"_links":{"self":[{"href":"https:\/\/web.webrt.net\/phongvu\/index.php?rest_route=\/wp\/v2\/product\/3290"}],"collection":[{"href":"https:\/\/web.webrt.net\/phongvu\/index.php?rest_route=\/wp\/v2\/product"}],"about":[{"href":"https:\/\/web.webrt.net\/phongvu\/index.php?rest_route=\/wp\/v2\/types\/product"}],"replies":[{"embeddable":true,"href":"https:\/\/web.webrt.net\/phongvu\/index.php?rest_route=%2Fwp%2Fv2%2Fcomments&post=3290"}],"wp:featuredmedia":[{"embeddable":true,"href":"https:\/\/web.webrt.net\/phongvu\/index.php?rest_route=\/wp\/v2\/media\/3291"}],"wp:attachment":[{"href":"https:\/\/web.webrt.net\/phongvu\/index.php?rest_route=%2Fwp%2Fv2%2Fmedia&parent=3290"}],"wp:term":[{"taxonomy":"product_cat","embeddable":true,"href":"https:\/\/web.webrt.net\/phongvu\/index.php?rest_route=%2Fwp%2Fv2%2Fproduct_cat&post=3290"},{"taxonomy":"product_tag","embeddable":true,"href":"https:\/\/web.webrt.net\/phongvu\/index.php?rest_route=%2Fwp%2Fv2%2Fproduct_tag&post=3290"}],"curies":[{"name":"wp","href":"https:\/\/api.w.org\/{rel}","templated":true}]}}