{"id":3248,"date":"2023-06-28T01:57:21","date_gmt":"2023-06-28T01:57:21","guid":{"rendered":"https:\/\/web.webrt.net\/phongvu\/?post_type=product&#038;p=3248"},"modified":"2023-06-28T01:57:22","modified_gmt":"2023-06-28T01:57:22","slug":"xe-day-inox","status":"publish","type":"product","link":"https:\/\/web.webrt.net\/phongvu\/?product=xe-day-inox","title":{"rendered":"Xe \u0111\u1ea9y inox"},"content":{"rendered":"<div id=\"ez-toc-container\" class=\"ez-toc-v2_0_50 counter-hierarchy ez-toc-counter ez-toc-grey ez-toc-container-direction\">\n<div class=\"ez-toc-title-container\">\n<p class=\"ez-toc-title\">M\u1ee5c l\u1ee5c<\/p>\n<span class=\"ez-toc-title-toggle\"><a href=\"#\" class=\"ez-toc-pull-right ez-toc-btn ez-toc-btn-xs ez-toc-btn-default ez-toc-toggle\" aria-label=\"Toggle Table of Content\" role=\"button\"><label for=\"item-69d0c08da32c7\" aria-hidden=\"true\"><span style=\"display: flex;align-items: center;width: 35px;height: 30px;justify-content: center;direction:ltr;\"><svg style=\"fill: #999;color:#999\" xmlns=\"http:\/\/www.w3.org\/2000\/svg\" class=\"list-377408\" width=\"20px\" height=\"20px\" viewBox=\"0 0 24 24\" fill=\"none\"><path d=\"M6 6H4v2h2V6zm14 0H8v2h12V6zM4 11h2v2H4v-2zm16 0H8v2h12v-2zM4 16h2v2H4v-2zm16 0H8v2h12v-2z\" fill=\"currentColor\"><\/path><\/svg><svg style=\"fill: #999;color:#999\" class=\"arrow-unsorted-368013\" xmlns=\"http:\/\/www.w3.org\/2000\/svg\" width=\"10px\" height=\"10px\" viewBox=\"0 0 24 24\" version=\"1.2\" baseProfile=\"tiny\"><path d=\"M18.2 9.3l-6.2-6.3-6.2 6.3c-.2.2-.3.4-.3.7s.1.5.3.7c.2.2.4.3.7.3h11c.3 0 .5-.1.7-.3.2-.2.3-.5.3-.7s-.1-.5-.3-.7zM5.8 14.7l6.2 6.3 6.2-6.3c.2-.2.3-.5.3-.7s-.1-.5-.3-.7c-.2-.2-.4-.3-.7-.3h-11c-.3 0-.5.1-.7.3-.2.2-.3.5-.3.7s.1.5.3.7z\"\/><\/svg><\/span><\/label><input  type=\"checkbox\" id=\"item-69d0c08da32c7\"><\/a><\/span><\/div>\n<nav><ul class='ez-toc-list ez-toc-list-level-1 ' ><li class='ez-toc-page-1 ez-toc-heading-level-2'><a class=\"ez-toc-link ez-toc-heading-1\" href=\"https:\/\/web.webrt.net\/phongvu\/?product=xe-day-inox\/#1_Thong_so_ky_thuat_san_pham\" title=\"1. Th\u00f4ng s\u1ed1 k\u1ef9 thu\u1eadt s\u1ea3n ph\u1ea9m:\">1. Th\u00f4ng s\u1ed1 k\u1ef9 thu\u1eadt s\u1ea3n ph\u1ea9m:<\/a><\/li><li class='ez-toc-page-1 ez-toc-heading-level-2'><a class=\"ez-toc-link ez-toc-heading-2\" href=\"https:\/\/web.webrt.net\/phongvu\/?product=xe-day-inox\/#2_Cac_loai_xe_day_inox_bao_gom\" title=\"2. C\u00e1c lo\u1ea1i xe \u0111\u1ea9y inox bao g\u1ed3m:\">2. C\u00e1c lo\u1ea1i xe \u0111\u1ea9y inox bao g\u1ed3m:<\/a><\/li><li class='ez-toc-page-1 ez-toc-heading-level-2'><a class=\"ez-toc-link ez-toc-heading-3\" href=\"https:\/\/web.webrt.net\/phongvu\/?product=xe-day-inox\/#3_Uu_diem_khi_su_dung_xe_day_dung_cu\" title=\"3. \u01afu \u0111i\u1ec3m khi s\u1eed d\u1ee5ng xe \u0111\u1ea9y d\u1ee5ng c\u1ee5:\">3. \u01afu \u0111i\u1ec3m khi s\u1eed d\u1ee5ng xe \u0111\u1ea9y d\u1ee5ng c\u1ee5:<\/a><\/li><\/ul><\/nav><\/div>\n<p>Xe \u0111\u1ea9y h\u00e0ng inox \u0111\u01b0\u1ee3c s\u1ea3n xu\u1ea5t t\u1eeb ch\u1ea5t li\u1ec7u inox, \u0111\u01b0\u1ee3c c\u1eaft g\u1ea5p b\u1eb1ng m\u00e1y th\u1ee7y l\u1ef1c, h\u00e0n b\u1eb1ng kh\u00ed Argon+ gi\u00fap ch\u1ed1ng oxi h\u00f3a. Ch\u00fang t\u00f4i \u0111\u00e3 cung c\u1ea5p cho h\u00e0ng lo\u1ea1t c\u00e1c nh\u00e0 h\u00e0ng, kh\u00e1ch s\u1ea1n, tr\u01b0\u1eddng h\u1ecdc, khu c\u00f4ng nghi\u1ec7p\u2026S\u1ea3n ph\u1ea9m \u0111\u01b0\u1ee3c thi\u1ebft k\u1ebf theo nhi\u1ec1u ki\u1ec3u d\u00e1ng nh\u01b0 nhi\u1ec1u ng\u0103n, nhi\u1ec1u t\u1ea7ng \u0111\u1ec3 gi\u00fap ti\u1ebft ki\u1ec7m di\u1ec7n t\u00edch v\u00e0 t\u1ea1o s\u1ef1 thu\u1eadn ti\u1ec7n nh\u1ea5t khi v\u1eadn chuy\u1ec3n. M\u1eb7t kh\u00e1c, c\u00e1c s\u1ea3n ph\u1ea9m xe \u0111\u1ea9y h\u00e0ng \u0111\u1ec1u \u0111\u01b0\u1ee3c s\u1ea3n xu\u1ea5t tr\u00ean ch\u1ea5t li\u1ec7u inox cao c\u1ea5p, kh\u00f4ng b\u1ecb g\u1ec9, lu\u00f4n b\u1ec1n \u0111\u1eb9p, s\u00e1ng b\u00f3ng, d\u1ec5 lau ch\u00f9i khi xe \u0111\u1ea9y h\u00e0ng b\u1ecb b\u1ea9n m\u00e0 kh\u00f4ng t\u1ed1n qu\u00e1 nhi\u1ec1u th\u1eddi gian c\u1ee7a b\u1ea1n.<\/p>\n<h2 id=\"ftoc-heading-1\" class=\"ftwp-heading\"><span class=\"ez-toc-section\" id=\"1_Thong_so_ky_thuat_san_pham\"><\/span>1. Th\u00f4ng s\u1ed1 k\u1ef9 thu\u1eadt s\u1ea3n ph\u1ea9m:<span class=\"ez-toc-section-end\"><\/span><\/h2>\n<p>\u2013 V\u1eadt li\u1ec7u: L\u00e0m t\u1eeb Inox 304, 204<\/p>\n<p>\u2013 Khung l\u00e0m t\u1eeb \u1ed1ng Inox F20, F34 ho\u1eb7c Inox h\u1ed9p c\u00e1c lo\u1ea1i .<\/p>\n<p>\u2013 Gi\u00e1 \u0111\u1ee1 \u0111\u01b0\u1ee3c l\u00e0m t\u1eeb khung inox<\/p>\n<p>\u2013 B\u00e1nh xe cao c\u1ea5p, ch\u1eafc b\u1ec1n, ch\u1ecbu \u0111\u01b0\u1ee3c nhi\u1ec7t \u0111\u1ed9 cao, v\u00e0 thu\u1eadn ti\u1ec7n cho di chuy\u1ec3n nhi\u1ec1u h\u01b0\u1edbng.<\/p>\n<p>\u2013 Tr\u1ecdng t\u1ea3i h\u00e0ng 50 \u2013 200kg ( tuy theo y\u00eau c\u1ea7u c\u1ee7a kh\u00e1ch h\u00e0ng)<\/p>\n<p>\u2013 K\u1ebft c\u1ea5u v\u00e0 ki\u1ec3u d\u00e1ng c\u00f4ng nghi\u1ec7p.<\/p>\n<div>\n<h2 id=\"ftoc-heading-2\" class=\"ftwp-heading\"><span class=\"ez-toc-section\" id=\"2_Cac_loai_xe_day_inox_bao_gom\"><\/span>2. C\u00e1c lo\u1ea1i xe \u0111\u1ea9y inox bao g\u1ed3m:<span class=\"ez-toc-section-end\"><\/span><\/h2>\n<p>\u2013 Xe \u0111\u1ea9y inox 1 t\u1ea7ng: g\u1ed3m m\u1ed9t t\u1ea7ng \u0111\u1ec3 c\u00f3 th\u1ec3 \u0111\u1ec3 \u0111\u01b0\u1ee3c nhi\u1ec1u \u0111\u1ed3 l\u00ean tr\u00ean, thu\u1eadn ti\u1ec7n cho vi\u1ec7c b\u1ea1n x\u1ebfp c\u00e1c th\u00f9ng h\u00e0ng h\u00f3a, hay gi\u1ecf h\u00e0ng h\u00f3a ch\u1ea5t ch\u1ed3ng l\u00ean nhau. Xe \u0111\u1ea9y \u0111\u01b0\u1ee3c l\u00e0m t\u1eeb inox cao c\u1ea5p kh\u00f4ng g\u1ec9 cho thi\u1ebft b\u1ecb xe \u0111\u1ea9y lu\u00f4n s\u00e1ng b\u00f3ng, d\u1ec5 d\u00e0ng lau ch\u00f9i.<\/p>\n<p>\u2013 Xe \u0111\u1ea9y inox 2 t\u1ea7ng: Xe \u0111\u1ea9y inox g\u1ed3m nhi\u1ec1u ng\u0103n \u0111\u01b0\u1ee3c s\u1eafp x\u1ebfp r\u1ea5t khoa h\u1ecdc.<\/p>\n<\/div>\n<div>\n<p>\u2013 Xe \u0111\u1ea9y inox 3 t\u1ea7ng: lo\u1ea1i xe \u0111\u1ea9y n\u00e0y th\u01b0\u1eddng \u0111\u01b0\u1ee3c d\u00f9ng \u0111\u1ec3 ph\u1ee5c v\u1ee5 nhu c\u1ea7u d\u00f9ng trong c\u00e1c nh\u00e0 h\u00e0ng, kh\u00e1ch s\u1ea1n.<\/p>\n<\/div>\n<h2 id=\"ftoc-heading-3\" class=\"ftwp-heading\"><span class=\"ez-toc-section\" id=\"3_Uu_diem_khi_su_dung_xe_day_dung_cu\"><\/span>3. \u01afu \u0111i\u1ec3m khi s\u1eed d\u1ee5ng xe \u0111\u1ea9y d\u1ee5ng c\u1ee5:<span class=\"ez-toc-section-end\"><\/span><\/h2>\n<p>\u2013 Thi\u1ebft k\u1ebf ,ch\u1eafc ch\u1eafn, \u0111\u1ed9 b\u1ec1n cao.<\/p>\n<p>\u2013 C\u00f3 ki\u1ec3u d\u00e1ng \u0111a d\u1ea1ng ph\u00f9 h\u1ee3p nhi\u1ec1u nhi\u1ec1u lo\u1ea1i h\u1ed9p c\u00e1c lo\u1ea1i<\/p>\n<p>\u2013 Thi\u1ebft k\u1ebf t\u1ed1i \u01b0u, nh\u1ecf gon, \u0111\u01a1n gi\u1ea3n ph\u00f9 h\u1ee3p v\u1edbi nhi\u1ec1u di\u1ec7n t\u00edch kho h\u00e0ng.<\/p>\n<p>\u2013 B\u00e1nh xe c\u00f3 kh\u1ea3 n\u0103ng ch\u1ecbu l\u1ef1c t\u1ed1t c\u00f3 kh\u1ea3 n\u0103ng v\u1eadn chuy\u1ec3n h\u00e0ng h\u00f3a li\u00ean t\u1ee5c.<\/p>\n<p>\u2013 V\u1eadt li\u1ec7u \u0111\u01b0\u1ee3c l\u00e0m b\u1eb1ng c\u00e1c ch\u1ea5t li\u1ec7u c\u00f3 \u0111\u1ed9 b\u1ec1n cao.<\/p>\n","protected":false},"excerpt":{"rendered":"<h2>1. Th\u00f4ng s\u1ed1 k\u1ef9 thu\u1eadt s\u1ea3n ph\u1ea9m:<\/h2>\n<p>\u2013 V\u1eadt li\u1ec7u: L\u00e0m t\u1eeb th\u00e9p s\u01a1n t\u0129nh \u0111i\u1ec7n ho\u1eb7c nh\u00f4m \u0111\u1ecbnh h\u00ecnh\u2026<\/p>\n<p>\u2013 Chi\u1ec1u cao: 810 \u2013 2000 mm t\u00ednh lu\u00f4n c\u1ea3 b\u00e1nh xe (theo y\u00eau c\u1ea7u kh\u00e1ch h\u00e0ng)<\/p>\n<p>\u2013 Chi\u1ec1u d\u00e0i : 830 \u2013 200 mm (theo y\u00eau c\u1ea7u kh\u00e1ch h\u00e0ng)<\/p>\n<p>\u2013 Chi\u1ec1u r\u1ed9ng: 400 -1000 (theo y\u00eau c\u1ea7u kh\u00e1ch h\u00e0ng)<\/p>\n<p>\u2013 Khung l\u00e0m t\u1eeb \u1ed1ng th\u00e9p F20, F34 ho\u1eb7c th\u00e9p h\u1ed9p c\u00e1c lo\u1ea1i .<\/p>\n<p>\u2013 C\u00f3 th\u1ec3 c\u00e1o t\u1eeb 2 \u0111\u1ebfn 6 t\u1ea7ng ( t\u00f9y y\u00eau c\u1ea7u kh\u00e1ch h\u00e0ng)<\/p>\n<p>\u2013 Gi\u00e1 \u0111\u1ee1 \u0111\u01b0\u1ee3c l\u00e0m t\u1eeb khung th\u00e9p<\/p>\n<p>\u2013 B\u00e1nh xe cao c\u1ea5p, ch\u1eafc b\u1ec1n, ch\u1ecbu \u0111\u01b0\u1ee3c nhi\u1ec7t \u0111\u1ed9 cao, v\u00e0 thu\u1eadn ti\u1ec7n cho di chuy\u1ec3n nhi\u1ec1u h\u01b0\u1edbng.<\/p>\n<p>\u2013 Tr\u1ecdng t\u1ea3i h\u00e0ng 50 \u2013 200kg ( tuy theo y\u00eau c\u1ea7u c\u1ee7a kh\u00e1ch h\u00e0ng)<\/p>\n<p>\u2013 K\u1ebft c\u1ea5u v\u00e0 ki\u1ec3u d\u00e1ng c\u00f4ng nghi\u1ec7p.<\/p>\n","protected":false},"featured_media":3249,"comment_status":"open","ping_status":"closed","template":"","meta":[],"product_cat":[180],"product_tag":[],"yoast_head":"<!-- This site is optimized with the Yoast SEO plugin v20.9 - https:\/\/yoast.com\/wordpress\/plugins\/seo\/ -->\n<title>Xe \u0111\u1ea9y inox - Phong V\u0169<\/title>\n<meta name=\"robots\" content=\"index, follow, max-snippet:-1, max-image-preview:large, max-video-preview:-1\" \/>\n<link rel=\"canonical\" href=\"https:\/\/web.webrt.net\/phongvu\/?product=xe-day-inox\" \/>\n<meta property=\"og:locale\" content=\"vi_VN\" \/>\n<meta property=\"og:type\" content=\"article\" \/>\n<meta property=\"og:title\" content=\"Xe \u0111\u1ea9y inox - Phong V\u0169\" \/>\n<meta property=\"og:description\" content=\"1. Th\u00f4ng s\u1ed1 k\u1ef9 thu\u1eadt s\u1ea3n ph\u1ea9m: \u2013 V\u1eadt li\u1ec7u: L\u00e0m t\u1eeb th\u00e9p s\u01a1n t\u0129nh \u0111i\u1ec7n ho\u1eb7c nh\u00f4m \u0111\u1ecbnh h\u00ecnh\u2026  \u2013 Chi\u1ec1u cao: 810 \u2013 2000 mm t\u00ednh lu\u00f4n c\u1ea3 b\u00e1nh xe (theo y\u00eau c\u1ea7u kh\u00e1ch h\u00e0ng)  \u2013 Chi\u1ec1u d\u00e0i : 830 \u2013 200 mm (theo y\u00eau c\u1ea7u kh\u00e1ch h\u00e0ng)  \u2013 Chi\u1ec1u r\u1ed9ng: 400 -1000 (theo y\u00eau c\u1ea7u kh\u00e1ch h\u00e0ng)  \u2013 Khung l\u00e0m t\u1eeb \u1ed1ng th\u00e9p F20, F34 ho\u1eb7c th\u00e9p h\u1ed9p c\u00e1c lo\u1ea1i .  \u2013 C\u00f3 th\u1ec3 c\u00e1o t\u1eeb 2 \u0111\u1ebfn 6 t\u1ea7ng ( t\u00f9y y\u00eau c\u1ea7u kh\u00e1ch h\u00e0ng)  \u2013 Gi\u00e1 \u0111\u1ee1 \u0111\u01b0\u1ee3c l\u00e0m t\u1eeb khung th\u00e9p  \u2013 B\u00e1nh xe cao c\u1ea5p, ch\u1eafc b\u1ec1n, ch\u1ecbu \u0111\u01b0\u1ee3c nhi\u1ec7t \u0111\u1ed9 cao, v\u00e0 thu\u1eadn ti\u1ec7n cho di chuy\u1ec3n nhi\u1ec1u h\u01b0\u1edbng.  \u2013 Tr\u1ecdng t\u1ea3i h\u00e0ng 50 \u2013 200kg ( tuy theo y\u00eau c\u1ea7u c\u1ee7a kh\u00e1ch h\u00e0ng)  \u2013 K\u1ebft c\u1ea5u v\u00e0 ki\u1ec3u d\u00e1ng c\u00f4ng nghi\u1ec7p.\" \/>\n<meta property=\"og:url\" content=\"https:\/\/web.webrt.net\/phongvu\/?product=xe-day-inox\" \/>\n<meta property=\"og:site_name\" content=\"Phong V\u0169\" \/>\n<meta property=\"article:modified_time\" content=\"2023-06-28T01:57:22+00:00\" \/>\n<meta property=\"og:image\" content=\"https:\/\/web.webrt.net\/phongvu\/wp-content\/uploads\/2023\/06\/Screenshot-2023-06-28-085648.png\" \/>\n\t<meta property=\"og:image:width\" content=\"679\" \/>\n\t<meta property=\"og:image:height\" content=\"421\" \/>\n\t<meta property=\"og:image:type\" content=\"image\/png\" \/>\n<meta name=\"twitter:card\" content=\"summary_large_image\" \/>\n<meta name=\"twitter:label1\" content=\"\u01af\u1edbc t\u00ednh th\u1eddi gian \u0111\u1ecdc\" \/>\n\t<meta name=\"twitter:data1\" content=\"3 ph\u00fat\" \/>\n<script type=\"application\/ld+json\" class=\"yoast-schema-graph\">{\"@context\":\"https:\/\/schema.org\",\"@graph\":[{\"@type\":\"WebPage\",\"@id\":\"https:\/\/web.webrt.net\/phongvu\/?product=xe-day-inox\",\"url\":\"https:\/\/web.webrt.net\/phongvu\/?product=xe-day-inox\",\"name\":\"Xe \u0111\u1ea9y inox - Phong V\u0169\",\"isPartOf\":{\"@id\":\"https:\/\/web.webrt.net\/phongvu\/#website\"},\"datePublished\":\"2023-06-28T01:57:21+00:00\",\"dateModified\":\"2023-06-28T01:57:22+00:00\",\"breadcrumb\":{\"@id\":\"https:\/\/web.webrt.net\/phongvu\/?product=xe-day-inox#breadcrumb\"},\"inLanguage\":\"vi\",\"potentialAction\":[{\"@type\":\"ReadAction\",\"target\":[\"https:\/\/web.webrt.net\/phongvu\/?product=xe-day-inox\"]}]},{\"@type\":\"BreadcrumbList\",\"@id\":\"https:\/\/web.webrt.net\/phongvu\/?product=xe-day-inox#breadcrumb\",\"itemListElement\":[{\"@type\":\"ListItem\",\"position\":1,\"name\":\"Trang ch\u1ee7\",\"item\":\"https:\/\/web.webrt.net\/phongvu\/\"},{\"@type\":\"ListItem\",\"position\":2,\"name\":\"S\u1ea3n ph\u1ea9m\",\"item\":\"https:\/\/web.webrt.net\/phongvu\/?post_type=product\"},{\"@type\":\"ListItem\",\"position\":3,\"name\":\"Xe \u0111\u1ea9y inox\"}]},{\"@type\":\"WebSite\",\"@id\":\"https:\/\/web.webrt.net\/phongvu\/#website\",\"url\":\"https:\/\/web.webrt.net\/phongvu\/\",\"name\":\"Phong V\u0169\",\"description\":\"\",\"potentialAction\":[{\"@type\":\"SearchAction\",\"target\":{\"@type\":\"EntryPoint\",\"urlTemplate\":\"https:\/\/web.webrt.net\/phongvu\/?s={search_term_string}\"},\"query-input\":\"required name=search_term_string\"}],\"inLanguage\":\"vi\"}]}<\/script>\n<!-- \/ Yoast SEO plugin. -->","yoast_head_json":{"title":"Xe \u0111\u1ea9y inox - Phong V\u0169","robots":{"index":"index","follow":"follow","max-snippet":"max-snippet:-1","max-image-preview":"max-image-preview:large","max-video-preview":"max-video-preview:-1"},"canonical":"https:\/\/web.webrt.net\/phongvu\/?product=xe-day-inox","og_locale":"vi_VN","og_type":"article","og_title":"Xe \u0111\u1ea9y inox - Phong V\u0169","og_description":"1. Th\u00f4ng s\u1ed1 k\u1ef9 thu\u1eadt s\u1ea3n ph\u1ea9m: \u2013 V\u1eadt li\u1ec7u: L\u00e0m t\u1eeb th\u00e9p s\u01a1n t\u0129nh \u0111i\u1ec7n ho\u1eb7c nh\u00f4m \u0111\u1ecbnh h\u00ecnh\u2026  \u2013 Chi\u1ec1u cao: 810 \u2013 2000 mm t\u00ednh lu\u00f4n c\u1ea3 b\u00e1nh xe (theo y\u00eau c\u1ea7u kh\u00e1ch h\u00e0ng)  \u2013 Chi\u1ec1u d\u00e0i : 830 \u2013 200 mm (theo y\u00eau c\u1ea7u kh\u00e1ch h\u00e0ng)  \u2013 Chi\u1ec1u r\u1ed9ng: 400 -1000 (theo y\u00eau c\u1ea7u kh\u00e1ch h\u00e0ng)  \u2013 Khung l\u00e0m t\u1eeb \u1ed1ng th\u00e9p F20, F34 ho\u1eb7c th\u00e9p h\u1ed9p c\u00e1c lo\u1ea1i .  \u2013 C\u00f3 th\u1ec3 c\u00e1o t\u1eeb 2 \u0111\u1ebfn 6 t\u1ea7ng ( t\u00f9y y\u00eau c\u1ea7u kh\u00e1ch h\u00e0ng)  \u2013 Gi\u00e1 \u0111\u1ee1 \u0111\u01b0\u1ee3c l\u00e0m t\u1eeb khung th\u00e9p  \u2013 B\u00e1nh xe cao c\u1ea5p, ch\u1eafc b\u1ec1n, ch\u1ecbu \u0111\u01b0\u1ee3c nhi\u1ec7t \u0111\u1ed9 cao, v\u00e0 thu\u1eadn ti\u1ec7n cho di chuy\u1ec3n nhi\u1ec1u h\u01b0\u1edbng.  \u2013 Tr\u1ecdng t\u1ea3i h\u00e0ng 50 \u2013 200kg ( tuy theo y\u00eau c\u1ea7u c\u1ee7a kh\u00e1ch h\u00e0ng)  \u2013 K\u1ebft c\u1ea5u v\u00e0 ki\u1ec3u d\u00e1ng c\u00f4ng nghi\u1ec7p.","og_url":"https:\/\/web.webrt.net\/phongvu\/?product=xe-day-inox","og_site_name":"Phong V\u0169","article_modified_time":"2023-06-28T01:57:22+00:00","og_image":[{"width":679,"height":421,"url":"https:\/\/web.webrt.net\/phongvu\/wp-content\/uploads\/2023\/06\/Screenshot-2023-06-28-085648.png","type":"image\/png"}],"twitter_card":"summary_large_image","twitter_misc":{"\u01af\u1edbc t\u00ednh th\u1eddi gian \u0111\u1ecdc":"3 ph\u00fat"},"schema":{"@context":"https:\/\/schema.org","@graph":[{"@type":"WebPage","@id":"https:\/\/web.webrt.net\/phongvu\/?product=xe-day-inox","url":"https:\/\/web.webrt.net\/phongvu\/?product=xe-day-inox","name":"Xe \u0111\u1ea9y inox - Phong V\u0169","isPartOf":{"@id":"https:\/\/web.webrt.net\/phongvu\/#website"},"datePublished":"2023-06-28T01:57:21+00:00","dateModified":"2023-06-28T01:57:22+00:00","breadcrumb":{"@id":"https:\/\/web.webrt.net\/phongvu\/?product=xe-day-inox#breadcrumb"},"inLanguage":"vi","potentialAction":[{"@type":"ReadAction","target":["https:\/\/web.webrt.net\/phongvu\/?product=xe-day-inox"]}]},{"@type":"BreadcrumbList","@id":"https:\/\/web.webrt.net\/phongvu\/?product=xe-day-inox#breadcrumb","itemListElement":[{"@type":"ListItem","position":1,"name":"Trang ch\u1ee7","item":"https:\/\/web.webrt.net\/phongvu\/"},{"@type":"ListItem","position":2,"name":"S\u1ea3n ph\u1ea9m","item":"https:\/\/web.webrt.net\/phongvu\/?post_type=product"},{"@type":"ListItem","position":3,"name":"Xe \u0111\u1ea9y inox"}]},{"@type":"WebSite","@id":"https:\/\/web.webrt.net\/phongvu\/#website","url":"https:\/\/web.webrt.net\/phongvu\/","name":"Phong V\u0169","description":"","potentialAction":[{"@type":"SearchAction","target":{"@type":"EntryPoint","urlTemplate":"https:\/\/web.webrt.net\/phongvu\/?s={search_term_string}"},"query-input":"required name=search_term_string"}],"inLanguage":"vi"}]}},"_links":{"self":[{"href":"https:\/\/web.webrt.net\/phongvu\/index.php?rest_route=\/wp\/v2\/product\/3248"}],"collection":[{"href":"https:\/\/web.webrt.net\/phongvu\/index.php?rest_route=\/wp\/v2\/product"}],"about":[{"href":"https:\/\/web.webrt.net\/phongvu\/index.php?rest_route=\/wp\/v2\/types\/product"}],"replies":[{"embeddable":true,"href":"https:\/\/web.webrt.net\/phongvu\/index.php?rest_route=%2Fwp%2Fv2%2Fcomments&post=3248"}],"wp:featuredmedia":[{"embeddable":true,"href":"https:\/\/web.webrt.net\/phongvu\/index.php?rest_route=\/wp\/v2\/media\/3249"}],"wp:attachment":[{"href":"https:\/\/web.webrt.net\/phongvu\/index.php?rest_route=%2Fwp%2Fv2%2Fmedia&parent=3248"}],"wp:term":[{"taxonomy":"product_cat","embeddable":true,"href":"https:\/\/web.webrt.net\/phongvu\/index.php?rest_route=%2Fwp%2Fv2%2Fproduct_cat&post=3248"},{"taxonomy":"product_tag","embeddable":true,"href":"https:\/\/web.webrt.net\/phongvu\/index.php?rest_route=%2Fwp%2Fv2%2Fproduct_tag&post=3248"}],"curies":[{"name":"wp","href":"https:\/\/api.w.org\/{rel}","templated":true}]}}