{"id":3194,"date":"2023-06-27T03:54:58","date_gmt":"2023-06-27T03:54:58","guid":{"rendered":"https:\/\/web.webrt.net\/phongvu\/?post_type=product&#038;p=3194"},"modified":"2023-06-27T03:54:59","modified_gmt":"2023-06-27T03:54:59","slug":"san-pham-gia-cong-con-lan-chat-luong-cao-tnt023","status":"publish","type":"product","link":"https:\/\/web.webrt.net\/phongvu\/?product=san-pham-gia-cong-con-lan-chat-luong-cao-tnt023","title":{"rendered":"S\u1ea3n ph\u1ea9m gia c\u00f4ng con l\u0103n ch\u1ea5t l\u01b0\u1ee3ng cao \u2013 PV023"},"content":{"rendered":"<div id=\"ez-toc-container\" class=\"ez-toc-v2_0_50 counter-hierarchy ez-toc-counter ez-toc-grey ez-toc-container-direction\">\n<div class=\"ez-toc-title-container\">\n<p class=\"ez-toc-title\">M\u1ee5c l\u1ee5c<\/p>\n<span class=\"ez-toc-title-toggle\"><a href=\"#\" class=\"ez-toc-pull-right ez-toc-btn ez-toc-btn-xs ez-toc-btn-default ez-toc-toggle\" aria-label=\"Toggle Table of Content\" role=\"button\"><label for=\"item-69d09a0beca95\" aria-hidden=\"true\"><span style=\"display: flex;align-items: center;width: 35px;height: 30px;justify-content: center;direction:ltr;\"><svg style=\"fill: #999;color:#999\" xmlns=\"http:\/\/www.w3.org\/2000\/svg\" class=\"list-377408\" width=\"20px\" height=\"20px\" viewBox=\"0 0 24 24\" fill=\"none\"><path d=\"M6 6H4v2h2V6zm14 0H8v2h12V6zM4 11h2v2H4v-2zm16 0H8v2h12v-2zM4 16h2v2H4v-2zm16 0H8v2h12v-2z\" fill=\"currentColor\"><\/path><\/svg><svg style=\"fill: #999;color:#999\" class=\"arrow-unsorted-368013\" xmlns=\"http:\/\/www.w3.org\/2000\/svg\" width=\"10px\" height=\"10px\" viewBox=\"0 0 24 24\" version=\"1.2\" baseProfile=\"tiny\"><path d=\"M18.2 9.3l-6.2-6.3-6.2 6.3c-.2.2-.3.4-.3.7s.1.5.3.7c.2.2.4.3.7.3h11c.3 0 .5-.1.7-.3.2-.2.3-.5.3-.7s-.1-.5-.3-.7zM5.8 14.7l6.2 6.3 6.2-6.3c.2-.2.3-.5.3-.7s-.1-.5-.3-.7c-.2-.2-.4-.3-.7-.3h-11c-.3 0-.5.1-.7.3-.2.2-.3.5-.3.7s.1.5.3.7z\"\/><\/svg><\/span><\/label><input  type=\"checkbox\" id=\"item-69d09a0beca95\"><\/a><\/span><\/div>\n<nav><ul class='ez-toc-list ez-toc-list-level-1 ' ><li class='ez-toc-page-1 ez-toc-heading-level-2'><a class=\"ez-toc-link ez-toc-heading-1\" href=\"https:\/\/web.webrt.net\/phongvu\/?product=san-pham-gia-cong-con-lan-chat-luong-cao-tnt023\/#Gia_cong_con_lan_chat_luong_cao_PV023\" title=\"Gia c\u00f4ng con l\u0103n ch\u1ea5t l\u01b0\u1ee3ng cao PV023\">Gia c\u00f4ng con l\u0103n ch\u1ea5t l\u01b0\u1ee3ng cao PV023<\/a><\/li><li class='ez-toc-page-1 ez-toc-heading-level-2'><a class=\"ez-toc-link ez-toc-heading-2\" href=\"https:\/\/web.webrt.net\/phongvu\/?product=san-pham-gia-cong-con-lan-chat-luong-cao-tnt023\/#Dac_diem_cua_dong_con_lan_chat_luong_cao\" title=\"\u0110\u1eb7c \u0111i\u1ec3m c\u1ee7a d\u00f2ng con l\u0103n ch\u1ea5t l\u01b0\u1ee3ng cao\">\u0110\u1eb7c \u0111i\u1ec3m c\u1ee7a d\u00f2ng con l\u0103n ch\u1ea5t l\u01b0\u1ee3ng cao<\/a><\/li><li class='ez-toc-page-1 ez-toc-heading-level-2'><a class=\"ez-toc-link ez-toc-heading-3\" href=\"https:\/\/web.webrt.net\/phongvu\/?product=san-pham-gia-cong-con-lan-chat-luong-cao-tnt023\/#Tai_sao_doi_tac_chon_Con_lan_chat_luong_cao\" title=\"T\u1ea1i sao \u0111\u1ed1i t\u00e1c ch\u1ecdn Con l\u0103n ch\u1ea5t l\u01b0\u1ee3ng cao\">T\u1ea1i sao \u0111\u1ed1i t\u00e1c ch\u1ecdn Con l\u0103n ch\u1ea5t l\u01b0\u1ee3ng cao<\/a><\/li><li class='ez-toc-page-1 ez-toc-heading-level-2'><a class=\"ez-toc-link ez-toc-heading-4\" href=\"https:\/\/web.webrt.net\/phongvu\/?product=san-pham-gia-cong-con-lan-chat-luong-cao-tnt023\/#Ung_dung_con_lan_chat_luong_cao\" title=\"\u1ee8ng d\u1ee5ng con l\u0103n ch\u1ea5t l\u01b0\u1ee3ng cao\">\u1ee8ng d\u1ee5ng con l\u0103n ch\u1ea5t l\u01b0\u1ee3ng cao<\/a><\/li><\/ul><\/nav><\/div>\n<h2 id=\"ftoc-heading-1\" class=\"ftwp-heading\"><span class=\"ez-toc-section\" id=\"Gia_cong_con_lan_chat_luong_cao_PV023\"><\/span><strong>Gia c\u00f4ng con l\u0103n ch\u1ea5t l\u01b0\u1ee3ng cao PV023<\/strong><span class=\"ez-toc-section-end\"><\/span><\/h2>\n<p>C\u00e1c s\u1ea3n ph\u1ea9m\u00a0<strong>con l\u0103n ch\u1ea5t l\u01b0\u1ee3ng<\/strong> c\u1ee7a Phong V\u0169\u00a0\u0111\u01b0\u1ee3c ch\u1ebf t\u1ea1o v\u00e0 gia c\u00f4ng tr\u00ean c\u00e1c d\u00f2ng m\u00e1y chuy\u00ean d\u00f9ng. T\u1ea5t c\u1ea3 s\u1ea3n ph\u1ea9m tr\u01b0\u1edbc khi xu\u1ea5t x\u01b0\u1edfng \u0111\u1ec1u \u0111\u01b0\u1ee3c ki\u1ec3m tra QC r\u1ea5t nghi\u00eam ng\u1eb7t.\u00a0<strong>Con l\u0103n ch\u1ea5t l\u01b0\u01a1ng cao<\/strong>\u00a0\u0111\u01b0\u1ee3c s\u1eed d\u1ee5ng trong c\u00e1c d\u00f2ng\u00a0b\u0103ng t\u1ea3i, b\u0103ng chuy\u1ec1n gi\u00fap vi\u1ec7c truy\u1ec1n t\u1ea3i v\u1eadt li\u1ec7u \u1ed5n \u0111\u1ecbnh, ch\u00ednh x\u00e1c v\u00e0 b\u1ec1n \u0111\u1eb9p. \u0110\u1eb7c bi\u1ec7t con l\u0103n c\u1ee7a ch\u00fang t\u00f4i lu\u00f4n \u0111\u1ea3m b\u00e0o \u0111\u1ed9 \u0111\u1ed3ng t\u00e2m v\u00e0 kh\u1ea3 n\u0103ng gi\u1eef d\u1ea7u m\u1ee1 c\u1ee7a con l\u0103n v\u00ec \u0111\u00e2y l\u00e0 hai y\u00eau t\u1ed1 quy\u1ebft \u0111\u1ecbnh ch\u1ea5t l\u01b0\u1ee3ng v\u00e0 tu\u1ed5i th\u1ecd c\u1ee7a con l\u0103n, v\u00ec th\u1ebf qu\u00fd kh\u00e1ch h\u00e0ng c\u00f3 th\u1ec3 ho\u00e0n to\u00e0n y\u00ean t\u00e2m khi s\u1eed d\u1ee5ng.<\/p>\n<h2 id=\"ftoc-heading-2\" class=\"ftwp-heading\"><span class=\"ez-toc-section\" id=\"Dac_diem_cua_dong_con_lan_chat_luong_cao\"><\/span><strong>\u0110\u1eb7c \u0111i\u1ec3m c\u1ee7a d\u00f2ng con l\u0103n ch\u1ea5t l\u01b0\u1ee3ng cao<\/strong><span class=\"ez-toc-section-end\"><\/span><\/h2>\n<div>\n<ul>\n<li>\u0110\u1ed9 \u0111\u1ed3ng t\u00e2m c\u0169ng nh\u01b0 \u0111\u1ed9 nh\u00e1m b\u0103ng t\u1ea3i th\u1ea5p<\/li>\n<li>C\u00f3 kh\u1ea3 n\u0103ng ch\u1ed1ng b\u00e1m d\u00ednh, m\u00e0i m\u00f2n, \u00edt h\u1ec7 s\u1ed1 ma s\u00e1t v\u00e0 c\u00f3 th\u1eddi gian s\u1eed d\u1ee5ng l\u00e2u.<\/li>\n<li>Kh\u1ea3 n\u0103ng ch\u1ed1ng t\u0129nh \u0111i\u1ec7n v\u00e0 l\u00e3o h\u00f3a \u0111\u1ed9 b\u1ec1n c\u01a1 h\u1ecdc.<\/li>\n<li>Kh\u00f4ng g\u00e2y ra ti\u1ebfng \u1ed3n, th\u1eddi gian v\u1eadn h\u00e0nh l\u00e2u.<\/li>\n<li>L\u00e0m vi\u1ec7c trong nhi\u1ec1u m\u00f4i tr\u01b0\u1eddng kh\u00e1c nhau.<\/li>\n<li>Chi ph\u00ed \u0111\u1ea7u t\u01b0 th\u1ea5p, t\u0103ng n\u0103ng su\u1ea5t lao \u0111\u1ed9ng.<\/li>\n<\/ul>\n<h2 id=\"ftoc-heading-3\" class=\"ftwp-heading\"><span class=\"ez-toc-section\" id=\"Tai_sao_doi_tac_chon_Con_lan_chat_luong_cao\"><\/span>T\u1ea1i sao \u0111\u1ed1i t\u00e1c ch\u1ecdn Con l\u0103n ch\u1ea5t l\u01b0\u1ee3ng cao<span class=\"ez-toc-section-end\"><\/span><\/h2>\n<ul>\n<li>Quy tr\u00ecnh gia c\u00f4ng c\u1ee7a ch\u00fang t\u00f4i tu\u00e2n th\u1ee7 theo ti\u00eau chu\u1ea9n ch\u1ea5t l\u01b0\u1ee3ng\u00a0<strong>ISO 9001:2015<\/strong>\u00a0qua nhi\u1ec1u n\u0103m nghi\u00ean c\u1ee9u v\u00e0 ph\u00e1t tri\u1ec3n theo chu\u1ea9n Qu\u1ed1c T\u1ebf, s\u1ea3n ph\u1ea9m \u0111\u01b0\u1ee3c ki\u1ec3m tra r\u1ea5t k\u1ef9 t\u1eeb kh\u00e2u gia c\u00f4ng ch\u1ebf t\u1ea1o \u0111\u1ebfn l\u1eafp r\u00e1p v\u00e0 ch\u1ea1y th\u1eed<\/li>\n<li>M\u00e1y m\u00f3c thi\u1ebft b\u1ecb v\u00e0 k\u1ef9 thu\u1eadt \u0111\u1ea1t ti\u00eau chu\u1ea9n<\/li>\n<li>V\u1eadt li\u1ec7u \u0111\u1ea7u v\u00e0o \u0111\u01b0\u1ee3c \u0111\u1ea3m b\u1ea3o ch\u1ea5t l\u01b0\u1ee3ng cao v\u00e0 \u1ed5n \u0111\u1ecbnh.<\/li>\n<li>Quy tr\u00ecnh s\u1ea3n xu\u1ea5t chuy\u00ean nghi\u1ec7p v\u00e0 hi\u1ec7n \u0111\u1ea1i v\u1edbi thi\u1ebft b\u1ecb ki\u1ec3m tra \u0111\u1ea7y \u0111\u1ee7 v\u00e0 d\u1ecbch v\u1ee5 chuy\u00ean nghi\u1ec7p.<\/li>\n<li>Lao \u0111\u1ed9ng c\u00f3 tay ngh\u1ec1 cao v\u00e0 \u0111\u01b0\u1ee3c \u0111\u00e0o t\u1ea1o b\u00e0i b\u1ea3n<\/li>\n<li>Quy tr\u00ecnh ki\u1ec3m so\u00e1t ch\u1ea5t l\u01b0\u1ee3ng nghi\u00eam ng\u1eb7t ngay t\u1eeb t\u1ea5t c\u1ea3 c\u00e1c c\u00f4ng \u0111o\u1ea1n s\u1ea3n xu\u1ea5t<\/li>\n<li>T\u1ea5t c\u1ea3 c\u00e1c y\u00eau c\u1ea7u c\u1ee7a Kh\u00e1ch h\u00e0ng \u0111\u01b0\u1ee3c Phong V\u0169\u00a0 \u0111\u00e1m \u1ee9ng nhanh ch\u00f3ng, ch\u00ednh x\u00e1c v\u00e0 chuy\u00ean nghi\u1ec7p.<\/li>\n<li>\u0110\u1ea3m b\u1ea3o ti\u1ebfn \u0111\u1ed9 ch\u00ednh x\u00e1c ngay t\u1eeb nh\u1eefng \u0111\u01a1n h\u00e0ng m\u1eabu.<\/li>\n<\/ul>\n<p>Th\u00f4ng s\u1ed1 k\u0129 thu\u1eadt con l\u0103n Phong V\u0169 s\u1ea3n xu\u1ea5t<\/p>\n<ul>\n<li>K\u00edch th\u01b0\u1edbc con l\u0103n b\u0103ng t\u1ea3i ti\u00eau chu\u1ea9n Qu\u1ed1c t\u1ebf:\u00a0 \u00d825, \u00d832, \u00d838, \u00d842, \u00d849, \u00d860 .v.v.<\/li>\n<li>Gia c\u00f4ng con l\u0103n b\u0103ng t\u1ea3i s\u1ebd ph\u1ee5 thu\u1ed9c v\u00e0o k\u00edch th\u01b0\u1edbc v\u00e0 t\u1ed1c \u0111\u1ed9 c\u1ee7a b\u0103ng t\u1ea3i;<\/li>\n<li>Tr\u1ee5c l\u0103n c\u1ee7a con l\u0103n b\u0103ng t\u1ea3i ph\u1ea3i \u0111\u1ee7 \u0111\u1ed9 c\u1ee9ng;<\/li>\n<li>V\u00f2ng bi c\u1ee7a con l\u0103n ch\u1ea5t l\u01b0\u1ee3ng t\u1ed1t ph\u00f9 h\u1ee3p v\u1edbi t\u1eebng k\u00edch th\u01b0\u1edbc con l\u0103n<\/li>\n<li>Con l\u0103n \u0111\u01b0\u1ee3c l\u1eafp \u0111\u1ea3m b\u1ea3o \u0111\u1ed9 tr\u00f2n v\u00e0 \u0111\u1ed9 \u0111\u1ed3ng t\u00e2m cao<\/li>\n<li>Ch\u1ea5t l\u01b0\u1ee3ng b\u1ec1 m\u1eb7t b\u0103ng t\u1ea3i con l\u0103n ch\u1ea5t l\u01b0\u1ee3ng cao gi\u00fap b\u0103ng t\u1ea3i ch\u1ea1y bon v\u00e0 oeem<\/li>\n<li>B\u1ec1 m\u1eb7t con l\u0103n ph\u1ea3i \u0111\u01b0\u1ee3c x\u1eed l\u00fd s\u00e1ng b\u00f3ng ho\u1eb7c \u0111\u01b0\u1ee3c anode ;<\/li>\n<\/ul>\n<figure id=\"attachment_3295\" class=\"wp-caption aligncenter\" aria-describedby=\"caption-attachment-3295\"><img decoding=\"async\" loading=\"lazy\" class=\"size-full wp-image-3295\" src=\"https:\/\/tnttech.vn\/wp-content\/uploads\/2023\/04\/Con-lan-cong-nghiep-chat-luong-cao-2.jpg\" sizes=\"(max-width: 800px) 100vw, 800px\" srcset=\"https:\/\/tnttech.vn\/wp-content\/uploads\/2023\/04\/Con-lan-cong-nghiep-chat-luong-cao-2.jpg 800w, https:\/\/tnttech.vn\/wp-content\/uploads\/2023\/04\/Con-lan-cong-nghiep-chat-luong-cao-2-640x400.jpg 640w, https:\/\/tnttech.vn\/wp-content\/uploads\/2023\/04\/Con-lan-cong-nghiep-chat-luong-cao-2-768x480.jpg 768w, https:\/\/tnttech.vn\/wp-content\/uploads\/2023\/04\/Con-lan-cong-nghiep-chat-luong-cao-2-600x375.jpg 600w\" alt=\"Con l\u0103n ch\u1ea5t l\u01b0\u1ee3ng cao\" width=\"800\" height=\"500\" \/><figcaption id=\"caption-attachment-3295\" class=\"wp-caption-text\">Con l\u0103n ch\u1ea5t l\u01b0\u1ee3ng cao<\/figcaption><\/figure>\n<\/div>\n<h2 id=\"ftoc-heading-4\" class=\"ftwp-heading\"><span class=\"ez-toc-section\" id=\"Ung_dung_con_lan_chat_luong_cao\"><\/span><strong>\u1ee8ng d\u1ee5ng con l\u0103n ch\u1ea5t l\u01b0\u1ee3ng cao<\/strong><span class=\"ez-toc-section-end\"><\/span><\/h2>\n<p><strong>Con l\u0103n\u00a0<\/strong><b>ch\u1ea5t l\u01b0\u1ee3ng cao\u00a0<\/b>th\u01b0\u1eddng \u0111\u01b0\u1ee3c \u1ee9ng d\u1ee5ng trong nhi\u1ec1u l\u0129nh v\u1ef1c s\u1ea3n xu\u1ea5t, l\u1eafp r\u00e1p, v\u1eadn chuy\u1ec3n h\u00e0ng h\u00f3a, \u0111\u1eb7c bi\u1ec7t th\u01b0\u1eddng \u0111\u01b0\u1ee3c s\u1eed d\u1ee5ng trong c\u00e1c h\u1ec7 th\u1ed1ng, d\u00e2y chuy\u1ec1n b\u0103ng t\u1ea3i gi\u00fap \u0111\u1ea9y nhanh hi\u1ec7u qu\u1ea3 c\u00f4ng vi\u1ec7c.<\/p>\n","protected":false},"excerpt":{"rendered":"<p>Gia c\u00f4ng con l\u0103n ch\u1ea5t l\u01b0\u1ee3ng cao PV023 C\u00e1c s\u1ea3n ph\u1ea9m\u00a0con l\u0103n ch\u1ea5t l\u01b0\u1ee3ng c\u1ee7a Phong V\u0169\u00a0\u0111\u01b0\u1ee3c ch\u1ebf t\u1ea1o v\u00e0 gia c\u00f4ng tr\u00ean c\u00e1c d\u00f2ng m\u00e1y chuy\u00ean d\u00f9ng. T\u1ea5t c\u1ea3 s\u1ea3n ph\u1ea9m tr\u01b0\u1edbc khi xu\u1ea5t x\u01b0\u1edfng \u0111\u1ec1u \u0111\u01b0\u1ee3c ki\u1ec3m tra QC r\u1ea5t nghi\u00eam ng\u1eb7t.\u00a0Con l\u0103n ch\u1ea5t l\u01b0\u01a1ng cao\u00a0\u0111\u01b0\u1ee3c s\u1eed d\u1ee5ng trong c\u00e1c d\u00f2ng\u00a0b\u0103ng t\u1ea3i, b\u0103ng&#8230;<\/p>\n","protected":false},"featured_media":3196,"comment_status":"open","ping_status":"closed","template":"","meta":[],"product_cat":[178],"product_tag":[],"yoast_head":"<!-- This site is optimized with the Yoast SEO plugin v20.9 - https:\/\/yoast.com\/wordpress\/plugins\/seo\/ -->\n<title>S\u1ea3n ph\u1ea9m gia c\u00f4ng con l\u0103n ch\u1ea5t l\u01b0\u1ee3ng cao \u2013 PV023 - Phong V\u0169<\/title>\n<meta name=\"robots\" content=\"index, follow, max-snippet:-1, max-image-preview:large, max-video-preview:-1\" \/>\n<link rel=\"canonical\" href=\"https:\/\/web.webrt.net\/phongvu\/?product=san-pham-gia-cong-con-lan-chat-luong-cao-tnt023\" \/>\n<meta property=\"og:locale\" content=\"vi_VN\" \/>\n<meta property=\"og:type\" content=\"article\" \/>\n<meta property=\"og:title\" content=\"S\u1ea3n ph\u1ea9m gia c\u00f4ng con l\u0103n ch\u1ea5t l\u01b0\u1ee3ng cao \u2013 PV023 - Phong V\u0169\" \/>\n<meta property=\"og:description\" content=\"Gia c\u00f4ng con l\u0103n ch\u1ea5t l\u01b0\u1ee3ng cao PV023 C\u00e1c s\u1ea3n ph\u1ea9m\u00a0con l\u0103n ch\u1ea5t l\u01b0\u1ee3ng c\u1ee7a Phong V\u0169\u00a0\u0111\u01b0\u1ee3c ch\u1ebf t\u1ea1o v\u00e0 gia c\u00f4ng tr\u00ean c\u00e1c d\u00f2ng m\u00e1y chuy\u00ean d\u00f9ng. T\u1ea5t c\u1ea3 s\u1ea3n ph\u1ea9m tr\u01b0\u1edbc khi xu\u1ea5t x\u01b0\u1edfng \u0111\u1ec1u \u0111\u01b0\u1ee3c ki\u1ec3m tra QC r\u1ea5t nghi\u00eam ng\u1eb7t.\u00a0Con l\u0103n ch\u1ea5t l\u01b0\u01a1ng cao\u00a0\u0111\u01b0\u1ee3c s\u1eed d\u1ee5ng trong c\u00e1c d\u00f2ng\u00a0b\u0103ng t\u1ea3i, b\u0103ng...\" \/>\n<meta property=\"og:url\" content=\"https:\/\/web.webrt.net\/phongvu\/?product=san-pham-gia-cong-con-lan-chat-luong-cao-tnt023\" \/>\n<meta property=\"og:site_name\" content=\"Phong V\u0169\" \/>\n<meta property=\"article:modified_time\" content=\"2023-06-27T03:54:59+00:00\" \/>\n<meta property=\"og:image\" content=\"https:\/\/web.webrt.net\/phongvu\/wp-content\/uploads\/2023\/06\/Screenshot-2023-06-27-105440.png\" \/>\n\t<meta property=\"og:image:width\" content=\"458\" \/>\n\t<meta property=\"og:image:height\" content=\"285\" \/>\n\t<meta property=\"og:image:type\" content=\"image\/png\" \/>\n<meta name=\"twitter:card\" content=\"summary_large_image\" \/>\n<meta name=\"twitter:label1\" content=\"\u01af\u1edbc t\u00ednh th\u1eddi gian \u0111\u1ecdc\" \/>\n\t<meta name=\"twitter:data1\" content=\"4 ph\u00fat\" \/>\n<script type=\"application\/ld+json\" class=\"yoast-schema-graph\">{\"@context\":\"https:\/\/schema.org\",\"@graph\":[{\"@type\":\"WebPage\",\"@id\":\"https:\/\/web.webrt.net\/phongvu\/?product=san-pham-gia-cong-con-lan-chat-luong-cao-tnt023\",\"url\":\"https:\/\/web.webrt.net\/phongvu\/?product=san-pham-gia-cong-con-lan-chat-luong-cao-tnt023\",\"name\":\"S\u1ea3n ph\u1ea9m gia c\u00f4ng con l\u0103n ch\u1ea5t l\u01b0\u1ee3ng cao \u2013 PV023 - Phong V\u0169\",\"isPartOf\":{\"@id\":\"https:\/\/web.webrt.net\/phongvu\/#website\"},\"datePublished\":\"2023-06-27T03:54:58+00:00\",\"dateModified\":\"2023-06-27T03:54:59+00:00\",\"breadcrumb\":{\"@id\":\"https:\/\/web.webrt.net\/phongvu\/?product=san-pham-gia-cong-con-lan-chat-luong-cao-tnt023#breadcrumb\"},\"inLanguage\":\"vi\",\"potentialAction\":[{\"@type\":\"ReadAction\",\"target\":[\"https:\/\/web.webrt.net\/phongvu\/?product=san-pham-gia-cong-con-lan-chat-luong-cao-tnt023\"]}]},{\"@type\":\"BreadcrumbList\",\"@id\":\"https:\/\/web.webrt.net\/phongvu\/?product=san-pham-gia-cong-con-lan-chat-luong-cao-tnt023#breadcrumb\",\"itemListElement\":[{\"@type\":\"ListItem\",\"position\":1,\"name\":\"Trang ch\u1ee7\",\"item\":\"https:\/\/web.webrt.net\/phongvu\/\"},{\"@type\":\"ListItem\",\"position\":2,\"name\":\"S\u1ea3n ph\u1ea9m\",\"item\":\"https:\/\/web.webrt.net\/phongvu\/?post_type=product\"},{\"@type\":\"ListItem\",\"position\":3,\"name\":\"S\u1ea3n ph\u1ea9m gia c\u00f4ng con l\u0103n ch\u1ea5t l\u01b0\u1ee3ng cao \u2013 PV023\"}]},{\"@type\":\"WebSite\",\"@id\":\"https:\/\/web.webrt.net\/phongvu\/#website\",\"url\":\"https:\/\/web.webrt.net\/phongvu\/\",\"name\":\"Phong V\u0169\",\"description\":\"\",\"potentialAction\":[{\"@type\":\"SearchAction\",\"target\":{\"@type\":\"EntryPoint\",\"urlTemplate\":\"https:\/\/web.webrt.net\/phongvu\/?s={search_term_string}\"},\"query-input\":\"required name=search_term_string\"}],\"inLanguage\":\"vi\"}]}<\/script>\n<!-- \/ Yoast SEO plugin. -->","yoast_head_json":{"title":"S\u1ea3n ph\u1ea9m gia c\u00f4ng con l\u0103n ch\u1ea5t l\u01b0\u1ee3ng cao \u2013 PV023 - Phong V\u0169","robots":{"index":"index","follow":"follow","max-snippet":"max-snippet:-1","max-image-preview":"max-image-preview:large","max-video-preview":"max-video-preview:-1"},"canonical":"https:\/\/web.webrt.net\/phongvu\/?product=san-pham-gia-cong-con-lan-chat-luong-cao-tnt023","og_locale":"vi_VN","og_type":"article","og_title":"S\u1ea3n ph\u1ea9m gia c\u00f4ng con l\u0103n ch\u1ea5t l\u01b0\u1ee3ng cao \u2013 PV023 - Phong V\u0169","og_description":"Gia c\u00f4ng con l\u0103n ch\u1ea5t l\u01b0\u1ee3ng cao PV023 C\u00e1c s\u1ea3n ph\u1ea9m\u00a0con l\u0103n ch\u1ea5t l\u01b0\u1ee3ng c\u1ee7a Phong V\u0169\u00a0\u0111\u01b0\u1ee3c ch\u1ebf t\u1ea1o v\u00e0 gia c\u00f4ng tr\u00ean c\u00e1c d\u00f2ng m\u00e1y chuy\u00ean d\u00f9ng. T\u1ea5t c\u1ea3 s\u1ea3n ph\u1ea9m tr\u01b0\u1edbc khi xu\u1ea5t x\u01b0\u1edfng \u0111\u1ec1u \u0111\u01b0\u1ee3c ki\u1ec3m tra QC r\u1ea5t nghi\u00eam ng\u1eb7t.\u00a0Con l\u0103n ch\u1ea5t l\u01b0\u01a1ng cao\u00a0\u0111\u01b0\u1ee3c s\u1eed d\u1ee5ng trong c\u00e1c d\u00f2ng\u00a0b\u0103ng t\u1ea3i, b\u0103ng...","og_url":"https:\/\/web.webrt.net\/phongvu\/?product=san-pham-gia-cong-con-lan-chat-luong-cao-tnt023","og_site_name":"Phong V\u0169","article_modified_time":"2023-06-27T03:54:59+00:00","og_image":[{"width":458,"height":285,"url":"https:\/\/web.webrt.net\/phongvu\/wp-content\/uploads\/2023\/06\/Screenshot-2023-06-27-105440.png","type":"image\/png"}],"twitter_card":"summary_large_image","twitter_misc":{"\u01af\u1edbc t\u00ednh th\u1eddi gian \u0111\u1ecdc":"4 ph\u00fat"},"schema":{"@context":"https:\/\/schema.org","@graph":[{"@type":"WebPage","@id":"https:\/\/web.webrt.net\/phongvu\/?product=san-pham-gia-cong-con-lan-chat-luong-cao-tnt023","url":"https:\/\/web.webrt.net\/phongvu\/?product=san-pham-gia-cong-con-lan-chat-luong-cao-tnt023","name":"S\u1ea3n ph\u1ea9m gia c\u00f4ng con l\u0103n ch\u1ea5t l\u01b0\u1ee3ng cao \u2013 PV023 - Phong V\u0169","isPartOf":{"@id":"https:\/\/web.webrt.net\/phongvu\/#website"},"datePublished":"2023-06-27T03:54:58+00:00","dateModified":"2023-06-27T03:54:59+00:00","breadcrumb":{"@id":"https:\/\/web.webrt.net\/phongvu\/?product=san-pham-gia-cong-con-lan-chat-luong-cao-tnt023#breadcrumb"},"inLanguage":"vi","potentialAction":[{"@type":"ReadAction","target":["https:\/\/web.webrt.net\/phongvu\/?product=san-pham-gia-cong-con-lan-chat-luong-cao-tnt023"]}]},{"@type":"BreadcrumbList","@id":"https:\/\/web.webrt.net\/phongvu\/?product=san-pham-gia-cong-con-lan-chat-luong-cao-tnt023#breadcrumb","itemListElement":[{"@type":"ListItem","position":1,"name":"Trang ch\u1ee7","item":"https:\/\/web.webrt.net\/phongvu\/"},{"@type":"ListItem","position":2,"name":"S\u1ea3n ph\u1ea9m","item":"https:\/\/web.webrt.net\/phongvu\/?post_type=product"},{"@type":"ListItem","position":3,"name":"S\u1ea3n ph\u1ea9m gia c\u00f4ng con l\u0103n ch\u1ea5t l\u01b0\u1ee3ng cao \u2013 PV023"}]},{"@type":"WebSite","@id":"https:\/\/web.webrt.net\/phongvu\/#website","url":"https:\/\/web.webrt.net\/phongvu\/","name":"Phong V\u0169","description":"","potentialAction":[{"@type":"SearchAction","target":{"@type":"EntryPoint","urlTemplate":"https:\/\/web.webrt.net\/phongvu\/?s={search_term_string}"},"query-input":"required name=search_term_string"}],"inLanguage":"vi"}]}},"_links":{"self":[{"href":"https:\/\/web.webrt.net\/phongvu\/index.php?rest_route=\/wp\/v2\/product\/3194"}],"collection":[{"href":"https:\/\/web.webrt.net\/phongvu\/index.php?rest_route=\/wp\/v2\/product"}],"about":[{"href":"https:\/\/web.webrt.net\/phongvu\/index.php?rest_route=\/wp\/v2\/types\/product"}],"replies":[{"embeddable":true,"href":"https:\/\/web.webrt.net\/phongvu\/index.php?rest_route=%2Fwp%2Fv2%2Fcomments&post=3194"}],"wp:featuredmedia":[{"embeddable":true,"href":"https:\/\/web.webrt.net\/phongvu\/index.php?rest_route=\/wp\/v2\/media\/3196"}],"wp:attachment":[{"href":"https:\/\/web.webrt.net\/phongvu\/index.php?rest_route=%2Fwp%2Fv2%2Fmedia&parent=3194"}],"wp:term":[{"taxonomy":"product_cat","embeddable":true,"href":"https:\/\/web.webrt.net\/phongvu\/index.php?rest_route=%2Fwp%2Fv2%2Fproduct_cat&post=3194"},{"taxonomy":"product_tag","embeddable":true,"href":"https:\/\/web.webrt.net\/phongvu\/index.php?rest_route=%2Fwp%2Fv2%2Fproduct_tag&post=3194"}],"curies":[{"name":"wp","href":"https:\/\/api.w.org\/{rel}","templated":true}]}}