{"id":3185,"date":"2023-06-27T03:28:39","date_gmt":"2023-06-27T03:28:39","guid":{"rendered":"https:\/\/web.webrt.net\/phongvu\/?post_type=product&#038;p=3185"},"modified":"2023-06-27T03:28:50","modified_gmt":"2023-06-27T03:28:50","slug":"san-pham-gia-cong-edm-tnt018","status":"publish","type":"product","link":"https:\/\/web.webrt.net\/phongvu\/?product=san-pham-gia-cong-edm-tnt018","title":{"rendered":"S\u1ea3n ph\u1ea9m gia c\u00f4ng EDM \u2013 PV018"},"content":{"rendered":"<div id=\"ez-toc-container\" class=\"ez-toc-v2_0_50 counter-hierarchy ez-toc-counter ez-toc-grey ez-toc-container-direction\">\n<div class=\"ez-toc-title-container\">\n<p class=\"ez-toc-title\">M\u1ee5c l\u1ee5c<\/p>\n<span class=\"ez-toc-title-toggle\"><a href=\"#\" class=\"ez-toc-pull-right ez-toc-btn ez-toc-btn-xs ez-toc-btn-default ez-toc-toggle\" aria-label=\"Toggle Table of Content\" role=\"button\"><label for=\"item-69d099fb2bb53\" aria-hidden=\"true\"><span style=\"display: flex;align-items: center;width: 35px;height: 30px;justify-content: center;direction:ltr;\"><svg style=\"fill: #999;color:#999\" xmlns=\"http:\/\/www.w3.org\/2000\/svg\" class=\"list-377408\" width=\"20px\" height=\"20px\" viewBox=\"0 0 24 24\" fill=\"none\"><path d=\"M6 6H4v2h2V6zm14 0H8v2h12V6zM4 11h2v2H4v-2zm16 0H8v2h12v-2zM4 16h2v2H4v-2zm16 0H8v2h12v-2z\" fill=\"currentColor\"><\/path><\/svg><svg style=\"fill: #999;color:#999\" class=\"arrow-unsorted-368013\" xmlns=\"http:\/\/www.w3.org\/2000\/svg\" width=\"10px\" height=\"10px\" viewBox=\"0 0 24 24\" version=\"1.2\" baseProfile=\"tiny\"><path d=\"M18.2 9.3l-6.2-6.3-6.2 6.3c-.2.2-.3.4-.3.7s.1.5.3.7c.2.2.4.3.7.3h11c.3 0 .5-.1.7-.3.2-.2.3-.5.3-.7s-.1-.5-.3-.7zM5.8 14.7l6.2 6.3 6.2-6.3c.2-.2.3-.5.3-.7s-.1-.5-.3-.7c-.2-.2-.4-.3-.7-.3h-11c-.3 0-.5.1-.7.3-.2.2-.3.5-.3.7s.1.5.3.7z\"\/><\/svg><\/span><\/label><input  type=\"checkbox\" id=\"item-69d099fb2bb53\"><\/a><\/span><\/div>\n<nav><ul class='ez-toc-list ez-toc-list-level-1 ' ><li class='ez-toc-page-1 ez-toc-heading-level-2'><a class=\"ez-toc-link ez-toc-heading-1\" href=\"https:\/\/web.webrt.net\/phongvu\/?product=san-pham-gia-cong-edm-tnt018\/#San_pham_gia_cong_EDM_%E2%80%93_PV018\" title=\"S\u1ea3n ph\u1ea9m gia c\u00f4ng EDM \u2013 PV018\">S\u1ea3n ph\u1ea9m gia c\u00f4ng EDM \u2013 PV018<\/a><\/li><li class='ez-toc-page-1 ez-toc-heading-level-2'><a class=\"ez-toc-link ez-toc-heading-2\" href=\"https:\/\/web.webrt.net\/phongvu\/?product=san-pham-gia-cong-edm-tnt018\/#Nhan_gia_cong_cat_day_chi_tiet_may\" title=\"Nh\u1eadn gia c\u00f4ng c\u1eaft d\u00e2y chi ti\u1ebft m\u00e1y\u00a0\">Nh\u1eadn gia c\u00f4ng c\u1eaft d\u00e2y chi ti\u1ebft m\u00e1y\u00a0<\/a><\/li><li class='ez-toc-page-1 ez-toc-heading-level-2'><a class=\"ez-toc-link ez-toc-heading-3\" href=\"https:\/\/web.webrt.net\/phongvu\/?product=san-pham-gia-cong-edm-tnt018\/#San_pham_da_hoan_thanh_tai_Phong_Vu\" title=\"S\u1ea3n ph\u1ea9m \u0111\u00e3 ho\u00e0n th\u00e0nh t\u1ea1i Phong V\u0169\">S\u1ea3n ph\u1ea9m \u0111\u00e3 ho\u00e0n th\u00e0nh t\u1ea1i Phong V\u0169<\/a><ul class='ez-toc-list-level-3'><li class='ez-toc-heading-level-3'><a class=\"ez-toc-link ez-toc-heading-4\" href=\"https:\/\/web.webrt.net\/phongvu\/?product=san-pham-gia-cong-edm-tnt018\/#Kha_nang_gia_cong_cua_Phong_Vu\" title=\"Kh\u1ea3 n\u0103ng gia c\u00f4ng c\u1ee7a Phong V\u0169\">Kh\u1ea3 n\u0103ng gia c\u00f4ng c\u1ee7a Phong V\u0169<\/a><\/li><\/ul><\/li><\/ul><\/nav><\/div>\n<h2 id=\"ftoc-heading-1\" class=\"ftwp-heading\"><span class=\"ez-toc-section\" id=\"San_pham_gia_cong_EDM_%E2%80%93_PV018\"><\/span><strong>S\u1ea3n ph\u1ea9m gia c\u00f4ng EDM \u2013 PV018<\/strong><span class=\"ez-toc-section-end\"><\/span><\/h2>\n<p>D\u00f2ng s\u1ea3n ph\u1ea9m \u0111\u01b0\u1ee3c\u00a0<strong>gia c\u00f4ng Phay CNC<\/strong>\u00a0k\u1ebft h\u1ee3p\u00a0<strong>C\u1eaft d\u00e2y EDM<\/strong>\u00a0\u0111\u1ea1t \u0111\u1ed9 ch\u00ednh x\u00e1c v\u00e0 ch\u1ea5t l\u01b0\u1ee3ng b\u1ec1 m\u1eb7t cao<\/p>\n<figure id=\"attachment_3216\" class=\"wp-caption aligncenter\" aria-describedby=\"caption-attachment-3216\"><img decoding=\"async\" loading=\"lazy\" class=\"aligncenter size-full wp-image-3186\" src=\"https:\/\/web.webrt.net\/phongvu\/wp-content\/uploads\/2023\/06\/Screenshot-2023-06-27-102705.png\" alt=\"\" width=\"811\" height=\"369\" srcset=\"https:\/\/web.webrt.net\/phongvu\/wp-content\/uploads\/2023\/06\/Screenshot-2023-06-27-102705.png 811w, https:\/\/web.webrt.net\/phongvu\/wp-content\/uploads\/2023\/06\/Screenshot-2023-06-27-102705-800x364.png 800w, https:\/\/web.webrt.net\/phongvu\/wp-content\/uploads\/2023\/06\/Screenshot-2023-06-27-102705-768x349.png 768w, https:\/\/web.webrt.net\/phongvu\/wp-content\/uploads\/2023\/06\/Screenshot-2023-06-27-102705-600x273.png 600w\" sizes=\"(max-width: 811px) 100vw, 811px\" \/><figcaption id=\"caption-attachment-3216\" class=\"wp-caption-text\">Chi ti\u1ebft gia c\u00f4ng c\u1eaft d\u00e2y<\/figcaption><\/figure>\n<h2 id=\"ftoc-heading-2\" class=\"ftwp-heading\"><span class=\"ez-toc-section\" id=\"Nhan_gia_cong_cat_day_chi_tiet_may\"><\/span><strong>Nh\u1eadn gia c\u00f4ng c\u1eaft d\u00e2y chi ti\u1ebft m\u00e1y\u00a0<\/strong><span class=\"ez-toc-section-end\"><\/span><\/h2>\n<p><strong>S\u1ea3n ph\u1ea9m gia c\u00f4ng EDM \u2013 PV018<\/strong> l\u00e0 qu\u00e1 tr\u00ecnh c\u1eaft h\u00ecnh d\u1ea1ng c\u1ee7a c\u00e1c chi ti\u1ebft m\u00e1y t\u1eeb ph\u00f4i th\u00f4 th\u00e0nh s\u1ea3n ph\u1ea9m ho\u00e0n ch\u1ec9nh v\u1edbi k\u00edch th\u01b0\u1edbc v\u00e0 k\u1ebft c\u1ea5u ch\u00ednh x\u00e1c. Trong qu\u00e1 tr\u00ecnh n\u00e0y, vi\u1ec7c gia c\u00f4ng b\u1ec1 m\u1eb7t l\u00e0 quan tr\u1ecdng nh\u1ea5t b\u1edfi \u0111\u00f2i h\u1ecfi \u0111\u1ed9 t\u1ec9 m\u1ec9 v\u00e0 ch\u1ea5t l\u01b0\u1ee3ng c\u1ee7a th\u00e0nh ph\u1ea9m ph\u1ea3i m\u1ecbn, b\u1ec1n v\u1eefng. Phong V\u0169 b\u1ea1n ho\u00e0n to\u00e0n kh\u00f4ng c\u1ea7n lo l\u1eafng v\u1ec1 chi ph\u00ed hay gi\u00e1 c\u1ea3 b\u1edfi to\u00e0n b\u1ed9 ch\u00fang t\u00f4i s\u1ebd c\u00f3 ch\u00ednh s\u00e1ch c\u1ee5 th\u1ec3 cho t\u1eebng \u0111\u01a1n h\u00e0ng c\u1ee7a b\u1ea1n. B\u1ea3ng ch\u00ednh s\u00e1ch gi\u00e1 c\u1ee7a ch\u00fang t\u00f4i s\u1ebd \u0111\u01b0\u1ee3c ph\u00e2n ra theo s\u1ed1 l\u01b0\u1ee3ng \u0111\u1eb7t h\u00e0ng gia c\u00f4ng v\u00e0 nh\u1eefng y\u00eau c\u1ea7u gia c\u00f4ng c\u1ee5 th\u1ec3. Phong V\u0169 ch\u00fang t\u00f4i \u0111\u1ea3m b\u1ea3o s\u1ebd cung c\u1ea5p <strong>d\u1ecbch v\u1ee5 phay kim lo\u1ea1i<\/strong>\u00a0cho qu\u00fd kh\u00e1ch v\u1edbi gi\u00e1 th\u00e0nh h\u1ee3p l\u00fd nh\u1ea5t \u0111\u1ed3ng th\u1eddi v\u1edbi ch\u1ea5t l\u01b0\u1ee3ng cao nh\u1ea5t.<\/p>\n<h2 id=\"ftoc-heading-3\" class=\"ftwp-heading\"><span class=\"ez-toc-section\" id=\"San_pham_da_hoan_thanh_tai_Phong_Vu\"><\/span><strong>S\u1ea3n ph\u1ea9m \u0111\u00e3 ho\u00e0n th\u00e0nh t\u1ea1i Phong V\u0169<\/strong><span class=\"ez-toc-section-end\"><\/span><\/h2>\n<p>T\u1edbi th\u1eddi \u0111i\u1ec3m hi\u1ec7n t\u1ea1i, ch\u00fang t\u00f4i \u0111\u00e3\u00a0<strong>gia c\u00f4ng chi ti\u1ebft m\u00e1y\u00a0<\/strong>cho r\u1ea5t nhi\u1ec1u c\u00e1c \u0111\u01a1n v\u1ecb kh\u00e1c nhau, gia c\u00f4ng nhi\u1ec1u lo\u1ea1i s\u1ea3n ph\u1ea9m kh\u00e1c nhau trong \u0111\u00f3 n\u1ed5i b\u1eadt c\u00f3 c\u00e1c s\u1ea3n ph\u1ea9m nh\u01b0:<\/p>\n<p>Phong V\u0169 cung c\u1ea5p c\u00e1c d\u1ecbch v\u1ee5 theo y\u00eau c\u1ea7u c\u1ee7a kh\u00e1ch h\u00e0ng nh\u01b0: Gia c\u00f4ng CNC, <strong>ti\u1ec7n cnc<\/strong>, gia c\u00f4ng EDM, Gia c\u00f4ng m\u00e0i, phay CNC, Ti\u1ec7n CNC gia c\u00f4ng c\u01a1 kh\u00ed, c\u01a1 kh\u00ed ch\u1ebf t\u1ea1o, chi ti\u1ebft m\u00e1y,\u00a0<strong><em>ch\u1ebf t\u1ea1o \u0111\u1ed3 g\u00e1<\/em><\/strong>, ch\u1ebf t\u1ea1o Jig,\u2026 ch\u1ea5t l\u01b0\u1ee3ng, th\u1eddi gian v\u00e0 uy t\u00edn.<\/p>\n<figure id=\"attachment_3218\" class=\"wp-caption aligncenter\" aria-describedby=\"caption-attachment-3218\"><img decoding=\"async\" loading=\"lazy\" class=\"aligncenter size-full wp-image-3186\" src=\"https:\/\/web.webrt.net\/phongvu\/wp-content\/uploads\/2023\/06\/Screenshot-2023-06-27-102705.png\" alt=\"\" width=\"811\" height=\"369\" srcset=\"https:\/\/web.webrt.net\/phongvu\/wp-content\/uploads\/2023\/06\/Screenshot-2023-06-27-102705.png 811w, https:\/\/web.webrt.net\/phongvu\/wp-content\/uploads\/2023\/06\/Screenshot-2023-06-27-102705-800x364.png 800w, https:\/\/web.webrt.net\/phongvu\/wp-content\/uploads\/2023\/06\/Screenshot-2023-06-27-102705-768x349.png 768w, https:\/\/web.webrt.net\/phongvu\/wp-content\/uploads\/2023\/06\/Screenshot-2023-06-27-102705-600x273.png 600w\" sizes=\"(max-width: 811px) 100vw, 811px\" \/><figcaption id=\"caption-attachment-3218\" class=\"wp-caption-text\">Chi ti\u1ebft gia c\u00f4ng c\u1eaft d\u00e2y<\/figcaption><\/figure>\n<h3 id=\"ftoc-heading-4\" class=\"ftwp-heading\"><span class=\"ez-toc-section\" id=\"Kha_nang_gia_cong_cua_Phong_Vu\"><\/span><strong>Kh\u1ea3 n\u0103ng gia c\u00f4ng c\u1ee7a Phong V\u0169<\/strong><span class=\"ez-toc-section-end\"><\/span><\/h3>\n<p>L\u00e0 m\u1ed9t trong nh\u1eefng \u0111\u01a1n v\u1ecb chuy\u00ean nh\u1eadn\u00a0<strong>Gia c\u00f4ng chi ti\u1ebft m\u00e1y t\u1ea1i H\u00e0 N\u1ed9i<\/strong> v\u00e0 tr\u00ean to\u00e0n qu\u1ed1c, Phong V\u0169 t\u1ef1 tin c\u00f3 th\u1ec3 \u0111\u00e1p \u1ee9ng to\u00e0n b\u1ed9 c\u00e1c \u0111\u01a1n h\u00e0ng, m\u1ecdi y\u00eau c\u1ea7u c\u1ee7a qu\u00fd kh\u00e1ch h\u00e0ng. Hi\u1ec7n nay Phong V\u0169 \u0111\u00e3 nh\u1eadn <strong>gia c\u00f4ng chi ti\u1ebft m\u00e1y ch\u00ednh x\u00e1c<\/strong>\u00a0l\u1edbn t\u1edbi nh\u1ecf kh\u00f4ng ph\u00e2n bi\u1ec7t s\u1ed1 l\u01b0\u1ee3ng.<\/p>\n","protected":false},"excerpt":{"rendered":"<h3><strong>S\u1ea3n ph\u1ea9m gia c\u00f4ng EDM \u2013 PV018<\/strong><\/h3>\n<ul>\n<li>Gia c\u00f4ng c\u00e1c lo\u1ea1i chi ti\u1ebft m\u00e1y theo y\u00eau c\u1ea7u kh\u00e1ch h\u00e0ng t\u1ea1i H\u00e0 N\u1ed9i.<\/li>\n<li>Gia c\u00f4ng c\u1eaft d\u00e2y CNC h\u00e0ng lo\u1ea1t v\u1edbi \u0111\u1ed9 ch\u00ednh x\u00e1c cao, s\u1ea3n ph\u1ea9m \u0111\u1ed3ng \u0111\u1ec1u trong th\u1eddi gian ng\u1eafn.<\/li>\n<li>Thi\u1ebft k\u1ebf, gia c\u00f4ng v\u00e0 ki\u1ec3m so\u00e1t ch\u1ea5t l\u01b0\u1ee3ng theo h\u1ec7 th\u1ed1ng ISO 9001.<\/li>\n<li>Kh\u00e1ch h\u00e0ng c\u00f3 nhu c\u1ea7u \u0111\u1eb7t h\u00e0ng vui l\u00f2ng li\u00ean h\u1ec7 \u0111\u1ec3 \u0111\u01b0\u1ee3c t\u01b0 v\u1ea5n v\u00e0 h\u1ed7 tr\u1ee3:<\/li>\n<\/ul>\n<p>&nbsp;<\/p>\n","protected":false},"featured_media":3186,"comment_status":"open","ping_status":"closed","template":"","meta":[],"product_cat":[15,195],"product_tag":[],"yoast_head":"<!-- This site is optimized with the Yoast SEO plugin v20.9 - https:\/\/yoast.com\/wordpress\/plugins\/seo\/ -->\n<title>S\u1ea3n ph\u1ea9m gia c\u00f4ng EDM \u2013 PV018 - Phong V\u0169<\/title>\n<meta name=\"robots\" content=\"index, follow, max-snippet:-1, max-image-preview:large, max-video-preview:-1\" \/>\n<link rel=\"canonical\" href=\"https:\/\/web.webrt.net\/phongvu\/?product=san-pham-gia-cong-edm-tnt018\" \/>\n<meta property=\"og:locale\" content=\"vi_VN\" \/>\n<meta property=\"og:type\" content=\"article\" \/>\n<meta property=\"og:title\" content=\"S\u1ea3n ph\u1ea9m gia c\u00f4ng EDM \u2013 PV018 - Phong V\u0169\" \/>\n<meta property=\"og:description\" content=\"S\u1ea3n ph\u1ea9m gia c\u00f4ng EDM \u2013 PV018   Gia c\u00f4ng c\u00e1c lo\u1ea1i chi ti\u1ebft m\u00e1y theo y\u00eau c\u1ea7u kh\u00e1ch h\u00e0ng t\u1ea1i H\u00e0 N\u1ed9i.  Gia c\u00f4ng c\u1eaft d\u00e2y CNC h\u00e0ng lo\u1ea1t v\u1edbi \u0111\u1ed9 ch\u00ednh x\u00e1c cao, s\u1ea3n ph\u1ea9m \u0111\u1ed3ng \u0111\u1ec1u trong th\u1eddi gian ng\u1eafn.  Thi\u1ebft k\u1ebf, gia c\u00f4ng v\u00e0 ki\u1ec3m so\u00e1t ch\u1ea5t l\u01b0\u1ee3ng theo h\u1ec7 th\u1ed1ng ISO 9001.  Kh\u00e1ch h\u00e0ng c\u00f3 nhu c\u1ea7u \u0111\u1eb7t h\u00e0ng vui l\u00f2ng li\u00ean h\u1ec7 \u0111\u1ec3 \u0111\u01b0\u1ee3c t\u01b0 v\u1ea5n v\u00e0 h\u1ed7 tr\u1ee3:  &nbsp;\" \/>\n<meta property=\"og:url\" content=\"https:\/\/web.webrt.net\/phongvu\/?product=san-pham-gia-cong-edm-tnt018\" \/>\n<meta property=\"og:site_name\" content=\"Phong V\u0169\" \/>\n<meta property=\"article:modified_time\" content=\"2023-06-27T03:28:50+00:00\" \/>\n<meta property=\"og:image\" content=\"https:\/\/web.webrt.net\/phongvu\/wp-content\/uploads\/2023\/06\/Screenshot-2023-06-27-102705.png\" \/>\n\t<meta property=\"og:image:width\" content=\"811\" \/>\n\t<meta property=\"og:image:height\" content=\"369\" \/>\n\t<meta property=\"og:image:type\" content=\"image\/png\" \/>\n<meta name=\"twitter:card\" content=\"summary_large_image\" \/>\n<meta name=\"twitter:label1\" content=\"\u01af\u1edbc t\u00ednh th\u1eddi gian \u0111\u1ecdc\" \/>\n\t<meta name=\"twitter:data1\" content=\"3 ph\u00fat\" \/>\n<script type=\"application\/ld+json\" class=\"yoast-schema-graph\">{\"@context\":\"https:\/\/schema.org\",\"@graph\":[{\"@type\":\"WebPage\",\"@id\":\"https:\/\/web.webrt.net\/phongvu\/?product=san-pham-gia-cong-edm-tnt018\",\"url\":\"https:\/\/web.webrt.net\/phongvu\/?product=san-pham-gia-cong-edm-tnt018\",\"name\":\"S\u1ea3n ph\u1ea9m gia c\u00f4ng EDM \u2013 PV018 - Phong V\u0169\",\"isPartOf\":{\"@id\":\"https:\/\/web.webrt.net\/phongvu\/#website\"},\"datePublished\":\"2023-06-27T03:28:39+00:00\",\"dateModified\":\"2023-06-27T03:28:50+00:00\",\"breadcrumb\":{\"@id\":\"https:\/\/web.webrt.net\/phongvu\/?product=san-pham-gia-cong-edm-tnt018#breadcrumb\"},\"inLanguage\":\"vi\",\"potentialAction\":[{\"@type\":\"ReadAction\",\"target\":[\"https:\/\/web.webrt.net\/phongvu\/?product=san-pham-gia-cong-edm-tnt018\"]}]},{\"@type\":\"BreadcrumbList\",\"@id\":\"https:\/\/web.webrt.net\/phongvu\/?product=san-pham-gia-cong-edm-tnt018#breadcrumb\",\"itemListElement\":[{\"@type\":\"ListItem\",\"position\":1,\"name\":\"Trang ch\u1ee7\",\"item\":\"https:\/\/web.webrt.net\/phongvu\/\"},{\"@type\":\"ListItem\",\"position\":2,\"name\":\"S\u1ea3n ph\u1ea9m\",\"item\":\"https:\/\/web.webrt.net\/phongvu\/?post_type=product\"},{\"@type\":\"ListItem\",\"position\":3,\"name\":\"S\u1ea3n ph\u1ea9m gia c\u00f4ng EDM \u2013 PV018\"}]},{\"@type\":\"WebSite\",\"@id\":\"https:\/\/web.webrt.net\/phongvu\/#website\",\"url\":\"https:\/\/web.webrt.net\/phongvu\/\",\"name\":\"Phong V\u0169\",\"description\":\"\",\"potentialAction\":[{\"@type\":\"SearchAction\",\"target\":{\"@type\":\"EntryPoint\",\"urlTemplate\":\"https:\/\/web.webrt.net\/phongvu\/?s={search_term_string}\"},\"query-input\":\"required name=search_term_string\"}],\"inLanguage\":\"vi\"}]}<\/script>\n<!-- \/ Yoast SEO plugin. -->","yoast_head_json":{"title":"S\u1ea3n ph\u1ea9m gia c\u00f4ng EDM \u2013 PV018 - Phong V\u0169","robots":{"index":"index","follow":"follow","max-snippet":"max-snippet:-1","max-image-preview":"max-image-preview:large","max-video-preview":"max-video-preview:-1"},"canonical":"https:\/\/web.webrt.net\/phongvu\/?product=san-pham-gia-cong-edm-tnt018","og_locale":"vi_VN","og_type":"article","og_title":"S\u1ea3n ph\u1ea9m gia c\u00f4ng EDM \u2013 PV018 - Phong V\u0169","og_description":"S\u1ea3n ph\u1ea9m gia c\u00f4ng EDM \u2013 PV018   Gia c\u00f4ng c\u00e1c lo\u1ea1i chi ti\u1ebft m\u00e1y theo y\u00eau c\u1ea7u kh\u00e1ch h\u00e0ng t\u1ea1i H\u00e0 N\u1ed9i.  Gia c\u00f4ng c\u1eaft d\u00e2y CNC h\u00e0ng lo\u1ea1t v\u1edbi \u0111\u1ed9 ch\u00ednh x\u00e1c cao, s\u1ea3n ph\u1ea9m \u0111\u1ed3ng \u0111\u1ec1u trong th\u1eddi gian ng\u1eafn.  Thi\u1ebft k\u1ebf, gia c\u00f4ng v\u00e0 ki\u1ec3m so\u00e1t ch\u1ea5t l\u01b0\u1ee3ng theo h\u1ec7 th\u1ed1ng ISO 9001.  Kh\u00e1ch h\u00e0ng c\u00f3 nhu c\u1ea7u \u0111\u1eb7t h\u00e0ng vui l\u00f2ng li\u00ean h\u1ec7 \u0111\u1ec3 \u0111\u01b0\u1ee3c t\u01b0 v\u1ea5n v\u00e0 h\u1ed7 tr\u1ee3:  &nbsp;","og_url":"https:\/\/web.webrt.net\/phongvu\/?product=san-pham-gia-cong-edm-tnt018","og_site_name":"Phong V\u0169","article_modified_time":"2023-06-27T03:28:50+00:00","og_image":[{"width":811,"height":369,"url":"https:\/\/web.webrt.net\/phongvu\/wp-content\/uploads\/2023\/06\/Screenshot-2023-06-27-102705.png","type":"image\/png"}],"twitter_card":"summary_large_image","twitter_misc":{"\u01af\u1edbc t\u00ednh th\u1eddi gian \u0111\u1ecdc":"3 ph\u00fat"},"schema":{"@context":"https:\/\/schema.org","@graph":[{"@type":"WebPage","@id":"https:\/\/web.webrt.net\/phongvu\/?product=san-pham-gia-cong-edm-tnt018","url":"https:\/\/web.webrt.net\/phongvu\/?product=san-pham-gia-cong-edm-tnt018","name":"S\u1ea3n ph\u1ea9m gia c\u00f4ng EDM \u2013 PV018 - Phong V\u0169","isPartOf":{"@id":"https:\/\/web.webrt.net\/phongvu\/#website"},"datePublished":"2023-06-27T03:28:39+00:00","dateModified":"2023-06-27T03:28:50+00:00","breadcrumb":{"@id":"https:\/\/web.webrt.net\/phongvu\/?product=san-pham-gia-cong-edm-tnt018#breadcrumb"},"inLanguage":"vi","potentialAction":[{"@type":"ReadAction","target":["https:\/\/web.webrt.net\/phongvu\/?product=san-pham-gia-cong-edm-tnt018"]}]},{"@type":"BreadcrumbList","@id":"https:\/\/web.webrt.net\/phongvu\/?product=san-pham-gia-cong-edm-tnt018#breadcrumb","itemListElement":[{"@type":"ListItem","position":1,"name":"Trang ch\u1ee7","item":"https:\/\/web.webrt.net\/phongvu\/"},{"@type":"ListItem","position":2,"name":"S\u1ea3n ph\u1ea9m","item":"https:\/\/web.webrt.net\/phongvu\/?post_type=product"},{"@type":"ListItem","position":3,"name":"S\u1ea3n ph\u1ea9m gia c\u00f4ng EDM \u2013 PV018"}]},{"@type":"WebSite","@id":"https:\/\/web.webrt.net\/phongvu\/#website","url":"https:\/\/web.webrt.net\/phongvu\/","name":"Phong V\u0169","description":"","potentialAction":[{"@type":"SearchAction","target":{"@type":"EntryPoint","urlTemplate":"https:\/\/web.webrt.net\/phongvu\/?s={search_term_string}"},"query-input":"required name=search_term_string"}],"inLanguage":"vi"}]}},"_links":{"self":[{"href":"https:\/\/web.webrt.net\/phongvu\/index.php?rest_route=\/wp\/v2\/product\/3185"}],"collection":[{"href":"https:\/\/web.webrt.net\/phongvu\/index.php?rest_route=\/wp\/v2\/product"}],"about":[{"href":"https:\/\/web.webrt.net\/phongvu\/index.php?rest_route=\/wp\/v2\/types\/product"}],"replies":[{"embeddable":true,"href":"https:\/\/web.webrt.net\/phongvu\/index.php?rest_route=%2Fwp%2Fv2%2Fcomments&post=3185"}],"wp:featuredmedia":[{"embeddable":true,"href":"https:\/\/web.webrt.net\/phongvu\/index.php?rest_route=\/wp\/v2\/media\/3186"}],"wp:attachment":[{"href":"https:\/\/web.webrt.net\/phongvu\/index.php?rest_route=%2Fwp%2Fv2%2Fmedia&parent=3185"}],"wp:term":[{"taxonomy":"product_cat","embeddable":true,"href":"https:\/\/web.webrt.net\/phongvu\/index.php?rest_route=%2Fwp%2Fv2%2Fproduct_cat&post=3185"},{"taxonomy":"product_tag","embeddable":true,"href":"https:\/\/web.webrt.net\/phongvu\/index.php?rest_route=%2Fwp%2Fv2%2Fproduct_tag&post=3185"}],"curies":[{"name":"wp","href":"https:\/\/api.w.org\/{rel}","templated":true}]}}