{"id":3175,"date":"2023-06-27T03:15:06","date_gmt":"2023-06-27T03:15:06","guid":{"rendered":"https:\/\/web.webrt.net\/phongvu\/?post_type=product&#038;p=3175"},"modified":"2023-06-27T03:36:37","modified_gmt":"2023-06-27T03:36:37","slug":"san-pham-gia-cong-tien-cnc-chinh-xac-cao-tnt028","status":"publish","type":"product","link":"https:\/\/web.webrt.net\/phongvu\/?product=san-pham-gia-cong-tien-cnc-chinh-xac-cao-tnt028","title":{"rendered":"S\u1ea3n ph\u1ea9m gia c\u00f4ng ti\u1ec7n CNC ch\u00ednh x\u00e1c cao \u2013 PV028"},"content":{"rendered":"<div id=\"ez-toc-container\" class=\"ez-toc-v2_0_50 counter-hierarchy ez-toc-counter ez-toc-grey ez-toc-container-direction\">\n<div class=\"ez-toc-title-container\">\n<p class=\"ez-toc-title\">M\u1ee5c l\u1ee5c<\/p>\n<span class=\"ez-toc-title-toggle\"><a href=\"#\" class=\"ez-toc-pull-right ez-toc-btn ez-toc-btn-xs ez-toc-btn-default ez-toc-toggle\" aria-label=\"Toggle Table of Content\" role=\"button\"><label for=\"item-69d099d1e7585\" aria-hidden=\"true\"><span style=\"display: flex;align-items: center;width: 35px;height: 30px;justify-content: center;direction:ltr;\"><svg style=\"fill: #999;color:#999\" xmlns=\"http:\/\/www.w3.org\/2000\/svg\" class=\"list-377408\" width=\"20px\" height=\"20px\" viewBox=\"0 0 24 24\" fill=\"none\"><path d=\"M6 6H4v2h2V6zm14 0H8v2h12V6zM4 11h2v2H4v-2zm16 0H8v2h12v-2zM4 16h2v2H4v-2zm16 0H8v2h12v-2z\" fill=\"currentColor\"><\/path><\/svg><svg style=\"fill: #999;color:#999\" class=\"arrow-unsorted-368013\" xmlns=\"http:\/\/www.w3.org\/2000\/svg\" width=\"10px\" height=\"10px\" viewBox=\"0 0 24 24\" version=\"1.2\" baseProfile=\"tiny\"><path d=\"M18.2 9.3l-6.2-6.3-6.2 6.3c-.2.2-.3.4-.3.7s.1.5.3.7c.2.2.4.3.7.3h11c.3 0 .5-.1.7-.3.2-.2.3-.5.3-.7s-.1-.5-.3-.7zM5.8 14.7l6.2 6.3 6.2-6.3c.2-.2.3-.5.3-.7s-.1-.5-.3-.7c-.2-.2-.4-.3-.7-.3h-11c-.3 0-.5.1-.7.3-.2.2-.3.5-.3.7s.1.5.3.7z\"\/><\/svg><\/span><\/label><input  type=\"checkbox\" id=\"item-69d099d1e7585\"><\/a><\/span><\/div>\n<nav><ul class='ez-toc-list ez-toc-list-level-1 ' ><li class='ez-toc-page-1 ez-toc-heading-level-2'><a class=\"ez-toc-link ez-toc-heading-1\" href=\"https:\/\/web.webrt.net\/phongvu\/?product=san-pham-gia-cong-tien-cnc-chinh-xac-cao-tnt028\/#San_pham_gia_cong_tien_CNC_chinh_xac_cao_%E2%80%93_PV028\" title=\"S\u1ea3n ph\u1ea9m gia c\u00f4ng ti\u1ec7n CNC ch\u00ednh x\u00e1c cao \u2013 PV028\">S\u1ea3n ph\u1ea9m gia c\u00f4ng ti\u1ec7n CNC ch\u00ednh x\u00e1c cao \u2013 PV028<\/a><\/li><li class='ez-toc-page-1 ez-toc-heading-level-2'><a class=\"ez-toc-link ez-toc-heading-2\" href=\"https:\/\/web.webrt.net\/phongvu\/?product=san-pham-gia-cong-tien-cnc-chinh-xac-cao-tnt028\/#Lam_the_nao_de_chon_duoc_nha_cung_cap_san_pham_tien_CNC_chinh_xac_cao_uy_tin\" title=\"L\u00e0m th\u1ebf n\u00e0o \u0111\u1ec3 ch\u1ecdn \u0111\u01b0\u1ee3c nh\u00e0 cung c\u1ea5p s\u1ea3n ph\u1ea9m ti\u1ec7n CNC ch\u00ednh x\u00e1c cao uy t\u00edn?\">L\u00e0m th\u1ebf n\u00e0o \u0111\u1ec3 ch\u1ecdn \u0111\u01b0\u1ee3c nh\u00e0 cung c\u1ea5p s\u1ea3n ph\u1ea9m ti\u1ec7n CNC ch\u00ednh x\u00e1c cao uy t\u00edn?<\/a><\/li><li class='ez-toc-page-1 ez-toc-heading-level-2'><a class=\"ez-toc-link ez-toc-heading-3\" href=\"https:\/\/web.webrt.net\/phongvu\/?product=san-pham-gia-cong-tien-cnc-chinh-xac-cao-tnt028\/#Nhan_gia_cong_tien_CNC_chinh_xac_cao\" title=\"Nh\u1eadn gia c\u00f4ng ti\u1ec7n CNC ch\u00ednh x\u00e1c cao\">Nh\u1eadn gia c\u00f4ng ti\u1ec7n CNC ch\u00ednh x\u00e1c cao<\/a><\/li><li class='ez-toc-page-1 ez-toc-heading-level-2'><a class=\"ez-toc-link ez-toc-heading-4\" href=\"https:\/\/web.webrt.net\/phongvu\/?product=san-pham-gia-cong-tien-cnc-chinh-xac-cao-tnt028\/#Bang_bao_gia_dich_vu_tien_CNC\" title=\"B\u1ea3ng b\u00e1o gi\u00e1 d\u1ecbch v\u1ee5 ti\u1ec7n CNC\">B\u1ea3ng b\u00e1o gi\u00e1 d\u1ecbch v\u1ee5 ti\u1ec7n CNC<\/a><\/li><\/ul><\/nav><\/div>\n<h2 id=\"ftoc-heading-1\" class=\"ftwp-heading ftwp-heading\"><span class=\"ez-toc-section\" id=\"San_pham_gia_cong_tien_CNC_chinh_xac_cao_%E2%80%93_PV028\"><\/span><strong>S\u1ea3n ph\u1ea9m gia c\u00f4ng ti\u1ec7n CNC ch\u00ednh x\u00e1c cao \u2013 PV028<\/strong><span class=\"ez-toc-section-end\"><\/span><\/h2>\n<div>S\u1ea3n ph\u1ea9m ti\u1ec7n CNC ch\u00ednh x\u00e1c cao l\u00e0 g\u00ec? \u0110\u00e2y l\u00e0 nh\u1eefng s\u1ea3n ph\u1ea9m \u0111\u01b0\u1ee3c gia c\u00f4ng b\u1eb1ng m\u00e1y ti\u1ec7n CNC (Computer Numerical Control) c\u00f3 \u0111\u1ed9 ch\u00ednh x\u00e1c cao, th\u01b0\u1eddng trong kho\u1ea3ng t\u1eeb 0.01 mm \u0111\u1ebfn 0.001 mm. Nh\u1eefng s\u1ea3n ph\u1ea9m n\u00e0y c\u00f3 th\u1ec3 l\u00e0 c\u00e1c chi ti\u1ebft m\u00e1y, linh ki\u1ec7n \u0111i\u1ec7n t\u1eed, ph\u1ee5 t\u00f9ng \u00f4 t\u00f4, h\u00e0ng kh\u00f4ng v\u0169 tr\u1ee5, y t\u1ebf, n\u0103ng l\u01b0\u1ee3ng v\u00e0 nhi\u1ec1u l\u0129nh v\u1ef1c kh\u00e1c.<\/div>\n<div><\/div>\n<div>T\u1ea1i sao c\u1ea7n s\u1eed d\u1ee5ng s\u1ea3n ph\u1ea9m ti\u1ec7n CNC ch\u00ednh x\u00e1c cao? M\u1ed9t trong nh\u1eefng l\u1ee3i \u00edch c\u1ee7a vi\u1ec7c s\u1eed d\u1ee5ng s\u1ea3n ph\u1ea9m ti\u1ec7n CNC ch\u00ednh x\u00e1c cao l\u00e0 kh\u1ea3 n\u0103ng \u0111\u00e1p \u1ee9ng \u0111\u01b0\u1ee3c c\u00e1c y\u00eau c\u1ea7u k\u1ef9 thu\u1eadt kh\u1eaft khe c\u1ee7a kh\u00e1ch h\u00e0ng. Nh\u1eefng s\u1ea3n ph\u1ea9m n\u00e0y c\u0169ng c\u00f3 \u0111\u1ed9 b\u1ec1n cao, \u00edt b\u1ecb bi\u1ebfn d\u1ea1ng hay hao m\u00f2n do ma s\u00e1t. Ngo\u00e0i ra, vi\u1ec7c s\u1eed d\u1ee5ng m\u00e1y ti\u1ec7n CNC c\u0169ng gi\u00fap ti\u1ebft ki\u1ec7m th\u1eddi gian, chi ph\u00ed v\u00e0 nh\u00e2n l\u1ef1c so v\u1edbi c\u00e1c ph\u01b0\u01a1ng ph\u00e1p gia c\u00f4ng truy\u1ec1n th\u1ed1ng.<\/div>\n<div>\n<figure id=\"attachment_3574\" class=\"wp-caption aligncenter\" aria-describedby=\"caption-attachment-3574\"><img decoding=\"async\" loading=\"lazy\" class=\"aligncenter size-full wp-image-3176\" src=\"https:\/\/web.webrt.net\/phongvu\/wp-content\/uploads\/2023\/06\/Screenshot-2023-06-27-101256.png\" alt=\"\" width=\"897\" height=\"475\" srcset=\"https:\/\/web.webrt.net\/phongvu\/wp-content\/uploads\/2023\/06\/Screenshot-2023-06-27-101256.png 897w, https:\/\/web.webrt.net\/phongvu\/wp-content\/uploads\/2023\/06\/Screenshot-2023-06-27-101256-755x400.png 755w, https:\/\/web.webrt.net\/phongvu\/wp-content\/uploads\/2023\/06\/Screenshot-2023-06-27-101256-768x407.png 768w, https:\/\/web.webrt.net\/phongvu\/wp-content\/uploads\/2023\/06\/Screenshot-2023-06-27-101256-600x318.png 600w\" sizes=\"(max-width: 897px) 100vw, 897px\" \/><figcaption id=\"caption-attachment-3574\" class=\"wp-caption-text\">Gia c\u00f4ng ti\u1ec7n CNC ch\u00ednh x\u00e1c<\/figcaption><\/figure>\n<\/div>\n<div><\/div>\n<h2 id=\"ftoc-heading-2\" class=\"ftwp-heading\"><span class=\"ez-toc-section\" id=\"Lam_the_nao_de_chon_duoc_nha_cung_cap_san_pham_tien_CNC_chinh_xac_cao_uy_tin\"><\/span><strong>L\u00e0m th\u1ebf n\u00e0o \u0111\u1ec3 ch\u1ecdn \u0111\u01b0\u1ee3c nh\u00e0 cung c\u1ea5p s\u1ea3n ph\u1ea9m ti\u1ec7n CNC ch\u00ednh x\u00e1c cao uy t\u00edn?<\/strong><span class=\"ez-toc-section-end\"><\/span><\/h2>\n<div>\u0110\u1ec3 ch\u1ecdn \u0111\u01b0\u1ee3c nh\u00e0 cung c\u1ea5p s\u1ea3n ph\u1ea9m ti\u1ec7n CNC ch\u00ednh x\u00e1c cao uy t\u00edn, b\u1ea1n c\u1ea7n l\u01b0u \u00fd m\u1ed9t s\u1ed1 y\u1ebfu t\u1ed1 sau:<\/div>\n<div><\/div>\n<div>Kinh nghi\u1ec7m v\u00e0 chuy\u00ean m\u00f4n: B\u1ea1n n\u00ean t\u00ecm hi\u1ec3u v\u1ec1 qu\u00e1 tr\u00ecnh ho\u1ea1t \u0111\u1ed9ng, l\u1ecbch s\u1eed v\u00e0 danh ti\u1ebfng c\u1ee7a nh\u00e0 cung c\u1ea5p tr\u00ean th\u1ecb tr\u01b0\u1eddng. B\u1ea1n c\u0169ng n\u00ean ki\u1ec3m tra c\u00e1c ch\u1ee9ng ch\u1ec9, gi\u1ea5y ph\u00e9p v\u00e0 b\u1eb1ng c\u1ea5p li\u00ean quan \u0111\u1ebfn l\u0129nh v\u1ef1c gia c\u00f4ng CNC c\u1ee7a nh\u00e0 cung c\u1ea5p.<\/div>\n<div>C\u00f4ng ngh\u1ec7 v\u00e0 thi\u1ebft b\u1ecb: B\u1ea1n n\u00ean xem x\u00e9t c\u00f4ng ngh\u1ec7 v\u00e0 thi\u1ebft b\u1ecb m\u00e0 nh\u00e0 cung c\u1ea5p s\u1eed d\u1ee5ng \u0111\u1ec3 gia c\u00f4ng s\u1ea3n ph\u1ea9m. B\u1ea1n n\u00ean ch\u1ecdn nh\u00e0 cung c\u1ea5p c\u00f3 m\u00e1y ti\u1ec7n CNC hi\u1ec7n \u0111\u1ea1i, \u0111a d\u1ea1ng v\u00e0 ph\u00f9 h\u1ee3p v\u1edbi c\u00e1c lo\u1ea1i v\u1eadt li\u1ec7u kh\u00e1c nhau.<\/div>\n<div>Ch\u1ea5t l\u01b0\u1ee3ng v\u00e0 gi\u00e1 c\u1ea3: B\u1ea1n n\u00ean y\u00eau c\u1ea7u nh\u00e0 cung c\u1ea5p cung c\u1ea5p c\u00e1c m\u1eabu s\u1ea3n ph\u1ea9m \u0111\u1ec3 ki\u1ec3m tra ch\u1ea5t l\u01b0\u1ee3ng v\u00e0 \u0111\u1ed9 ch\u00ednh x\u00e1c. B\u1ea1n c\u0169ng n\u00ean so s\u00e1nh gi\u00e1 c\u1ea3 c\u1ee7a c\u00e1c nh\u00e0 cung c\u1ea5p kh\u00e1c nhau \u0111\u1ec3 t\u00ecm ra m\u1ee9c gi\u00e1 h\u1ee3p l\u00fd v\u00e0 ph\u00f9 h\u1ee3p v\u1edbi ng\u00e2n s\u00e1ch c\u1ee7a b\u1ea1n.<\/div>\n<div>D\u1ecbch v\u1ee5 v\u00e0 h\u1ed7 tr\u1ee3: B\u1ea1n n\u00ean ch\u1ecdn nh\u00e0 cung c\u1ea5p c\u00f3 d\u1ecbch v\u1ee5 v\u00e0 h\u1ed7 tr\u1ee3 t\u1ed1t cho kh\u00e1ch h\u00e0ng. B\u1ea1n n\u00ean ki\u1ec3m tra c\u00e1c \u0111i\u1ec1u kho\u1ea3n v\u1ec1 b\u1ea3o h\u00e0nh, b\u1ea3o tr\u00ec, giao h\u00e0ng, thanh to\u00e1n v\u00e0 \u0111\u1ed5i tr\u1ea3 c\u1ee7a nh\u00e0 cung c\u1ea5p. B\u1ea1n c\u0169ng n\u00ean li\u00ean h\u1ec7 v\u1edbi nh\u00e2n vi\u00ean t\u01b0 v\u1ea5n c\u1ee7a nh\u00e0 cung c\u1ea5p \u0111\u1ec3 \u0111\u01b0\u1ee3c gi\u1ea3i \u0111\u00e1p c\u00e1c th\u1eafc m\u1eafc v\u00e0 y\u00eau c\u1ea7u c\u1ee7a b\u1ea1n.<\/div>\n<h2 id=\"ftoc-heading-2-2\" class=\"ftwp-heading ftwp-heading\"><span class=\"ez-toc-section\" id=\"Nhan_gia_cong_tien_CNC_chinh_xac_cao\"><\/span><strong>Nh\u1eadn gia c\u00f4ng ti\u1ec7n CNC ch\u00ednh x\u00e1c cao<\/strong><span class=\"ez-toc-section-end\"><\/span><\/h2>\n<p>T\u1edbi th\u1eddi \u0111i\u1ec3m hi\u1ec7n t\u1ea1i, ch\u00fang t\u00f4i \u0111\u00e3\u00a0<strong>gia c\u00f4ng ti\u1ec7n CNC ch\u00ednh x\u00e1c cao\u00a0<\/strong>cho r\u1ea5t nhi\u1ec1u c\u00e1c \u0111\u01a1n v\u1ecb kh\u00e1c nhau, gia c\u00f4ng nhi\u1ec1u lo\u1ea1i s\u1ea3n ph\u1ea9m kh\u00e1c nhau trong \u0111\u00f3 n\u1ed5i b\u1eadt c\u00f3 c\u00e1c s\u1ea3n ph\u1ea9m nh\u01b0:<\/p>\n<p><strong>PV Tech<\/strong>\u00a0cung c\u1ea5p c\u00e1c d\u1ecbch v\u1ee5 theo y\u00eau c\u1ea7u c\u1ee7a kh\u00e1ch h\u00e0ng nh\u01b0: Gia c\u00f4ng CNC,\u00a0<strong>Ti\u1ec7n cnc<\/strong>,\u00a0phay CNC, Ti\u1ec7n CNC gia c\u00f4ng c\u01a1 kh\u00ed, c\u01a1 kh\u00ed ch\u1ebf t\u1ea1o, chi ti\u1ebft m\u00e1y,\u00a0<strong><em>ch\u1ebf t\u1ea1o \u0111\u1ed3 g\u00e1<\/em><\/strong>, ch\u1ebf t\u1ea1o Jig,\u2026 ch\u1ea5t l\u01b0\u1ee3ng, th\u1eddi gian v\u00e0 uy t\u00edn.<\/p>\n<figure id=\"attachment_3112\" class=\"wp-caption aligncenter\" aria-describedby=\"caption-attachment-3112\"><\/figure>\n<h2 id=\"ftoc-heading-4\" class=\"ftwp-heading\"><span class=\"ez-toc-section\" id=\"Bang_bao_gia_dich_vu_tien_CNC\"><\/span><strong>B\u1ea3ng b\u00e1o gi\u00e1 d\u1ecbch v\u1ee5 ti\u1ec7n CNC<\/strong><span class=\"ez-toc-section-end\"><\/span><\/h2>\n<p>Hi\u1ec7n t\u1ea1i, gi\u00e1 th\u00e0nh d\u1ecbch v\u1ee5 ti\u1ec7n t\u1ea1i c\u00e1c c\u01a1 s\u1edf gia c\u00f4ng c\u01a1 kh\u00ed n\u00f3i chung v\u00e0 t\u1ea1i Phong V\u0169 n\u00f3i ri\u00eang ph\u1ee5 thu\u1ed9c v\u00e0o r\u1ea5t nhi\u1ec1u y\u1ebfu t\u1ed1. Gi\u00e1 th\u00e0nh d\u1ecbch v\u1ee5 ti\u1ec7n ph\u1ee5 thu\u1ed9c r\u1ea5t nhi\u1ec1u v\u00e0o \u0111\u1eb7c \u0111i\u1ec3m s\u1ea3n ph\u1ea9m ti\u1ec7n, kim lo\u1ea1i s\u1eed d\u1ee5ng trong ti\u1ec7n v\u00e0 s\u1ed1 l\u01b0\u1ee3ng \u0111\u01a1n h\u00e0ng, s\u1ed1 l\u01b0\u1ee3ng s\u1ea3n ph\u1ea9m tr\u00ean m\u1ed7i \u0111\u01a1n h\u00e0ng. Ch\u00ednh v\u00ec th\u1ebf m\u00e0 t\u1ea1i \u0111\u00e2y ch\u00fang t\u00f4i kh\u00f4ng th\u1ec3 \u0111\u01b0a ra m\u1ed9t b\u1ea3ng b\u00e1o gi\u00e1 c\u1ee5 th\u1ec3 cho kh\u00e1ch h\u00e0ng tham kh\u1ea3o \u0111\u01b0\u1ee3c, qu\u00fd kh\u00e1ch h\u00e3y li\u00ean h\u1ec7 v\u1edbi \u0111\u01a1n v\u1ecb cung c\u1ea5p <strong>d\u1ecbch v\u1ee5 gia c\u00f4ng ti\u1ec7n kim lo\u1ea1i<\/strong>\u00a0\u0111\u1ec3 n\u1eafm \u0111\u01b0\u1ee3c gi\u00e1 c\u1ea3 th\u1ef1c t\u1ebf nh\u00e9.<\/p>\n<figure id=\"attachment_3573\" class=\"wp-caption aligncenter\" aria-describedby=\"caption-attachment-3573\"><\/figure>\n","protected":false},"excerpt":{"rendered":"<p>S\u1ea3n ph\u1ea9m gia c\u00f4ng ti\u1ec7n CNC ch\u00ednh x\u00e1c cao \u2013 PV028 S\u1ea3n ph\u1ea9m ti\u1ec7n CNC ch\u00ednh x\u00e1c cao l\u00e0 g\u00ec? \u0110\u00e2y l\u00e0 nh\u1eefng s\u1ea3n ph\u1ea9m \u0111\u01b0\u1ee3c gia c\u00f4ng b\u1eb1ng m\u00e1y ti\u1ec7n CNC (Computer Numerical Control) c\u00f3 \u0111\u1ed9 ch\u00ednh x\u00e1c cao, th\u01b0\u1eddng trong kho\u1ea3ng t\u1eeb 0.01 mm \u0111\u1ebfn 0.001 mm. Nh\u1eefng s\u1ea3n ph\u1ea9m n\u00e0y c\u00f3 th\u1ec3&#8230;<\/p>\n","protected":false},"featured_media":3176,"comment_status":"open","ping_status":"closed","template":"","meta":[],"product_cat":[15,194],"product_tag":[],"yoast_head":"<!-- This site is optimized with the Yoast SEO plugin v20.9 - https:\/\/yoast.com\/wordpress\/plugins\/seo\/ -->\n<title>S\u1ea3n ph\u1ea9m gia c\u00f4ng ti\u1ec7n CNC ch\u00ednh x\u00e1c cao \u2013 PV028 - Phong V\u0169<\/title>\n<meta name=\"robots\" content=\"index, follow, max-snippet:-1, max-image-preview:large, max-video-preview:-1\" \/>\n<link rel=\"canonical\" href=\"https:\/\/web.webrt.net\/phongvu\/?product=san-pham-gia-cong-tien-cnc-chinh-xac-cao-tnt028\" \/>\n<meta property=\"og:locale\" content=\"vi_VN\" \/>\n<meta property=\"og:type\" content=\"article\" \/>\n<meta property=\"og:title\" content=\"S\u1ea3n ph\u1ea9m gia c\u00f4ng ti\u1ec7n CNC ch\u00ednh x\u00e1c cao \u2013 PV028 - Phong V\u0169\" \/>\n<meta property=\"og:description\" content=\"S\u1ea3n ph\u1ea9m gia c\u00f4ng ti\u1ec7n CNC ch\u00ednh x\u00e1c cao \u2013 PV028 S\u1ea3n ph\u1ea9m ti\u1ec7n CNC ch\u00ednh x\u00e1c cao l\u00e0 g\u00ec? \u0110\u00e2y l\u00e0 nh\u1eefng s\u1ea3n ph\u1ea9m \u0111\u01b0\u1ee3c gia c\u00f4ng b\u1eb1ng m\u00e1y ti\u1ec7n CNC (Computer Numerical Control) c\u00f3 \u0111\u1ed9 ch\u00ednh x\u00e1c cao, th\u01b0\u1eddng trong kho\u1ea3ng t\u1eeb 0.01 mm \u0111\u1ebfn 0.001 mm. Nh\u1eefng s\u1ea3n ph\u1ea9m n\u00e0y c\u00f3 th\u1ec3...\" \/>\n<meta property=\"og:url\" content=\"https:\/\/web.webrt.net\/phongvu\/?product=san-pham-gia-cong-tien-cnc-chinh-xac-cao-tnt028\" \/>\n<meta property=\"og:site_name\" content=\"Phong V\u0169\" \/>\n<meta property=\"article:modified_time\" content=\"2023-06-27T03:36:37+00:00\" \/>\n<meta property=\"og:image\" content=\"https:\/\/web.webrt.net\/phongvu\/wp-content\/uploads\/2023\/06\/Screenshot-2023-06-27-101256.png\" \/>\n\t<meta property=\"og:image:width\" content=\"897\" \/>\n\t<meta property=\"og:image:height\" content=\"475\" \/>\n\t<meta property=\"og:image:type\" content=\"image\/png\" \/>\n<meta name=\"twitter:card\" content=\"summary_large_image\" \/>\n<meta name=\"twitter:label1\" content=\"\u01af\u1edbc t\u00ednh th\u1eddi gian \u0111\u1ecdc\" \/>\n\t<meta name=\"twitter:data1\" content=\"5 ph\u00fat\" \/>\n<script type=\"application\/ld+json\" class=\"yoast-schema-graph\">{\"@context\":\"https:\/\/schema.org\",\"@graph\":[{\"@type\":\"WebPage\",\"@id\":\"https:\/\/web.webrt.net\/phongvu\/?product=san-pham-gia-cong-tien-cnc-chinh-xac-cao-tnt028\",\"url\":\"https:\/\/web.webrt.net\/phongvu\/?product=san-pham-gia-cong-tien-cnc-chinh-xac-cao-tnt028\",\"name\":\"S\u1ea3n ph\u1ea9m gia c\u00f4ng ti\u1ec7n CNC ch\u00ednh x\u00e1c cao \u2013 PV028 - Phong V\u0169\",\"isPartOf\":{\"@id\":\"https:\/\/web.webrt.net\/phongvu\/#website\"},\"datePublished\":\"2023-06-27T03:15:06+00:00\",\"dateModified\":\"2023-06-27T03:36:37+00:00\",\"breadcrumb\":{\"@id\":\"https:\/\/web.webrt.net\/phongvu\/?product=san-pham-gia-cong-tien-cnc-chinh-xac-cao-tnt028#breadcrumb\"},\"inLanguage\":\"vi\",\"potentialAction\":[{\"@type\":\"ReadAction\",\"target\":[\"https:\/\/web.webrt.net\/phongvu\/?product=san-pham-gia-cong-tien-cnc-chinh-xac-cao-tnt028\"]}]},{\"@type\":\"BreadcrumbList\",\"@id\":\"https:\/\/web.webrt.net\/phongvu\/?product=san-pham-gia-cong-tien-cnc-chinh-xac-cao-tnt028#breadcrumb\",\"itemListElement\":[{\"@type\":\"ListItem\",\"position\":1,\"name\":\"Trang ch\u1ee7\",\"item\":\"https:\/\/web.webrt.net\/phongvu\/\"},{\"@type\":\"ListItem\",\"position\":2,\"name\":\"S\u1ea3n ph\u1ea9m\",\"item\":\"https:\/\/web.webrt.net\/phongvu\/?post_type=product\"},{\"@type\":\"ListItem\",\"position\":3,\"name\":\"S\u1ea3n ph\u1ea9m gia c\u00f4ng ti\u1ec7n CNC ch\u00ednh x\u00e1c cao \u2013 PV028\"}]},{\"@type\":\"WebSite\",\"@id\":\"https:\/\/web.webrt.net\/phongvu\/#website\",\"url\":\"https:\/\/web.webrt.net\/phongvu\/\",\"name\":\"Phong V\u0169\",\"description\":\"\",\"potentialAction\":[{\"@type\":\"SearchAction\",\"target\":{\"@type\":\"EntryPoint\",\"urlTemplate\":\"https:\/\/web.webrt.net\/phongvu\/?s={search_term_string}\"},\"query-input\":\"required name=search_term_string\"}],\"inLanguage\":\"vi\"}]}<\/script>\n<!-- \/ Yoast SEO plugin. -->","yoast_head_json":{"title":"S\u1ea3n ph\u1ea9m gia c\u00f4ng ti\u1ec7n CNC ch\u00ednh x\u00e1c cao \u2013 PV028 - Phong V\u0169","robots":{"index":"index","follow":"follow","max-snippet":"max-snippet:-1","max-image-preview":"max-image-preview:large","max-video-preview":"max-video-preview:-1"},"canonical":"https:\/\/web.webrt.net\/phongvu\/?product=san-pham-gia-cong-tien-cnc-chinh-xac-cao-tnt028","og_locale":"vi_VN","og_type":"article","og_title":"S\u1ea3n ph\u1ea9m gia c\u00f4ng ti\u1ec7n CNC ch\u00ednh x\u00e1c cao \u2013 PV028 - Phong V\u0169","og_description":"S\u1ea3n ph\u1ea9m gia c\u00f4ng ti\u1ec7n CNC ch\u00ednh x\u00e1c cao \u2013 PV028 S\u1ea3n ph\u1ea9m ti\u1ec7n CNC ch\u00ednh x\u00e1c cao l\u00e0 g\u00ec? \u0110\u00e2y l\u00e0 nh\u1eefng s\u1ea3n ph\u1ea9m \u0111\u01b0\u1ee3c gia c\u00f4ng b\u1eb1ng m\u00e1y ti\u1ec7n CNC (Computer Numerical Control) c\u00f3 \u0111\u1ed9 ch\u00ednh x\u00e1c cao, th\u01b0\u1eddng trong kho\u1ea3ng t\u1eeb 0.01 mm \u0111\u1ebfn 0.001 mm. Nh\u1eefng s\u1ea3n ph\u1ea9m n\u00e0y c\u00f3 th\u1ec3...","og_url":"https:\/\/web.webrt.net\/phongvu\/?product=san-pham-gia-cong-tien-cnc-chinh-xac-cao-tnt028","og_site_name":"Phong V\u0169","article_modified_time":"2023-06-27T03:36:37+00:00","og_image":[{"width":897,"height":475,"url":"https:\/\/web.webrt.net\/phongvu\/wp-content\/uploads\/2023\/06\/Screenshot-2023-06-27-101256.png","type":"image\/png"}],"twitter_card":"summary_large_image","twitter_misc":{"\u01af\u1edbc t\u00ednh th\u1eddi gian \u0111\u1ecdc":"5 ph\u00fat"},"schema":{"@context":"https:\/\/schema.org","@graph":[{"@type":"WebPage","@id":"https:\/\/web.webrt.net\/phongvu\/?product=san-pham-gia-cong-tien-cnc-chinh-xac-cao-tnt028","url":"https:\/\/web.webrt.net\/phongvu\/?product=san-pham-gia-cong-tien-cnc-chinh-xac-cao-tnt028","name":"S\u1ea3n ph\u1ea9m gia c\u00f4ng ti\u1ec7n CNC ch\u00ednh x\u00e1c cao \u2013 PV028 - Phong V\u0169","isPartOf":{"@id":"https:\/\/web.webrt.net\/phongvu\/#website"},"datePublished":"2023-06-27T03:15:06+00:00","dateModified":"2023-06-27T03:36:37+00:00","breadcrumb":{"@id":"https:\/\/web.webrt.net\/phongvu\/?product=san-pham-gia-cong-tien-cnc-chinh-xac-cao-tnt028#breadcrumb"},"inLanguage":"vi","potentialAction":[{"@type":"ReadAction","target":["https:\/\/web.webrt.net\/phongvu\/?product=san-pham-gia-cong-tien-cnc-chinh-xac-cao-tnt028"]}]},{"@type":"BreadcrumbList","@id":"https:\/\/web.webrt.net\/phongvu\/?product=san-pham-gia-cong-tien-cnc-chinh-xac-cao-tnt028#breadcrumb","itemListElement":[{"@type":"ListItem","position":1,"name":"Trang ch\u1ee7","item":"https:\/\/web.webrt.net\/phongvu\/"},{"@type":"ListItem","position":2,"name":"S\u1ea3n ph\u1ea9m","item":"https:\/\/web.webrt.net\/phongvu\/?post_type=product"},{"@type":"ListItem","position":3,"name":"S\u1ea3n ph\u1ea9m gia c\u00f4ng ti\u1ec7n CNC ch\u00ednh x\u00e1c cao \u2013 PV028"}]},{"@type":"WebSite","@id":"https:\/\/web.webrt.net\/phongvu\/#website","url":"https:\/\/web.webrt.net\/phongvu\/","name":"Phong V\u0169","description":"","potentialAction":[{"@type":"SearchAction","target":{"@type":"EntryPoint","urlTemplate":"https:\/\/web.webrt.net\/phongvu\/?s={search_term_string}"},"query-input":"required name=search_term_string"}],"inLanguage":"vi"}]}},"_links":{"self":[{"href":"https:\/\/web.webrt.net\/phongvu\/index.php?rest_route=\/wp\/v2\/product\/3175"}],"collection":[{"href":"https:\/\/web.webrt.net\/phongvu\/index.php?rest_route=\/wp\/v2\/product"}],"about":[{"href":"https:\/\/web.webrt.net\/phongvu\/index.php?rest_route=\/wp\/v2\/types\/product"}],"replies":[{"embeddable":true,"href":"https:\/\/web.webrt.net\/phongvu\/index.php?rest_route=%2Fwp%2Fv2%2Fcomments&post=3175"}],"wp:featuredmedia":[{"embeddable":true,"href":"https:\/\/web.webrt.net\/phongvu\/index.php?rest_route=\/wp\/v2\/media\/3176"}],"wp:attachment":[{"href":"https:\/\/web.webrt.net\/phongvu\/index.php?rest_route=%2Fwp%2Fv2%2Fmedia&parent=3175"}],"wp:term":[{"taxonomy":"product_cat","embeddable":true,"href":"https:\/\/web.webrt.net\/phongvu\/index.php?rest_route=%2Fwp%2Fv2%2Fproduct_cat&post=3175"},{"taxonomy":"product_tag","embeddable":true,"href":"https:\/\/web.webrt.net\/phongvu\/index.php?rest_route=%2Fwp%2Fv2%2Fproduct_tag&post=3175"}],"curies":[{"name":"wp","href":"https:\/\/api.w.org\/{rel}","templated":true}]}}