{"id":3166,"date":"2023-06-27T02:47:50","date_gmt":"2023-06-27T02:47:50","guid":{"rendered":"https:\/\/web.webrt.net\/phongvu\/?post_type=product&#038;p=3166"},"modified":"2023-07-13T04:28:51","modified_gmt":"2023-07-13T04:28:51","slug":"gia-cong-banh-rang-nhua-tnt026","status":"publish","type":"product","link":"https:\/\/web.webrt.net\/phongvu\/?product=gia-cong-banh-rang-nhua-tnt026","title":{"rendered":"Gia c\u00f4ng b\u00e1nh r\u0103ng nh\u1ef1a PV026"},"content":{"rendered":"<div id=\"ez-toc-container\" class=\"ez-toc-v2_0_50 counter-hierarchy ez-toc-counter ez-toc-grey ez-toc-container-direction\">\n<div class=\"ez-toc-title-container\">\n<p class=\"ez-toc-title\">M\u1ee5c l\u1ee5c<\/p>\n<span class=\"ez-toc-title-toggle\"><a href=\"#\" class=\"ez-toc-pull-right ez-toc-btn ez-toc-btn-xs ez-toc-btn-default ez-toc-toggle\" aria-label=\"Toggle Table of Content\" role=\"button\"><label for=\"item-69d099d3a1de0\" aria-hidden=\"true\"><span style=\"display: flex;align-items: center;width: 35px;height: 30px;justify-content: center;direction:ltr;\"><svg style=\"fill: #999;color:#999\" xmlns=\"http:\/\/www.w3.org\/2000\/svg\" class=\"list-377408\" width=\"20px\" height=\"20px\" viewBox=\"0 0 24 24\" fill=\"none\"><path d=\"M6 6H4v2h2V6zm14 0H8v2h12V6zM4 11h2v2H4v-2zm16 0H8v2h12v-2zM4 16h2v2H4v-2zm16 0H8v2h12v-2z\" fill=\"currentColor\"><\/path><\/svg><svg style=\"fill: #999;color:#999\" class=\"arrow-unsorted-368013\" xmlns=\"http:\/\/www.w3.org\/2000\/svg\" width=\"10px\" height=\"10px\" viewBox=\"0 0 24 24\" version=\"1.2\" baseProfile=\"tiny\"><path d=\"M18.2 9.3l-6.2-6.3-6.2 6.3c-.2.2-.3.4-.3.7s.1.5.3.7c.2.2.4.3.7.3h11c.3 0 .5-.1.7-.3.2-.2.3-.5.3-.7s-.1-.5-.3-.7zM5.8 14.7l6.2 6.3 6.2-6.3c.2-.2.3-.5.3-.7s-.1-.5-.3-.7c-.2-.2-.4-.3-.7-.3h-11c-.3 0-.5.1-.7.3-.2.2-.3.5-.3.7s.1.5.3.7z\"\/><\/svg><\/span><\/label><input  type=\"checkbox\" id=\"item-69d099d3a1de0\"><\/a><\/span><\/div>\n<nav><ul class='ez-toc-list ez-toc-list-level-1 ' ><li class='ez-toc-page-1 ez-toc-heading-level-2'><a class=\"ez-toc-link ez-toc-heading-1\" href=\"https:\/\/web.webrt.net\/phongvu\/?product=gia-cong-banh-rang-nhua-tnt026\/#Gia_cong_Banh_rang_nhua_PA_nhua_PU_nhua_MC_nylon_theo_yeu_cau_PV026\" title=\"Gia c\u00f4ng B\u00e1nh r\u0103ng nh\u1ef1a PA, nh\u1ef1a PU, nh\u1ef1a MC nylon theo y\u00eau c\u1ea7u PV026\">Gia c\u00f4ng B\u00e1nh r\u0103ng nh\u1ef1a PA, nh\u1ef1a PU, nh\u1ef1a MC nylon theo y\u00eau c\u1ea7u PV026<\/a><\/li><li class='ez-toc-page-1 ez-toc-heading-level-2'><a class=\"ez-toc-link ez-toc-heading-2\" href=\"https:\/\/web.webrt.net\/phongvu\/?product=gia-cong-banh-rang-nhua-tnt026\/#Yeu_cau_ki_thuat_bang_rang_nhua_theo_yeu_cau\" title=\"Y\u00eau c\u1ea7u k\u0129 thu\u1eadt b\u0103ng r\u0103ng nh\u1ef1a theo y\u00eau c\u1ea7u\">Y\u00eau c\u1ea7u k\u0129 thu\u1eadt b\u0103ng r\u0103ng nh\u1ef1a theo y\u00eau c\u1ea7u<\/a><\/li><li class='ez-toc-page-1 ez-toc-heading-level-2'><a class=\"ez-toc-link ez-toc-heading-3\" href=\"https:\/\/web.webrt.net\/phongvu\/?product=gia-cong-banh-rang-nhua-tnt026\/#Gia_cong_banh_rang_nhua\" title=\"Gia c\u00f4ng b\u00e1nh r\u0103ng nh\u1ef1a\">Gia c\u00f4ng b\u00e1nh r\u0103ng nh\u1ef1a<\/a><ul class='ez-toc-list-level-3'><li class='ez-toc-heading-level-3'><a class=\"ez-toc-link ez-toc-heading-4\" href=\"https:\/\/web.webrt.net\/phongvu\/?product=gia-cong-banh-rang-nhua-tnt026\/#Quy_trinh_gia_cong_banh_rang_nhua\" title=\"Quy tr\u00ecnh gia c\u00f4ng b\u00e1nh r\u0103ng nh\u1ef1a\">Quy tr\u00ecnh gia c\u00f4ng b\u00e1nh r\u0103ng nh\u1ef1a<\/a><\/li><\/ul><\/li><\/ul><\/nav><\/div>\n<h2 id=\"ftoc-heading-1\" class=\"ftwp-heading\"><span class=\"ez-toc-section\" id=\"Gia_cong_Banh_rang_nhua_PA_nhua_PU_nhua_MC_nylon_theo_yeu_cau_PV026\"><\/span><strong>Gia c\u00f4ng B\u00e1nh r\u0103ng nh\u1ef1a PA, nh\u1ef1a PU, nh\u1ef1a MC nylon theo y\u00eau c\u1ea7u PV026<\/strong><span class=\"ez-toc-section-end\"><\/span><\/h2>\n<div><strong>B\u00e1nh r\u0103ng nh\u1ef1a<\/strong>\u00a0PA, PU, MC nylon c\u00f3 kh\u1ea3 n\u0103ng ch\u1ecbu t\u1ea3i tr\u1ecdng cao, ch\u1ecbu m\u00e0i m\u00f2n, b\u1ec1n v\u00e0 \u0111\u01b0\u1ee3c gia c\u00f4ng t\u1eeb c\u00e2y nh\u1ef1a tr\u00f2n d\u1ea1ng \u0111\u1eb7c ho\u1eb7c ph\u1ea3i d\u00f9ng khu\u00f4n \u0111\u1ec3 s\u1ea3n xu\u1ea5t s\u1ed1 l\u01b0\u1ee3ng l\u1edbn. L\u1ef1a ch\u1ecdn b\u00e1nh r\u0103ng nh\u1ef1a PA, Pu, My Nylon ph\u1ea3i ph\u00f9 h\u1ee3p v\u1edbi m\u00f4i tr\u01b0\u1eddng ho\u1ea1t \u0111\u1ed9ng v\u00e0 y\u00eau c\u1ea7u c\u1ee5 th\u1ec3, v\u00ec m\u1ed7i lo\u1ea1i nh\u1ef1a \u0111\u1ec1u c\u00f3 t\u00ednh ch\u1ea5t ri\u00eang v\u1ec1 \u0111\u1ed9 ch\u1ecbu t\u1ea3i, ch\u1ecbu nhi\u1ec7t, ch\u1ecbu m\u00e0i m\u00f2n\u2026<\/div>\n<div><\/div>\n<div>B\u00e1nh r\u0103ng nh\u1ef1a PA, PU, MC nylon c\u00f3 kh\u1ea3 n\u0103ng ch\u1ecbu t\u1ea3i tr\u1ecdng cao, ch\u1ecbu m\u00e0i m\u00f2n, b\u1ec1n v\u00e0 \u0111\u01b0\u1ee3c gia c\u00f4ng t\u1eeb c\u00e2y nh\u1ef1a tr\u00f2n d\u1ea1ng \u0111\u1eb7c ho\u1eb7c ph\u1ea3i d\u00f9ng khu\u00f4n \u0111\u1ec3 s\u1ea3n xu\u1ea5t s\u1ed1 l\u01b0\u1ee3ng l\u1edbn. L\u1ef1a ch\u1ecdn b\u00e1nh r\u0103ng nh\u1ef1a PA, Pu, My Nylon ph\u1ea3i ph\u00f9 h\u1ee3p v\u1edbi m\u00f4i tr\u01b0\u1eddng ho\u1ea1t \u0111\u1ed9ng v\u00e0 y\u00eau c\u1ea7u c\u1ee5 th\u1ec3, v\u00ec m\u1ed7i lo\u1ea1i nh\u1ef1a \u0111\u1ec1u c\u00f3 t\u00ednh ch\u1ea5t ri\u00eang v\u1ec1 \u0111\u1ed9 ch\u1ecbu t\u1ea3i, ch\u1ecbu nhi\u1ec7t, ch\u1ecbu m\u00e0i m\u00f2n..<\/div>\n<div>B\u00e1nh r\u0103ng nh\u1ef1a MC, PA, Nylon\u2026<\/div>\n<div>\n<figure id=\"attachment_3563\" class=\"wp-caption aligncenter\" aria-describedby=\"caption-attachment-3563\"><figcaption id=\"caption-attachment-3563\" class=\"wp-caption-text\"><img decoding=\"async\" loading=\"lazy\" class=\"aligncenter size-full wp-image-3167\" src=\"https:\/\/web.webrt.net\/phongvu\/wp-content\/uploads\/2023\/06\/Screenshot-2023-06-27-094553.png\" alt=\"\" width=\"1200\" height=\"646\" srcset=\"https:\/\/web.webrt.net\/phongvu\/wp-content\/uploads\/2023\/06\/Screenshot-2023-06-27-094553.png 1200w, https:\/\/web.webrt.net\/phongvu\/wp-content\/uploads\/2023\/06\/Screenshot-2023-06-27-094553-743x400.png 743w, https:\/\/web.webrt.net\/phongvu\/wp-content\/uploads\/2023\/06\/Screenshot-2023-06-27-094553-768x413.png 768w, https:\/\/web.webrt.net\/phongvu\/wp-content\/uploads\/2023\/06\/Screenshot-2023-06-27-094553-600x323.png 600w\" sizes=\"(max-width: 1200px) 100vw, 1200px\" \/><br \/>\nB\u00e1nh r\u0103ng nh\u1ef1a<\/figcaption><\/figure>\n<\/div>\n<h2 id=\"ftoc-heading-2\" class=\"ftwp-heading\"><span class=\"ez-toc-section\" id=\"Yeu_cau_ki_thuat_bang_rang_nhua_theo_yeu_cau\"><\/span><strong>Y\u00eau c\u1ea7u k\u0129 thu\u1eadt b\u0103ng r\u0103ng nh\u1ef1a theo y\u00eau c\u1ea7u<\/strong><span class=\"ez-toc-section-end\"><\/span><\/h2>\n<table>\n<tbody>\n<tr>\n<td><strong>V\u1eadt li\u1ec7u<\/strong><\/td>\n<td>Nh\u1ef1a PA, PU, MC, POM, Teflon .v.v.<\/td>\n<\/tr>\n<tr>\n<td><strong>K\u00edch th\u01b0\u1edbc<\/strong><\/td>\n<td>Theo m\u1eabu, theo b\u1ea3n v\u1ebd,(y\u00eau c\u1ea7u c\u1ee7a kh\u00e1ch h\u00e0ng)<\/td>\n<\/tr>\n<tr>\n<td><strong>K\u00edch th\u01b0\u1edbc<\/strong><\/td>\n<td>1000 x 2000mm<\/td>\n<\/tr>\n<tr>\n<td><strong>\u0110\u1ed9 d\u00e0y b\u00e1nh r\u0103ng<br \/>\n<\/strong><\/td>\n<td>5mm \u2013 60mm<\/td>\n<\/tr>\n<tr>\n<td><strong>\u0110\u01b0\u1eddng k\u00ednh<br \/>\n<\/strong><\/td>\n<td>T\u1eeb \u00f88 \u2013 \u00f8400.<\/td>\n<\/tr>\n<tr>\n<td><strong>Gia c\u00f4ng b\u1eb1ng m\u00e1y<\/strong><\/td>\n<td>M\u00e1y ti\u1ec7n, m\u00e1y CNC, m\u00e1y phay, m\u00e1y m\u00e0i ph\u1eb3ng\u2026<\/td>\n<\/tr>\n<tr>\n<td><strong>\u0110\u1eb7c t\u00ednh v\u1eadt li\u1ec7u<\/strong><\/td>\n<td>Ch\u1ecbu m\u00e0i m\u00f2n, ch\u1ecbu t\u1ea3i tr\u1ecdng cao, \u0111\u00e0n h\u1ed3i, ch\u1ecbu l\u1ef1c n\u00e9n l\u1edbn\u2026.<\/td>\n<\/tr>\n<tr>\n<td><strong>M\u00e0u s\u1eafc<\/strong><\/td>\n<td>M\u00e0u tr\u1eafng, m\u00e0u v\u00e0ng, m\u00e0nh xanh, m\u00e0u \u0111\u1ecf theo t\u1eebng lo\u1ea1i nh\u1ef1a<\/td>\n<\/tr>\n<\/tbody>\n<\/table>\n<h2 id=\"ftoc-heading-3\" class=\"ftwp-heading\"><span class=\"ez-toc-section\" id=\"Gia_cong_banh_rang_nhua\"><\/span><strong>Gia c\u00f4ng b\u00e1nh r\u0103ng nh\u1ef1a<\/strong><span class=\"ez-toc-section-end\"><\/span><\/h2>\n<p><strong>Phong V\u0169<\/strong>\u00a0chuy\u00ean gia c\u00f4ng\u00a0<strong>b\u00e1nh r\u0103ng nh\u1ef1a<\/strong>\u00a0n\u00f3i ri\u00eang v\u00e0 c\u00e1c lo\u1ea1i chi ti\u1ebft b\u00e1nh r\u0103ng n\u00f3i chung.\u00a0<strong>B\u00e1nh r\u0103ng<\/strong>\u00a0\u0111\u01b0\u1ee3c gia c\u00f4ng v\u1edbi \u0111\u1ed9 ch\u00ednh x\u00e1c r\u1ea5t cao theo y\u00eau c\u1ea7u c\u1ee7a Kh\u00e1ch H\u00e0ng. Nh\u1edd K\u0129 thu\u1eadt vi\u00ean nhi\u1ec1u kinh nghi\u00eam\u00a0<strong>gia c\u00f4ng b\u00e1nh r\u0103ng<\/strong>, h\u1ec7 th\u1ed1ng m\u00e1y m\u00f3c hi\u1ec7n \u0111\u1ea1i, \u0111\u1ea7y \u0111\u1ee7, ch\u1ea5t l\u01b0\u1ee3ng cao, ho\u1ea1t \u0111\u1ed9ng \u1ed5n \u0111\u1ecbnh n\u00ean ch\u00fang t\u00f4i c\u00f3 th\u1ec3 ch\u1ee7 \u0111\u1ed9ng \u0111\u01b0\u1ee3c ti\u1ebfn \u0111\u1ed9 c\u0169ng nh\u01b0 ch\u1ea5t l\u01b0\u1ee3ng \u0111\u01a1n h\u00e0ng. Nh\u1eefng m\u00e1y m\u00f3c ch\u00fang t\u00f4i hi\u1ec7n c\u00f3 nh\u01b0 m\u00e1y\u00a0<strong>phay CNC<\/strong>,\u00a0<strong>m\u00e1y ti\u1ec7n CNC<\/strong>, m\u00e1y khoan,\u00a0<strong>m\u00e1y m\u00e0i ph\u1eb3ng<\/strong>,\u00a0<strong>m\u00e1y c\u1eaft d\u00e2y<\/strong>, m\u00e1y phay c\u01a1 \u0111a n\u0103ng, \u2026<\/p>\n<figure id=\"attachment_3564\" class=\"wp-caption aligncenter\" aria-describedby=\"caption-attachment-3564\"><figcaption id=\"caption-attachment-3564\" class=\"wp-caption-text\"><img decoding=\"async\" loading=\"lazy\" class=\"aligncenter size-full wp-image-3167\" src=\"https:\/\/web.webrt.net\/phongvu\/wp-content\/uploads\/2023\/06\/Screenshot-2023-06-27-094553.png\" alt=\"\" width=\"1200\" height=\"646\" srcset=\"https:\/\/web.webrt.net\/phongvu\/wp-content\/uploads\/2023\/06\/Screenshot-2023-06-27-094553.png 1200w, https:\/\/web.webrt.net\/phongvu\/wp-content\/uploads\/2023\/06\/Screenshot-2023-06-27-094553-743x400.png 743w, https:\/\/web.webrt.net\/phongvu\/wp-content\/uploads\/2023\/06\/Screenshot-2023-06-27-094553-768x413.png 768w, https:\/\/web.webrt.net\/phongvu\/wp-content\/uploads\/2023\/06\/Screenshot-2023-06-27-094553-600x323.png 600w\" sizes=\"(max-width: 1200px) 100vw, 1200px\" \/><br \/>\nB\u00e1nh r\u0103ng nh\u1ef1a<\/figcaption><\/figure>\n<h3 id=\"ftoc-heading-4\" class=\"ftwp-heading\"><span class=\"ez-toc-section\" id=\"Quy_trinh_gia_cong_banh_rang_nhua\"><\/span><strong>Quy tr\u00ecnh gia c\u00f4ng b\u00e1nh r\u0103ng nh\u1ef1a<\/strong><span class=\"ez-toc-section-end\"><\/span><\/h3>\n<ol>\n<li>Gia c\u00f4ng c\u1eaft g\u1ecdt b\u00e1nh r\u0103ng nh\u1ef1a<\/li>\n<li>\u0110\u00e1nh b\u00f3ng b\u00e1nh r\u0103ng<\/li>\n<li>Ph\u1ee7 keo PVC cho b\u1ec1 m\u1eb7t r\u0103ng<\/li>\n<li>Gia c\u00f4ng b\u00e1nh r\u0103ng theo k\u00edch c\u1ee1<\/li>\n<li>Gia c\u00f4ng d\u1eadp l\u1ed7 b\u00e1nh r\u0103ng nh\u1ef1a d\u1ebbo<\/li>\n<li>\u00a0Ki\u1ec3m tra b\u00e1nh r\u0103ng nh\u1ef1a<\/li>\n<\/ol>\n","protected":false},"excerpt":{"rendered":"<p>Gia c\u00f4ng B\u00e1nh r\u0103ng nh\u1ef1a PA, nh\u1ef1a PU, nh\u1ef1a MC nylon theo y\u00eau c\u1ea7u PV026 B\u00e1nh r\u0103ng nh\u1ef1a\u00a0PA, PU, MC nylon c\u00f3 kh\u1ea3 n\u0103ng ch\u1ecbu t\u1ea3i tr\u1ecdng cao, ch\u1ecbu m\u00e0i m\u00f2n, b\u1ec1n v\u00e0 \u0111\u01b0\u1ee3c gia c\u00f4ng t\u1eeb c\u00e2y nh\u1ef1a tr\u00f2n d\u1ea1ng \u0111\u1eb7c ho\u1eb7c ph\u1ea3i d\u00f9ng khu\u00f4n \u0111\u1ec3 s\u1ea3n xu\u1ea5t s\u1ed1 l\u01b0\u1ee3ng l\u1edbn. L\u1ef1a ch\u1ecdn b\u00e1nh&#8230;<\/p>\n","protected":false},"featured_media":3167,"comment_status":"open","ping_status":"closed","template":"","meta":[],"product_cat":[15],"product_tag":[],"yoast_head":"<!-- This site is optimized with the Yoast SEO plugin v20.9 - https:\/\/yoast.com\/wordpress\/plugins\/seo\/ -->\n<title>Gia c\u00f4ng b\u00e1nh r\u0103ng nh\u1ef1a PV026 - Phong V\u0169<\/title>\n<meta name=\"robots\" content=\"index, follow, max-snippet:-1, max-image-preview:large, max-video-preview:-1\" \/>\n<link rel=\"canonical\" href=\"https:\/\/web.webrt.net\/phongvu\/?product=gia-cong-banh-rang-nhua-tnt026\" \/>\n<meta property=\"og:locale\" content=\"vi_VN\" \/>\n<meta property=\"og:type\" content=\"article\" \/>\n<meta property=\"og:title\" content=\"Gia c\u00f4ng b\u00e1nh r\u0103ng nh\u1ef1a PV026 - Phong V\u0169\" \/>\n<meta property=\"og:description\" content=\"Gia c\u00f4ng B\u00e1nh r\u0103ng nh\u1ef1a PA, nh\u1ef1a PU, nh\u1ef1a MC nylon theo y\u00eau c\u1ea7u PV026 B\u00e1nh r\u0103ng nh\u1ef1a\u00a0PA, PU, MC nylon c\u00f3 kh\u1ea3 n\u0103ng ch\u1ecbu t\u1ea3i tr\u1ecdng cao, ch\u1ecbu m\u00e0i m\u00f2n, b\u1ec1n v\u00e0 \u0111\u01b0\u1ee3c gia c\u00f4ng t\u1eeb c\u00e2y nh\u1ef1a tr\u00f2n d\u1ea1ng \u0111\u1eb7c ho\u1eb7c ph\u1ea3i d\u00f9ng khu\u00f4n \u0111\u1ec3 s\u1ea3n xu\u1ea5t s\u1ed1 l\u01b0\u1ee3ng l\u1edbn. L\u1ef1a ch\u1ecdn b\u00e1nh...\" \/>\n<meta property=\"og:url\" content=\"https:\/\/web.webrt.net\/phongvu\/?product=gia-cong-banh-rang-nhua-tnt026\" \/>\n<meta property=\"og:site_name\" content=\"Phong V\u0169\" \/>\n<meta property=\"article:modified_time\" content=\"2023-07-13T04:28:51+00:00\" \/>\n<meta property=\"og:image\" content=\"https:\/\/web.webrt.net\/phongvu\/wp-content\/uploads\/2023\/06\/Screenshot-2023-06-27-094553.png\" \/>\n\t<meta property=\"og:image:width\" content=\"1200\" \/>\n\t<meta property=\"og:image:height\" content=\"646\" \/>\n\t<meta property=\"og:image:type\" content=\"image\/png\" \/>\n<meta name=\"twitter:card\" content=\"summary_large_image\" \/>\n<meta name=\"twitter:label1\" content=\"\u01af\u1edbc t\u00ednh th\u1eddi gian \u0111\u1ecdc\" \/>\n\t<meta name=\"twitter:data1\" content=\"3 ph\u00fat\" \/>\n<script type=\"application\/ld+json\" class=\"yoast-schema-graph\">{\"@context\":\"https:\/\/schema.org\",\"@graph\":[{\"@type\":\"WebPage\",\"@id\":\"https:\/\/web.webrt.net\/phongvu\/?product=gia-cong-banh-rang-nhua-tnt026\",\"url\":\"https:\/\/web.webrt.net\/phongvu\/?product=gia-cong-banh-rang-nhua-tnt026\",\"name\":\"Gia c\u00f4ng b\u00e1nh r\u0103ng nh\u1ef1a PV026 - Phong V\u0169\",\"isPartOf\":{\"@id\":\"https:\/\/web.webrt.net\/phongvu\/#website\"},\"datePublished\":\"2023-06-27T02:47:50+00:00\",\"dateModified\":\"2023-07-13T04:28:51+00:00\",\"breadcrumb\":{\"@id\":\"https:\/\/web.webrt.net\/phongvu\/?product=gia-cong-banh-rang-nhua-tnt026#breadcrumb\"},\"inLanguage\":\"vi\",\"potentialAction\":[{\"@type\":\"ReadAction\",\"target\":[\"https:\/\/web.webrt.net\/phongvu\/?product=gia-cong-banh-rang-nhua-tnt026\"]}]},{\"@type\":\"BreadcrumbList\",\"@id\":\"https:\/\/web.webrt.net\/phongvu\/?product=gia-cong-banh-rang-nhua-tnt026#breadcrumb\",\"itemListElement\":[{\"@type\":\"ListItem\",\"position\":1,\"name\":\"Trang ch\u1ee7\",\"item\":\"https:\/\/web.webrt.net\/phongvu\/\"},{\"@type\":\"ListItem\",\"position\":2,\"name\":\"S\u1ea3n ph\u1ea9m\",\"item\":\"https:\/\/web.webrt.net\/phongvu\/?post_type=product\"},{\"@type\":\"ListItem\",\"position\":3,\"name\":\"Gia c\u00f4ng b\u00e1nh r\u0103ng nh\u1ef1a PV026\"}]},{\"@type\":\"WebSite\",\"@id\":\"https:\/\/web.webrt.net\/phongvu\/#website\",\"url\":\"https:\/\/web.webrt.net\/phongvu\/\",\"name\":\"Phong V\u0169\",\"description\":\"\",\"potentialAction\":[{\"@type\":\"SearchAction\",\"target\":{\"@type\":\"EntryPoint\",\"urlTemplate\":\"https:\/\/web.webrt.net\/phongvu\/?s={search_term_string}\"},\"query-input\":\"required name=search_term_string\"}],\"inLanguage\":\"vi\"}]}<\/script>\n<!-- \/ Yoast SEO plugin. -->","yoast_head_json":{"title":"Gia c\u00f4ng b\u00e1nh r\u0103ng nh\u1ef1a PV026 - Phong V\u0169","robots":{"index":"index","follow":"follow","max-snippet":"max-snippet:-1","max-image-preview":"max-image-preview:large","max-video-preview":"max-video-preview:-1"},"canonical":"https:\/\/web.webrt.net\/phongvu\/?product=gia-cong-banh-rang-nhua-tnt026","og_locale":"vi_VN","og_type":"article","og_title":"Gia c\u00f4ng b\u00e1nh r\u0103ng nh\u1ef1a PV026 - Phong V\u0169","og_description":"Gia c\u00f4ng B\u00e1nh r\u0103ng nh\u1ef1a PA, nh\u1ef1a PU, nh\u1ef1a MC nylon theo y\u00eau c\u1ea7u PV026 B\u00e1nh r\u0103ng nh\u1ef1a\u00a0PA, PU, MC nylon c\u00f3 kh\u1ea3 n\u0103ng ch\u1ecbu t\u1ea3i tr\u1ecdng cao, ch\u1ecbu m\u00e0i m\u00f2n, b\u1ec1n v\u00e0 \u0111\u01b0\u1ee3c gia c\u00f4ng t\u1eeb c\u00e2y nh\u1ef1a tr\u00f2n d\u1ea1ng \u0111\u1eb7c ho\u1eb7c ph\u1ea3i d\u00f9ng khu\u00f4n \u0111\u1ec3 s\u1ea3n xu\u1ea5t s\u1ed1 l\u01b0\u1ee3ng l\u1edbn. L\u1ef1a ch\u1ecdn b\u00e1nh...","og_url":"https:\/\/web.webrt.net\/phongvu\/?product=gia-cong-banh-rang-nhua-tnt026","og_site_name":"Phong V\u0169","article_modified_time":"2023-07-13T04:28:51+00:00","og_image":[{"width":1200,"height":646,"url":"https:\/\/web.webrt.net\/phongvu\/wp-content\/uploads\/2023\/06\/Screenshot-2023-06-27-094553.png","type":"image\/png"}],"twitter_card":"summary_large_image","twitter_misc":{"\u01af\u1edbc t\u00ednh th\u1eddi gian \u0111\u1ecdc":"3 ph\u00fat"},"schema":{"@context":"https:\/\/schema.org","@graph":[{"@type":"WebPage","@id":"https:\/\/web.webrt.net\/phongvu\/?product=gia-cong-banh-rang-nhua-tnt026","url":"https:\/\/web.webrt.net\/phongvu\/?product=gia-cong-banh-rang-nhua-tnt026","name":"Gia c\u00f4ng b\u00e1nh r\u0103ng nh\u1ef1a PV026 - Phong V\u0169","isPartOf":{"@id":"https:\/\/web.webrt.net\/phongvu\/#website"},"datePublished":"2023-06-27T02:47:50+00:00","dateModified":"2023-07-13T04:28:51+00:00","breadcrumb":{"@id":"https:\/\/web.webrt.net\/phongvu\/?product=gia-cong-banh-rang-nhua-tnt026#breadcrumb"},"inLanguage":"vi","potentialAction":[{"@type":"ReadAction","target":["https:\/\/web.webrt.net\/phongvu\/?product=gia-cong-banh-rang-nhua-tnt026"]}]},{"@type":"BreadcrumbList","@id":"https:\/\/web.webrt.net\/phongvu\/?product=gia-cong-banh-rang-nhua-tnt026#breadcrumb","itemListElement":[{"@type":"ListItem","position":1,"name":"Trang ch\u1ee7","item":"https:\/\/web.webrt.net\/phongvu\/"},{"@type":"ListItem","position":2,"name":"S\u1ea3n ph\u1ea9m","item":"https:\/\/web.webrt.net\/phongvu\/?post_type=product"},{"@type":"ListItem","position":3,"name":"Gia c\u00f4ng b\u00e1nh r\u0103ng nh\u1ef1a PV026"}]},{"@type":"WebSite","@id":"https:\/\/web.webrt.net\/phongvu\/#website","url":"https:\/\/web.webrt.net\/phongvu\/","name":"Phong V\u0169","description":"","potentialAction":[{"@type":"SearchAction","target":{"@type":"EntryPoint","urlTemplate":"https:\/\/web.webrt.net\/phongvu\/?s={search_term_string}"},"query-input":"required name=search_term_string"}],"inLanguage":"vi"}]}},"_links":{"self":[{"href":"https:\/\/web.webrt.net\/phongvu\/index.php?rest_route=\/wp\/v2\/product\/3166"}],"collection":[{"href":"https:\/\/web.webrt.net\/phongvu\/index.php?rest_route=\/wp\/v2\/product"}],"about":[{"href":"https:\/\/web.webrt.net\/phongvu\/index.php?rest_route=\/wp\/v2\/types\/product"}],"replies":[{"embeddable":true,"href":"https:\/\/web.webrt.net\/phongvu\/index.php?rest_route=%2Fwp%2Fv2%2Fcomments&post=3166"}],"wp:featuredmedia":[{"embeddable":true,"href":"https:\/\/web.webrt.net\/phongvu\/index.php?rest_route=\/wp\/v2\/media\/3167"}],"wp:attachment":[{"href":"https:\/\/web.webrt.net\/phongvu\/index.php?rest_route=%2Fwp%2Fv2%2Fmedia&parent=3166"}],"wp:term":[{"taxonomy":"product_cat","embeddable":true,"href":"https:\/\/web.webrt.net\/phongvu\/index.php?rest_route=%2Fwp%2Fv2%2Fproduct_cat&post=3166"},{"taxonomy":"product_tag","embeddable":true,"href":"https:\/\/web.webrt.net\/phongvu\/index.php?rest_route=%2Fwp%2Fv2%2Fproduct_tag&post=3166"}],"curies":[{"name":"wp","href":"https:\/\/api.w.org\/{rel}","templated":true}]}}