{"id":2948,"date":"2023-06-22T08:32:44","date_gmt":"2023-06-22T08:32:44","guid":{"rendered":"https:\/\/web.webrt.net\/phongvu\/?post_type=product&#038;p=2948"},"modified":"2023-06-27T02:49:06","modified_gmt":"2023-06-27T02:49:06","slug":"bang-tai-xich-inox","status":"publish","type":"product","link":"https:\/\/web.webrt.net\/phongvu\/?product=bang-tai-xich-inox","title":{"rendered":"B\u0103ng t\u1ea3i x\u00edch Inox"},"content":{"rendered":"<div id=\"ez-toc-container\" class=\"ez-toc-v2_0_50 counter-hierarchy ez-toc-counter ez-toc-grey ez-toc-container-direction\">\n<div class=\"ez-toc-title-container\">\n<p class=\"ez-toc-title\">M\u1ee5c l\u1ee5c<\/p>\n<span class=\"ez-toc-title-toggle\"><a href=\"#\" class=\"ez-toc-pull-right ez-toc-btn ez-toc-btn-xs ez-toc-btn-default ez-toc-toggle\" aria-label=\"Toggle Table of Content\" role=\"button\"><label for=\"item-69d0ae9d4debb\" aria-hidden=\"true\"><span style=\"display: flex;align-items: center;width: 35px;height: 30px;justify-content: center;direction:ltr;\"><svg style=\"fill: #999;color:#999\" xmlns=\"http:\/\/www.w3.org\/2000\/svg\" class=\"list-377408\" width=\"20px\" height=\"20px\" viewBox=\"0 0 24 24\" fill=\"none\"><path d=\"M6 6H4v2h2V6zm14 0H8v2h12V6zM4 11h2v2H4v-2zm16 0H8v2h12v-2zM4 16h2v2H4v-2zm16 0H8v2h12v-2z\" fill=\"currentColor\"><\/path><\/svg><svg style=\"fill: #999;color:#999\" class=\"arrow-unsorted-368013\" xmlns=\"http:\/\/www.w3.org\/2000\/svg\" width=\"10px\" height=\"10px\" viewBox=\"0 0 24 24\" version=\"1.2\" baseProfile=\"tiny\"><path d=\"M18.2 9.3l-6.2-6.3-6.2 6.3c-.2.2-.3.4-.3.7s.1.5.3.7c.2.2.4.3.7.3h11c.3 0 .5-.1.7-.3.2-.2.3-.5.3-.7s-.1-.5-.3-.7zM5.8 14.7l6.2 6.3 6.2-6.3c.2-.2.3-.5.3-.7s-.1-.5-.3-.7c-.2-.2-.4-.3-.7-.3h-11c-.3 0-.5.1-.7.3-.2.2-.3.5-.3.7s.1.5.3.7z\"\/><\/svg><\/span><\/label><input  type=\"checkbox\" id=\"item-69d0ae9d4debb\"><\/a><\/span><\/div>\n<nav><ul class='ez-toc-list ez-toc-list-level-1 ' ><li class='ez-toc-page-1 ez-toc-heading-level-2'><a class=\"ez-toc-link ez-toc-heading-1\" href=\"https:\/\/web.webrt.net\/phongvu\/?product=bang-tai-xich-inox\/#1_Cau_tao_cua_bang_tai_xich_tam\" title=\"1. C\u1ea5u t\u1ea1o c\u1ee7a b\u0103ng t\u1ea3i x\u00edch t\u1ea5m\">1. C\u1ea5u t\u1ea1o c\u1ee7a b\u0103ng t\u1ea3i x\u00edch t\u1ea5m<\/a><ul class='ez-toc-list-level-3'><li class='ez-toc-heading-level-3'><a class=\"ez-toc-link ez-toc-heading-2\" href=\"https:\/\/web.webrt.net\/phongvu\/?product=bang-tai-xich-inox\/#Cac_bo_phan_chinh\" title=\"C\u00e1c b\u1ed9 ph\u1eadn ch\u00ednh\">C\u00e1c b\u1ed9 ph\u1eadn ch\u00ednh<\/a><\/li><li class='ez-toc-page-1 ez-toc-heading-level-3'><a class=\"ez-toc-link ez-toc-heading-3\" href=\"https:\/\/web.webrt.net\/phongvu\/?product=bang-tai-xich-inox\/#Cac_bo_phan_ho_tro_khac\" title=\"C\u00e1c b\u1ed9 ph\u1eadn h\u1ed7 tr\u1ee3 kh\u00e1c:\">C\u00e1c b\u1ed9 ph\u1eadn h\u1ed7 tr\u1ee3 kh\u00e1c:<\/a><\/li><\/ul><\/li><li class='ez-toc-page-1 ez-toc-heading-level-2'><a class=\"ez-toc-link ez-toc-heading-4\" href=\"https:\/\/web.webrt.net\/phongvu\/?product=bang-tai-xich-inox\/#2_Dac_diem_cua_bang_tai_xich_inox\" title=\"2. \u0110\u1eb7c \u0111i\u1ec3m c\u1ee7a b\u0103ng t\u1ea3i x\u00edch inox\">2. \u0110\u1eb7c \u0111i\u1ec3m c\u1ee7a b\u0103ng t\u1ea3i x\u00edch inox<\/a><\/li><li class='ez-toc-page-1 ez-toc-heading-level-2'><a class=\"ez-toc-link ez-toc-heading-5\" href=\"https:\/\/web.webrt.net\/phongvu\/?product=bang-tai-xich-inox\/#3_Uu_diem_va_ung_dung\" title=\"3. \u01afu \u0111i\u1ec3m v\u00e0 \u1ee9ng d\u1ee5ng\">3. \u01afu \u0111i\u1ec3m v\u00e0 \u1ee9ng d\u1ee5ng<\/a><\/li><\/ul><\/nav><\/div>\n<p>B\u0103ng t\u1ea3i x\u00edch inox\u00a0hay c\u00f2n g\u1ecdi l\u00e0\u00a0b\u0103ng t\u1ea3i\u00a0b\u1ea3n l\u1ec1,\u00a0b\u0103ng t\u1ea3i li\u00ean k\u1ebft t\u1ea5m,\u00a0b\u0103ng t\u1ea3i li\u00ean k\u1ebft\u00a0x\u00edch t\u1ea5m\u00a0l\u00e0 m\u1ed9t lo\u1ea1i thi\u1ebft b\u1ecb truy\u1ec1n t\u1ea3i \u0111\u01b0\u1ee3c l\u00e0m b\u1eb1ng Inox ho\u1eb7c th\u00e9p t\u1ea5m v\u00e0 c\u00e1c ch\u1ed1t b\u1ea3n l\u1ec1 ho\u1eb7c thanh k\u1ebft n\u1ed1i.\u00a0So v\u1edbi B\u0103ng t\u1ea3i d\u00e2y belt PVC hay d\u00e2y Belt PU , b\u0103ng t\u1ea3i t\u1ea5m kim lo\u1ea1i c\u00f3 th\u1ec3 cung c\u1ea5p di\u1ec7n t\u00edch ti\u1ebfp x\u00fac t\u1ed1t\u00a0h\u01a1n, b\u1ec1 m\u1eb7t ph\u1eb3ng, ch\u1ecbu \u0111\u01b0\u1ee3c n\u01b0\u1edbc, ch\u1ecbu \u0111\u01b0\u1ee3c nhi\u1ec7t \u0111\u1ed9 cao.v.v.\u00a0\u0110\u1ec3 t\u00ecm hi\u1ec3u r\u00f5 h\u01a1n v\u1ec1 s\u1ea3n ph\u1ea9m h\u00e3y c\u00f9ng v\u1edbi ch\u00fang t\u00f4i \u0111i t\u00ecm hi\u1ec3u c\u1ea5u t\u1ea1o, \u01b0u \u0111i\u1ec3m v\u00e0 \u1ee9ng d\u1ee5ng c\u1ee7a\u00a0h\u1ec7 th\u1ed1ng b\u0103ng t\u1ea3i\u00a0n\u00e0y:<\/p>\n<h2 id=\"ftoc-heading-1\" class=\"ftwp-heading\"><span class=\"ez-toc-section\" id=\"1_Cau_tao_cua_bang_tai_xich_tam\"><\/span>1. C\u1ea5u t\u1ea1o c\u1ee7a b\u0103ng t\u1ea3i x\u00edch t\u1ea5m<span class=\"ez-toc-section-end\"><\/span><\/h2>\n<h3 id=\"ftoc-heading-2\" class=\"ftwp-heading\"><span class=\"ez-toc-section\" id=\"Cac_bo_phan_chinh\"><\/span>C\u00e1c b\u1ed9 ph\u1eadn ch\u00ednh<span class=\"ez-toc-section-end\"><\/span><\/h3>\n<p>\u2013 A X\u00edch b\u0103ng t\u1ea3i:\u00a0X\u00edch t\u1ea5m c\u00f3 v\u1eadt li\u1ec7u b\u1ec1n \u0111\u1eb9p\u00a0kh\u00f4ng b\u1ecb tr\u01a1n, tr\u01b0\u1ee3t ra kh\u1ecfi b\u0103ng t\u1ea3i trong qu\u00e1 tr\u00ecnh v\u1eadn chuy\u1ec3n.<\/p>\n<p>+ Ph\u1ea7n\u00a0t\u1ea5m x\u00edch\u00a0th\u01b0\u1eddng \u0111\u01b0\u1ee3c l\u00e0m b\u1eb1ng inox, ch\u1ecbu \u0111\u01b0\u1ee3c s\u1ef1 m\u00e0i m\u00f2n cao, \u0111\u1ed9 b\u1ec1n cao n\u00ean \u0111\u01b0\u1ee3c s\u1eed d\u1ee5ng trong m\u00f4i tr\u01b0\u1eddng kh\u1eafc nghi\u1ec7t.<\/p>\n<p>+ Ph\u1ea7n\u00a0x\u00edch\u00a02 b\u00ean \u0111\u01b0\u1ee3c s\u1eed d\u1ee5ng nhi\u1ec1u lo\u1ea1i v\u1edbi c\u00f4ng d\u1ee5ng kh\u00e1c nhau nh\u01b0:<\/p>\n<p>\u2013 Khung b\u0103ng t\u1ea3i: Khung l\u00e0m b\u1eb1ng Inox, Th\u00e9p ho\u1eb7c nh\u00f4m \u0111\u1ecbnh h\u00ecnh.<\/p>\n<p>\u2013\u00a0Ph\u1ea7n \u0111\u1ed9ng c\u01a1 b\u0103ng t\u1ea3i:\u00a0\u0111\u01b0\u1ee3c s\u1eed d\u1ee5ng l\u00e0 lo\u1ea1i \u0111\u1ed9ng c\u01a1 gi\u1ea3m t\u1ed1c c\u00f3 c\u00f4ng su\u1ea5t t\u1eeb 180W \u2013 3.7Kw t\u00f9y theo \u0111\u1ed9 d\u00e0i v\u00e0 c\u00f4ng n\u0103ng s\u1eed d\u1ee5ng c\u1ee7a\u00a0b\u0103ng t\u1ea3i.<\/p>\n<p>\u2013\u00a0Ph\u1ea7n \u0111i\u1ec1u khi\u1ec3n:\u00a0nh\u01b0 Bi\u1ebfn t\u1ea7n \u0111i\u1ec1u khi\u1ec3n t\u1ed1c \u0111\u1ed9, R\u01a1 le, kh\u1edfi \u0111\u1ed9ng t\u1eeb, c\u00f4ng t\u1eafc, timer,\u2026<\/p>\n<p>\u2013\u00a0B\u1ed9 ph\u1eadn truy\u1ec1n \u0111\u1ed9ng:\u00a0s\u1eed d\u1ee5ng b\u1ed9 nh\u00f4ng x\u00edch Inox ch\u1ecbu \u0111\u01b0\u1ee3c s\u1ef1 m\u00e0i m\u00f2n cao.<\/p>\n<p>+ Qu\u1ea3 l\u00f4 (rulo) Tang ch\u1ee7 \u0111\u1ed9ng v\u00e0 tang b\u1ecb \u0111\u1ed9ng \u0111\u01b0\u1ee3c ch\u1ebf t\u1ea1o b\u1eb1ng \u1ed1ng th\u00e9p m\u1ea1 k\u1ebdm \u0111\u1ea3m b\u1ea3o \u0111\u01b0\u1ee3c \u0111\u1ed9 \u0111\u1ed3ng t\u00e2m , gi\u1ea3m \u0111\u1ed9 rung \u0111\u1ed9ng trong qu\u00e1 tr\u00ecnh ho\u1ea1t \u0111\u1ed9ng.<\/p>\n<p>+ Con l\u0103n \u0111\u1ee1 x\u00edch:\u00a0Ch\u1ebf t\u1ea1o b\u1eb1ng \u1ed1ng th\u00e9p ch\u00ednh x\u00e1c cao \u0111\u1ea3m b\u1ea3o c\u00e1c con l\u0103n v\u1edbi \u0111\u1ed9 rung v\u00e0 ti\u1ebfng \u1ed3n h\u1ec7 s\u1ed1 ma s\u00e1t th\u1ea5p, ch\u1ecbu nhi\u1ec7t t\u1ed1t, h\u1ec7 th\u1ed1ng l\u00e0m k\u00edn hi\u1ec7u qu\u1ea3.<\/p>\n<h3 id=\"ftoc-heading-3\" class=\"ftwp-heading\"><span class=\"ez-toc-section\" id=\"Cac_bo_phan_ho_tro_khac\"><\/span>C\u00e1c b\u1ed9 ph\u1eadn h\u1ed7 tr\u1ee3 kh\u00e1c:<span class=\"ez-toc-section-end\"><\/span><\/h3>\n<p>\u2013\u00a0B\u1ed9 ph\u1eadn khung ch\u00e2n:\u00a0\u00a0S\u1eed d\u1ee5ng ch\u00e2n t\u0103ng ch\u1ec9nh ho\u1eb7c l\u1eafp th\u00eam c\u00e1c lo\u1ea1i b\u00e1nh xe. (theo y\u00eau c\u1ea7u kh\u00e1ch h\u00e0ng)<\/p>\n<p>\u2013\u00a0B\u1ed9 ph\u00e2n t\u0103ng x\u00edch:\u00a0d\u1ec5 d\u00e0ng \u0111i\u1ec1u ch\u00ecnh \u0111\u1ed9 c\u0103ng tr\u00f9ng c\u1ee7a belt bang t\u1ea3i \u0111\u1ec3 \u0111\u1ea3m b\u1ea3o s\u1ea3n ph\u1ea9m ch\u1ea1y \u1ed5n \u0111\u1ecbnh v\u00e0 \u0111\u1ed9 b\u1ec1n \u0111\u1ea3m b\u1ea3o nh\u1ea5t trong qu\u00e1 tr\u00ecnh v\u1eadn h\u00e0nh<\/p>\n<p>\u2013\u00a0C\u00e1c b\u1ed9 ph\u1eadn ph\u1ee5:\u00a0c\u00f3 th\u1ec3 l\u1eafp c\u00e1c b\u1ed9 c\u1ea3m bi\u1ebfn \u0111\u1ebfn \u0111\u1ebfm s\u1ea3n ph\u1ea9m ho\u1eb7c \u0111o nhi\u00eat \u0111\u1ed9 .v.v.<\/p>\n<p>\u2013 Ngo\u00e0i gia\u00a0b\u0103ng t\u1ea3i x\u00edch inox\u00a0c\u00f2n c\u00f3 th\u1ec3 trang b\u1ecb c\u00e1c b\u1ed9 ph\u00e2n kh\u00e1c theo y\u00eau c\u1ea7u c\u1ee7a kh\u00e1ch h\u00e0ng.<\/p>\n<h2 id=\"ftoc-heading-4\" class=\"ftwp-heading\"><span class=\"ez-toc-section\" id=\"2_Dac_diem_cua_bang_tai_xich_inox\"><\/span>2. \u0110\u1eb7c \u0111i\u1ec3m c\u1ee7a b\u0103ng t\u1ea3i x\u00edch inox<span class=\"ez-toc-section-end\"><\/span><\/h2>\n<p>\u2013 B\u1ec1 m\u1eb7t v\u1eadn chuy\u1ec3n c\u1ee7a b\u0103ng t\u1ea3i x\u00edch inox ph\u1eb3ng v\u00e0 nh\u1eb5n, c\u00f3 \u0111\u1ed9 ma s\u00e1t th\u1ea5p, v\u1eadt li\u1ec7u chuy\u1ec3n ti\u1ebfp gi\u1eefa c\u00e1c d\u00e2y chuy\u1ec1n m\u1ed9t c\u00e1ch tr\u01a1n tru.<\/p>\n<p>\u2013\u00a0B\u0103ng t\u1ea3i x\u00edch inox\u00a0c\u00f3 th\u1ec3 v\u1eadn chuy\u1ec3n t\u1ea5t c\u1ea3 c\u00e1c lo\u1ea1i chai th\u1ee7y tinh, chai PET, lon v\u00e0 c\u00e1c v\u1eadt li\u1ec7u kh\u00e1c v\u00e0 c\u0169ng c\u00f3 th\u1ec3 chuy\u1ec3n c\u00e1c lo\u1ea1i t\u00fai.<\/p>\n<p>\u2013 C\u00e1c t\u1ea5m x\u00edch \u0111\u01b0\u1ee3c l\u00e0m b\u1eb1ng th\u00e9p kh\u00f4ng g\u1ec9 v\u00e0 nh\u1ef1a k\u1ef9 thu\u1eadt, v\u1edbi nhi\u1ec1u th\u00f4ng s\u1ed1 k\u1ef9 thu\u1eadt, c\u00f3 th\u1ec3 \u0111\u01b0\u1ee3c l\u1ef1a ch\u1ecdn theo v\u1eadt li\u1ec7u truy\u1ec1n t\u1ea3i theo nh\u1eefng nhu c\u1ea7u kh\u00e1c nhau.<\/p>\n<p>\u2013 Kh\u1ea3 n\u0103ng v\u1eadn chuy\u1ec3n l\u1edbn, c\u00f3 th\u1ec3 mang t\u1ea3i tr\u1ecdng l\u1edbn, ch\u1eb3ng h\u1ea1n nh\u01b0 \u0111\u01b0\u1ee3c s\u1eed d\u1ee5ng trong xe \u0111i\u1ec7n, xe m\u00e1y, m\u00e1y ph\u00e1t \u0111i\u1ec7n v\u00e0 c\u00e1c ng\u00e0nh c\u00f4ng nghi\u1ec7p kh\u00e1c;<\/p>\n<p>\u2013 T\u1ed1c \u0111\u1ed9 truy\u1ec1n t\u1ea3i ch\u00ednh x\u00e1c v\u00e0 \u1ed5n \u0111\u1ecbnh, c\u00f3 th\u1ec3 \u0111\u1ea3m b\u1ea3o truy\u1ec1n t\u1ea3i \u0111\u1ed3ng b\u1ed9 ch\u00ednh x\u00e1c.<\/p>\n<p>\u2013\u00a0B\u0103ng t\u1ea3i x\u00edch inox\u00a0chia \u0111\u00f4i n\u00f3i chung c\u00f3 th\u1ec3 \u0111\u01b0\u1ee3c r\u1eeda tr\u1ef1c ti\u1ebfp b\u1eb1ng n\u01b0\u1edbc ho\u1eb7c ng\u00e2m tr\u1ef1c ti\u1ebfp trong n\u01b0\u1edbc.<\/p>\n<p>\u2013 Thi\u1ebft b\u1ecb d\u1ec5 d\u00e0ng l\u00e0m s\u1ea1ch v\u00e0 c\u00f3 th\u1ec3 \u0111\u00e1p \u1ee9ng c\u00e1c y\u00eau c\u1ea7u v\u1ec7 sinh c\u1ee7a ng\u00e0nh c\u00f4ng nghi\u1ec7p th\u1ef1c ph\u1ea9m v\u00e0 \u0111\u1ed3 u\u1ed1ng.<\/p>\n<p>\u2013 B\u1ed1 tr\u00ed thi\u1ebft b\u1ecb linh ho\u1ea1t N\u00f3 c\u00f3 th\u1ec3 ho\u00e0n th\u00e0nh vi\u1ec7c v\u1eadn chuy\u1ec3n ngang, nghi\u00eang v\u00e0 quay tr\u00ean m\u1ed9t \u0111\u01b0\u1eddng v\u1eadn chuy\u1ec3n.<\/p>\n<p>\u2013 C\u1ea5u tr\u00fac c\u1ee7a b\u0103ng t\u1ea3i x\u00edch m\u00e1i chia nhi\u1ec1u d\u00e3y \u0111\u01a1n gi\u1ea3n v\u00e0 d\u1ec5 b\u1ea3o tr\u00ec.<\/p>\n<h2 id=\"ftoc-heading-5\" class=\"ftwp-heading\"><span class=\"ez-toc-section\" id=\"3_Uu_diem_va_ung_dung\"><\/span>3. \u01afu \u0111i\u1ec3m v\u00e0 \u1ee9ng d\u1ee5ng<span class=\"ez-toc-section-end\"><\/span><\/h2>\n<p>\u2013 L\u00e0 d\u00f2ng b\u0103ng c\u00f3 b\u1ec1 m\u1eb7t v\u1eadn chuy\u1ec3n l\u1edbn v\u00e0 ch\u00fang c\u00f3 th\u1ec3 t\u1ef1 h\u1ed7 tr\u1ee3 trong vi\u1ec7c chuy\u1ec3n c\u00e1c v\u1eadt li\u1ec7u c\u00f3 t\u1ea3i tr\u1ecdng v\u1eeba v\u00e0 n\u1eb7ng \u1ee9ng d\u1ee5ng trong c\u00e1c ng\u00e0nh l\u1eafp r\u00e1p tivi, t\u1ee7 l\u1ea1nh, m\u00e1y l\u1ea1nh, xe \u0111\u1ea1p \u0111i\u1ec7n, \u00f4 t\u00f4, m\u00e1y m\u00f3c c\u1ee1 l\u1edbn.<\/p>\n<p>\u2013 D\u00f2ng\u00a0b\u0103ng t\u1ea3i x\u00edch t\u1ea5m b\u1eb1ng inox\u00a0\u0111\u01b0\u1ee3c s\u1eed d\u1ee5ng nhi\u1ec1u trong s\u1ea3n xu\u1ea5t th\u1ef1c ph\u1ea9m, v\u00ec d\u00f2ng s\u1ea3n ph\u1ea9m n\u00e0y c\u00f3 kh\u1ea3 n\u0103ng ch\u1ed1ng g\u1ec9, b\u1ec1 m\u1eb7t s\u1ea1ch s\u1ebd, kh\u00f4ng l\u00e0m \u1ea3nh h\u01b0\u1edfng \u0111\u1ebfn ch\u1ea5t l\u01b0\u1ee3ng c\u1ee7a th\u1ef1c ph\u1ea9m trong qu\u00e1 tr\u00ecnh ch\u1ebf bi\u1ebfn<\/p>\n<p>\u2013 B\u0103ng t\u1ea3i\u00a0x\u00edch inox\u00a0\u00a0\u0111\u01b0\u1ee3c c\u1ea5u t\u1ea1o ho\u00e0n to\u00e0n kh\u00e1c bi\u1ec7t so v\u1edbi b\u0103ng t\u1ea3i th\u00f4ng th\u01b0\u1eddng to\u00e0n b\u1ed9 v\u1eadt li\u1ec7u \u0111\u01b0\u1ee3c ch\u1ebf\u00a0 t\u1ea1o b\u1eb1ng\u00a0 inox bao g\u1ed3m\u00a0khung b\u0103ng t\u1ea3i, \u0111\u0129a x\u00edch k\u00e9o ch\u1ee7 \u0111\u1ed9ng , b\u1ecb \u0111\u1ed9ng khung th\u00e9p , x\u00edch b\u0103ng t\u1ea3i inox kh\u00f4ng g\u1ec9 s\u00e9t, ph\u00f9 h\u1ee3p v\u1edbi ng\u00e0nh c\u00f4ng nghi\u1ec7p ch\u1ebf bi\u1ebfn th\u1ef1c ph\u1ea9m, s\u1ea3n su\u1ea5t b\u00e1nh k\u1eb9o, d\u00e2y chuy\u1ec1n ch\u1ebf bi\u1ebfn th\u1ee7y s\u1ea3n , ch\u1ebf bi\u1ebfn t\u00f4m c\u00e1 \u2026<\/p>\n","protected":false},"excerpt":{"rendered":"<p>\u2013 L\u00e0 d\u00f2ng b\u0103ng c\u00f3 b\u1ec1 m\u1eb7t v\u1eadn chuy\u1ec3n l\u1edbn v\u00e0 ch\u00fang c\u00f3 th\u1ec3 t\u1ef1 h\u1ed7 tr\u1ee3 trong vi\u1ec7c chuy\u1ec3n c\u00e1c v\u1eadt li\u1ec7u c\u00f3 t\u1ea3i tr\u1ecdng v\u1eeba v\u00e0 n\u1eb7ng \u1ee9ng d\u1ee5ng trong c\u00e1c ng\u00e0nh l\u1eafp r\u00e1p tivi, t\u1ee7 l\u1ea1nh, m\u00e1y l\u1ea1nh, xe \u0111\u1ea1p \u0111i\u1ec7n, \u00f4 t\u00f4, m\u00e1y m\u00f3c c\u1ee1 l\u1edbn.<\/p>\n<p><strong>\u00a0\u00a0\u00a0\u00a0<\/strong>\u2013 D\u00f2ng\u00a0<strong>b\u0103ng t\u1ea3i x\u00edch t\u1ea5m b\u1eb1ng inox<\/strong>\u00a0\u0111\u01b0\u1ee3c s\u1eed d\u1ee5ng nhi\u1ec1u trong s\u1ea3n xu\u1ea5t th\u1ef1c ph\u1ea9m, v\u00ec d\u00f2ng s\u1ea3n ph\u1ea9m n\u00e0y c\u00f3 kh\u1ea3 n\u0103ng ch\u1ed1ng g\u1ec9, b\u1ec1 m\u1eb7t s\u1ea1ch s\u1ebd, kh\u00f4ng l\u00e0m \u1ea3nh h\u01b0\u1edfng \u0111\u1ebfn ch\u1ea5t l\u01b0\u1ee3ng c\u1ee7a th\u1ef1c ph\u1ea9m trong qu\u00e1 tr\u00ecnh ch\u1ebf bi\u1ebfn<\/p>\n<p><strong>\u00a0\u00a0\u00a0\u00a0\u2013 B\u0103ng t\u1ea3i<\/strong><strong>\u00a0x\u00edch inox\u00a0<\/strong>\u00a0\u0111\u01b0\u1ee3c c\u1ea5u t\u1ea1o ho\u00e0n to\u00e0n kh\u00e1c bi\u1ec7t so v\u1edbi b\u0103ng t\u1ea3i th\u00f4ng th\u01b0\u1eddng to\u00e0n b\u1ed9 v\u1eadt li\u1ec7u \u0111\u01b0\u1ee3c ch\u1ebf\u00a0 t\u1ea1o b\u1eb1ng\u00a0 inox bao g\u1ed3m\u00a0<strong>khung b\u0103ng t\u1ea3i<\/strong>, \u0111\u0129a x\u00edch k\u00e9o ch\u1ee7 \u0111\u1ed9ng , b\u1ecb \u0111\u1ed9ng khung th\u00e9p , x\u00edch b\u0103ng t\u1ea3i inox kh\u00f4ng g\u1ec9 s\u00e9t, ph\u00f9 h\u1ee3p v\u1edbi ng\u00e0nh c\u00f4ng nghi\u1ec7p ch\u1ebf bi\u1ebfn th\u1ef1c ph\u1ea9m, s\u1ea3n su\u1ea5t b\u00e1nh k\u1eb9o, d\u00e2y chuy\u1ec1n ch\u1ebf bi\u1ebfn th\u1ee7y s\u1ea3n , ch\u1ebf bi\u1ebfn t\u00f4m c\u00e1 \u2026<\/p>\n","protected":false},"featured_media":2949,"comment_status":"open","ping_status":"closed","template":"","meta":[],"product_cat":[177,192],"product_tag":[],"yoast_head":"<!-- This site is optimized with the Yoast SEO plugin v20.9 - https:\/\/yoast.com\/wordpress\/plugins\/seo\/ -->\n<title>B\u0103ng t\u1ea3i x\u00edch Inox - Phong V\u0169<\/title>\n<meta name=\"robots\" content=\"index, follow, max-snippet:-1, max-image-preview:large, max-video-preview:-1\" \/>\n<link rel=\"canonical\" href=\"https:\/\/web.webrt.net\/phongvu\/?product=bang-tai-xich-inox\" \/>\n<meta property=\"og:locale\" content=\"vi_VN\" \/>\n<meta property=\"og:type\" content=\"article\" \/>\n<meta property=\"og:title\" content=\"B\u0103ng t\u1ea3i x\u00edch Inox - Phong V\u0169\" \/>\n<meta property=\"og:description\" content=\"\u2013 L\u00e0 d\u00f2ng b\u0103ng c\u00f3 b\u1ec1 m\u1eb7t v\u1eadn chuy\u1ec3n l\u1edbn v\u00e0 ch\u00fang c\u00f3 th\u1ec3 t\u1ef1 h\u1ed7 tr\u1ee3 trong vi\u1ec7c chuy\u1ec3n c\u00e1c v\u1eadt li\u1ec7u c\u00f3 t\u1ea3i tr\u1ecdng v\u1eeba v\u00e0 n\u1eb7ng \u1ee9ng d\u1ee5ng trong c\u00e1c ng\u00e0nh l\u1eafp r\u00e1p tivi, t\u1ee7 l\u1ea1nh, m\u00e1y l\u1ea1nh, xe \u0111\u1ea1p \u0111i\u1ec7n, \u00f4 t\u00f4, m\u00e1y m\u00f3c c\u1ee1 l\u1edbn.  \u00a0\u00a0\u00a0\u00a0\u2013 D\u00f2ng\u00a0b\u0103ng t\u1ea3i x\u00edch t\u1ea5m b\u1eb1ng inox\u00a0\u0111\u01b0\u1ee3c s\u1eed d\u1ee5ng nhi\u1ec1u trong s\u1ea3n xu\u1ea5t th\u1ef1c ph\u1ea9m, v\u00ec d\u00f2ng s\u1ea3n ph\u1ea9m n\u00e0y c\u00f3 kh\u1ea3 n\u0103ng ch\u1ed1ng g\u1ec9, b\u1ec1 m\u1eb7t s\u1ea1ch s\u1ebd, kh\u00f4ng l\u00e0m \u1ea3nh h\u01b0\u1edfng \u0111\u1ebfn ch\u1ea5t l\u01b0\u1ee3ng c\u1ee7a th\u1ef1c ph\u1ea9m trong qu\u00e1 tr\u00ecnh ch\u1ebf bi\u1ebfn  \u00a0\u00a0\u00a0\u00a0\u2013 B\u0103ng t\u1ea3i\u00a0x\u00edch inox\u00a0\u00a0\u0111\u01b0\u1ee3c c\u1ea5u t\u1ea1o ho\u00e0n to\u00e0n kh\u00e1c bi\u1ec7t so v\u1edbi b\u0103ng t\u1ea3i th\u00f4ng th\u01b0\u1eddng to\u00e0n b\u1ed9 v\u1eadt li\u1ec7u \u0111\u01b0\u1ee3c ch\u1ebf\u00a0 t\u1ea1o b\u1eb1ng\u00a0 inox bao g\u1ed3m\u00a0khung b\u0103ng t\u1ea3i, \u0111\u0129a x\u00edch k\u00e9o ch\u1ee7 \u0111\u1ed9ng , b\u1ecb \u0111\u1ed9ng khung th\u00e9p , x\u00edch b\u0103ng t\u1ea3i inox kh\u00f4ng g\u1ec9 s\u00e9t, ph\u00f9 h\u1ee3p v\u1edbi ng\u00e0nh c\u00f4ng nghi\u1ec7p ch\u1ebf bi\u1ebfn th\u1ef1c ph\u1ea9m, s\u1ea3n su\u1ea5t b\u00e1nh k\u1eb9o, d\u00e2y chuy\u1ec1n ch\u1ebf bi\u1ebfn th\u1ee7y s\u1ea3n , ch\u1ebf bi\u1ebfn t\u00f4m c\u00e1 \u2026\" \/>\n<meta property=\"og:url\" content=\"https:\/\/web.webrt.net\/phongvu\/?product=bang-tai-xich-inox\" \/>\n<meta property=\"og:site_name\" content=\"Phong V\u0169\" \/>\n<meta property=\"article:modified_time\" content=\"2023-06-27T02:49:06+00:00\" \/>\n<meta property=\"og:image\" content=\"https:\/\/web.webrt.net\/phongvu\/wp-content\/uploads\/2023\/06\/Bang-tai-xich-tam-inox-8-1.jpg\" \/>\n\t<meta property=\"og:image:width\" content=\"800\" \/>\n\t<meta property=\"og:image:height\" content=\"449\" \/>\n\t<meta property=\"og:image:type\" content=\"image\/jpeg\" \/>\n<meta name=\"twitter:card\" content=\"summary_large_image\" \/>\n<meta name=\"twitter:label1\" content=\"\u01af\u1edbc t\u00ednh th\u1eddi gian \u0111\u1ecdc\" \/>\n\t<meta name=\"twitter:data1\" content=\"7 ph\u00fat\" \/>\n<script type=\"application\/ld+json\" class=\"yoast-schema-graph\">{\"@context\":\"https:\/\/schema.org\",\"@graph\":[{\"@type\":\"WebPage\",\"@id\":\"https:\/\/web.webrt.net\/phongvu\/?product=bang-tai-xich-inox\",\"url\":\"https:\/\/web.webrt.net\/phongvu\/?product=bang-tai-xich-inox\",\"name\":\"B\u0103ng t\u1ea3i x\u00edch Inox - Phong V\u0169\",\"isPartOf\":{\"@id\":\"https:\/\/web.webrt.net\/phongvu\/#website\"},\"datePublished\":\"2023-06-22T08:32:44+00:00\",\"dateModified\":\"2023-06-27T02:49:06+00:00\",\"breadcrumb\":{\"@id\":\"https:\/\/web.webrt.net\/phongvu\/?product=bang-tai-xich-inox#breadcrumb\"},\"inLanguage\":\"vi\",\"potentialAction\":[{\"@type\":\"ReadAction\",\"target\":[\"https:\/\/web.webrt.net\/phongvu\/?product=bang-tai-xich-inox\"]}]},{\"@type\":\"BreadcrumbList\",\"@id\":\"https:\/\/web.webrt.net\/phongvu\/?product=bang-tai-xich-inox#breadcrumb\",\"itemListElement\":[{\"@type\":\"ListItem\",\"position\":1,\"name\":\"Trang ch\u1ee7\",\"item\":\"https:\/\/web.webrt.net\/phongvu\/\"},{\"@type\":\"ListItem\",\"position\":2,\"name\":\"S\u1ea3n ph\u1ea9m\",\"item\":\"https:\/\/web.webrt.net\/phongvu\/?post_type=product\"},{\"@type\":\"ListItem\",\"position\":3,\"name\":\"B\u0103ng t\u1ea3i x\u00edch Inox\"}]},{\"@type\":\"WebSite\",\"@id\":\"https:\/\/web.webrt.net\/phongvu\/#website\",\"url\":\"https:\/\/web.webrt.net\/phongvu\/\",\"name\":\"Phong V\u0169\",\"description\":\"\",\"potentialAction\":[{\"@type\":\"SearchAction\",\"target\":{\"@type\":\"EntryPoint\",\"urlTemplate\":\"https:\/\/web.webrt.net\/phongvu\/?s={search_term_string}\"},\"query-input\":\"required name=search_term_string\"}],\"inLanguage\":\"vi\"}]}<\/script>\n<!-- \/ Yoast SEO plugin. -->","yoast_head_json":{"title":"B\u0103ng t\u1ea3i x\u00edch Inox - Phong V\u0169","robots":{"index":"index","follow":"follow","max-snippet":"max-snippet:-1","max-image-preview":"max-image-preview:large","max-video-preview":"max-video-preview:-1"},"canonical":"https:\/\/web.webrt.net\/phongvu\/?product=bang-tai-xich-inox","og_locale":"vi_VN","og_type":"article","og_title":"B\u0103ng t\u1ea3i x\u00edch Inox - Phong V\u0169","og_description":"\u2013 L\u00e0 d\u00f2ng b\u0103ng c\u00f3 b\u1ec1 m\u1eb7t v\u1eadn chuy\u1ec3n l\u1edbn v\u00e0 ch\u00fang c\u00f3 th\u1ec3 t\u1ef1 h\u1ed7 tr\u1ee3 trong vi\u1ec7c chuy\u1ec3n c\u00e1c v\u1eadt li\u1ec7u c\u00f3 t\u1ea3i tr\u1ecdng v\u1eeba v\u00e0 n\u1eb7ng \u1ee9ng d\u1ee5ng trong c\u00e1c ng\u00e0nh l\u1eafp r\u00e1p tivi, t\u1ee7 l\u1ea1nh, m\u00e1y l\u1ea1nh, xe \u0111\u1ea1p \u0111i\u1ec7n, \u00f4 t\u00f4, m\u00e1y m\u00f3c c\u1ee1 l\u1edbn.  \u00a0\u00a0\u00a0\u00a0\u2013 D\u00f2ng\u00a0b\u0103ng t\u1ea3i x\u00edch t\u1ea5m b\u1eb1ng inox\u00a0\u0111\u01b0\u1ee3c s\u1eed d\u1ee5ng nhi\u1ec1u trong s\u1ea3n xu\u1ea5t th\u1ef1c ph\u1ea9m, v\u00ec d\u00f2ng s\u1ea3n ph\u1ea9m n\u00e0y c\u00f3 kh\u1ea3 n\u0103ng ch\u1ed1ng g\u1ec9, b\u1ec1 m\u1eb7t s\u1ea1ch s\u1ebd, kh\u00f4ng l\u00e0m \u1ea3nh h\u01b0\u1edfng \u0111\u1ebfn ch\u1ea5t l\u01b0\u1ee3ng c\u1ee7a th\u1ef1c ph\u1ea9m trong qu\u00e1 tr\u00ecnh ch\u1ebf bi\u1ebfn  \u00a0\u00a0\u00a0\u00a0\u2013 B\u0103ng t\u1ea3i\u00a0x\u00edch inox\u00a0\u00a0\u0111\u01b0\u1ee3c c\u1ea5u t\u1ea1o ho\u00e0n to\u00e0n kh\u00e1c bi\u1ec7t so v\u1edbi b\u0103ng t\u1ea3i th\u00f4ng th\u01b0\u1eddng to\u00e0n b\u1ed9 v\u1eadt li\u1ec7u \u0111\u01b0\u1ee3c ch\u1ebf\u00a0 t\u1ea1o b\u1eb1ng\u00a0 inox bao g\u1ed3m\u00a0khung b\u0103ng t\u1ea3i, \u0111\u0129a x\u00edch k\u00e9o ch\u1ee7 \u0111\u1ed9ng , b\u1ecb \u0111\u1ed9ng khung th\u00e9p , x\u00edch b\u0103ng t\u1ea3i inox kh\u00f4ng g\u1ec9 s\u00e9t, ph\u00f9 h\u1ee3p v\u1edbi ng\u00e0nh c\u00f4ng nghi\u1ec7p ch\u1ebf bi\u1ebfn th\u1ef1c ph\u1ea9m, s\u1ea3n su\u1ea5t b\u00e1nh k\u1eb9o, d\u00e2y chuy\u1ec1n ch\u1ebf bi\u1ebfn th\u1ee7y s\u1ea3n , ch\u1ebf bi\u1ebfn t\u00f4m c\u00e1 \u2026","og_url":"https:\/\/web.webrt.net\/phongvu\/?product=bang-tai-xich-inox","og_site_name":"Phong V\u0169","article_modified_time":"2023-06-27T02:49:06+00:00","og_image":[{"width":800,"height":449,"url":"https:\/\/web.webrt.net\/phongvu\/wp-content\/uploads\/2023\/06\/Bang-tai-xich-tam-inox-8-1.jpg","type":"image\/jpeg"}],"twitter_card":"summary_large_image","twitter_misc":{"\u01af\u1edbc t\u00ednh th\u1eddi gian \u0111\u1ecdc":"7 ph\u00fat"},"schema":{"@context":"https:\/\/schema.org","@graph":[{"@type":"WebPage","@id":"https:\/\/web.webrt.net\/phongvu\/?product=bang-tai-xich-inox","url":"https:\/\/web.webrt.net\/phongvu\/?product=bang-tai-xich-inox","name":"B\u0103ng t\u1ea3i x\u00edch Inox - Phong V\u0169","isPartOf":{"@id":"https:\/\/web.webrt.net\/phongvu\/#website"},"datePublished":"2023-06-22T08:32:44+00:00","dateModified":"2023-06-27T02:49:06+00:00","breadcrumb":{"@id":"https:\/\/web.webrt.net\/phongvu\/?product=bang-tai-xich-inox#breadcrumb"},"inLanguage":"vi","potentialAction":[{"@type":"ReadAction","target":["https:\/\/web.webrt.net\/phongvu\/?product=bang-tai-xich-inox"]}]},{"@type":"BreadcrumbList","@id":"https:\/\/web.webrt.net\/phongvu\/?product=bang-tai-xich-inox#breadcrumb","itemListElement":[{"@type":"ListItem","position":1,"name":"Trang ch\u1ee7","item":"https:\/\/web.webrt.net\/phongvu\/"},{"@type":"ListItem","position":2,"name":"S\u1ea3n ph\u1ea9m","item":"https:\/\/web.webrt.net\/phongvu\/?post_type=product"},{"@type":"ListItem","position":3,"name":"B\u0103ng t\u1ea3i x\u00edch Inox"}]},{"@type":"WebSite","@id":"https:\/\/web.webrt.net\/phongvu\/#website","url":"https:\/\/web.webrt.net\/phongvu\/","name":"Phong V\u0169","description":"","potentialAction":[{"@type":"SearchAction","target":{"@type":"EntryPoint","urlTemplate":"https:\/\/web.webrt.net\/phongvu\/?s={search_term_string}"},"query-input":"required name=search_term_string"}],"inLanguage":"vi"}]}},"_links":{"self":[{"href":"https:\/\/web.webrt.net\/phongvu\/index.php?rest_route=\/wp\/v2\/product\/2948"}],"collection":[{"href":"https:\/\/web.webrt.net\/phongvu\/index.php?rest_route=\/wp\/v2\/product"}],"about":[{"href":"https:\/\/web.webrt.net\/phongvu\/index.php?rest_route=\/wp\/v2\/types\/product"}],"replies":[{"embeddable":true,"href":"https:\/\/web.webrt.net\/phongvu\/index.php?rest_route=%2Fwp%2Fv2%2Fcomments&post=2948"}],"wp:featuredmedia":[{"embeddable":true,"href":"https:\/\/web.webrt.net\/phongvu\/index.php?rest_route=\/wp\/v2\/media\/2949"}],"wp:attachment":[{"href":"https:\/\/web.webrt.net\/phongvu\/index.php?rest_route=%2Fwp%2Fv2%2Fmedia&parent=2948"}],"wp:term":[{"taxonomy":"product_cat","embeddable":true,"href":"https:\/\/web.webrt.net\/phongvu\/index.php?rest_route=%2Fwp%2Fv2%2Fproduct_cat&post=2948"},{"taxonomy":"product_tag","embeddable":true,"href":"https:\/\/web.webrt.net\/phongvu\/index.php?rest_route=%2Fwp%2Fv2%2Fproduct_tag&post=2948"}],"curies":[{"name":"wp","href":"https:\/\/api.w.org\/{rel}","templated":true}]}}