{"id":2942,"date":"2023-06-22T08:25:37","date_gmt":"2023-06-22T08:25:37","guid":{"rendered":"https:\/\/web.webrt.net\/phongvu\/?post_type=product&#038;p=2942"},"modified":"2023-07-15T02:51:07","modified_gmt":"2023-07-15T02:51:07","slug":"khuon-duc-cao-su","status":"publish","type":"product","link":"https:\/\/web.webrt.net\/phongvu\/?product=khuon-duc-cao-su","title":{"rendered":"Khu\u00f4n \u0111\u00fac cao su"},"content":{"rendered":"<div id=\"ez-toc-container\" class=\"ez-toc-v2_0_50 counter-hierarchy ez-toc-counter ez-toc-grey ez-toc-container-direction\">\n<div class=\"ez-toc-title-container\">\n<p class=\"ez-toc-title\">M\u1ee5c l\u1ee5c<\/p>\n<span class=\"ez-toc-title-toggle\"><a href=\"#\" class=\"ez-toc-pull-right ez-toc-btn ez-toc-btn-xs ez-toc-btn-default ez-toc-toggle\" aria-label=\"Toggle Table of Content\" role=\"button\"><label for=\"item-69d09a0bb348c\" aria-hidden=\"true\"><span style=\"display: flex;align-items: center;width: 35px;height: 30px;justify-content: center;direction:ltr;\"><svg style=\"fill: #999;color:#999\" xmlns=\"http:\/\/www.w3.org\/2000\/svg\" class=\"list-377408\" width=\"20px\" height=\"20px\" viewBox=\"0 0 24 24\" fill=\"none\"><path d=\"M6 6H4v2h2V6zm14 0H8v2h12V6zM4 11h2v2H4v-2zm16 0H8v2h12v-2zM4 16h2v2H4v-2zm16 0H8v2h12v-2z\" fill=\"currentColor\"><\/path><\/svg><svg style=\"fill: #999;color:#999\" class=\"arrow-unsorted-368013\" xmlns=\"http:\/\/www.w3.org\/2000\/svg\" width=\"10px\" height=\"10px\" viewBox=\"0 0 24 24\" version=\"1.2\" baseProfile=\"tiny\"><path d=\"M18.2 9.3l-6.2-6.3-6.2 6.3c-.2.2-.3.4-.3.7s.1.5.3.7c.2.2.4.3.7.3h11c.3 0 .5-.1.7-.3.2-.2.3-.5.3-.7s-.1-.5-.3-.7zM5.8 14.7l6.2 6.3 6.2-6.3c.2-.2.3-.5.3-.7s-.1-.5-.3-.7c-.2-.2-.4-.3-.7-.3h-11c-.3 0-.5.1-.7.3-.2.2-.3.5-.3.7s.1.5.3.7z\"\/><\/svg><\/span><\/label><input  type=\"checkbox\" id=\"item-69d09a0bb348c\"><\/a><\/span><\/div>\n<nav><ul class='ez-toc-list ez-toc-list-level-1 ' ><li class='ez-toc-page-1 ez-toc-heading-level-2'><a class=\"ez-toc-link ez-toc-heading-1\" href=\"https:\/\/web.webrt.net\/phongvu\/?product=khuon-duc-cao-su\/#Khuon_duc_cao_su_la_gi\" title=\"Khu\u00f4n \u0111\u00fac cao su l\u00e0 g\u00ec?\">Khu\u00f4n \u0111\u00fac cao su l\u00e0 g\u00ec?<\/a><\/li><li class='ez-toc-page-1 ez-toc-heading-level-2'><a class=\"ez-toc-link ez-toc-heading-2\" href=\"https:\/\/web.webrt.net\/phongvu\/?product=khuon-duc-cao-su\/#Phan_loai_khuon_duc_cao_su\" title=\"Ph\u00e2n lo\u1ea1i khu\u00f4n \u0111\u00fac cao su\">Ph\u00e2n lo\u1ea1i khu\u00f4n \u0111\u00fac cao su<\/a><ul class='ez-toc-list-level-3'><li class='ez-toc-heading-level-3'><a class=\"ez-toc-link ez-toc-heading-3\" href=\"https:\/\/web.webrt.net\/phongvu\/?product=khuon-duc-cao-su\/#Khuon_cao_su_ep_tuc\" title=\"Khu\u00f4n cao su \u00e9p t\u1ee9c\">Khu\u00f4n cao su \u00e9p t\u1ee9c<\/a><\/li><li class='ez-toc-page-1 ez-toc-heading-level-3'><a class=\"ez-toc-link ez-toc-heading-4\" href=\"https:\/\/web.webrt.net\/phongvu\/?product=khuon-duc-cao-su\/#Khuon_cao_su_ep_buong\" title=\"Khu\u00f4n cao su \u00e9p bu\u1ed3ng\">Khu\u00f4n cao su \u00e9p bu\u1ed3ng<\/a><\/li><\/ul><\/li><li class='ez-toc-page-1 ez-toc-heading-level-2'><a class=\"ez-toc-link ez-toc-heading-5\" href=\"https:\/\/web.webrt.net\/phongvu\/?product=khuon-duc-cao-su\/#Cau_tao_khuon_duc_cao_su\" title=\"C\u1ea5u t\u1ea1o khu\u00f4n \u0111\u00fac cao su\">C\u1ea5u t\u1ea1o khu\u00f4n \u0111\u00fac cao su<\/a><\/li><li class='ez-toc-page-1 ez-toc-heading-level-2'><a class=\"ez-toc-link ez-toc-heading-6\" href=\"https:\/\/web.webrt.net\/phongvu\/?product=khuon-duc-cao-su\/#Uu_va_nhuoc_diem_cua_khuon_duc_cao_su\" title=\"\u01afu v\u00e0 nh\u01b0\u1ee3c \u0111i\u1ec3m c\u1ee7a khu\u00f4n \u0111\u00fac cao su\">\u01afu v\u00e0 nh\u01b0\u1ee3c \u0111i\u1ec3m c\u1ee7a khu\u00f4n \u0111\u00fac cao su<\/a><\/li><li class='ez-toc-page-1 ez-toc-heading-level-2'><a class=\"ez-toc-link ez-toc-heading-7\" href=\"https:\/\/web.webrt.net\/phongvu\/?product=khuon-duc-cao-su\/#Cac_tieu_chi_can_quan_tam_de_danh_gia_chat_luong_cua_khuon_duc_cao_su\" title=\"C\u00e1c ti\u00eau ch\u00ed c\u1ea7n quan t\u00e2m \u0111\u1ec3 \u0111\u00e1nh gi\u00e1 ch\u1ea5t l\u01b0\u1ee3ng c\u1ee7a khu\u00f4n \u0111\u00fac cao su\">C\u00e1c ti\u00eau ch\u00ed c\u1ea7n quan t\u00e2m \u0111\u1ec3 \u0111\u00e1nh gi\u00e1 ch\u1ea5t l\u01b0\u1ee3ng c\u1ee7a khu\u00f4n \u0111\u00fac cao su<\/a><\/li><li class='ez-toc-page-1 ez-toc-heading-level-2'><a class=\"ez-toc-link ez-toc-heading-8\" href=\"https:\/\/web.webrt.net\/phongvu\/?product=khuon-duc-cao-su\/#Quy_trinh_gia_cong_san_pham_bang_khuon_duc_cao_su\" title=\"Quy tr\u00ecnh gia c\u00f4ng s\u1ea3n ph\u1ea9m b\u1eb1ng khu\u00f4n \u0111\u00fac cao su\">Quy tr\u00ecnh gia c\u00f4ng s\u1ea3n ph\u1ea9m b\u1eb1ng khu\u00f4n \u0111\u00fac cao su<\/a><\/li><\/ul><\/nav><\/div>\n<h2 id=\"ftoc-heading-1\" class=\"ftwp-heading\"><span class=\"ez-toc-section\" id=\"Khuon_duc_cao_su_la_gi\"><\/span>Khu\u00f4n \u0111\u00fac cao su l\u00e0 g\u00ec?<span class=\"ez-toc-section-end\"><\/span><\/h2>\n<p>Khu\u00f4n \u0111\u00fac cao su\u00a0l\u00e0 m\u1ed9t trong nh\u1eefng lo\u1ea1i\u00a0khu\u00f4n m\u1eabu\u00a0gi\u00fap \u0111\u1ecbnh h\u00ecnh c\u00e1c s\u1ea3n ph\u1ea9m c\u00f3 ch\u1ea5t li\u1ec7u t\u1eeb cao su. Khu\u00f4n gi\u00fap h\u1ed7 tr\u1ee3 qu\u00e1 tr\u00ecnh \u0111\u00fac c\u00e1c nguy\u00ean li\u1ec7u cao su ho\u1eb7c nguy\u00ean li\u1ec7u c\u00f3 \u0111\u1ed9 \u0111\u00e0n h\u1ed3i t\u1eeb v\u1eadt li\u1ec7u th\u00f4 th\u00e0nh c\u00e1c s\u1ea3n ph\u1ea9m ho\u00e0n ch\u1ec9nh.<\/p>\n<h2 id=\"ftoc-heading-2\" class=\"ftwp-heading\"><span class=\"ez-toc-section\" id=\"Phan_loai_khuon_duc_cao_su\"><\/span>Ph\u00e2n lo\u1ea1i khu\u00f4n \u0111\u00fac cao su<span class=\"ez-toc-section-end\"><\/span><\/h2>\n<p>C\u00f3 2 lo\u1ea1i khu\u00f4n \u0111\u00fac cao su \u0111\u01b0\u1ee3c s\u1eed d\u1ee5ng ph\u1ed5 bi\u1ebfn hi\u1ec7n nay, \u0111\u00f3 l\u00e0:<\/p>\n<h3 id=\"ftoc-heading-3\" class=\"ftwp-heading\"><span class=\"ez-toc-section\" id=\"Khuon_cao_su_ep_tuc\"><\/span>Khu\u00f4n cao su \u00e9p t\u1ee9c<span class=\"ez-toc-section-end\"><\/span><\/h3>\n<p>Khu\u00f4n s\u1ebd \u0111\u01b0\u1ee3c nung n\u00f3ng, th\u1ee3 m\u00e1y s\u1ebd \u0111\u01b0a c\u00e1c mi\u1ebfng cao su \u0111\u00e3 \u0111\u01b0\u1ee3c \u0111\u1ecbnh l\u01b0\u1ee3ng v\u00e0o khu\u00f4n. Sau \u0111\u00f3 h\u1ecd s\u1ebd th\u1ef1c hi\u1ec7n th\u1edbt tr\u00ean \u00e9p xu\u1ed1ng th\u1edbt d\u01b0\u1edbi. Nh\u01b0 v\u1eady sau m\u1ed9t th\u1eddi gian l\u01b0u h\u00f3a th\u00ec s\u1ea3n ph\u1ea9m s\u1ebd \u0111\u01b0\u1ee3c ho\u00e0n th\u00e0nh.<\/p>\n<p>Lo\u1ea1i khu\u00f4n n\u00e0y th\u01b0\u1eddng \u0111\u01b0\u1ee3c d\u00f9ng khi gia c\u00f4ng s\u1ea3n ph\u1ea9m s\u1ed1 l\u01b0\u1ee3ng nh\u1ecf ho\u1eb7c ch\u01b0a \u0111\u1ee7 \u0111i\u1ec1u ki\u1ec7n \u0111\u1ec3 mua c\u00e1c lo\u1ea1i m\u00e1y \u00e9p phun.<\/p>\n<h3 id=\"ftoc-heading-4\" class=\"ftwp-heading\"><span class=\"ez-toc-section\" id=\"Khuon_cao_su_ep_buong\"><\/span>Khu\u00f4n cao su \u00e9p bu\u1ed3ng<span class=\"ez-toc-section-end\"><\/span><\/h3>\n<p>Kh\u00e1c v\u1edbi khu\u00f4n cao su \u00e9p t\u1ee9c, khi gia c\u00f4ng s\u1ea3n ph\u1ea9m b\u1eb1ng khu\u00f4n cao su \u00e9p bu\u1ed3ng th\u00ec cao su n\u00f3ng ch\u1ea3y s\u1ebd \u0111\u01b0\u1ee3c \u0111\u1ea9y v\u00e0o khu\u00f4n qua c\u00e1c c\u1ed5ng phun.<\/p>\n<p>Ph\u01b0\u01a1ng ph\u00e1p n\u00e0y th\u00edch h\u1ee3p \u0111\u1ec3 gia c\u00f4ng s\u1ed1 l\u01b0\u1ee3ng l\u1edbn m\u1ed9t c\u00e1ch t\u1ef1 \u0111\u1ed9ng v\u00e0 hi\u1ec7u qu\u1ea3 cao.<\/p>\n<h2 id=\"ftoc-heading-6\" class=\"ftwp-heading\"><span class=\"ez-toc-section\" id=\"Cau_tao_khuon_duc_cao_su\"><\/span>C\u1ea5u t\u1ea1o khu\u00f4n \u0111\u00fac cao su<span class=\"ez-toc-section-end\"><\/span><\/h2>\n<p>Khu\u00f4n \u0111\u00fac cao su\u00a0g\u1ed3m 3 b\u1ed9 ph\u1eadn ch\u00ednh l\u00e0:<\/p>\n<ul>\n<li>Khu\u00f4n tr\u00ean, khu\u00f4n d\u01b0\u1edbi<\/li>\n<\/ul>\n<p>\u0110\u00e2y \u0111\u01b0\u1ee3c coi l\u00e0 b\u1ed9 ph\u1eadn ch\u00ednh c\u1ee7a khu\u00f4n. Khi v\u1eadt li\u1ec7u \u0111\u01b0\u1ee3c cho v\u00e0o khu\u00f4n, b\u1ed9 ph\u1eadn n\u00e0y s\u1ebd \u00e9p v\u1eadt li\u1ec7u, gi\u00fap c\u00e1c v\u1eadt li\u1ec7u \u0111i \u0111\u1ebfn c\u00e1c chi ti\u1ebft, t\u1eeb \u0111\u00f3 t\u1ea1o ra s\u1ea3n ph\u1ea9m ho\u00e0n ch\u1ec9nh.<\/p>\n<ul>\n<li>D\u1eabn h\u01b0\u1edbng khu\u00f4n: B\u1ed9 ph\u1eadn gi\u00fap khu\u00f4n tr\u00ean v\u00e0 khu\u00f4n d\u01b0\u1edbi \u0103n kh\u1edbp v\u1edbi nhau. Th\u01b0\u1eddng \u0111\u01b0\u1ee3c g\u1eafn \u1edf khu\u00f4n tr\u00ean.<\/li>\n<li>Tai khu\u00f4n: B\u1ed9 ph\u1eadn n\u00e0y gi\u00fap cho ng\u01b0\u1eddi gia c\u00f4ng d\u1ec5 d\u00e0ng m\u1edf khu\u00f4n, l\u1ea5y v\u1eadt li\u1ec7u ra khi ch\u00fang \u0111\u00e3 tr\u1edf th\u00e0nh th\u00e0nh ph\u1ea9m. Th\u01b0\u1eddng \u0111\u01b0\u1ee3c g\u1eafn \u1edf khu\u00f4n tr\u00ean.<\/li>\n<\/ul>\n<h2 id=\"ftoc-heading-7\" class=\"ftwp-heading\"><span class=\"ez-toc-section\" id=\"Uu_va_nhuoc_diem_cua_khuon_duc_cao_su\"><\/span>\u01afu v\u00e0 nh\u01b0\u1ee3c \u0111i\u1ec3m c\u1ee7a khu\u00f4n \u0111\u00fac cao su<span class=\"ez-toc-section-end\"><\/span><\/h2>\n<p>Khu\u00f4n \u0111\u00fac cao su\u00a0l\u00e0 m\u1ed9t trong nh\u1eefng\u00a0s\u1ea3n ph\u1ea9m phay CNC\u00a0\u0111\u01b0\u1ee3c s\u1eed d\u1ee5ng ng\u00e0y c\u00e0ng ph\u1ed5 bi\u1ebfn hi\u1ec7n nay b\u1edfi nh\u1eefng \u01b0u \u0111i\u1ec3m m\u00e0 ch\u00fang mang l\u1ea1i nh\u01b0:<\/p>\n<ul>\n<li>C\u00f3 th\u1ec3 t\u1ef1 \u0111\u1ed9ng n\u1ea1p nguy\u00ean li\u1ec7u v\u00e0 gia c\u00f4ng.<\/li>\n<li>S\u1ea3n ph\u1ea9m gia c\u00f4ng t\u1eeb khu\u00f4n c\u00f3 \u0111\u1ed9 ch\u00ednh x\u00e1c cao.<\/li>\n<li>C\u00f3 t\u00ednh nh\u1ea5t qu\u00e1n cao v\u00e0 c\u00f3 th\u1ec3 l\u1eb7p \u0111i l\u1eb7p l\u1ea1i quy tr\u00ecnh nhi\u1ec1u l\u1ea7n.<\/li>\n<li>\u0110\u00fac \u0111\u01b0\u1ee3c c\u00e1c s\u1ea3n ph\u1ea9m c\u00f3 thi\u1ebft k\u1ebf ph\u1ee9c t\u1ea1p.<\/li>\n<li>Ti\u1ebft ki\u1ec7m chi ph\u00ed khi s\u1eed d\u1ee5ng l\u00e2u d\u00e0i.<\/li>\n<li>Nhanh, ti\u1ec7n l\u1ee3i, ti\u1ebft ki\u1ec7m th\u1eddi gian.<\/li>\n<\/ul>\n<p>B\u00ean c\u1ea1nh \u0111\u00f3 ch\u00fang c\u0169ng c\u00f3 kh\u00f4ng \u00edt nh\u1eefng nh\u01b0\u1ee3c \u0111i\u1ec3m:<\/p>\n<ul>\n<li>Chi ph\u00ed \u0111\u1ea7u t\u01b0 cho khu\u00f4n cao b\u1edfi quy tr\u00ecnh gia c\u00f4ng khu\u00f4n kh\u00e1 ph\u1ee9c t\u1ea1p.<\/li>\n<li>Ch\u1ec9 th\u00edch h\u1ee3p cho c\u00e1c s\u1ea3n ph\u1ea9m c\u00f3 s\u1ed1 l\u01b0\u1ee3ng l\u1edbn.<\/li>\n<li>H\u1ea1n ch\u1ebf m\u1ed9t s\u1ed1 lo\u1ea1i cao su kh\u00f4ng th\u1ec3 gia c\u00f4ng b\u1eb1ng lo\u1ea1i khu\u00f4n n\u00e0y.<\/li>\n<\/ul>\n<h2 id=\"ftoc-heading-8\" class=\"ftwp-heading\"><span class=\"ez-toc-section\" id=\"Cac_tieu_chi_can_quan_tam_de_danh_gia_chat_luong_cua_khuon_duc_cao_su\"><\/span>C\u00e1c ti\u00eau ch\u00ed c\u1ea7n quan t\u00e2m \u0111\u1ec3 \u0111\u00e1nh gi\u00e1 ch\u1ea5t l\u01b0\u1ee3ng c\u1ee7a khu\u00f4n \u0111\u00fac cao su<span class=\"ez-toc-section-end\"><\/span><\/h2>\n<p>C\u00e1c lo\u1ea1i khu\u00f4n hi\u1ec7n nay th\u01b0\u1eddng \u0111\u01b0\u1ee3c gia c\u00f4ng b\u1edfi\u00a0m\u00e1y CNC l\u00e0m khu\u00f4n m\u1eabu\u00a0hi\u1ec7n \u0111\u1ea1i. Gi\u00fap khu\u00f4n c\u00f3 \u0111\u1ed9 ch\u00ednh x\u00e1c cao v\u00e0 \u0111\u1ea1t c\u00e1c y\u00eau c\u1ea7u k\u1ef9 thu\u1eadt.<\/p>\n<p>H\u01a1n n\u1eefa, \u0111\u1ec3 gia c\u00f4ng s\u1ea3n ph\u1ea9m \u0111\u1ea1t ti\u00eau chu\u1ea9n ch\u1ea5t l\u01b0\u1ee3ng cao, b\u1ea1n c\u1ea7n n\u1eafm r\u00f5 nh\u1eefng ti\u00eau ch\u00ed d\u01b0\u1edbi \u0111\u00e2y \u0111\u1ec3 t\u1ea1o ra \u0111\u01b0\u1ee3c lo\u1ea1i khu\u00f4n ph\u00f9 h\u1ee3p nh\u1ea5t:<\/p>\n<ul>\n<li>K\u1ef9 n\u0103ng thi\u1ebft k\u1ebf: s\u1ea3n ph\u1ea9m \u0111\u01b0\u1ee3c t\u1ea1o ra ph\u1ea3i \u0111\u00fang v\u1edbi b\u1ea3n thi\u1ebft k\u1ebf. Ngo\u00e0i ra c\u1ea7n ki\u1ec3m tra v\u1eadt li\u1ec7u, nhi\u1ec7t \u0111\u1ed9 v\u00e0 kh\u1ea3 n\u0103ng ph\u1ea3n \u1ee9ng.<\/li>\n<li>Y\u00eau c\u1ea7u \u0111\u1ed9 ch\u00ednh x\u00e1c cao: s\u1ea3n ph\u1ea9m \u0111\u1ea3m b\u1ea3o \u0111\u01b0\u1ee3c c\u00e1c th\u00f4ng s\u1ed1 \u0111\u00e3 \u0111\u1ec1 ra. Tr\u00e1nh t\u00ecnh tr\u1ea1ng khu\u00f4n c\u00f3 nhi\u1ec1u sai s\u1ed1 d\u1eabn \u0111\u1ebfn s\u1ea3n ph\u1ea9m gia c\u00f4ng b\u1ecb l\u1ed7i, kh\u00f4ng \u0111\u1ea1t y\u00eau c\u1ea7u.<\/li>\n<li>B\u00ean trong khu\u00f4n ph\u1ea3i tr\u01a1n, b\u00f3ng: V\u00ec n\u1ebfu b\u00ean trong khu\u00f4n kh\u00f4ng \u0111\u01b0\u1ee3c tr\u01a1n, v\u1eadt li\u1ec7u \u00e9p t\u1eeb khu\u00f4n s\u1ebd b\u1ecb h\u01b0 h\u1ecfng v\u00e0 thi\u1ebfu t\u00ednh th\u1ea9m m\u1ef9.<\/li>\n<li>K\u00edch th\u01b0\u1edbc r\u00e3nh tho\u00e1t kh\u00ed ph\u00f9 h\u1ee3p: Sau khi \u0111\u00fac, v\u1eadt li\u1ec7u d\u01b0 th\u1eeba s\u1ebd t\u1eeb r\u00e3nh tho\u00e1t kh\u00ed v\u01a1i ra ngo\u00e0i. N\u1ebfu r\u00e3nh qu\u00e1 l\u1edbn ho\u1eb7c nh\u1ecf s\u1ebd g\u00e2y kh\u00f3 kh\u0103n khi \u0111\u00fac. \u0111\u1ed9 r\u1ed9ng 4 mm; s\u00e2u 0,5 mm l\u00e0 ph\u00f9 h\u1ee3p.<\/li>\n<li>L\u01b0\u1ee1i c\u1eaft v\u1ec9a s\u1eaft b\u00e9n: Gi\u00fap qu\u00e1 tr\u00ecnh c\u1eaft v\u1ec9a \u0111\u01b0\u1ee3c d\u1ec5 d\u00e0ng h\u01a1n.<\/li>\n<li>N\u1ea1y khu\u00f4n: d\u00e0i 30mm l\u00e0 ph\u00f9 h\u1ee3p.<\/li>\n<\/ul>\n<h2 id=\"ftoc-heading-9\" class=\"ftwp-heading\"><span class=\"ez-toc-section\" id=\"Quy_trinh_gia_cong_san_pham_bang_khuon_duc_cao_su\"><\/span>Quy tr\u00ecnh gia c\u00f4ng s\u1ea3n ph\u1ea9m b\u1eb1ng khu\u00f4n \u0111\u00fac cao su<span class=\"ez-toc-section-end\"><\/span><\/h2>\n<ol>\n<li>V\u1eadt li\u1ec7u s\u1eed d\u1ee5ng l\u00e0 cao su th\u00f4, ch\u01b0a qua x\u1eed l\u00fd ho\u1eb7c v\u1eadt li\u1ec7u c\u00f3 \u0111\u1ed9 \u0111\u00e0n h\u1ed3i. Quy tr\u00ecnh \u0111\u00fac t\u1ea1o ra c\u00e1c s\u1ea3n ph\u1ea9m cao su b\u1eb1ng c\u00e1ch \u00e9p m\u1ed9t kh\u1ed1i v\u1eadt li\u1ec7u th\u00f4 (cao su ho\u1eb7c v\u1eadt li\u1ec7u \u0111\u00e0n h\u1ed3i) v\u00e0o khu\u00f4n. Sau \u0111\u00f3 v\u1eadt li\u1ec7u \u0111\u01b0\u1ee3c ti\u1ebfp x\u00fac v\u1edbi nhi\u1ec7t.<\/li>\n<li>L\u00fac n\u00e0y, ph\u1ea3n \u1ee9ng h\u00f3a h\u1ecdc x\u1ea3y ra. \u0110i\u1ec1u n\u00e0y l\u00e0m cho v\u1eadt li\u1ec7u x\u1ea3y ra li\u00ean k\u1ebft ch\u00e9o gi\u00fap n\u00f3 \u0111\u00f4ng l\u1ea1i v\u00e0 c\u1ee9ng c\u00e1p h\u01a1n. Qu\u00e1 tr\u00ecnh n\u00e0y c\u00f3 th\u1ec3 l\u1eb7p \u0111i l\u1eb7p l\u1ea1i nhi\u1ec1u l\u1ea7n.<\/li>\n<li>V\u1edbi nhi\u1ec1u \u1ee9ng d\u1ee5ng ph\u1ed5 bi\u1ebfn ph\u1ee5c v\u1ee5 cho \u0111a d\u1ea1ng c\u00e1c l\u0129nh v\u1ef1c hi\u1ec7n nay, khu\u00f4n \u0111\u00fac cao su ng\u00e0y c\u00e0ng \u0111\u01b0\u1ee3c ch\u00fa tr\u1ecdng \u0111\u1ea7u t\u01b0.<\/li>\n<li>Do \u0111\u00f3 \u0111\u1ec3 khu\u00f4n \u0111\u1ea1t ti\u00eau chu\u1ea9n v\u1edbi \u0111\u1ed9 ch\u00ednh x\u00e1c cao, ch\u00fang n\u00ean \u0111\u01b0\u1ee3c gia c\u00f4ng b\u1eb1ng c\u00e1c lo\u1ea1i m\u00e1y CNC. Ch\u00fang kh\u00f4ng nh\u1eefng gi\u00fap gia t\u0103ng \u0111\u1ed9 ch\u00ednh x\u00e1c s\u1ea3n ph\u1ea9m m\u00e0 c\u00f2n c\u00f3 th\u1ec3 gia c\u00f4ng khu\u00f4n s\u1ed1 l\u01b0\u1ee3ng l\u1edbn trong th\u1eddi gian ng\u1eafn.<\/li>\n<li>H\u01a1n n\u1eefa qu\u00e1 tr\u00ecnh gia c\u00f4ng c\u0169ng \u0111\u01b0\u1ee3c r\u00fat ng\u1eafn v\u00e0 ti\u1ebft ki\u1ec7m chi ph\u00ed h\u01a1n so v\u1edbi th\u1ef1c hi\u1ec7n tr\u00ean c\u00e1c lo\u1ea1i m\u00e1y th\u00f4ng th\u01b0\u1eddng.<\/li>\n<li>M\u00e1y CNC nh\u1eadp kh\u1ea9u chuy\u00ean cung c\u1ea5p c\u00e1c lo\u1ea1i\u00a0m\u00e1y CNC\u00a0nh\u01b0 m\u00e1y phay CNC, m\u00e1y ti\u1ec7n CNC,\u2026 v\u1edbi c\u00e1c c\u00f4ng d\u1ee5ng kh\u00e1c nhau c\u00f3 th\u1ec3 gi\u00fap doanh nghi\u1ec7p gia c\u00f4ng khu\u00f4n ch\u1ea5t l\u01b0\u1ee3ng cao.<\/li>\n<li>Ch\u00fang t\u00f4i c\u00f2n h\u1ed7 tr\u1ee3 doanh nghi\u1ec7p b\u1ea3o h\u00e0nh b\u1ea3o d\u01b0\u1ee1ng, chuy\u1ec3n giao c\u00f4ng ngh\u1ec7, v\u1eadn chuy\u1ec3n t\u1eadn x\u01b0\u1edfng,\u2026.<\/li>\n<\/ol>\n","protected":false},"excerpt":{"rendered":"<p>Khu\u00f4n \u0111\u00fac cao su l\u00e0 g\u00ec? Khu\u00f4n \u0111\u00fac cao su\u00a0l\u00e0 m\u1ed9t trong nh\u1eefng lo\u1ea1i\u00a0khu\u00f4n m\u1eabu\u00a0gi\u00fap \u0111\u1ecbnh h\u00ecnh c\u00e1c s\u1ea3n ph\u1ea9m c\u00f3 ch\u1ea5t li\u1ec7u t\u1eeb cao su. Khu\u00f4n gi\u00fap h\u1ed7 tr\u1ee3 qu\u00e1 tr\u00ecnh \u0111\u00fac c\u00e1c nguy\u00ean li\u1ec7u cao su ho\u1eb7c nguy\u00ean li\u1ec7u c\u00f3 \u0111\u1ed9 \u0111\u00e0n h\u1ed3i t\u1eeb v\u1eadt li\u1ec7u th\u00f4 th\u00e0nh c\u00e1c s\u1ea3n ph\u1ea9m ho\u00e0n ch\u1ec9nh&#8230;.<\/p>\n","protected":false},"featured_media":2943,"comment_status":"open","ping_status":"closed","template":"","meta":[],"product_cat":[181,192],"product_tag":[],"yoast_head":"<!-- This site is optimized with the Yoast SEO plugin v20.9 - https:\/\/yoast.com\/wordpress\/plugins\/seo\/ -->\n<title>Khu\u00f4n \u0111\u00fac cao su - Phong V\u0169<\/title>\n<meta name=\"robots\" content=\"index, follow, max-snippet:-1, max-image-preview:large, max-video-preview:-1\" \/>\n<link rel=\"canonical\" href=\"https:\/\/web.webrt.net\/phongvu\/?product=khuon-duc-cao-su\" \/>\n<meta property=\"og:locale\" content=\"vi_VN\" \/>\n<meta property=\"og:type\" content=\"article\" \/>\n<meta property=\"og:title\" content=\"Khu\u00f4n \u0111\u00fac cao su - Phong V\u0169\" \/>\n<meta property=\"og:description\" content=\"Khu\u00f4n \u0111\u00fac cao su l\u00e0 g\u00ec? Khu\u00f4n \u0111\u00fac cao su\u00a0l\u00e0 m\u1ed9t trong nh\u1eefng lo\u1ea1i\u00a0khu\u00f4n m\u1eabu\u00a0gi\u00fap \u0111\u1ecbnh h\u00ecnh c\u00e1c s\u1ea3n ph\u1ea9m c\u00f3 ch\u1ea5t li\u1ec7u t\u1eeb cao su. Khu\u00f4n gi\u00fap h\u1ed7 tr\u1ee3 qu\u00e1 tr\u00ecnh \u0111\u00fac c\u00e1c nguy\u00ean li\u1ec7u cao su ho\u1eb7c nguy\u00ean li\u1ec7u c\u00f3 \u0111\u1ed9 \u0111\u00e0n h\u1ed3i t\u1eeb v\u1eadt li\u1ec7u th\u00f4 th\u00e0nh c\u00e1c s\u1ea3n ph\u1ea9m ho\u00e0n ch\u1ec9nh....\" \/>\n<meta property=\"og:url\" content=\"https:\/\/web.webrt.net\/phongvu\/?product=khuon-duc-cao-su\" \/>\n<meta property=\"og:site_name\" content=\"Phong V\u0169\" \/>\n<meta property=\"article:modified_time\" content=\"2023-07-15T02:51:07+00:00\" \/>\n<meta property=\"og:image\" content=\"https:\/\/web.webrt.net\/phongvu\/wp-content\/uploads\/2023\/06\/Khuon-duc-cao-su-10.jpg\" \/>\n\t<meta property=\"og:image:width\" content=\"800\" \/>\n\t<meta property=\"og:image:height\" content=\"450\" \/>\n\t<meta property=\"og:image:type\" content=\"image\/jpeg\" \/>\n<meta name=\"twitter:card\" content=\"summary_large_image\" \/>\n<meta name=\"twitter:label1\" content=\"\u01af\u1edbc t\u00ednh th\u1eddi gian \u0111\u1ecdc\" \/>\n\t<meta name=\"twitter:data1\" content=\"6 ph\u00fat\" \/>\n<script type=\"application\/ld+json\" class=\"yoast-schema-graph\">{\"@context\":\"https:\/\/schema.org\",\"@graph\":[{\"@type\":\"WebPage\",\"@id\":\"https:\/\/web.webrt.net\/phongvu\/?product=khuon-duc-cao-su\",\"url\":\"https:\/\/web.webrt.net\/phongvu\/?product=khuon-duc-cao-su\",\"name\":\"Khu\u00f4n \u0111\u00fac cao su - Phong V\u0169\",\"isPartOf\":{\"@id\":\"https:\/\/web.webrt.net\/phongvu\/#website\"},\"datePublished\":\"2023-06-22T08:25:37+00:00\",\"dateModified\":\"2023-07-15T02:51:07+00:00\",\"breadcrumb\":{\"@id\":\"https:\/\/web.webrt.net\/phongvu\/?product=khuon-duc-cao-su#breadcrumb\"},\"inLanguage\":\"vi\",\"potentialAction\":[{\"@type\":\"ReadAction\",\"target\":[\"https:\/\/web.webrt.net\/phongvu\/?product=khuon-duc-cao-su\"]}]},{\"@type\":\"BreadcrumbList\",\"@id\":\"https:\/\/web.webrt.net\/phongvu\/?product=khuon-duc-cao-su#breadcrumb\",\"itemListElement\":[{\"@type\":\"ListItem\",\"position\":1,\"name\":\"Trang ch\u1ee7\",\"item\":\"https:\/\/web.webrt.net\/phongvu\/\"},{\"@type\":\"ListItem\",\"position\":2,\"name\":\"S\u1ea3n ph\u1ea9m\",\"item\":\"https:\/\/web.webrt.net\/phongvu\/?post_type=product\"},{\"@type\":\"ListItem\",\"position\":3,\"name\":\"Khu\u00f4n \u0111\u00fac cao su\"}]},{\"@type\":\"WebSite\",\"@id\":\"https:\/\/web.webrt.net\/phongvu\/#website\",\"url\":\"https:\/\/web.webrt.net\/phongvu\/\",\"name\":\"Phong V\u0169\",\"description\":\"\",\"potentialAction\":[{\"@type\":\"SearchAction\",\"target\":{\"@type\":\"EntryPoint\",\"urlTemplate\":\"https:\/\/web.webrt.net\/phongvu\/?s={search_term_string}\"},\"query-input\":\"required name=search_term_string\"}],\"inLanguage\":\"vi\"}]}<\/script>\n<!-- \/ Yoast SEO plugin. -->","yoast_head_json":{"title":"Khu\u00f4n \u0111\u00fac cao su - Phong V\u0169","robots":{"index":"index","follow":"follow","max-snippet":"max-snippet:-1","max-image-preview":"max-image-preview:large","max-video-preview":"max-video-preview:-1"},"canonical":"https:\/\/web.webrt.net\/phongvu\/?product=khuon-duc-cao-su","og_locale":"vi_VN","og_type":"article","og_title":"Khu\u00f4n \u0111\u00fac cao su - Phong V\u0169","og_description":"Khu\u00f4n \u0111\u00fac cao su l\u00e0 g\u00ec? Khu\u00f4n \u0111\u00fac cao su\u00a0l\u00e0 m\u1ed9t trong nh\u1eefng lo\u1ea1i\u00a0khu\u00f4n m\u1eabu\u00a0gi\u00fap \u0111\u1ecbnh h\u00ecnh c\u00e1c s\u1ea3n ph\u1ea9m c\u00f3 ch\u1ea5t li\u1ec7u t\u1eeb cao su. Khu\u00f4n gi\u00fap h\u1ed7 tr\u1ee3 qu\u00e1 tr\u00ecnh \u0111\u00fac c\u00e1c nguy\u00ean li\u1ec7u cao su ho\u1eb7c nguy\u00ean li\u1ec7u c\u00f3 \u0111\u1ed9 \u0111\u00e0n h\u1ed3i t\u1eeb v\u1eadt li\u1ec7u th\u00f4 th\u00e0nh c\u00e1c s\u1ea3n ph\u1ea9m ho\u00e0n ch\u1ec9nh....","og_url":"https:\/\/web.webrt.net\/phongvu\/?product=khuon-duc-cao-su","og_site_name":"Phong V\u0169","article_modified_time":"2023-07-15T02:51:07+00:00","og_image":[{"width":800,"height":450,"url":"https:\/\/web.webrt.net\/phongvu\/wp-content\/uploads\/2023\/06\/Khuon-duc-cao-su-10.jpg","type":"image\/jpeg"}],"twitter_card":"summary_large_image","twitter_misc":{"\u01af\u1edbc t\u00ednh th\u1eddi gian \u0111\u1ecdc":"6 ph\u00fat"},"schema":{"@context":"https:\/\/schema.org","@graph":[{"@type":"WebPage","@id":"https:\/\/web.webrt.net\/phongvu\/?product=khuon-duc-cao-su","url":"https:\/\/web.webrt.net\/phongvu\/?product=khuon-duc-cao-su","name":"Khu\u00f4n \u0111\u00fac cao su - Phong V\u0169","isPartOf":{"@id":"https:\/\/web.webrt.net\/phongvu\/#website"},"datePublished":"2023-06-22T08:25:37+00:00","dateModified":"2023-07-15T02:51:07+00:00","breadcrumb":{"@id":"https:\/\/web.webrt.net\/phongvu\/?product=khuon-duc-cao-su#breadcrumb"},"inLanguage":"vi","potentialAction":[{"@type":"ReadAction","target":["https:\/\/web.webrt.net\/phongvu\/?product=khuon-duc-cao-su"]}]},{"@type":"BreadcrumbList","@id":"https:\/\/web.webrt.net\/phongvu\/?product=khuon-duc-cao-su#breadcrumb","itemListElement":[{"@type":"ListItem","position":1,"name":"Trang ch\u1ee7","item":"https:\/\/web.webrt.net\/phongvu\/"},{"@type":"ListItem","position":2,"name":"S\u1ea3n ph\u1ea9m","item":"https:\/\/web.webrt.net\/phongvu\/?post_type=product"},{"@type":"ListItem","position":3,"name":"Khu\u00f4n \u0111\u00fac cao su"}]},{"@type":"WebSite","@id":"https:\/\/web.webrt.net\/phongvu\/#website","url":"https:\/\/web.webrt.net\/phongvu\/","name":"Phong V\u0169","description":"","potentialAction":[{"@type":"SearchAction","target":{"@type":"EntryPoint","urlTemplate":"https:\/\/web.webrt.net\/phongvu\/?s={search_term_string}"},"query-input":"required name=search_term_string"}],"inLanguage":"vi"}]}},"_links":{"self":[{"href":"https:\/\/web.webrt.net\/phongvu\/index.php?rest_route=\/wp\/v2\/product\/2942"}],"collection":[{"href":"https:\/\/web.webrt.net\/phongvu\/index.php?rest_route=\/wp\/v2\/product"}],"about":[{"href":"https:\/\/web.webrt.net\/phongvu\/index.php?rest_route=\/wp\/v2\/types\/product"}],"replies":[{"embeddable":true,"href":"https:\/\/web.webrt.net\/phongvu\/index.php?rest_route=%2Fwp%2Fv2%2Fcomments&post=2942"}],"wp:featuredmedia":[{"embeddable":true,"href":"https:\/\/web.webrt.net\/phongvu\/index.php?rest_route=\/wp\/v2\/media\/2943"}],"wp:attachment":[{"href":"https:\/\/web.webrt.net\/phongvu\/index.php?rest_route=%2Fwp%2Fv2%2Fmedia&parent=2942"}],"wp:term":[{"taxonomy":"product_cat","embeddable":true,"href":"https:\/\/web.webrt.net\/phongvu\/index.php?rest_route=%2Fwp%2Fv2%2Fproduct_cat&post=2942"},{"taxonomy":"product_tag","embeddable":true,"href":"https:\/\/web.webrt.net\/phongvu\/index.php?rest_route=%2Fwp%2Fv2%2Fproduct_tag&post=2942"}],"curies":[{"name":"wp","href":"https:\/\/api.w.org\/{rel}","templated":true}]}}