{"id":3043,"date":"2023-06-23T09:41:48","date_gmt":"2023-06-23T09:41:48","guid":{"rendered":"https:\/\/web.webrt.net\/phongvu\/?page_id=3043"},"modified":"2023-06-23T09:41:48","modified_gmt":"2023-06-23T09:41:48","slug":"chinh-sach-va-quy-dinh-chung","status":"publish","type":"page","link":"https:\/\/web.webrt.net\/phongvu\/?page_id=3043","title":{"rendered":"CH\u00cdNH S\u00c1CH V\u00c0 QUY \u0110\u1ecaNH CHUNG"},"content":{"rendered":"<h2>Ch\u00ednh s\u00e1ch v\u00e0 quy \u0111\u1ecbnh chung<\/h2>\n<p>Nh\u1eb1m \u0111\u00e1p \u1ee9ng t\u1ed1i \u0111a y\u00eau c\u1ea7u c\u1ee7a kh\u00e1ch h\u00e0ng v\u1ec1 ch\u1ea5t l\u01b0\u1ee3ng s\u1ea3n ph\u1ea9m v\u00e0 d\u1ecbch v\u1ee5. Phong V\u0169 lu\u00f4n ho\u00e0n thi\u1ec7n c\u00e1c ch\u00ednh s\u00e1ch d\u00e0nh cho kh\u00e1ch h\u00e0ng v\u1edbi nh\u1eefng cam k\u1ebft sau:<\/p>\n<p>\u2013 Lu\u00f4n mang \u0111\u1ebfn cho Qu\u00fd kh\u00e1ch h\u00e0ng nh\u1eefng s\u1ea3n ph\u1ea9m ch\u1ea5t l\u01b0\u1ee3ng nh\u1ea5t<br \/>\n\u2013 S\u1ea3n ph\u1ea9m \u0111\u01b0\u1ee3c s\u1ea3n xu\u1ea5t d\u1ef1a tr\u00ean c\u00f4ng ngh\u1ec7 cao, ti\u00ean ti\u1ebfn, hi\u1ec7u qu\u1ea3 khi s\u1eed d\u1ee5ng<br \/>\n\u2013 Ch\u1eef t\u00edn lu\u00f4n \u0111\u01b0\u1ee3c \u0111\u1eb7t l\u00ean h\u00e0ng \u0111\u1ea7u, lu\u00f4n \u0111\u1ee9ng v\u1ec1 ph\u00eda kh\u00e1ch h\u00e0ng \u0111\u1ec3 th\u1ea5u hi\u1ec3u<br \/>\n\u2013 \u0110i k\u00e8m v\u1edbi ch\u1ea5t l\u01b0\u1ee3ng t\u1ed1t, gi\u00e1 c\u1ea3 c\u1ea1nh tranh nh\u1ea5t l\u00e0 nh\u1eefng d\u1ecbch v\u1ee5 ho\u00e0n h\u1ea3o tr\u01b0\u1edbc v\u00e0 sau b\u00e1n h\u00e0ng<\/p>\n<h2>Quy \u0111\u1ecbnh v\u1ec1 ngh\u0129a v\u1ee5 c\u1ee7a ng\u01b0\u1eddi b\u00e1n v\u00e0 ng\u01b0\u1eddi mua.<\/h2>\n<p>\u2013 Ngh\u0129a v\u1ee5 c\u1ee7a ng\u01b0\u1eddi b\u00e1n:<\/p>\n<p>+ T\u01b0 v\u1ea5n, h\u01b0\u1edbng d\u1eabn t\u1ea5t c\u1ea3 c\u00e1c th\u00f4ng tin li\u00ean quan t\u1edbi s\u1ea3n ph\u1ea9m \u0111\u1ec3 ng\u01b0\u1eddi mua hi\u1ec3u v\u00e0 c\u00f3 th\u1ec3 s\u1eed d\u1ee5ng d\u1ecbch v\u1ee5.<br \/>\n+ Cung c\u1ea5p \u0111\u1ea7y \u0111\u1ee7 s\u1ea3n ph\u1ea9m cho ng\u01b0\u1eddi mua \u0111\u00fang th\u1eddi h\u1ea1n v\u00e0 s\u1ed1 l\u01b0\u1ee3ng sau khi ng\u01b0\u1eddi mua \u0111\u00e3 thanh to\u00e1n \u0111\u1ea7y \u0111\u1ee7 cho ng\u01b0\u1eddi b\u00e1n.<br \/>\n+ H\u1ed7 tr\u1ee3 ng\u01b0\u1eddi mua trong vi\u1ec7c gi\u1ea3i quy\u1ebft c\u00e1c khi\u1ebfu n\u1ea1i, th\u1eafc m\u1eafc v\u00e0 nh\u1eefng kh\u00f3 kh\u0103n trong qu\u00e1 tr\u00ecnh s\u1eed d\u1ee5ng s\u1ea3n ph\u1ea9m.<br \/>\n+ Cung c\u1ea5p c\u00e1c ch\u1ee9ng t\u1eeb li\u00ean quan t\u1edbi vi\u1ec7c ng\u01b0\u1eddi mua thanh to\u00e1n cho ng\u01b0\u1eddi b\u00e1n nh\u01b0 phi\u1ebfu thu, h\u00f3a \u0111\u01a1n,\u2026 v\u1edbi t\u1ed5ng s\u1ed1 ti\u1ec1n m\u00e0 ng\u01b0\u1eddi mua \u0111\u00e3 \u0111\u1eb7t trong th\u00e1ng theo y\u00eau c\u1ea7u.<\/p>\n<p>\u2013 Ngh\u0129a v\u1ee5 c\u1ee7a ng\u01b0\u1eddi mua:<\/p>\n<p>+ Th\u1ef1c hi\u1ec7n \u0111\u00fang c\u00e1c quy tr\u00ecnh, quy \u0111\u1ecbnh li\u00ean quan t\u1edbi d\u1ecbch v\u1ee5 do ng\u01b0\u1eddi b\u00e1n quy \u0111\u1ecbnh.<br \/>\n+ Thanh to\u00e1n cho ng\u01b0\u1eddi b\u00e1n \u0111\u1ea7y \u0111\u1ee7 s\u1ed1 ti\u1ec1n theo \u0111\u01a1n \u0111\u1eb7t h\u00e0ng k\u00e8m theo c\u00e1c ch\u1ee9ng t\u1eeb, h\u00f3a \u0111\u01a1n theo quy \u0111\u1ecbnh (N\u1ebfu c\u00f3).<br \/>\n+ H\u1ed7 tr\u1ee3 v\u00e0 cung c\u1ea5p th\u00f4ng tin \u0111\u1ea7y \u0111\u1ee7 cho ng\u01b0\u1eddi b\u00e1n li\u00ean quan t\u1edbi c\u00e1c giao d\u1ecbch khi ng\u01b0\u1eddi b\u00e1n c\u00f3 y\u00eau c\u1ea7u.<\/p>\n<div class=\"blog-share text-center\"><\/div>\n","protected":false},"excerpt":{"rendered":"<p>Ch\u00ednh s\u00e1ch v\u00e0 quy \u0111\u1ecbnh chung Nh\u1eb1m \u0111\u00e1p \u1ee9ng t\u1ed1i \u0111a y\u00eau c\u1ea7u c\u1ee7a kh\u00e1ch h\u00e0ng v\u1ec1 ch\u1ea5t l\u01b0\u1ee3ng s\u1ea3n ph\u1ea9m v\u00e0 d\u1ecbch v\u1ee5. Phong V\u0169 lu\u00f4n ho\u00e0n thi\u1ec7n c\u00e1c ch\u00ednh s\u00e1ch d\u00e0nh cho kh\u00e1ch h\u00e0ng v\u1edbi nh\u1eefng cam k\u1ebft sau: \u2013 Lu\u00f4n mang \u0111\u1ebfn cho Qu\u00fd kh\u00e1ch h\u00e0ng nh\u1eefng s\u1ea3n ph\u1ea9m ch\u1ea5t l\u01b0\u1ee3ng nh\u1ea5t&#8230;<\/p>\n","protected":false},"author":1,"featured_media":2811,"parent":0,"menu_order":0,"comment_status":"closed","ping_status":"closed","template":"","meta":[],"yoast_head":"<!-- This site is optimized with the Yoast SEO plugin v20.9 - https:\/\/yoast.com\/wordpress\/plugins\/seo\/ -->\n<title>Phong V\u0169<\/title>\n<meta name=\"robots\" content=\"index, follow, max-snippet:-1, max-image-preview:large, max-video-preview:-1\" \/>\n<link rel=\"canonical\" href=\"https:\/\/web.webrt.net\/phongvu\/?page_id=3043\" \/>\n<meta property=\"og:locale\" content=\"vi_VN\" \/>\n<meta property=\"og:type\" content=\"article\" \/>\n<meta property=\"og:title\" content=\"Phong V\u0169\" \/>\n<meta property=\"og:description\" content=\"Ch\u00ednh s\u00e1ch v\u00e0 quy \u0111\u1ecbnh chung Nh\u1eb1m \u0111\u00e1p \u1ee9ng t\u1ed1i \u0111a y\u00eau c\u1ea7u c\u1ee7a kh\u00e1ch h\u00e0ng v\u1ec1 ch\u1ea5t l\u01b0\u1ee3ng s\u1ea3n ph\u1ea9m v\u00e0 d\u1ecbch v\u1ee5. Phong V\u0169 lu\u00f4n ho\u00e0n thi\u1ec7n c\u00e1c ch\u00ednh s\u00e1ch d\u00e0nh cho kh\u00e1ch h\u00e0ng v\u1edbi nh\u1eefng cam k\u1ebft sau: \u2013 Lu\u00f4n mang \u0111\u1ebfn cho Qu\u00fd kh\u00e1ch h\u00e0ng nh\u1eefng s\u1ea3n ph\u1ea9m ch\u1ea5t l\u01b0\u1ee3ng nh\u1ea5t...\" \/>\n<meta property=\"og:url\" content=\"https:\/\/web.webrt.net\/phongvu\/?page_id=3043\" \/>\n<meta property=\"og:site_name\" content=\"Phong V\u0169\" \/>\n<meta property=\"og:image\" content=\"https:\/\/web.webrt.net\/phongvu\/wp-content\/uploads\/2023\/06\/gallery_2.png\" \/>\n\t<meta property=\"og:image:width\" content=\"416\" \/>\n\t<meta property=\"og:image:height\" content=\"277\" \/>\n\t<meta property=\"og:image:type\" content=\"image\/png\" \/>\n<meta name=\"twitter:card\" content=\"summary_large_image\" \/>\n<meta name=\"twitter:label1\" content=\"\u01af\u1edbc t\u00ednh th\u1eddi gian \u0111\u1ecdc\" \/>\n\t<meta name=\"twitter:data1\" content=\"2 ph\u00fat\" \/>\n<script type=\"application\/ld+json\" class=\"yoast-schema-graph\">{\"@context\":\"https:\/\/schema.org\",\"@graph\":[{\"@type\":\"WebPage\",\"@id\":\"https:\/\/web.webrt.net\/phongvu\/?page_id=3043\",\"url\":\"https:\/\/web.webrt.net\/phongvu\/?page_id=3043\",\"name\":\"Phong V\u0169\",\"isPartOf\":{\"@id\":\"https:\/\/web.webrt.net\/phongvu\/#website\"},\"datePublished\":\"2023-06-23T09:41:48+00:00\",\"dateModified\":\"2023-06-23T09:41:48+00:00\",\"breadcrumb\":{\"@id\":\"https:\/\/web.webrt.net\/phongvu\/?page_id=3043#breadcrumb\"},\"inLanguage\":\"vi\",\"potentialAction\":[{\"@type\":\"ReadAction\",\"target\":[\"https:\/\/web.webrt.net\/phongvu\/?page_id=3043\"]}]},{\"@type\":\"BreadcrumbList\",\"@id\":\"https:\/\/web.webrt.net\/phongvu\/?page_id=3043#breadcrumb\",\"itemListElement\":[{\"@type\":\"ListItem\",\"position\":1,\"name\":\"Trang ch\u1ee7\",\"item\":\"https:\/\/web.webrt.net\/phongvu\/\"},{\"@type\":\"ListItem\",\"position\":2,\"name\":\"CH\u00cdNH S\u00c1CH V\u00c0 QUY \u0110\u1ecaNH CHUNG\"}]},{\"@type\":\"WebSite\",\"@id\":\"https:\/\/web.webrt.net\/phongvu\/#website\",\"url\":\"https:\/\/web.webrt.net\/phongvu\/\",\"name\":\"Phong V\u0169\",\"description\":\"\",\"potentialAction\":[{\"@type\":\"SearchAction\",\"target\":{\"@type\":\"EntryPoint\",\"urlTemplate\":\"https:\/\/web.webrt.net\/phongvu\/?s={search_term_string}\"},\"query-input\":\"required name=search_term_string\"}],\"inLanguage\":\"vi\"}]}<\/script>\n<!-- \/ Yoast SEO plugin. -->","yoast_head_json":{"title":"Phong V\u0169","robots":{"index":"index","follow":"follow","max-snippet":"max-snippet:-1","max-image-preview":"max-image-preview:large","max-video-preview":"max-video-preview:-1"},"canonical":"https:\/\/web.webrt.net\/phongvu\/?page_id=3043","og_locale":"vi_VN","og_type":"article","og_title":"Phong V\u0169","og_description":"Ch\u00ednh s\u00e1ch v\u00e0 quy \u0111\u1ecbnh chung Nh\u1eb1m \u0111\u00e1p \u1ee9ng t\u1ed1i \u0111a y\u00eau c\u1ea7u c\u1ee7a kh\u00e1ch h\u00e0ng v\u1ec1 ch\u1ea5t l\u01b0\u1ee3ng s\u1ea3n ph\u1ea9m v\u00e0 d\u1ecbch v\u1ee5. Phong V\u0169 lu\u00f4n ho\u00e0n thi\u1ec7n c\u00e1c ch\u00ednh s\u00e1ch d\u00e0nh cho kh\u00e1ch h\u00e0ng v\u1edbi nh\u1eefng cam k\u1ebft sau: \u2013 Lu\u00f4n mang \u0111\u1ebfn cho Qu\u00fd kh\u00e1ch h\u00e0ng nh\u1eefng s\u1ea3n ph\u1ea9m ch\u1ea5t l\u01b0\u1ee3ng nh\u1ea5t...","og_url":"https:\/\/web.webrt.net\/phongvu\/?page_id=3043","og_site_name":"Phong V\u0169","og_image":[{"width":416,"height":277,"url":"https:\/\/web.webrt.net\/phongvu\/wp-content\/uploads\/2023\/06\/gallery_2.png","type":"image\/png"}],"twitter_card":"summary_large_image","twitter_misc":{"\u01af\u1edbc t\u00ednh th\u1eddi gian \u0111\u1ecdc":"2 ph\u00fat"},"schema":{"@context":"https:\/\/schema.org","@graph":[{"@type":"WebPage","@id":"https:\/\/web.webrt.net\/phongvu\/?page_id=3043","url":"https:\/\/web.webrt.net\/phongvu\/?page_id=3043","name":"Phong V\u0169","isPartOf":{"@id":"https:\/\/web.webrt.net\/phongvu\/#website"},"datePublished":"2023-06-23T09:41:48+00:00","dateModified":"2023-06-23T09:41:48+00:00","breadcrumb":{"@id":"https:\/\/web.webrt.net\/phongvu\/?page_id=3043#breadcrumb"},"inLanguage":"vi","potentialAction":[{"@type":"ReadAction","target":["https:\/\/web.webrt.net\/phongvu\/?page_id=3043"]}]},{"@type":"BreadcrumbList","@id":"https:\/\/web.webrt.net\/phongvu\/?page_id=3043#breadcrumb","itemListElement":[{"@type":"ListItem","position":1,"name":"Trang ch\u1ee7","item":"https:\/\/web.webrt.net\/phongvu\/"},{"@type":"ListItem","position":2,"name":"CH\u00cdNH S\u00c1CH V\u00c0 QUY \u0110\u1ecaNH CHUNG"}]},{"@type":"WebSite","@id":"https:\/\/web.webrt.net\/phongvu\/#website","url":"https:\/\/web.webrt.net\/phongvu\/","name":"Phong V\u0169","description":"","potentialAction":[{"@type":"SearchAction","target":{"@type":"EntryPoint","urlTemplate":"https:\/\/web.webrt.net\/phongvu\/?s={search_term_string}"},"query-input":"required name=search_term_string"}],"inLanguage":"vi"}]}},"_links":{"self":[{"href":"https:\/\/web.webrt.net\/phongvu\/index.php?rest_route=\/wp\/v2\/pages\/3043"}],"collection":[{"href":"https:\/\/web.webrt.net\/phongvu\/index.php?rest_route=\/wp\/v2\/pages"}],"about":[{"href":"https:\/\/web.webrt.net\/phongvu\/index.php?rest_route=\/wp\/v2\/types\/page"}],"author":[{"embeddable":true,"href":"https:\/\/web.webrt.net\/phongvu\/index.php?rest_route=\/wp\/v2\/users\/1"}],"replies":[{"embeddable":true,"href":"https:\/\/web.webrt.net\/phongvu\/index.php?rest_route=%2Fwp%2Fv2%2Fcomments&post=3043"}],"version-history":[{"count":1,"href":"https:\/\/web.webrt.net\/phongvu\/index.php?rest_route=\/wp\/v2\/pages\/3043\/revisions"}],"predecessor-version":[{"id":3044,"href":"https:\/\/web.webrt.net\/phongvu\/index.php?rest_route=\/wp\/v2\/pages\/3043\/revisions\/3044"}],"wp:featuredmedia":[{"embeddable":true,"href":"https:\/\/web.webrt.net\/phongvu\/index.php?rest_route=\/wp\/v2\/media\/2811"}],"wp:attachment":[{"href":"https:\/\/web.webrt.net\/phongvu\/index.php?rest_route=%2Fwp%2Fv2%2Fmedia&parent=3043"}],"curies":[{"name":"wp","href":"https:\/\/api.w.org\/{rel}","templated":true}]}}