{"id":3041,"date":"2023-06-23T09:41:12","date_gmt":"2023-06-23T09:41:12","guid":{"rendered":"https:\/\/web.webrt.net\/phongvu\/?page_id=3041"},"modified":"2023-06-23T09:41:12","modified_gmt":"2023-06-23T09:41:12","slug":"chinh-sach-mua-hang-va-thanh-toan","status":"publish","type":"page","link":"https:\/\/web.webrt.net\/phongvu\/?page_id=3041","title":{"rendered":"CH\u00cdNH S\u00c1CH MUA H\u00c0NG V\u00c0 THANH TO\u00c1N"},"content":{"rendered":"<h1 class=\"t_packing\">Ch\u00ednh s\u00e1ch mua h\u00e0ng v\u00e0 thanh to\u00e1n c\u1ee7a C\u00d4NG TY TNHH S\u1ea2N XU\u1ea4T TH\u01af\u01a0NG M\u1ea0I PHONG V\u0168<\/h1>\n<h2>1. T\u00ecm hi\u1ec3u s\u1ea3n ph\u1ea9m<\/h2>\n<ul>\n<li>Xem t\u1ea1i website: T\u1ea5t c\u1ea3 s\u1ea3n ph\u1ea9m c\u1ee7a c\u00f4ng ty cung c\u1ea5p s\u1ebd \u0111\u01b0\u1ee3c c\u1eadp nh\u1eadt \u0111\u1ea7y \u0111\u1ee7 tr\u00ean website: phongvu-cnc.com<\/li>\n<li>Xem t\u1ea1i x\u01b0\u1edfng: C\u00e1c kh\u00e1ch h\u00e0ng c\u00f3 nhu c\u1ea7u xem tr\u1ef1c ti\u1ebfp c\u00f3 th\u1ec3 gh\u00e9 th\u0103m Th\u00f4n C\u1ef1u Qu\u00e1n, X\u00e3 \u0110\u1ee9c TH\u01b0\u1ee3ng, Ho\u00e0i \u0110\u1ee9c, T.P H\u00e0 N\u1ed9i. T\u1ea1i \u0111\u00e2y ch\u00fang t\u00f4i s\u1ebd t\u01b0 v\u1ea5n tr\u1ef1c ti\u1ebfp t\u1eebng s\u1ea3n ph\u1ea9m cho qu\u00fd kh\u00e1ch.<\/li>\n<\/ul>\n<h2>2. Ch\u1ecdn mua s\u1ea3n ph\u1ea9m<\/h2>\n<ul>\n<li>Mua t\u1ea1i website: Xem v\u00e0 ch\u1ecdn m\u00e3 s\u1ea3n ph\u1ea9m c\u1ea7n mua, li\u00ean h\u1ec7 v\u1edbi ch\u00fang t\u00f4i theo Hotline \u0111\u1ec3 \u0111\u01b0\u1ee3c t\u01b0 v\u1ea5n v\u00e0 b\u00e1o gi\u00e1.<\/li>\n<li>Mua t\u1ea1i x\u01b0\u1edfng: Kh\u00e1ch h\u00e0ng mua tr\u1ef1c ti\u1ebfp t\u1eeb x\u01b0\u1edfng s\u1ea3n xu\u1ea5t s\u1ebd \u0111\u01b0\u1ee3c th\u0103m quan, l\u1ef1a ch\u1ecdn nhi\u1ec1u d\u00f2ng s\u1ea3n ph\u1ea9m kh\u00e1c nhau.<\/li>\n<\/ul>\n<h2>3. Ch\u1ecdn h\u00ecnh th\u1ee9c thanh to\u00e1n<\/h2>\n<ul>\n<li>Thanh to\u00e1n tr\u1ef1c ti\u1ebfp b\u1eb1ng ti\u1ec1n m\u1eb7t: qu\u00fd kh\u00e1ch h\u00e0ng c\u00f3 th\u1ec3 \u0111\u1ebfn xem s\u1ea3n ph\u1ea9m v\u00e0 thanh to\u00e1n tr\u1ef1c ti\u1ebfp b\u1eb1ng ti\u1ec1n m\u1eb7t t\u1ea1i x\u01b0\u1edfng.<\/li>\n<li>Thanh to\u00e1n qua th\u1ebb ng\u00e2n h\u00e0ng<\/li>\n<\/ul>\n<p>S\u1ed1 t\u00e0i kho\u1ea3n: \u0110ang c\u1eadp nh\u1eadt<\/p>\n<p>Ch\u1ee7 t\u00e0i kho\u1ea3n: \u0110ang c\u1eadp nh\u1eadt<\/p>\n<p>&nbsp;<\/p>\n<p>* L\u01b0u \u00fd: Qu\u00fd kh\u00e1ch vui l\u00f2ng ki\u1ec3m tra k\u1ef9 s\u1ea3n ph\u1ea9m khi nh\u1eadn h\u00e0ng. Ch\u00fang t\u00f4i ch\u1ec9 nh\u1eadn \u0111\u1ed5i tr\u1ea3 c\u00e1c s\u1ea3n ph\u1ea9m do l\u1ed7i s\u1ea3n xu\u1ea5t, v\u00e0 kh\u00f4ng b\u1ecb tr\u1ea7y s\u01b0\u1edbc, h\u01b0 h\u1ecfng\u2026<\/p>\n","protected":false},"excerpt":{"rendered":"<p>Ch\u00ednh s\u00e1ch mua h\u00e0ng v\u00e0 thanh to\u00e1n c\u1ee7a C\u00d4NG TY TNHH S\u1ea2N XU\u1ea4T TH\u01af\u01a0NG M\u1ea0I PHONG V\u0168 1. T\u00ecm hi\u1ec3u s\u1ea3n ph\u1ea9m Xem t\u1ea1i website: T\u1ea5t c\u1ea3 s\u1ea3n ph\u1ea9m c\u1ee7a c\u00f4ng ty cung c\u1ea5p s\u1ebd \u0111\u01b0\u1ee3c c\u1eadp nh\u1eadt \u0111\u1ea7y \u0111\u1ee7 tr\u00ean website: phongvu-cnc.com Xem t\u1ea1i x\u01b0\u1edfng: C\u00e1c kh\u00e1ch h\u00e0ng c\u00f3 nhu c\u1ea7u xem tr\u1ef1c ti\u1ebfp&#8230;<\/p>\n","protected":false},"author":1,"featured_media":2810,"parent":0,"menu_order":0,"comment_status":"closed","ping_status":"closed","template":"","meta":[],"yoast_head":"<!-- This site is optimized with the Yoast SEO plugin v20.9 - https:\/\/yoast.com\/wordpress\/plugins\/seo\/ -->\n<title>Phong V\u0169<\/title>\n<meta name=\"robots\" content=\"index, follow, max-snippet:-1, max-image-preview:large, max-video-preview:-1\" \/>\n<link rel=\"canonical\" href=\"https:\/\/web.webrt.net\/phongvu\/?page_id=3041\" \/>\n<meta property=\"og:locale\" content=\"vi_VN\" \/>\n<meta property=\"og:type\" content=\"article\" \/>\n<meta property=\"og:title\" content=\"Phong V\u0169\" \/>\n<meta property=\"og:description\" content=\"Ch\u00ednh s\u00e1ch mua h\u00e0ng v\u00e0 thanh to\u00e1n c\u1ee7a C\u00d4NG TY TNHH S\u1ea2N XU\u1ea4T TH\u01af\u01a0NG M\u1ea0I PHONG V\u0168 1. T\u00ecm hi\u1ec3u s\u1ea3n ph\u1ea9m Xem t\u1ea1i website: T\u1ea5t c\u1ea3 s\u1ea3n ph\u1ea9m c\u1ee7a c\u00f4ng ty cung c\u1ea5p s\u1ebd \u0111\u01b0\u1ee3c c\u1eadp nh\u1eadt \u0111\u1ea7y \u0111\u1ee7 tr\u00ean website: phongvu-cnc.com Xem t\u1ea1i x\u01b0\u1edfng: C\u00e1c kh\u00e1ch h\u00e0ng c\u00f3 nhu c\u1ea7u xem tr\u1ef1c ti\u1ebfp...\" \/>\n<meta property=\"og:url\" content=\"https:\/\/web.webrt.net\/phongvu\/?page_id=3041\" \/>\n<meta property=\"og:site_name\" content=\"Phong V\u0169\" \/>\n<meta property=\"og:image\" content=\"https:\/\/web.webrt.net\/phongvu\/wp-content\/uploads\/2023\/06\/gallery_1.png\" \/>\n\t<meta property=\"og:image:width\" content=\"407\" \/>\n\t<meta property=\"og:image:height\" content=\"278\" \/>\n\t<meta property=\"og:image:type\" content=\"image\/png\" \/>\n<meta name=\"twitter:card\" content=\"summary_large_image\" \/>\n<meta name=\"twitter:label1\" content=\"\u01af\u1edbc t\u00ednh th\u1eddi gian \u0111\u1ecdc\" \/>\n\t<meta name=\"twitter:data1\" content=\"2 ph\u00fat\" \/>\n<script type=\"application\/ld+json\" class=\"yoast-schema-graph\">{\"@context\":\"https:\/\/schema.org\",\"@graph\":[{\"@type\":\"WebPage\",\"@id\":\"https:\/\/web.webrt.net\/phongvu\/?page_id=3041\",\"url\":\"https:\/\/web.webrt.net\/phongvu\/?page_id=3041\",\"name\":\"Phong V\u0169\",\"isPartOf\":{\"@id\":\"https:\/\/web.webrt.net\/phongvu\/#website\"},\"datePublished\":\"2023-06-23T09:41:12+00:00\",\"dateModified\":\"2023-06-23T09:41:12+00:00\",\"breadcrumb\":{\"@id\":\"https:\/\/web.webrt.net\/phongvu\/?page_id=3041#breadcrumb\"},\"inLanguage\":\"vi\",\"potentialAction\":[{\"@type\":\"ReadAction\",\"target\":[\"https:\/\/web.webrt.net\/phongvu\/?page_id=3041\"]}]},{\"@type\":\"BreadcrumbList\",\"@id\":\"https:\/\/web.webrt.net\/phongvu\/?page_id=3041#breadcrumb\",\"itemListElement\":[{\"@type\":\"ListItem\",\"position\":1,\"name\":\"Trang ch\u1ee7\",\"item\":\"https:\/\/web.webrt.net\/phongvu\/\"},{\"@type\":\"ListItem\",\"position\":2,\"name\":\"CH\u00cdNH S\u00c1CH MUA H\u00c0NG V\u00c0 THANH TO\u00c1N\"}]},{\"@type\":\"WebSite\",\"@id\":\"https:\/\/web.webrt.net\/phongvu\/#website\",\"url\":\"https:\/\/web.webrt.net\/phongvu\/\",\"name\":\"Phong V\u0169\",\"description\":\"\",\"potentialAction\":[{\"@type\":\"SearchAction\",\"target\":{\"@type\":\"EntryPoint\",\"urlTemplate\":\"https:\/\/web.webrt.net\/phongvu\/?s={search_term_string}\"},\"query-input\":\"required name=search_term_string\"}],\"inLanguage\":\"vi\"}]}<\/script>\n<!-- \/ Yoast SEO plugin. -->","yoast_head_json":{"title":"Phong V\u0169","robots":{"index":"index","follow":"follow","max-snippet":"max-snippet:-1","max-image-preview":"max-image-preview:large","max-video-preview":"max-video-preview:-1"},"canonical":"https:\/\/web.webrt.net\/phongvu\/?page_id=3041","og_locale":"vi_VN","og_type":"article","og_title":"Phong V\u0169","og_description":"Ch\u00ednh s\u00e1ch mua h\u00e0ng v\u00e0 thanh to\u00e1n c\u1ee7a C\u00d4NG TY TNHH S\u1ea2N XU\u1ea4T TH\u01af\u01a0NG M\u1ea0I PHONG V\u0168 1. T\u00ecm hi\u1ec3u s\u1ea3n ph\u1ea9m Xem t\u1ea1i website: T\u1ea5t c\u1ea3 s\u1ea3n ph\u1ea9m c\u1ee7a c\u00f4ng ty cung c\u1ea5p s\u1ebd \u0111\u01b0\u1ee3c c\u1eadp nh\u1eadt \u0111\u1ea7y \u0111\u1ee7 tr\u00ean website: phongvu-cnc.com Xem t\u1ea1i x\u01b0\u1edfng: C\u00e1c kh\u00e1ch h\u00e0ng c\u00f3 nhu c\u1ea7u xem tr\u1ef1c ti\u1ebfp...","og_url":"https:\/\/web.webrt.net\/phongvu\/?page_id=3041","og_site_name":"Phong V\u0169","og_image":[{"width":407,"height":278,"url":"https:\/\/web.webrt.net\/phongvu\/wp-content\/uploads\/2023\/06\/gallery_1.png","type":"image\/png"}],"twitter_card":"summary_large_image","twitter_misc":{"\u01af\u1edbc t\u00ednh th\u1eddi gian \u0111\u1ecdc":"2 ph\u00fat"},"schema":{"@context":"https:\/\/schema.org","@graph":[{"@type":"WebPage","@id":"https:\/\/web.webrt.net\/phongvu\/?page_id=3041","url":"https:\/\/web.webrt.net\/phongvu\/?page_id=3041","name":"Phong V\u0169","isPartOf":{"@id":"https:\/\/web.webrt.net\/phongvu\/#website"},"datePublished":"2023-06-23T09:41:12+00:00","dateModified":"2023-06-23T09:41:12+00:00","breadcrumb":{"@id":"https:\/\/web.webrt.net\/phongvu\/?page_id=3041#breadcrumb"},"inLanguage":"vi","potentialAction":[{"@type":"ReadAction","target":["https:\/\/web.webrt.net\/phongvu\/?page_id=3041"]}]},{"@type":"BreadcrumbList","@id":"https:\/\/web.webrt.net\/phongvu\/?page_id=3041#breadcrumb","itemListElement":[{"@type":"ListItem","position":1,"name":"Trang ch\u1ee7","item":"https:\/\/web.webrt.net\/phongvu\/"},{"@type":"ListItem","position":2,"name":"CH\u00cdNH S\u00c1CH MUA H\u00c0NG V\u00c0 THANH TO\u00c1N"}]},{"@type":"WebSite","@id":"https:\/\/web.webrt.net\/phongvu\/#website","url":"https:\/\/web.webrt.net\/phongvu\/","name":"Phong V\u0169","description":"","potentialAction":[{"@type":"SearchAction","target":{"@type":"EntryPoint","urlTemplate":"https:\/\/web.webrt.net\/phongvu\/?s={search_term_string}"},"query-input":"required name=search_term_string"}],"inLanguage":"vi"}]}},"_links":{"self":[{"href":"https:\/\/web.webrt.net\/phongvu\/index.php?rest_route=\/wp\/v2\/pages\/3041"}],"collection":[{"href":"https:\/\/web.webrt.net\/phongvu\/index.php?rest_route=\/wp\/v2\/pages"}],"about":[{"href":"https:\/\/web.webrt.net\/phongvu\/index.php?rest_route=\/wp\/v2\/types\/page"}],"author":[{"embeddable":true,"href":"https:\/\/web.webrt.net\/phongvu\/index.php?rest_route=\/wp\/v2\/users\/1"}],"replies":[{"embeddable":true,"href":"https:\/\/web.webrt.net\/phongvu\/index.php?rest_route=%2Fwp%2Fv2%2Fcomments&post=3041"}],"version-history":[{"count":1,"href":"https:\/\/web.webrt.net\/phongvu\/index.php?rest_route=\/wp\/v2\/pages\/3041\/revisions"}],"predecessor-version":[{"id":3042,"href":"https:\/\/web.webrt.net\/phongvu\/index.php?rest_route=\/wp\/v2\/pages\/3041\/revisions\/3042"}],"wp:featuredmedia":[{"embeddable":true,"href":"https:\/\/web.webrt.net\/phongvu\/index.php?rest_route=\/wp\/v2\/media\/2810"}],"wp:attachment":[{"href":"https:\/\/web.webrt.net\/phongvu\/index.php?rest_route=%2Fwp%2Fv2%2Fmedia&parent=3041"}],"curies":[{"name":"wp","href":"https:\/\/api.w.org\/{rel}","templated":true}]}}