{"id":3035,"date":"2023-06-23T09:39:10","date_gmt":"2023-06-23T09:39:10","guid":{"rendered":"https:\/\/web.webrt.net\/phongvu\/?page_id=3035"},"modified":"2023-06-23T09:39:10","modified_gmt":"2023-06-23T09:39:10","slug":"chinh-sach-doi-tra","status":"publish","type":"page","link":"https:\/\/web.webrt.net\/phongvu\/?page_id=3035","title":{"rendered":"CH\u00cdNH S\u00c1CH \u0110\u1ed4I TR\u1ea2"},"content":{"rendered":"<h2>1. \u0110i\u1ec1u ki\u1ec7n \u0111\u1ed5i h\u00e0ng<\/h2>\n<ul>\n<li>Th\u1eddi gian \u0111\u1ed5i h\u00e0ng trong v\u00f2ng 03 ng\u00e0y k\u1ec3 t\u1eeb ng\u00e0y mua h\u00e0ng.<\/li>\n<li>H\u00e0ng \u0111\u1ed5i ph\u1ea3i c\u00f2n nguy\u00ean tem, nh\u00e3n m\u00e1c, ch\u01b0a qua s\u1eed d\u1ee5ng v\u00e0 c\u00f3 h\u00f3a \u0111\u01a1n mua h\u00e0ng k\u00e8m theo\u00a0 ( khi b\u00e1n h\u00e0ng NVBH ph\u1ea3i n\u00f3i cho kh\u00e1ch bi\u1ebft)<\/li>\n<li>Kh\u00e1ch h\u00e0ng \u0111\u01b0\u1ee3c \u0111\u1ed5i s\u1ea3n ph\u1ea9m theo y\u00eau c\u1ea7u k\u00edch c\u1ee1 ho\u1eb7c ki\u1ec3u d\u00e1ng ho\u1eb7c do l\u1ed7i s\u1ea3n xu\u1ea5t.<\/li>\n<li>H\u00e0ng \u0111\u1ed5i ch\u1ec9 \u00e1p d\u1ee5ng v\u1edbi c\u00e1c s\u1ea3n ph\u1ea9m nguy\u00ean gi\u00e1 ho\u1eb7c \u0111\u01b0\u1ee3c gi\u1ea3m gi\u00e1 theo h\u00ecnh th\u1ee9c th\u1ebb qu\u00e0 t\u1eb7ng. Kh\u00f4ng \u0111\u1ed5i s\u1ea3n ph\u1ea9m \u0111\u00e3 \u0111\u01b0\u1ee3c \u0111\u1ed5i m\u1ed9t l\u1ea7n tr\u01b0\u1edbc \u0111\u00f3, tr\u1eeb tr\u01b0\u1eddng h\u1ee3p s\u1ea3n ph\u1ea9m \u0111\u00f3 l\u1ea1i g\u1eb7p l\u1ed7i k\u1ef9 thu\u1eadt.<\/li>\n<\/ul>\n<h2>2. Gi\u00e1 tr\u1ecb h\u00e0ng \u0111\u1ed5i:<\/h2>\n<ul>\n<li>S\u1ea3n ph\u1ea9m \u0111\u1ed5i ph\u1ea3i c\u00f3 gi\u00e1 tr\u1ecb t\u01b0\u01a1ng \u0111\u01b0\u01a1ng ho\u1eb7c cao h\u01a1n gi\u00e1 tr\u1ecb h\u00e0ng \u0111\u00e3 mua tr\u01b0\u1edbc \u0111\u00f3.<\/li>\n<\/ul>\n<h2>3. Th\u1eddi gian gi\u1ea3i quy\u1ebft vi\u1ec7c \u0111\u1ed5i h\u00e0ng<\/h2>\n<ul>\n<li>S\u1ea3n ph\u1ea9m \u0111\u1ed5i ngay gi\u1ea3i quy\u1ebft kh\u00f4ng qu\u00e1 01 ng\u00e0y ( 24h)<\/li>\n<li>S\u1ea3n ph\u1ea9m c\u1ea7n th\u1ea9m \u0111\u1ecbnh do l\u1ed7i s\u1ea3n xu\u1ea5t gi\u1ea3i quy\u1ebft kh\u00f4ng qu\u00e1 03 ng\u00e0y (tr\u1eeb Ch\u1ee7 nh\u1eadt v\u00e0 c\u00e1c ng\u00e0y ngh\u1ec9 l\u1ec5)<\/li>\n<\/ul>\n<h2>4. Nh\u1eefng tr\u01b0\u1eddng h\u1ee3p t\u1eeb ch\u1ed1i \u0111\u1ed5i h\u00e0ng:<\/h2>\n<ul>\n<li>Kh\u00f4ng \u0111\u00e1p \u1ee9ng c\u00e1c \u0111i\u1ec1u ki\u1ec7n \u0111\u1ed5i h\u00e0ng nh\u01b0 \u0111\u00e3 n\u00eau tr\u00ean.<\/li>\n<li>H\u00e0ng mua qu\u00e1 03 ng\u00e0y.<\/li>\n<li>H\u00e0ng nh\u00ecn c\u00f2n m\u1edbi, c\u00f2n nguy\u00ean tem m\u00e1c nh\u01b0ng c\u00f3 d\u1ea5u hi\u1ec7u b\u1ecb b\u1ea9n, b\u1ecb tr\u1ea7y x\u01b0\u1edbc, c\u00e1c ph\u1ee5 ki\u1ec7n c\u1ee7a h\u00e0ng kh\u00f4ng c\u00f2n \u0111\u1ea7y \u0111\u1ee7 ho\u1eb7c b\u1ecb h\u01b0 h\u1ea1i do c\u00e1c t\u00e1c nh\u00e2n b\u00ean ngo\u00e0i sau khi mua.<\/li>\n<li>S\u1ea3n ph\u1ea9m b\u1ecb h\u1ecfng do l\u1ed7i ph\u00eda kh\u00e1ch h\u00e0ng.<\/li>\n<li>S\u1ea3n ph\u1ea9m b\u1ecb h\u1ecfng do s\u1eeda ch\u1eefa.<\/li>\n<li>Kh\u00e1ch h\u00e0ng kh\u00f4ng \u0111\u01b0\u1ee3c \u0111\u1ed5i l\u1ea1i s\u1ea3n ph\u1ea9m khi s\u1ea3n ph\u1ea9m kh\u00f4ng c\u00f3 b\u1ea5t k\u00ec l\u1ed7i k\u0129 thu\u1eadt n\u00e0o.<\/li>\n<li>Ho\u00e0n Ti\u1ec1n : Trong tr\u01b0\u1eddng h\u1ee3p s\u1ea3n ph\u1ea9m c\u1ee7a\u00a0Phong V\u0169\u00a0khi giao t\u1edbi kh\u00e1ch h\u00e0ng v\u00e0 b\u1ecb l\u1ed7i k\u1ef9 thu\u1eadt kh\u00e1ch h\u00e0ng c\u00f3 th\u1ec3 y\u00eau c\u1ea7u \u0111\u1ed5i s\u1ea3n ph\u1ea9m m\u1edbi ho\u1eb7c khi hai b\u00ean kh\u00f4ng \u0111\u1ea1t \u0111\u01b0\u1ee3c th\u1ecfa thu\u1eadn v\u1ec1 \u0111\u1ed5i h\u00e0ng, kh\u00e1ch h\u00e0ng c\u00f3 th\u1ec3 ho\u00e0n l\u1ea1i ti\u1ec1n \u0111\u00e3 tr\u1ea3.<\/li>\n<\/ul>\n","protected":false},"excerpt":{"rendered":"<p>1. \u0110i\u1ec1u ki\u1ec7n \u0111\u1ed5i h\u00e0ng Th\u1eddi gian \u0111\u1ed5i h\u00e0ng trong v\u00f2ng 03 ng\u00e0y k\u1ec3 t\u1eeb ng\u00e0y mua h\u00e0ng. H\u00e0ng \u0111\u1ed5i ph\u1ea3i c\u00f2n nguy\u00ean tem, nh\u00e3n m\u00e1c, ch\u01b0a qua s\u1eed d\u1ee5ng v\u00e0 c\u00f3 h\u00f3a \u0111\u01a1n mua h\u00e0ng k\u00e8m theo\u00a0 ( khi b\u00e1n h\u00e0ng NVBH ph\u1ea3i n\u00f3i cho kh\u00e1ch bi\u1ebft) Kh\u00e1ch h\u00e0ng \u0111\u01b0\u1ee3c \u0111\u1ed5i s\u1ea3n ph\u1ea9m theo&#8230;<\/p>\n","protected":false},"author":1,"featured_media":2813,"parent":0,"menu_order":0,"comment_status":"closed","ping_status":"closed","template":"","meta":[],"yoast_head":"<!-- This site is optimized with the Yoast SEO plugin v20.9 - https:\/\/yoast.com\/wordpress\/plugins\/seo\/ -->\n<title>Phong V\u0169<\/title>\n<meta name=\"robots\" content=\"index, follow, max-snippet:-1, max-image-preview:large, max-video-preview:-1\" \/>\n<link rel=\"canonical\" href=\"https:\/\/web.webrt.net\/phongvu\/?page_id=3035\" \/>\n<meta property=\"og:locale\" content=\"vi_VN\" \/>\n<meta property=\"og:type\" content=\"article\" \/>\n<meta property=\"og:title\" content=\"Phong V\u0169\" \/>\n<meta property=\"og:description\" content=\"1. \u0110i\u1ec1u ki\u1ec7n \u0111\u1ed5i h\u00e0ng Th\u1eddi gian \u0111\u1ed5i h\u00e0ng trong v\u00f2ng 03 ng\u00e0y k\u1ec3 t\u1eeb ng\u00e0y mua h\u00e0ng. H\u00e0ng \u0111\u1ed5i ph\u1ea3i c\u00f2n nguy\u00ean tem, nh\u00e3n m\u00e1c, ch\u01b0a qua s\u1eed d\u1ee5ng v\u00e0 c\u00f3 h\u00f3a \u0111\u01a1n mua h\u00e0ng k\u00e8m theo\u00a0 ( khi b\u00e1n h\u00e0ng NVBH ph\u1ea3i n\u00f3i cho kh\u00e1ch bi\u1ebft) Kh\u00e1ch h\u00e0ng \u0111\u01b0\u1ee3c \u0111\u1ed5i s\u1ea3n ph\u1ea9m theo...\" \/>\n<meta property=\"og:url\" content=\"https:\/\/web.webrt.net\/phongvu\/?page_id=3035\" \/>\n<meta property=\"og:site_name\" content=\"Phong V\u0169\" \/>\n<meta property=\"og:image\" content=\"https:\/\/web.webrt.net\/phongvu\/wp-content\/uploads\/2023\/06\/gallery_4.png\" \/>\n\t<meta property=\"og:image:width\" content=\"416\" \/>\n\t<meta property=\"og:image:height\" content=\"278\" \/>\n\t<meta property=\"og:image:type\" content=\"image\/png\" \/>\n<meta name=\"twitter:card\" content=\"summary_large_image\" \/>\n<meta name=\"twitter:label1\" content=\"\u01af\u1edbc t\u00ednh th\u1eddi gian \u0111\u1ecdc\" \/>\n\t<meta name=\"twitter:data1\" content=\"3 ph\u00fat\" \/>\n<script type=\"application\/ld+json\" class=\"yoast-schema-graph\">{\"@context\":\"https:\/\/schema.org\",\"@graph\":[{\"@type\":\"WebPage\",\"@id\":\"https:\/\/web.webrt.net\/phongvu\/?page_id=3035\",\"url\":\"https:\/\/web.webrt.net\/phongvu\/?page_id=3035\",\"name\":\"Phong V\u0169\",\"isPartOf\":{\"@id\":\"https:\/\/web.webrt.net\/phongvu\/#website\"},\"datePublished\":\"2023-06-23T09:39:10+00:00\",\"dateModified\":\"2023-06-23T09:39:10+00:00\",\"breadcrumb\":{\"@id\":\"https:\/\/web.webrt.net\/phongvu\/?page_id=3035#breadcrumb\"},\"inLanguage\":\"vi\",\"potentialAction\":[{\"@type\":\"ReadAction\",\"target\":[\"https:\/\/web.webrt.net\/phongvu\/?page_id=3035\"]}]},{\"@type\":\"BreadcrumbList\",\"@id\":\"https:\/\/web.webrt.net\/phongvu\/?page_id=3035#breadcrumb\",\"itemListElement\":[{\"@type\":\"ListItem\",\"position\":1,\"name\":\"Trang ch\u1ee7\",\"item\":\"https:\/\/web.webrt.net\/phongvu\/\"},{\"@type\":\"ListItem\",\"position\":2,\"name\":\"CH\u00cdNH S\u00c1CH \u0110\u1ed4I TR\u1ea2\"}]},{\"@type\":\"WebSite\",\"@id\":\"https:\/\/web.webrt.net\/phongvu\/#website\",\"url\":\"https:\/\/web.webrt.net\/phongvu\/\",\"name\":\"Phong V\u0169\",\"description\":\"\",\"potentialAction\":[{\"@type\":\"SearchAction\",\"target\":{\"@type\":\"EntryPoint\",\"urlTemplate\":\"https:\/\/web.webrt.net\/phongvu\/?s={search_term_string}\"},\"query-input\":\"required name=search_term_string\"}],\"inLanguage\":\"vi\"}]}<\/script>\n<!-- \/ Yoast SEO plugin. -->","yoast_head_json":{"title":"Phong V\u0169","robots":{"index":"index","follow":"follow","max-snippet":"max-snippet:-1","max-image-preview":"max-image-preview:large","max-video-preview":"max-video-preview:-1"},"canonical":"https:\/\/web.webrt.net\/phongvu\/?page_id=3035","og_locale":"vi_VN","og_type":"article","og_title":"Phong V\u0169","og_description":"1. \u0110i\u1ec1u ki\u1ec7n \u0111\u1ed5i h\u00e0ng Th\u1eddi gian \u0111\u1ed5i h\u00e0ng trong v\u00f2ng 03 ng\u00e0y k\u1ec3 t\u1eeb ng\u00e0y mua h\u00e0ng. H\u00e0ng \u0111\u1ed5i ph\u1ea3i c\u00f2n nguy\u00ean tem, nh\u00e3n m\u00e1c, ch\u01b0a qua s\u1eed d\u1ee5ng v\u00e0 c\u00f3 h\u00f3a \u0111\u01a1n mua h\u00e0ng k\u00e8m theo\u00a0 ( khi b\u00e1n h\u00e0ng NVBH ph\u1ea3i n\u00f3i cho kh\u00e1ch bi\u1ebft) Kh\u00e1ch h\u00e0ng \u0111\u01b0\u1ee3c \u0111\u1ed5i s\u1ea3n ph\u1ea9m theo...","og_url":"https:\/\/web.webrt.net\/phongvu\/?page_id=3035","og_site_name":"Phong V\u0169","og_image":[{"width":416,"height":278,"url":"https:\/\/web.webrt.net\/phongvu\/wp-content\/uploads\/2023\/06\/gallery_4.png","type":"image\/png"}],"twitter_card":"summary_large_image","twitter_misc":{"\u01af\u1edbc t\u00ednh th\u1eddi gian \u0111\u1ecdc":"3 ph\u00fat"},"schema":{"@context":"https:\/\/schema.org","@graph":[{"@type":"WebPage","@id":"https:\/\/web.webrt.net\/phongvu\/?page_id=3035","url":"https:\/\/web.webrt.net\/phongvu\/?page_id=3035","name":"Phong V\u0169","isPartOf":{"@id":"https:\/\/web.webrt.net\/phongvu\/#website"},"datePublished":"2023-06-23T09:39:10+00:00","dateModified":"2023-06-23T09:39:10+00:00","breadcrumb":{"@id":"https:\/\/web.webrt.net\/phongvu\/?page_id=3035#breadcrumb"},"inLanguage":"vi","potentialAction":[{"@type":"ReadAction","target":["https:\/\/web.webrt.net\/phongvu\/?page_id=3035"]}]},{"@type":"BreadcrumbList","@id":"https:\/\/web.webrt.net\/phongvu\/?page_id=3035#breadcrumb","itemListElement":[{"@type":"ListItem","position":1,"name":"Trang ch\u1ee7","item":"https:\/\/web.webrt.net\/phongvu\/"},{"@type":"ListItem","position":2,"name":"CH\u00cdNH S\u00c1CH \u0110\u1ed4I TR\u1ea2"}]},{"@type":"WebSite","@id":"https:\/\/web.webrt.net\/phongvu\/#website","url":"https:\/\/web.webrt.net\/phongvu\/","name":"Phong V\u0169","description":"","potentialAction":[{"@type":"SearchAction","target":{"@type":"EntryPoint","urlTemplate":"https:\/\/web.webrt.net\/phongvu\/?s={search_term_string}"},"query-input":"required name=search_term_string"}],"inLanguage":"vi"}]}},"_links":{"self":[{"href":"https:\/\/web.webrt.net\/phongvu\/index.php?rest_route=\/wp\/v2\/pages\/3035"}],"collection":[{"href":"https:\/\/web.webrt.net\/phongvu\/index.php?rest_route=\/wp\/v2\/pages"}],"about":[{"href":"https:\/\/web.webrt.net\/phongvu\/index.php?rest_route=\/wp\/v2\/types\/page"}],"author":[{"embeddable":true,"href":"https:\/\/web.webrt.net\/phongvu\/index.php?rest_route=\/wp\/v2\/users\/1"}],"replies":[{"embeddable":true,"href":"https:\/\/web.webrt.net\/phongvu\/index.php?rest_route=%2Fwp%2Fv2%2Fcomments&post=3035"}],"version-history":[{"count":1,"href":"https:\/\/web.webrt.net\/phongvu\/index.php?rest_route=\/wp\/v2\/pages\/3035\/revisions"}],"predecessor-version":[{"id":3036,"href":"https:\/\/web.webrt.net\/phongvu\/index.php?rest_route=\/wp\/v2\/pages\/3035\/revisions\/3036"}],"wp:featuredmedia":[{"embeddable":true,"href":"https:\/\/web.webrt.net\/phongvu\/index.php?rest_route=\/wp\/v2\/media\/2813"}],"wp:attachment":[{"href":"https:\/\/web.webrt.net\/phongvu\/index.php?rest_route=%2Fwp%2Fv2%2Fmedia&parent=3035"}],"curies":[{"name":"wp","href":"https:\/\/api.w.org\/{rel}","templated":true}]}}