{"id":3033,"date":"2023-06-23T09:38:39","date_gmt":"2023-06-23T09:38:39","guid":{"rendered":"https:\/\/web.webrt.net\/phongvu\/?page_id=3033"},"modified":"2023-06-23T09:38:39","modified_gmt":"2023-06-23T09:38:39","slug":"chinh-sach-van-chuyen","status":"publish","type":"page","link":"https:\/\/web.webrt.net\/phongvu\/?page_id=3033","title":{"rendered":"CH\u00cdNH S\u00c1CH V\u1eacN CHUY\u1ec2N"},"content":{"rendered":"<p>Ch\u00ednh s\u00e1ch v\u1eadn chuy\u1ec3n s\u1ea3n ph\u1ea9m c\u1ee7a C\u00d4NG TY TNHH S\u1ea2N XU\u1ea4T TH\u01af\u01a0NG M\u1ea0I PHONG V\u0168<\/p>\n<p><img decoding=\"async\" loading=\"lazy\" class=\"alignnone size-medium wp-image-2852\" src=\"https:\/\/web.webrt.net\/phongvu\/wp-content\/uploads\/2023\/06\/Screenshot-2023-06-22-101652-800x326.png\" sizes=\"(max-width: 800px) 100vw, 800px\" srcset=\"https:\/\/web.webrt.net\/phongvu\/wp-content\/uploads\/2023\/06\/Screenshot-2023-06-22-101652-800x326.png 800w, https:\/\/web.webrt.net\/phongvu\/wp-content\/uploads\/2023\/06\/Screenshot-2023-06-22-101652-768x313.png 768w, https:\/\/web.webrt.net\/phongvu\/wp-content\/uploads\/2023\/06\/Screenshot-2023-06-22-101652-600x244.png 600w, https:\/\/web.webrt.net\/phongvu\/wp-content\/uploads\/2023\/06\/Screenshot-2023-06-22-101652.png 1193w\" alt=\"\" width=\"800\" height=\"326\" \/><\/p>\n<h2>1. Ph\u01b0\u01a1ng ph\u00e1p \u00e1p d\u1ee5ng<\/h2>\n<p>\u2013 T\u1ea5t c\u1ea3 c\u00e1c kh\u00e1ch h\u00e0ng mua s\u1ea3n ph\u1ea9m t\u1ea1i Website ho\u1eb7c kh\u00e1ch h\u00e0ng \u0111\u1ebfn tr\u1ef1c ti\u1ebfp xem v\u00e0 mua h\u00e0ng t\u1ea1i c\u00f4ng ty.<\/p>\n<h2>2. H\u00ecnh th\u1ee9c \u00e1p d\u1ee5ng<\/h2>\n<h3>2.1. Giao h\u00e0ng mi\u1ec5n ph\u00ed:<\/h3>\n<p>Giao h\u00e0ng mi\u1ec5n ph\u00ed trong ph\u1ea1m vi c\u00e1c qu\u1eadn n\u1ed9i th\u00e0nh H\u00e0 N\u1ed9i \u2013 \u00e1p d\u1ee5ng cho \u0111\u01a1n h\u00e0ng gi\u00e1 tr\u1ecb t\u1eeb 100.000.000 VN\u0110 tr\u1edf l\u00ean.<\/p>\n<h3>2.2 .Giao h\u00e0ng t\u00ednh ph\u00ed:<\/h3>\n<p>Ngo\u00e0i tr\u01b0\u1eddng h\u1ee3p giao h\u00e0ng mi\u1ec5n ph\u00ed tr\u00ean, c\u00e1c tr\u01b0\u1eddng h\u1ee3p c\u00f2n l\u1ea1i s\u1ebd \u0111\u01b0\u1ee3c t\u00ednh ph\u00ed giao h\u00e0ng theo b\u1ea3ng ph\u00ed v\u1eadn chuy\u1ec3n c\u1ee7a h\u00e3ng v\u1eadn chuy\u1ec3n th\u1ee9 3 ho\u1eb7c theo b\u1ea3ng ph\u00ed c\u1ee7a c\u00f4ng ty. Chi ph\u00ed n\u00e0y s\u1ebd \u0111\u01b0\u1ee3c c\u00f4ng ty th\u00f4ng b\u00e1o v\u00e0 x\u00e1c nh\u1eadn v\u1edbi qu\u00fd kh\u00e1ch tr\u01b0\u1edbc khi qu\u00fd kh\u00e1ch ti\u1ebfn h\u00e0nh thanh to\u00e1n v\u00e0 c\u00f4ng ty ti\u1ebfn h\u00e0nh g\u1eedi h\u00e0ng.<\/p>\n<h2>3. Th\u1eddi gian\u00a0 h\u00e0ng<\/h2>\n<ul>\n<li>Th\u1eddi gian giao h\u00e0ng ph\u1ee5 thu\u1ed9c v\u00e0o kho\u1ea3ng c\u00e1ch v\u1eadn chuy\u1ec3n v\u00e0o theo th\u1ecfa thu\u1eadn theo t\u1eebng \u0111\u01a1n h\u00e0ng v\u00e0 h\u00ecnh th\u1ee9c v\u1eadn chuy\u1ec3n thu\u1eadn ti\u1ec7n nh\u1ea5t cho Qu\u00fd kh\u00e1ch h\u00e0ng<\/li>\n<li>Trong m\u1ed9t s\u1ed1 tr\u01b0\u1eddng h\u1ee3p kh\u00e1ch quan, b\u1ea5t kh\u1ea3 kh\u00e1ng C\u00f4ng ty c\u00f3 th\u1ec3 giao h\u00e0ng ch\u1eadm tr\u1ec5 do nh\u1eefng \u0111i\u1ec1u ki\u1ec7n b\u1ea5t kh\u1ea3 kh\u00e1ng nh\u01b0 th\u1eddi ti\u1ebft x\u1ea5u, \u0111i\u1ec1u ki\u1ec7n giao th\u00f4ng kh\u00f4ng thu\u1eadn l\u1ee3i, xe h\u1ecfng h\u00f3c tr\u00ean \u0111\u01b0\u1eddng giao h\u00e0ng, tr\u1ee5c tr\u1eb7c trong qu\u00e1 tr\u00ecnh xu\u1ea5t h\u00e0ng.<\/li>\n<li>Trong th\u1eddi gian ch\u1edd \u0111\u1ee3i nh\u1eadn h\u00e0ng, Qu\u00fd kh\u00e1ch c\u00f3 b\u1ea5t c\u1ee9 th\u1eafc m\u1eafc g\u00ec v\u1ec1 th\u00f4ng tin v\u1eadn chuy\u1ec3n xin vui l\u00f2ng li\u00ean h\u1ec7 Hotline c\u1ee7a ch\u00fang t\u00f4i \u0111\u1ec3 nh\u1eadn tr\u1ee3 gi\u00fap.<\/li>\n<\/ul>\n<h2>4. Tr\u00e1ch nhi\u1ec7m v\u1edbi s\u1ea3n ph\u1ea9m<\/h2>\n<ul>\n<li>C\u00f4ng ty s\u1ebd ch\u1ecbu tr\u00e1ch nhi\u1ec7m v\u1edbi h\u00e0ng h\u00f3a v\u00e0 c\u00e1c r\u1ee7i ro nh\u01b0 m\u1ea5t m\u00e1t ho\u1eb7c h\u01b0 h\u1ea1i c\u1ee7a h\u00e0ng h\u00f3a trong su\u1ed1t qu\u00e1 tr\u00ecnh v\u1eadn chuy\u1ec3n h\u00e0ng t\u1eeb kho h\u00e0ng ch\u00fang t\u00f4i \u0111\u1ebfn qu\u00fd kh\u00e1ch.<\/li>\n<li>Qu\u00fd kh\u00e1ch c\u00f3 tr\u00e1ch nhi\u1ec7m ki\u1ec3m tra h\u00e0ng h\u00f3a khi nh\u1eadn h\u00e0ng. Khi ph\u00e1t hi\u1ec7n h\u00e0ng h\u00f3a b\u1ecb h\u01b0 h\u1ea1i, tr\u1ea7y x\u01b0\u1edbc, b\u1ec3 v\u1ee1, m\u1ed1p m\u00e9o, ho\u1eb7c sai h\u00e0ng h\u00f3a th\u00ec k\u00fd x\u00e1c nh\u1eadn t\u00ecnh tr\u1ea1ng h\u00e0ng h\u00f3a v\u1edbi Nh\u00e2n vi\u00ean giao nh\u1eadn v\u00e0 th\u00f4ng b\u00e1o ngay cho B\u1ed9 ph\u1eadn ch\u0103m s\u00f3c kh\u00e1ch h\u00e0ng theo s\u1ed1 Hotline c\u1ee7a C\u00f4ng ty.<\/li>\n<li>Sau khi q\u00fay kh\u00e1ch \u0111\u00e3 k\u00fd nh\u1eadn h\u00e0ng m\u00e0 kh\u00f4ng ghi ch\u00fa ho\u1eb7c c\u00f3 \u00fd ki\u1ebfn v\u1ec1 h\u00e0ng h\u00f3a th\u00ec C\u00f4ng ty kh\u00f4ng c\u00f3 tr\u00e1ch nhi\u1ec7m v\u1edbi nh\u1eefng y\u00eau c\u1ea7u \u0111\u1ed5i tr\u1ea3 v\u00ec h\u01b0 h\u1ecfng, tr\u1ea7y x\u01b0\u1edbc, b\u1ec3 v\u1ee1, m\u1ed1p m\u00e9o, sai h\u00e0ng h\u00f3a,\u2026 t\u1eeb qu\u00fd kh\u00e1ch sau n\u00e0y.<\/li>\n<li>N\u1ebfu d\u1ecbch v\u1ee5 v\u1eadn chuy\u1ec3n do qu\u00fd kh\u00e1ch ch\u1ec9 \u0111\u1ecbnh v\u00e0 l\u1ef1a ch\u1ecdn th\u00ec qu\u00fd kh\u00e1ch s\u1ebd ch\u1ecbu tr\u00e1ch nhi\u1ec7m v\u1edbi h\u00e0ng h\u00f3a v\u00e0 c\u00e1c r\u1ee7i ro nh\u01b0 m\u1ea5t m\u00e1t ho\u1eb7c h\u01b0 h\u1ea1i c\u1ee7a h\u00e0ng h\u00f3a trong su\u1ed1t qu\u00e1 tr\u00ecnh v\u1eadn chuy\u1ec3n h\u00e0ng t\u1eeb kho h\u00e0ng c\u1ee7a c\u00f4ng ty \u0111\u1ebfn qu\u00fd kh\u00e1ch. Kh\u00e1ch h\u00e0ng s\u1ebd ch\u1ecbu tr\u00e1ch nhi\u1ec7m c\u01b0\u1edbc ph\u00ed v\u00e0 t\u1ed5n th\u1ea5t li\u00ean quan.<\/li>\n<\/ul>\n<h2>5. C\u00e1c \u0111i\u1ec1u ki\u1ec7n kh\u00e1c<\/h2>\n<ul>\n<li>C\u00f4ng ty ch\u1ec9 giao h\u00e0ng cho \u0111\u00fang ng\u01b0\u1eddi nh\u1eadn m\u00e0 Qu\u00fd kh\u00e1ch h\u00e0ng \u0111\u00e3 \u0111\u0103ng k\u00fd khi mua h\u00e0ng. Trong qu\u00e1 tr\u00ecnh giao h\u00e0ng n\u1ebfu c\u00f3 s\u1ef1 thay \u0111\u1ed5i ng\u01b0\u1eddi nh\u1eadn m\u1ed9t c\u00e1ch kh\u00f4ng r\u00f5 r\u00e0ng, ch\u00fang t\u00f4i c\u00f3 quy\u1ec1n t\u1eeb ch\u1ed1i giao h\u00e0ng v\u00e0 y\u00eau c\u1ea7u qu\u00fd kh\u00e1ch h\u00e0ng nh\u1eadn h\u00e0ng t\u1ea1i \u0111\u1ecba \u0111i\u1ec3m c\u1ee7a b\u00e1n h\u00e0ng c\u1ee7a c\u00f4ng ty.<\/li>\n<li>N\u1ebfu \u0111\u1ecba ch\u1ec9 giao h\u00e0ng kh\u00f4ng r\u00f5 r\u00e0ng, n\u1eb1m trong ng\u00f5 ng\u00e1ch, ho\u1eb7c \u1edf nh\u1eefng n\u01a1i nguy hi\u1ec3m, nh\u1eefng v\u00f9ng \u0111\u1ed3i n\u00fai hi\u1ec3m tr\u1edf, ph\u01b0\u01a1ng ti\u1ec7n giao th\u00f4ng \u0111i l\u1ea1i kh\u00f3 kh\u0103n, ch\u00fang t\u00f4i c\u00f3 quy\u1ec1n t\u1eeb ch\u1ed1i v\u1eadn chuy\u1ec3n, giao nh\u1eadn h\u00e0ng tr\u1ef1c ti\u1ebfp.<\/li>\n<li>Trong c\u00e1c tr\u01b0\u1eddng h\u1ee3p b\u1ea5t kh\u1ea3 kh\u00e1ng, do thi\u00ean tai, l\u0169 l\u1ee5t, h\u1ecfng h\u00f3c c\u1ea7u ph\u00e0 \u2026, ch\u00fang t\u00f4i kh\u00f4ng ch\u1ecbu tr\u00e1ch nhi\u1ec7m b\u1ed3i th\u01b0\u1eddng thi\u1ec7t h\u1ea1i ph\u00e1t sinh do giao h\u00e0ng kh\u00f4ng \u0111\u00fang th\u1eddi gian ho\u1eb7c kh\u00f4ng v\u1eadn chuy\u1ec3n h\u00e0ng h\u00f3a \u0111\u1ebfn \u0111\u1ecba \u0111i\u1ec3m nh\u01b0 \u0111\u00e3 th\u1ecfa thu\u1eadn v\u1edbi kh\u00e1ch h\u00e0ng.<\/li>\n<li>Tr\u01b0\u1eddng h\u1ee3p ch\u00fang t\u00f4i \u0111\u00e3 v\u1eadn chuy\u1ec3n h\u00e0ng \u0111\u1ebfn \u0111\u1ecba \u0111i\u1ec3m giao nh\u1eadn nh\u01b0 th\u1ecfa thu\u1eadn l\u00fac mua h\u00e0ng, nh\u01b0ng v\u00ec m\u1ed9t l\u00fd do n\u00e0o \u0111\u00f3 kh\u00e1ch h\u00e0ng y\u00eau c\u1ea7u tr\u1ea3 l\u1ea1i h\u00e0ng th\u00ec l\u00fac \u0111\u00f3 kh\u00e1ch h\u00e0ng ph\u1ea3i ch\u1ecbu chi ph\u00ed v\u1eadn chuy\u1ec3n theo quy \u0111\u1ecbnh c\u1ee7a c\u00f4ng ty.<\/li>\n<li>\u0110\u1ed1i v\u1edbi nh\u1eefng s\u1ea3n ph\u1ea9m n\u1eb7ng v\u00e0 c\u1ed3ng k\u1ec1nh c\u1ea7n v\u1eadn chuy\u1ec3n l\u00ean t\u1ea7ng m\u00e0 kh\u00f4ng c\u00f3 thang m\u00e1y \u0111\u1ec1 ngh\u1ecb kh\u00e1ch h\u00e0ng h\u1ed7 tr\u1ee3 trong vi\u1ec7c giao nh\u1eadn.<\/li>\n<li>Trong nh\u1eefng ng\u00e0y \u0111\u1eb7c bi\u1ec7t ho\u1eb7c c\u00e1c ng\u00e0y L\u1ec5 h\u1ed9i do ch\u00ednh s\u00e1ch giao th\u00f4ng chung b\u1ecb h\u1ea1n ch\u1ebf (c\u1ea5m \u0111\u01b0\u1eddng \u0111\u1ed1i v\u1edbi m\u1ed9t s\u1ed1 ph\u01b0\u01a1ng ti\u1ec7n\u2026) th\u1eddi gian giao h\u00e0ng c\u00f3 th\u1ec3 s\u1ebd thay \u0111\u1ed5i, Ch\u00fang t\u00f4i s\u1ebd g\u1ecdi \u0111i\u1ec7n cho kh\u00e1ch h\u00e0ng \u0111\u1ec3 th\u1ed1ng nh\u1ea5t th\u1eddi gian giao nh\u1eadn.<\/li>\n<\/ul>\n","protected":false},"excerpt":{"rendered":"<p>Ch\u00ednh s\u00e1ch v\u1eadn chuy\u1ec3n s\u1ea3n ph\u1ea9m c\u1ee7a C\u00d4NG TY TNHH S\u1ea2N XU\u1ea4T TH\u01af\u01a0NG M\u1ea0I PHONG V\u0168 1. Ph\u01b0\u01a1ng ph\u00e1p \u00e1p d\u1ee5ng \u2013 T\u1ea5t c\u1ea3 c\u00e1c kh\u00e1ch h\u00e0ng mua s\u1ea3n ph\u1ea9m t\u1ea1i Website ho\u1eb7c kh\u00e1ch h\u00e0ng \u0111\u1ebfn tr\u1ef1c ti\u1ebfp xem v\u00e0 mua h\u00e0ng t\u1ea1i c\u00f4ng ty. 2. H\u00ecnh th\u1ee9c \u00e1p d\u1ee5ng 2.1. Giao h\u00e0ng mi\u1ec5n ph\u00ed:&#8230;<\/p>\n","protected":false},"author":1,"featured_media":2812,"parent":0,"menu_order":0,"comment_status":"closed","ping_status":"closed","template":"","meta":[],"yoast_head":"<!-- This site is optimized with the Yoast SEO plugin v20.9 - https:\/\/yoast.com\/wordpress\/plugins\/seo\/ -->\n<title>Phong V\u0169<\/title>\n<meta name=\"robots\" content=\"index, follow, max-snippet:-1, max-image-preview:large, max-video-preview:-1\" \/>\n<link rel=\"canonical\" href=\"https:\/\/web.webrt.net\/phongvu\/?page_id=3033\" \/>\n<meta property=\"og:locale\" content=\"vi_VN\" \/>\n<meta property=\"og:type\" content=\"article\" \/>\n<meta property=\"og:title\" content=\"Phong V\u0169\" \/>\n<meta property=\"og:description\" content=\"Ch\u00ednh s\u00e1ch v\u1eadn chuy\u1ec3n s\u1ea3n ph\u1ea9m c\u1ee7a C\u00d4NG TY TNHH S\u1ea2N XU\u1ea4T TH\u01af\u01a0NG M\u1ea0I PHONG V\u0168 1. Ph\u01b0\u01a1ng ph\u00e1p \u00e1p d\u1ee5ng \u2013 T\u1ea5t c\u1ea3 c\u00e1c kh\u00e1ch h\u00e0ng mua s\u1ea3n ph\u1ea9m t\u1ea1i Website ho\u1eb7c kh\u00e1ch h\u00e0ng \u0111\u1ebfn tr\u1ef1c ti\u1ebfp xem v\u00e0 mua h\u00e0ng t\u1ea1i c\u00f4ng ty. 2. H\u00ecnh th\u1ee9c \u00e1p d\u1ee5ng 2.1. Giao h\u00e0ng mi\u1ec5n ph\u00ed:...\" \/>\n<meta property=\"og:url\" content=\"https:\/\/web.webrt.net\/phongvu\/?page_id=3033\" \/>\n<meta property=\"og:site_name\" content=\"Phong V\u0169\" \/>\n<meta property=\"og:image\" content=\"https:\/\/web.webrt.net\/phongvu\/wp-content\/uploads\/2023\/06\/gallery_3.png\" \/>\n\t<meta property=\"og:image:width\" content=\"418\" \/>\n\t<meta property=\"og:image:height\" content=\"279\" \/>\n\t<meta property=\"og:image:type\" content=\"image\/png\" \/>\n<meta name=\"twitter:card\" content=\"summary_large_image\" \/>\n<meta name=\"twitter:label1\" content=\"\u01af\u1edbc t\u00ednh th\u1eddi gian \u0111\u1ecdc\" \/>\n\t<meta name=\"twitter:data1\" content=\"6 ph\u00fat\" \/>\n<script type=\"application\/ld+json\" class=\"yoast-schema-graph\">{\"@context\":\"https:\/\/schema.org\",\"@graph\":[{\"@type\":\"WebPage\",\"@id\":\"https:\/\/web.webrt.net\/phongvu\/?page_id=3033\",\"url\":\"https:\/\/web.webrt.net\/phongvu\/?page_id=3033\",\"name\":\"Phong V\u0169\",\"isPartOf\":{\"@id\":\"https:\/\/web.webrt.net\/phongvu\/#website\"},\"datePublished\":\"2023-06-23T09:38:39+00:00\",\"dateModified\":\"2023-06-23T09:38:39+00:00\",\"breadcrumb\":{\"@id\":\"https:\/\/web.webrt.net\/phongvu\/?page_id=3033#breadcrumb\"},\"inLanguage\":\"vi\",\"potentialAction\":[{\"@type\":\"ReadAction\",\"target\":[\"https:\/\/web.webrt.net\/phongvu\/?page_id=3033\"]}]},{\"@type\":\"BreadcrumbList\",\"@id\":\"https:\/\/web.webrt.net\/phongvu\/?page_id=3033#breadcrumb\",\"itemListElement\":[{\"@type\":\"ListItem\",\"position\":1,\"name\":\"Trang ch\u1ee7\",\"item\":\"https:\/\/web.webrt.net\/phongvu\/\"},{\"@type\":\"ListItem\",\"position\":2,\"name\":\"CH\u00cdNH S\u00c1CH V\u1eacN CHUY\u1ec2N\"}]},{\"@type\":\"WebSite\",\"@id\":\"https:\/\/web.webrt.net\/phongvu\/#website\",\"url\":\"https:\/\/web.webrt.net\/phongvu\/\",\"name\":\"Phong V\u0169\",\"description\":\"\",\"potentialAction\":[{\"@type\":\"SearchAction\",\"target\":{\"@type\":\"EntryPoint\",\"urlTemplate\":\"https:\/\/web.webrt.net\/phongvu\/?s={search_term_string}\"},\"query-input\":\"required name=search_term_string\"}],\"inLanguage\":\"vi\"}]}<\/script>\n<!-- \/ Yoast SEO plugin. -->","yoast_head_json":{"title":"Phong V\u0169","robots":{"index":"index","follow":"follow","max-snippet":"max-snippet:-1","max-image-preview":"max-image-preview:large","max-video-preview":"max-video-preview:-1"},"canonical":"https:\/\/web.webrt.net\/phongvu\/?page_id=3033","og_locale":"vi_VN","og_type":"article","og_title":"Phong V\u0169","og_description":"Ch\u00ednh s\u00e1ch v\u1eadn chuy\u1ec3n s\u1ea3n ph\u1ea9m c\u1ee7a C\u00d4NG TY TNHH S\u1ea2N XU\u1ea4T TH\u01af\u01a0NG M\u1ea0I PHONG V\u0168 1. Ph\u01b0\u01a1ng ph\u00e1p \u00e1p d\u1ee5ng \u2013 T\u1ea5t c\u1ea3 c\u00e1c kh\u00e1ch h\u00e0ng mua s\u1ea3n ph\u1ea9m t\u1ea1i Website ho\u1eb7c kh\u00e1ch h\u00e0ng \u0111\u1ebfn tr\u1ef1c ti\u1ebfp xem v\u00e0 mua h\u00e0ng t\u1ea1i c\u00f4ng ty. 2. H\u00ecnh th\u1ee9c \u00e1p d\u1ee5ng 2.1. Giao h\u00e0ng mi\u1ec5n ph\u00ed:...","og_url":"https:\/\/web.webrt.net\/phongvu\/?page_id=3033","og_site_name":"Phong V\u0169","og_image":[{"width":418,"height":279,"url":"https:\/\/web.webrt.net\/phongvu\/wp-content\/uploads\/2023\/06\/gallery_3.png","type":"image\/png"}],"twitter_card":"summary_large_image","twitter_misc":{"\u01af\u1edbc t\u00ednh th\u1eddi gian \u0111\u1ecdc":"6 ph\u00fat"},"schema":{"@context":"https:\/\/schema.org","@graph":[{"@type":"WebPage","@id":"https:\/\/web.webrt.net\/phongvu\/?page_id=3033","url":"https:\/\/web.webrt.net\/phongvu\/?page_id=3033","name":"Phong V\u0169","isPartOf":{"@id":"https:\/\/web.webrt.net\/phongvu\/#website"},"datePublished":"2023-06-23T09:38:39+00:00","dateModified":"2023-06-23T09:38:39+00:00","breadcrumb":{"@id":"https:\/\/web.webrt.net\/phongvu\/?page_id=3033#breadcrumb"},"inLanguage":"vi","potentialAction":[{"@type":"ReadAction","target":["https:\/\/web.webrt.net\/phongvu\/?page_id=3033"]}]},{"@type":"BreadcrumbList","@id":"https:\/\/web.webrt.net\/phongvu\/?page_id=3033#breadcrumb","itemListElement":[{"@type":"ListItem","position":1,"name":"Trang ch\u1ee7","item":"https:\/\/web.webrt.net\/phongvu\/"},{"@type":"ListItem","position":2,"name":"CH\u00cdNH S\u00c1CH V\u1eacN CHUY\u1ec2N"}]},{"@type":"WebSite","@id":"https:\/\/web.webrt.net\/phongvu\/#website","url":"https:\/\/web.webrt.net\/phongvu\/","name":"Phong V\u0169","description":"","potentialAction":[{"@type":"SearchAction","target":{"@type":"EntryPoint","urlTemplate":"https:\/\/web.webrt.net\/phongvu\/?s={search_term_string}"},"query-input":"required name=search_term_string"}],"inLanguage":"vi"}]}},"_links":{"self":[{"href":"https:\/\/web.webrt.net\/phongvu\/index.php?rest_route=\/wp\/v2\/pages\/3033"}],"collection":[{"href":"https:\/\/web.webrt.net\/phongvu\/index.php?rest_route=\/wp\/v2\/pages"}],"about":[{"href":"https:\/\/web.webrt.net\/phongvu\/index.php?rest_route=\/wp\/v2\/types\/page"}],"author":[{"embeddable":true,"href":"https:\/\/web.webrt.net\/phongvu\/index.php?rest_route=\/wp\/v2\/users\/1"}],"replies":[{"embeddable":true,"href":"https:\/\/web.webrt.net\/phongvu\/index.php?rest_route=%2Fwp%2Fv2%2Fcomments&post=3033"}],"version-history":[{"count":1,"href":"https:\/\/web.webrt.net\/phongvu\/index.php?rest_route=\/wp\/v2\/pages\/3033\/revisions"}],"predecessor-version":[{"id":3034,"href":"https:\/\/web.webrt.net\/phongvu\/index.php?rest_route=\/wp\/v2\/pages\/3033\/revisions\/3034"}],"wp:featuredmedia":[{"embeddable":true,"href":"https:\/\/web.webrt.net\/phongvu\/index.php?rest_route=\/wp\/v2\/media\/2812"}],"wp:attachment":[{"href":"https:\/\/web.webrt.net\/phongvu\/index.php?rest_route=%2Fwp%2Fv2%2Fmedia&parent=3033"}],"curies":[{"name":"wp","href":"https:\/\/api.w.org\/{rel}","templated":true}]}}