{"id":3031,"date":"2023-06-23T09:37:22","date_gmt":"2023-06-23T09:37:22","guid":{"rendered":"https:\/\/web.webrt.net\/phongvu\/?page_id=3031"},"modified":"2023-06-23T09:48:57","modified_gmt":"2023-06-23T09:48:57","slug":"dich-vu","status":"publish","type":"page","link":"https:\/\/web.webrt.net\/phongvu\/?page_id=3031","title":{"rendered":"D\u1ecaCH V\u1ee4"},"content":{"rendered":"<p>C\u00d4NG TY TNHH S\u1ea2N XU\u1ea4T TH\u01af\u01a0NG M\u1ea0I PHONG V\u0168<\/p>\n<p>\u0110\u1ecba ch\u1ec9 v\u0103n ph\u00f2ng: S\u1ed1 9, H\u1ebbm 20\/41\/40, t\u1ed5 d\u00e2n ph\u1ed1 Ph\u00fac L\u00fd 2, \u0111\u01b0\u1eddng Ph\u00fa Minh, Ph\u01b0\u1eddng Minh Khai, Qu\u1eadn B\u1eafc T\u1eeb Li\u00eam, T.p H\u00e0 N\u1ed9i, Vi\u1ec7t Nam<br \/>\n\u0110\u1ecba Ch\u1ec9 X\u01b0\u1edfng : Th\u00f4n C\u1ef1u Qu\u00e1n, X\u00e3 \u0110\u1ee9c TH\u01b0\u1ee3ng, Ho\u00e0i \u0110\u1ee9c, T.P H\u00e0 N\u1ed9i<\/p>\n<p>MST : 0110088712<br \/>\nEmail : dinhphu@phongvultd.com.vn<br \/>\nHotline: 036 6901055<br \/>\nWebsite: phongvu-cnc.com<\/p>\n","protected":false},"excerpt":{"rendered":"<p>C\u00d4NG TY TNHH S\u1ea2N XU\u1ea4T TH\u01af\u01a0NG M\u1ea0I PHONG V\u0168 \u0110\u1ecba ch\u1ec9 v\u0103n ph\u00f2ng: S\u1ed1 9, H\u1ebbm 20\/41\/40, t\u1ed5 d\u00e2n ph\u1ed1 Ph\u00fac L\u00fd 2, \u0111\u01b0\u1eddng Ph\u00fa Minh, Ph\u01b0\u1eddng Minh Khai, Qu\u1eadn B\u1eafc T\u1eeb Li\u00eam, T.p H\u00e0 N\u1ed9i, Vi\u1ec7t Nam \u0110\u1ecba Ch\u1ec9 X\u01b0\u1edfng : Th\u00f4n C\u1ef1u Qu\u00e1n, X\u00e3 \u0110\u1ee9c TH\u01b0\u1ee3ng, Ho\u00e0i \u0110\u1ee9c, T.P H\u00e0 N\u1ed9i MST :&#8230;<\/p>\n","protected":false},"author":1,"featured_media":0,"parent":0,"menu_order":0,"comment_status":"closed","ping_status":"closed","template":"","meta":[],"yoast_head":"<!-- This site is optimized with the Yoast SEO plugin v20.9 - https:\/\/yoast.com\/wordpress\/plugins\/seo\/ -->\n<title>Phong V\u0169<\/title>\n<meta name=\"robots\" content=\"index, follow, max-snippet:-1, max-image-preview:large, max-video-preview:-1\" \/>\n<link rel=\"canonical\" href=\"https:\/\/web.webrt.net\/phongvu\/?page_id=3031\" \/>\n<meta property=\"og:locale\" content=\"vi_VN\" \/>\n<meta property=\"og:type\" content=\"article\" \/>\n<meta property=\"og:title\" content=\"Phong V\u0169\" \/>\n<meta property=\"og:description\" content=\"C\u00d4NG TY TNHH S\u1ea2N XU\u1ea4T TH\u01af\u01a0NG M\u1ea0I PHONG V\u0168 \u0110\u1ecba ch\u1ec9 v\u0103n ph\u00f2ng: S\u1ed1 9, H\u1ebbm 20\/41\/40, t\u1ed5 d\u00e2n ph\u1ed1 Ph\u00fac L\u00fd 2, \u0111\u01b0\u1eddng Ph\u00fa Minh, Ph\u01b0\u1eddng Minh Khai, Qu\u1eadn B\u1eafc T\u1eeb Li\u00eam, T.p H\u00e0 N\u1ed9i, Vi\u1ec7t Nam \u0110\u1ecba Ch\u1ec9 X\u01b0\u1edfng : Th\u00f4n C\u1ef1u Qu\u00e1n, X\u00e3 \u0110\u1ee9c TH\u01b0\u1ee3ng, Ho\u00e0i \u0110\u1ee9c, T.P H\u00e0 N\u1ed9i MST :...\" \/>\n<meta property=\"og:url\" content=\"https:\/\/web.webrt.net\/phongvu\/?page_id=3031\" \/>\n<meta property=\"og:site_name\" content=\"Phong V\u0169\" \/>\n<meta property=\"article:modified_time\" content=\"2023-06-23T09:48:57+00:00\" \/>\n<meta name=\"twitter:card\" content=\"summary_large_image\" \/>\n<script type=\"application\/ld+json\" class=\"yoast-schema-graph\">{\"@context\":\"https:\/\/schema.org\",\"@graph\":[{\"@type\":\"WebPage\",\"@id\":\"https:\/\/web.webrt.net\/phongvu\/?page_id=3031\",\"url\":\"https:\/\/web.webrt.net\/phongvu\/?page_id=3031\",\"name\":\"Phong V\u0169\",\"isPartOf\":{\"@id\":\"https:\/\/web.webrt.net\/phongvu\/#website\"},\"datePublished\":\"2023-06-23T09:37:22+00:00\",\"dateModified\":\"2023-06-23T09:48:57+00:00\",\"breadcrumb\":{\"@id\":\"https:\/\/web.webrt.net\/phongvu\/?page_id=3031#breadcrumb\"},\"inLanguage\":\"vi\",\"potentialAction\":[{\"@type\":\"ReadAction\",\"target\":[\"https:\/\/web.webrt.net\/phongvu\/?page_id=3031\"]}]},{\"@type\":\"BreadcrumbList\",\"@id\":\"https:\/\/web.webrt.net\/phongvu\/?page_id=3031#breadcrumb\",\"itemListElement\":[{\"@type\":\"ListItem\",\"position\":1,\"name\":\"Trang ch\u1ee7\",\"item\":\"https:\/\/web.webrt.net\/phongvu\/\"},{\"@type\":\"ListItem\",\"position\":2,\"name\":\"D\u1ecaCH V\u1ee4\"}]},{\"@type\":\"WebSite\",\"@id\":\"https:\/\/web.webrt.net\/phongvu\/#website\",\"url\":\"https:\/\/web.webrt.net\/phongvu\/\",\"name\":\"Phong V\u0169\",\"description\":\"\",\"potentialAction\":[{\"@type\":\"SearchAction\",\"target\":{\"@type\":\"EntryPoint\",\"urlTemplate\":\"https:\/\/web.webrt.net\/phongvu\/?s={search_term_string}\"},\"query-input\":\"required name=search_term_string\"}],\"inLanguage\":\"vi\"}]}<\/script>\n<!-- \/ Yoast SEO plugin. -->","yoast_head_json":{"title":"Phong V\u0169","robots":{"index":"index","follow":"follow","max-snippet":"max-snippet:-1","max-image-preview":"max-image-preview:large","max-video-preview":"max-video-preview:-1"},"canonical":"https:\/\/web.webrt.net\/phongvu\/?page_id=3031","og_locale":"vi_VN","og_type":"article","og_title":"Phong V\u0169","og_description":"C\u00d4NG TY TNHH S\u1ea2N XU\u1ea4T TH\u01af\u01a0NG M\u1ea0I PHONG V\u0168 \u0110\u1ecba ch\u1ec9 v\u0103n ph\u00f2ng: S\u1ed1 9, H\u1ebbm 20\/41\/40, t\u1ed5 d\u00e2n ph\u1ed1 Ph\u00fac L\u00fd 2, \u0111\u01b0\u1eddng Ph\u00fa Minh, Ph\u01b0\u1eddng Minh Khai, Qu\u1eadn B\u1eafc T\u1eeb Li\u00eam, T.p H\u00e0 N\u1ed9i, Vi\u1ec7t Nam \u0110\u1ecba Ch\u1ec9 X\u01b0\u1edfng : Th\u00f4n C\u1ef1u Qu\u00e1n, X\u00e3 \u0110\u1ee9c TH\u01b0\u1ee3ng, Ho\u00e0i \u0110\u1ee9c, T.P H\u00e0 N\u1ed9i MST :...","og_url":"https:\/\/web.webrt.net\/phongvu\/?page_id=3031","og_site_name":"Phong V\u0169","article_modified_time":"2023-06-23T09:48:57+00:00","twitter_card":"summary_large_image","schema":{"@context":"https:\/\/schema.org","@graph":[{"@type":"WebPage","@id":"https:\/\/web.webrt.net\/phongvu\/?page_id=3031","url":"https:\/\/web.webrt.net\/phongvu\/?page_id=3031","name":"Phong V\u0169","isPartOf":{"@id":"https:\/\/web.webrt.net\/phongvu\/#website"},"datePublished":"2023-06-23T09:37:22+00:00","dateModified":"2023-06-23T09:48:57+00:00","breadcrumb":{"@id":"https:\/\/web.webrt.net\/phongvu\/?page_id=3031#breadcrumb"},"inLanguage":"vi","potentialAction":[{"@type":"ReadAction","target":["https:\/\/web.webrt.net\/phongvu\/?page_id=3031"]}]},{"@type":"BreadcrumbList","@id":"https:\/\/web.webrt.net\/phongvu\/?page_id=3031#breadcrumb","itemListElement":[{"@type":"ListItem","position":1,"name":"Trang ch\u1ee7","item":"https:\/\/web.webrt.net\/phongvu\/"},{"@type":"ListItem","position":2,"name":"D\u1ecaCH V\u1ee4"}]},{"@type":"WebSite","@id":"https:\/\/web.webrt.net\/phongvu\/#website","url":"https:\/\/web.webrt.net\/phongvu\/","name":"Phong V\u0169","description":"","potentialAction":[{"@type":"SearchAction","target":{"@type":"EntryPoint","urlTemplate":"https:\/\/web.webrt.net\/phongvu\/?s={search_term_string}"},"query-input":"required name=search_term_string"}],"inLanguage":"vi"}]}},"_links":{"self":[{"href":"https:\/\/web.webrt.net\/phongvu\/index.php?rest_route=\/wp\/v2\/pages\/3031"}],"collection":[{"href":"https:\/\/web.webrt.net\/phongvu\/index.php?rest_route=\/wp\/v2\/pages"}],"about":[{"href":"https:\/\/web.webrt.net\/phongvu\/index.php?rest_route=\/wp\/v2\/types\/page"}],"author":[{"embeddable":true,"href":"https:\/\/web.webrt.net\/phongvu\/index.php?rest_route=\/wp\/v2\/users\/1"}],"replies":[{"embeddable":true,"href":"https:\/\/web.webrt.net\/phongvu\/index.php?rest_route=%2Fwp%2Fv2%2Fcomments&post=3031"}],"version-history":[{"count":2,"href":"https:\/\/web.webrt.net\/phongvu\/index.php?rest_route=\/wp\/v2\/pages\/3031\/revisions"}],"predecessor-version":[{"id":3063,"href":"https:\/\/web.webrt.net\/phongvu\/index.php?rest_route=\/wp\/v2\/pages\/3031\/revisions\/3063"}],"wp:attachment":[{"href":"https:\/\/web.webrt.net\/phongvu\/index.php?rest_route=%2Fwp%2Fv2%2Fmedia&parent=3031"}],"curies":[{"name":"wp","href":"https:\/\/api.w.org\/{rel}","templated":true}]}}